{"id":1564,"date":"2024-04-07T06:24:04","date_gmt":"2024-04-07T06:24:04","guid":{"rendered":"https:\/\/nfc-readers.com\/?post_type=product&#038;p=1564"},"modified":"2024-10-16T06:23:32","modified_gmt":"2024-10-16T06:23:32","slug":"acm1281u-c7-usb-contactless-reader-module-with-sam-slot","status":"publish","type":"product","link":"https:\/\/nfc-readers.com\/sl\/ic-reader\/acm1281u-c7-usb-contactless-reader-module-with-sam-slot\/","title":{"rendered":"ACM1281U-C7 USB brezkontaktni \u010ditalni modul z re\u017eo SAM"},"content":{"rendered":"<h1>ACM1281U-C7 USB brezkontaktni \u010ditalni modul z re\u017eo SAM<\/h1>\n<p>ACM1281U-C7 izstopa kot sofisticiran bralnik pametnih kartic, zasnovan za brezhibno integracijo v razli\u010dne vgrajene sisteme. S podporo ISO 14443 A\/B za glavne tehnologije kartic in zagotavljanjem poglobljene varnosti prek zdru\u017eljive re\u017ee SAM, skupaj s prilagodljivostjo vdelane programske opreme, ki jo je mogo\u010de nadgraditi na terenu, je ta prenosni \u010ditalnik NFC prilagojen za okolja, kjer sta varnost in zanesljivost najpomembnej\u0161i, kot je npr. pla\u010dilni in igralni sistemi.<\/p>\n<ul>\n<li>\n<h2>USB 2.0 vmesnik polne hitrosti<\/h2>\n<\/li>\n<li>\n<h2>Skladnost s CCID<\/h2>\n<\/li>\n<li>\n<h2>Mo\u017enost nadgradnje vdelane programske opreme USB<\/h2>\n<\/li>\n<li>\n<h2>Bralnik pametnih kartic:<\/h2>\n<ul>\n<li>\n<h3>Brezkontaktni vmesnik:<\/h3>\n<ul>\n<li>\n<h4>Hitrost branja\/pisanja do 848 kbps<\/h4>\n<\/li>\n<li>\n<h4>Vgrajena antena za brezkontaktni dostop do oznake, z razdaljo branja kartice do 50 mm (odvisno od vrste oznake)<\/h4>\n<\/li>\n<li>\n<h4>Podpira kartice ISO 14443, 4. del tipa A in B ter serijo MIFARE\u00ae Classic<\/h4>\n<\/li>\n<li>\n<h4>Vgrajena funkcija proti tr\u010denju (v vsakem trenutku je dostopna samo 1 oznaka)<\/h4>\n<\/li>\n<li>\n<h4>Podpira raz\u0161irjeni APDU (najve\u010d 64 kbajtov)<\/h4>\n<\/li>\n<\/ul>\n<\/li>\n<li>\n<h3>SAM vmesnik:<\/h3>\n<ul>\n<li>\n<h4>Re\u017ea SAM, skladna s standardom ISO 7816, razred A (5V)<\/h4>\n<\/li>\n<\/ul>\n<\/li>\n<\/ul>\n<\/li>\n<li>\n<h2>Programski vmesnik aplikacije:<\/h2>\n<ul>\n<li>\n<h3>Podpira PC\/SC<\/h3>\n<\/li>\n<li>\n<h3>Podpira CT-API (skozi ovoj na vrhu PC\/SC)<\/h3>\n<\/li>\n<\/ul>\n<\/li>\n<li>\n<h2>Zunanje naprave:<\/h2>\n<ul>\n<li>\n<h3>Dvobarvna LED, ki jo lahko nadzoruje uporabnik<\/h3>\n<\/li>\n<li>\n<h3>Bren\u010dalo, ki ga lahko nadzira uporabnik<\/h3>\n<\/li>\n<li>\n<div>\n<table width=\"558\">\n<tbody>\n<tr>\n<td colspan=\"2\" width=\"558\">Fizi\u010dne zna\u010dilnosti<\/td>\n<\/tr>\n<tr>\n<td width=\"234\">Mere (mm)<\/td>\n<td width=\"324\">106,6 mm (D) x 67,0 mm (\u0160) x 16,0 mm (V)<\/td>\n<\/tr>\n<tr>\n<td width=\"234\">Te\u017ea (g)<\/td>\n<td width=\"324\">20,8 g<\/td>\n<\/tr>\n<tr>\n<td colspan=\"2\" width=\"558\">USB vmesnik<\/td>\n<\/tr>\n<tr>\n<td width=\"234\">Protokol<\/td>\n<td width=\"324\">USB CCID<\/td>\n<\/tr>\n<tr>\n<td width=\"234\">Vrsta priklju\u010dka<\/td>\n<td width=\"324\">Standardni tip A<\/td>\n<\/tr>\n<tr>\n<td width=\"234\">Vir energije<\/td>\n<td width=\"324\">Iz vrat USB<\/td>\n<\/tr>\n<tr>\n<td width=\"234\">Hitrost<\/td>\n<td width=\"324\">Polna hitrost USB (12 Mb\/s)<\/td>\n<\/tr>\n<tr>\n<td width=\"234\">Dol\u017eina kabla<\/td>\n<td width=\"324\">1,0 m, snemljiv (izbirno)<\/td>\n<\/tr>\n<tr>\n<td colspan=\"2\" width=\"558\">Vmesnik brezkontaktne pametne kartice<\/td>\n<\/tr>\n<tr>\n<td width=\"234\">Standardno<\/td>\n<td width=\"324\">ISO 14443 A in B, deli 1\u20134<\/td>\n<\/tr>\n<tr>\n<td rowspan=\"2\" width=\"234\">Protokol<\/td>\n<td width=\"324\">Kartice, skladne z ISO14443-4, T=CL<\/td>\n<\/tr>\n<tr>\n<td width=\"324\">MIFARE\u00ae Classic Card Protocol, T=CL<\/td>\n<\/tr>\n<tr>\n<td width=\"234\">Antena<\/td>\n<td width=\"324\">65 mm x 60 mm<\/td>\n<\/tr>\n<tr>\n<td colspan=\"2\" width=\"558\">Vmesnik kartice SAM<\/td>\n<\/tr>\n<tr>\n<td width=\"234\">\u0160tevilo re\u017e<\/td>\n<td width=\"324\">1<\/td>\n<\/tr>\n<tr>\n<td width=\"234\">Standardno<\/td>\n<td width=\"324\">ISO 7816, deli 1-3, razred A (5 V)<\/td>\n<\/tr>\n<tr>\n<td width=\"234\">Protokol<\/td>\n<td width=\"324\">T=0; T=1<\/td>\n<\/tr>\n<tr>\n<td colspan=\"2\" width=\"558\">Vgrajene zunanje naprave<\/td>\n<\/tr>\n<tr>\n<td width=\"234\">LED<\/td>\n<td width=\"324\">2 enobarvni: rde\u010da in zelena<\/td>\n<\/tr>\n<tr>\n<td width=\"234\">Bren\u010dalo<\/td>\n<td width=\"324\">Monotona<\/td>\n<\/tr>\n<tr>\n<td colspan=\"2\" width=\"558\">Druge funkcije<\/td>\n<\/tr>\n<tr>\n<td width=\"234\">Nadgradnja vdelane programske opreme<\/td>\n<td width=\"324\">Podprto<\/td>\n<\/tr>\n<tr>\n<td colspan=\"2\" width=\"558\">Certifikati\/skladnost<\/td>\n<\/tr>\n<tr>\n<td rowspan=\"10\" width=\"234\">Certifikati\/skladnost<\/td>\n<td width=\"324\">ISO 7816 (re\u017ea SAM)<\/td>\n<\/tr>\n<tr>\n<td width=\"324\">ISO 14443<\/td>\n<\/tr>\n<tr>\n<td width=\"324\">Polna hitrost USB<\/td>\n<\/tr>\n<tr>\n<td width=\"324\">PC\/SC<\/td>\n<\/tr>\n<tr>\n<td width=\"324\">CCID<\/td>\n<\/tr>\n<tr>\n<td width=\"324\">CE<\/td>\n<\/tr>\n<tr>\n<td width=\"324\">FCC<\/td>\n<\/tr>\n<tr>\n<td width=\"324\">RoHS<\/td>\n<\/tr>\n<tr>\n<td width=\"324\">DOSEG<\/td>\n<\/tr>\n<tr>\n<td width=\"324\">Microsoft\u00ae WHQL<\/td>\n<\/tr>\n<tr>\n<td colspan=\"2\" width=\"558\">Podpora za operacijski sistem gonilnika naprave<\/td>\n<\/tr>\n<tr>\n<td rowspan=\"5\" width=\"234\">Podpora za operacijski sistem gonilnika naprave<\/td>\n<td width=\"324\">Windows\u00ae<\/td>\n<\/tr>\n<tr>\n<td width=\"324\">Linux\u00ae<\/td>\n<\/tr>\n<tr>\n<td width=\"324\">MAC OS\u00ae<\/td>\n<\/tr>\n<tr>\n<td width=\"324\">Solaris<\/td>\n<\/tr>\n<tr>\n<td width=\"324\">Android\u2122<\/td>\n<\/tr>\n<\/tbody>\n<\/table>\n<\/div>\n<\/li>\n<\/ul>\n<\/li>\n<\/ul>","protected":false},"excerpt":{"rendered":"<p>ACM1281U-C7 je vsestranski brezsti\u010dni bralnik USB s SAM, ki podpira CCID in PC\/SC, idealen za varne aplikacije NFC, kot so prodajna pla\u010dila.<\/p>","protected":false},"featured_media":1565,"template":"","meta":[],"product_brand":[],"product_cat":[41],"product_tag":[],"class_list":{"0":"post-1564","1":"product","2":"type-product","3":"status-publish","4":"has-post-thumbnail","6":"product_cat-module-ic-reader","8":"first","9":"instock","10":"shipping-taxable","11":"product-type-simple"},"_links":{"self":[{"href":"https:\/\/nfc-readers.com\/sl\/wp-json\/wp\/v2\/product\/1564","targetHints":{"allow":["GET"]}}],"collection":[{"href":"https:\/\/nfc-readers.com\/sl\/wp-json\/wp\/v2\/product"}],"about":[{"href":"https:\/\/nfc-readers.com\/sl\/wp-json\/wp\/v2\/types\/product"}],"wp:featuredmedia":[{"embeddable":true,"href":"https:\/\/nfc-readers.com\/sl\/wp-json\/wp\/v2\/media\/1565"}],"wp:attachment":[{"href":"https:\/\/nfc-readers.com\/sl\/wp-json\/wp\/v2\/media?parent=1564"}],"wp:term":[{"taxonomy":"product_brand","embeddable":true,"href":"https:\/\/nfc-readers.com\/sl\/wp-json\/wp\/v2\/product_brand?post=1564"},{"taxonomy":"product_cat","embeddable":true,"href":"https:\/\/nfc-readers.com\/sl\/wp-json\/wp\/v2\/product_cat?post=1564"},{"taxonomy":"product_tag","embeddable":true,"href":"https:\/\/nfc-readers.com\/sl\/wp-json\/wp\/v2\/product_tag?post=1564"}],"curies":[{"name":"wp","href":"https:\/\/api.w.org\/{rel}","templated":true}]}}