{"id":1566,"date":"2024-04-07T06:26:05","date_gmt":"2024-04-07T06:26:05","guid":{"rendered":"https:\/\/nfc-readers.com\/?post_type=product&#038;p=1566"},"modified":"2024-10-16T06:20:36","modified_gmt":"2024-10-16T06:20:36","slug":"acm1281s-c7-serial-contactless-reader-module-with-sam-slot","status":"publish","type":"product","link":"https:\/\/nfc-readers.com\/sl\/ic-reader\/acm1281s-c7-serial-contactless-reader-module-with-sam-slot\/","title":{"rendered":"ACM1281S-C7 serijski brezkontaktni \u010ditalni modul z re\u017eo SAM"},"content":{"rendered":"<h1>ACM1281S-C7 serijski brezkontaktni \u010ditalni modul z re\u017eo SAM<\/h1>\n<p>ACM1281S-C7 predstavlja napreden serijski brezkontaktni bralnik pametnih kartic z visokohitrostnimi in prenosljivimi lastnostmi, primeren za \u0161iroko paleto aplikacij, ki zahtevajo hitro, zanesljivo in varno interakcijo. Njegova zmo\u017enost podpiranja raz\u0161irjenega APDU, skupaj z enostavno uporabo, naredi ta bralnik robustno re\u0161itev za mobilna in fiksna okolja.<\/p>\n<ul>\n<li>\n<h2>Serijski vmesnik RS232<\/h2>\n<\/li>\n<li>\n<h2>USB vmesnik za napajanje<\/h2>\n<\/li>\n<li>\n<h2>CCID podoben format okvirja (binarni format)<\/h2>\n<\/li>\n<li>\n<h2>Mo\u017enost nadgradnje vdelane programske opreme USB<\/h2>\n<\/li>\n<li>\n<h2>Bralnik pametnih kartic:<\/h2>\n<ul>\n<li>\n<h3>Brezkontaktni vmesnik:<\/h3>\n<ul>\n<li>\n<h4>Hitrost branja\/pisanja do 848 kbps<\/h4>\n<\/li>\n<li>\n<h4>Vgrajena antena za brezkontaktni dostop do oznake, z razdaljo branja kartice do 50 mm (odvisno od vrste oznake)<\/h4>\n<\/li>\n<li>\n<h4>Podpira kartice ISO 14443, 4. del tipa A in B ter serijo MIFARE\u00ae Classic<\/h4>\n<\/li>\n<li>\n<h4>Vgrajena funkcija proti tr\u010denju (v vsakem trenutku je dostopna samo 1 oznaka)<\/h4>\n<\/li>\n<li>\n<h4>Podpira raz\u0161irjeni APDU (najve\u010d 64 kbajtov)<\/h4>\n<\/li>\n<\/ul>\n<\/li>\n<li>\n<h3>SAM vmesnik:<\/h3>\n<ul>\n<li>\n<h4>Re\u017ea SAM, skladna s standardom ISO 7816, razred A (5V)<\/h4>\n<\/li>\n<\/ul>\n<\/li>\n<\/ul>\n<\/li>\n<li>\n<h2>Zunanje naprave:<\/h2>\n<ul>\n<li>\n<h3>Dvobarvna LED, ki jo lahko nadzoruje uporabnik<\/h3>\n<\/li>\n<li>\n<h3>Bren\u010dalo, ki ga lahko nadzira uporabnik<\/h3>\n<\/li>\n<li>\n<div>\n<table width=\"551\">\n<tbody>\n<tr>\n<td colspan=\"2\" width=\"551\">Fizi\u010dne zna\u010dilnosti<\/td>\n<\/tr>\n<tr>\n<td width=\"226\">Mere (mm)<\/td>\n<td width=\"325\">106,6 mm (D) x 67,0 g (\u0160) x 16,0 g (V)<\/td>\n<\/tr>\n<tr>\n<td width=\"226\">Te\u017ea (g)<\/td>\n<td width=\"325\">20,8 g<\/td>\n<\/tr>\n<tr>\n<td colspan=\"2\" width=\"551\">Serijski vmesnik<\/td>\n<\/tr>\n<tr>\n<td width=\"226\">Protokol<\/td>\n<td width=\"325\">RS-232<\/td>\n<\/tr>\n<tr>\n<td width=\"226\">Vrsta priklju\u010dka<\/td>\n<td width=\"325\">DB-9 priklju\u010dek<\/td>\n<\/tr>\n<tr>\n<td width=\"226\">Vir energije<\/td>\n<td width=\"325\">Preko USB kabla<\/td>\n<\/tr>\n<tr>\n<td width=\"226\">Dol\u017eina kabla<\/td>\n<td width=\"325\">1,5 m, snemljiv (izbirno)<\/td>\n<\/tr>\n<tr>\n<td colspan=\"2\" width=\"551\">Vmesnik brezkontaktne pametne kartice<\/td>\n<\/tr>\n<tr>\n<td width=\"226\">Standardno<\/td>\n<td width=\"325\">ISO 14443 A in B, deli 1\u20134<\/td>\n<\/tr>\n<tr>\n<td rowspan=\"2\" width=\"226\">Protokol<\/td>\n<td width=\"325\">Kartice, skladne z ISO14443-4, T=CL<\/td>\n<\/tr>\n<tr>\n<td width=\"325\">MIFARE\u00ae Classic Card Protocol, T=CL<\/td>\n<\/tr>\n<tr>\n<td width=\"226\">Antena<\/td>\n<td width=\"325\">65 mm x 60 mm<\/td>\n<\/tr>\n<tr>\n<td colspan=\"2\" width=\"551\">Vmesnik kartice SAM<\/td>\n<\/tr>\n<tr>\n<td width=\"226\">\u0160tevilo re\u017e<\/td>\n<td width=\"325\">1<\/td>\n<\/tr>\n<tr>\n<td width=\"226\">Standardno<\/td>\n<td width=\"325\">ISO 7816, deli 1-3, razred A (5 V)<\/td>\n<\/tr>\n<tr>\n<td width=\"226\">Protokol<\/td>\n<td width=\"325\">T=0; T=1<\/td>\n<\/tr>\n<tr>\n<td colspan=\"2\" width=\"551\">Vgrajene zunanje naprave<\/td>\n<\/tr>\n<tr>\n<td width=\"226\">LED<\/td>\n<td width=\"325\">2 enobarvni: rde\u010da in zelena<\/td>\n<\/tr>\n<tr>\n<td width=\"226\">Bren\u010dalo<\/td>\n<td width=\"325\">Monotona<\/td>\n<\/tr>\n<tr>\n<td colspan=\"2\" width=\"551\">Druge funkcije<\/td>\n<\/tr>\n<tr>\n<td width=\"226\">Nadgradnja vdelane programske opreme<\/td>\n<td width=\"325\">Podprto<\/td>\n<\/tr>\n<tr>\n<td colspan=\"2\" width=\"551\">Certifikati\/skladnost<\/td>\n<\/tr>\n<tr>\n<td rowspan=\"6\" width=\"226\">Certifikati\/skladnost<\/td>\n<td width=\"325\">ISO 7816 (re\u017ea SAM)<\/td>\n<\/tr>\n<tr>\n<td width=\"325\">ISO 14443<\/td>\n<\/tr>\n<tr>\n<td width=\"325\">CE<\/td>\n<\/tr>\n<tr>\n<td width=\"325\">FCC<\/td>\n<\/tr>\n<tr>\n<td width=\"325\">RoHS<\/td>\n<\/tr>\n<tr>\n<td width=\"325\">DOSEG<\/td>\n<\/tr>\n<tr>\n<td colspan=\"2\" width=\"551\">Podpora za operacijski sistem gonilnika naprave<\/td>\n<\/tr>\n<tr>\n<td rowspan=\"2\" width=\"226\">Podpora za operacijski sistem gonilnika naprave<\/td>\n<td width=\"325\">Windows\u00ae<\/td>\n<\/tr>\n<tr>\n<td width=\"325\">Linux\u00ae<\/td>\n<\/tr>\n<\/tbody>\n<\/table>\n<\/div>\n<\/li>\n<\/ul>\n<\/li>\n<\/ul>","protected":false},"excerpt":{"rendered":"<p>ACM1281S-C7 je kompakten serijski brezkontaktni \u010ditalnik z modulom SAM, ki ponuja visoko hitrost in enostavno integracijo za razli\u010dne vgrajene aplikacije.<\/p>","protected":false},"featured_media":1567,"template":"","meta":[],"product_brand":[],"product_cat":[45,41],"product_tag":[],"class_list":{"0":"post-1566","1":"product","2":"type-product","3":"status-publish","4":"has-post-thumbnail","6":"product_cat-contactless-nfc-reader","7":"product_cat-module-ic-reader","9":"first","10":"instock","11":"shipping-taxable","12":"product-type-simple"},"_links":{"self":[{"href":"https:\/\/nfc-readers.com\/sl\/wp-json\/wp\/v2\/product\/1566","targetHints":{"allow":["GET"]}}],"collection":[{"href":"https:\/\/nfc-readers.com\/sl\/wp-json\/wp\/v2\/product"}],"about":[{"href":"https:\/\/nfc-readers.com\/sl\/wp-json\/wp\/v2\/types\/product"}],"wp:featuredmedia":[{"embeddable":true,"href":"https:\/\/nfc-readers.com\/sl\/wp-json\/wp\/v2\/media\/1567"}],"wp:attachment":[{"href":"https:\/\/nfc-readers.com\/sl\/wp-json\/wp\/v2\/media?parent=1566"}],"wp:term":[{"taxonomy":"product_brand","embeddable":true,"href":"https:\/\/nfc-readers.com\/sl\/wp-json\/wp\/v2\/product_brand?post=1566"},{"taxonomy":"product_cat","embeddable":true,"href":"https:\/\/nfc-readers.com\/sl\/wp-json\/wp\/v2\/product_cat?post=1566"},{"taxonomy":"product_tag","embeddable":true,"href":"https:\/\/nfc-readers.com\/sl\/wp-json\/wp\/v2\/product_tag?post=1566"}],"curies":[{"name":"wp","href":"https:\/\/api.w.org\/{rel}","templated":true}]}}