{"id":1568,"date":"2024-04-07T06:30:24","date_gmt":"2024-04-07T06:30:24","guid":{"rendered":"https:\/\/nfc-readers.com\/?post_type=product&#038;p=1568"},"modified":"2024-10-16T06:16:19","modified_gmt":"2024-10-16T06:16:19","slug":"acm1252u-y3-usb-nfc-reader-module-with-detachable-antenna-board","status":"publish","type":"product","link":"https:\/\/nfc-readers.com\/sl\/ic-reader\/acm1252u-y3-usb-nfc-reader-module-with-detachable-antenna-board\/","title":{"rendered":"ACM1252U-Y3 USB NFC \u010ditalni modul s snemljivo antensko plo\u0161\u010do"},"content":{"rendered":"<h1>ACM1252U-Y3 USB NFC \u010ditalni modul s snemljivo antensko plo\u0161\u010do<\/h1>\n<p>ACM1252U-Y3 je najsodobnej\u0161i modul USB za branje pametnih kartic NFC, ki je primeren za raznolike aplikacije, ki zahtevajo vdelano tehnologijo NFC. S svojimi zmo\u017enostmi raz\u0161irjenega dosega, hitrim prenosom podatkov in dodatnimi funkcijami, ki spodbujajo prilagodljivost in prijaznost do uporabnika, je ta modul vrhunska izbira za omogo\u010danje transakcij NFC v integriranih sistemskih aplikacijah.<\/p>\n<ul>\n<li>\n<h2>USB 2.0 vmesnik polne hitrosti<\/h2>\n<\/li>\n<li>\n<h2>Skladnost s CCID<\/h2>\n<\/li>\n<li>\n<h2>Mo\u017enost nadgradnje vdelane programske opreme USB<\/h2>\n<\/li>\n<li>\n<h2>Bralnik pametnih kartic:<\/h2>\n<ul>\n<li>\n<h3>Brezkontaktni vmesnik:<\/h3>\n<ul>\n<li>\n<h4>Hitrost branja\/pisanja do 424 kbps<\/h4>\n<\/li>\n<li>\n<h4>Vgrajena antena za brezkontaktni dostop do oznake, z razdaljo branja kartice do 50 mm (odvisno od vrste oznake)<\/h4>\n<\/li>\n<li>\n<h4>Podpira kartice ISO 14443 tipa A in B, MIFARE\u00ae in FeliCa ter vse 4 vrste oznak NFC (ISO\/IEC 18092).<\/h4>\n<\/li>\n<li>\n<h4>Podpira MIFARE\u00ae 7-byte UID, MIFARE\u00ae Plus in MIFARE\u00ae DESfire<\/h4>\n<\/li>\n<li>\n<h4>Vgrajena funkcija proti tr\u010denju (v vsakem trenutku je dostopna samo 1 oznaka)<\/h4>\n<\/li>\n<li>\n<h4>Podpora za NFC:<\/h4>\n<ul>\n<li>Na\u010din branja\/zapisovanja NFC<\/li>\n<li>Na\u010din Peer-to-Peer<\/li>\n<li>Na\u010din emulacije kartice<\/li>\n<\/ul>\n<\/li>\n<\/ul>\n<\/li>\n<\/ul>\n<\/li>\n<li>\n<h2>Programski vmesnik aplikacije:<\/h2>\n<ul>\n<li>\n<h3>Podpira PC\/SC<\/h3>\n<\/li>\n<li>\n<h3>Podpira CT-API (skozi ovoj na vrhu PC\/SC)<\/h3>\n<\/li>\n<\/ul>\n<\/li>\n<li>\n<h2>Zunanje naprave:<\/h2>\n<ul>\n<li>\n<h3>Dvobarvna LED, ki jo lahko nadzoruje uporabnik<\/h3>\n<\/li>\n<li>\n<h3>Bren\u010dalo, ki ga lahko nadzira uporabnik<\/h3>\n<\/li>\n<li>\n<div>\n<table width=\"495\">\n<tbody>\n<tr>\n<td colspan=\"2\" width=\"495\">Fizi\u010dne zna\u010dilnosti<\/td>\n<\/tr>\n<tr>\n<td rowspan=\"2\" width=\"187\">Mere (mm)<\/td>\n<td width=\"308\">Glavna plo\u0161\u010da: 55,0 mm (D) x 45,0 mm (\u0160) x 5,1 mm (V)<\/td>\n<\/tr>\n<tr>\n<td width=\"308\">Antenska plo\u0161\u010da: 91,0 mm (D) x 49,5 mm (\u0160) x 5,1 mm (V)<\/td>\n<\/tr>\n<tr>\n<td width=\"187\">Te\u017ea (g)<\/td>\n<td width=\"308\">26,6 g<\/td>\n<\/tr>\n<tr>\n<td colspan=\"2\" width=\"495\">USB vmesnik<\/td>\n<\/tr>\n<tr>\n<td width=\"187\">Protokol<\/td>\n<td width=\"308\">USB CCID<\/td>\n<\/tr>\n<tr>\n<td width=\"187\">Vrsta priklju\u010dka<\/td>\n<td width=\"308\">Standardni tip A<\/td>\n<\/tr>\n<tr>\n<td width=\"187\">Vir energije<\/td>\n<td width=\"308\">Iz vrat USB<\/td>\n<\/tr>\n<tr>\n<td width=\"187\">Hitrost<\/td>\n<td width=\"308\">Polna hitrost USB (12 Mb\/s)<\/td>\n<\/tr>\n<tr>\n<td width=\"187\">Dol\u017eina kabla<\/td>\n<td width=\"308\">1,0 m, snemljiv (izbirno)<\/td>\n<\/tr>\n<tr>\n<td colspan=\"2\" width=\"495\">Vmesnik brezkontaktne pametne kartice<\/td>\n<\/tr>\n<tr>\n<td width=\"187\">Standardno<\/td>\n<td width=\"308\">ISO\/IEC 18092 NFC, ISO 14443 tipa A &amp; B, MIFARE\u00ae, FeliCa<\/td>\n<\/tr>\n<tr>\n<td rowspan=\"4\" width=\"187\">Protokol<\/td>\n<td width=\"308\">Kartica, skladna s standardom ISO 14443-4, T=CL<\/td>\n<\/tr>\n<tr>\n<td width=\"308\">Klasi\u010dna kartica MIFARE\u00ae, T=CL<\/td>\n<\/tr>\n<tr>\n<td width=\"308\">ISO18092, oznake NFC<\/td>\n<\/tr>\n<tr>\n<td width=\"308\">FeliCa<\/td>\n<\/tr>\n<tr>\n<td width=\"187\">Antena<\/td>\n<td width=\"308\">77 mm x 49,5 mm<\/td>\n<\/tr>\n<tr>\n<td colspan=\"2\" width=\"495\">Vmesnik kartice SAM<\/td>\n<\/tr>\n<tr>\n<td width=\"187\">\u0160tevilo re\u017e<\/td>\n<td width=\"308\">1 (izbirno)<\/td>\n<\/tr>\n<tr>\n<td colspan=\"2\" width=\"495\">Vgrajene zunanje naprave<\/td>\n<\/tr>\n<tr>\n<td width=\"187\">LED<\/td>\n<td width=\"308\">1 dvobarvna: rde\u010da in zelena<\/td>\n<\/tr>\n<tr>\n<td width=\"187\">Bren\u010dalo<\/td>\n<td width=\"308\">Monotona<\/td>\n<\/tr>\n<tr>\n<td colspan=\"2\" width=\"495\">Druge funkcije<\/td>\n<\/tr>\n<tr>\n<td width=\"187\">Nadgradnja vdelane programske opreme<\/td>\n<td width=\"308\">Podprto<\/td>\n<\/tr>\n<tr>\n<td colspan=\"2\" width=\"495\">Certifikati\/skladnost<\/td>\n<\/tr>\n<tr>\n<td rowspan=\"13\" width=\"187\">Certifikati\/skladnost<\/td>\n<td width=\"308\">EN 60950\/IEC 60950<\/td>\n<\/tr>\n<tr>\n<td width=\"308\">ISO 7816 (re\u017ea SAM)<\/td>\n<\/tr>\n<tr>\n<td width=\"308\">ISO 14443<\/td>\n<\/tr>\n<tr>\n<td width=\"308\">ISO 18092<\/td>\n<\/tr>\n<tr>\n<td width=\"308\">Polna hitrost USB<\/td>\n<\/tr>\n<tr>\n<td width=\"308\">PC\/SC<\/td>\n<\/tr>\n<tr>\n<td width=\"308\">CCID<\/td>\n<\/tr>\n<tr>\n<td width=\"308\">VCCI (Japonska)<\/td>\n<\/tr>\n<tr>\n<td width=\"308\">CE<\/td>\n<\/tr>\n<tr>\n<td width=\"308\">FCC<\/td>\n<\/tr>\n<tr>\n<td width=\"308\">RoHS<\/td>\n<\/tr>\n<tr>\n<td width=\"308\">DOSEG<\/td>\n<\/tr>\n<tr>\n<td width=\"308\">Microsoft\u00ae WHQL<\/td>\n<\/tr>\n<tr>\n<td colspan=\"2\" width=\"495\">Podpora za operacijski sistem gonilnika naprave<\/td>\n<\/tr>\n<tr>\n<td rowspan=\"5\" width=\"187\">Podpora za operacijski sistem gonilnika naprave<\/td>\n<td width=\"308\">Windows\u00ae<\/td>\n<\/tr>\n<tr>\n<td width=\"308\">Linux\u00ae<\/td>\n<\/tr>\n<tr>\n<td width=\"308\">MAC OS\u00ae<\/td>\n<\/tr>\n<tr>\n<td width=\"308\">Solaris<\/td>\n<\/tr>\n<tr>\n<td width=\"308\">Android\u2122<\/td>\n<\/tr>\n<\/tbody>\n<\/table>\n<\/div>\n<\/li>\n<\/ul>\n<\/li>\n<\/ul>","protected":false},"excerpt":{"rendered":"<p>ACM1252U-Y3 je vsestranski NFC USB modul, ki uporablja tehnologijo 13,56M, podpira hitro izmenjavo podatkov in je idealen za razli\u010dne vgrajene aplikacije.<\/p>","protected":false},"featured_media":1570,"template":"","meta":[],"product_brand":[],"product_cat":[45,41,40],"product_tag":[],"class_list":{"0":"post-1568","1":"product","2":"type-product","3":"status-publish","4":"has-post-thumbnail","6":"product_cat-contactless-nfc-reader","7":"product_cat-module-ic-reader","8":"product_cat-rfid-nfc-reader","10":"first","11":"instock","12":"shipping-taxable","13":"product-type-simple"},"_links":{"self":[{"href":"https:\/\/nfc-readers.com\/sl\/wp-json\/wp\/v2\/product\/1568","targetHints":{"allow":["GET"]}}],"collection":[{"href":"https:\/\/nfc-readers.com\/sl\/wp-json\/wp\/v2\/product"}],"about":[{"href":"https:\/\/nfc-readers.com\/sl\/wp-json\/wp\/v2\/types\/product"}],"wp:featuredmedia":[{"embeddable":true,"href":"https:\/\/nfc-readers.com\/sl\/wp-json\/wp\/v2\/media\/1570"}],"wp:attachment":[{"href":"https:\/\/nfc-readers.com\/sl\/wp-json\/wp\/v2\/media?parent=1568"}],"wp:term":[{"taxonomy":"product_brand","embeddable":true,"href":"https:\/\/nfc-readers.com\/sl\/wp-json\/wp\/v2\/product_brand?post=1568"},{"taxonomy":"product_cat","embeddable":true,"href":"https:\/\/nfc-readers.com\/sl\/wp-json\/wp\/v2\/product_cat?post=1568"},{"taxonomy":"product_tag","embeddable":true,"href":"https:\/\/nfc-readers.com\/sl\/wp-json\/wp\/v2\/product_tag?post=1568"}],"curies":[{"name":"wp","href":"https:\/\/api.w.org\/{rel}","templated":true}]}}