{"id":1572,"date":"2024-04-07T06:32:56","date_gmt":"2024-04-07T06:32:56","guid":{"rendered":"https:\/\/nfc-readers.com\/?post_type=product&#038;p=1572"},"modified":"2024-10-16T06:13:06","modified_gmt":"2024-10-16T06:13:06","slug":"acm1252u-z2-small-nfc-reader-module","status":"publish","type":"product","link":"https:\/\/nfc-readers.com\/sl\/ic-reader\/acm1252u-z2-small-nfc-reader-module\/","title":{"rendered":"ACM1252U-Z2 majhen bralni modul NFC"},"content":{"rendered":"<h1>ACM1252U-Z2 majhen bralni modul NFC<\/h1>\n<p>ACM1252U-Z2 je vsestranski in robusten bralni modul NFC, izdelan za integracijo vgrajenega sistema, ki predstavlja dragoceno me\u0161anico \u0161iroke podpore za protokole in u\u010dinkovite funkcionalnosti. Njegova funkcija proti tr\u010denju dodaja uporabnost v scenarijih z ve\u010d karticami in utrjuje svojo vlogo stro\u0161kovno u\u010dinkovite re\u0161itve v okolju tehnologije NFC.<\/p>\n<ul>\n<li>\n<h2>USB 2.0 vmesnik polne hitrosti<\/h2>\n<\/li>\n<li>\n<h2>Skladnost s CCID<\/h2>\n<\/li>\n<li>\n<h2>Podpora za brezkontaktne kartice:<\/h2>\n<ul>\n<li>\n<h3>Hitrost branja\/pisanja do 424 kbps<\/h3>\n<\/li>\n<li>\n<h3>Vgrajena antena za brezkontaktni dostop do tablice, z razdaljo branja kartice do 30 mm (odvisno od vrste tablice)<\/h3>\n<\/li>\n<li>\n<h3>Podpira kartice ISO 14443, 4. del tipa A in B, MIFARE\u00ae, FeliCa in vse \u0161tiri vrste NFC (oznake ISO 18092)<\/h3>\n<\/li>\n<li>\n<h3>Vgrajena funkcija proti tr\u010denju (v vsakem trenutku je dostopna samo ena oznaka)<\/h3>\n<\/li>\n<\/ul>\n<\/li>\n<li>\n<h2>Programski vmesnik aplikacij<\/h2>\n<ul>\n<li>\n<h3>Podpira PC\/SC<\/h3>\n<\/li>\n<\/ul>\n<\/li>\n<li>\n<h2>Mo\u017enost nadgradnje vdelane programske opreme USB<\/h2>\n<\/li>\n<li>\n<div>\n<table width=\"574\">\n<tbody>\n<tr>\n<td colspan=\"2\" width=\"574\">Fizi\u010dne zna\u010dilnosti<\/td>\n<\/tr>\n<tr>\n<td width=\"204\">Mere (mm)<\/td>\n<td width=\"370\">52,0 mm (D) x 20,0 mm (\u0160) x 6,0 mm (V)<\/td>\n<\/tr>\n<tr>\n<td width=\"204\">Te\u017ea (g)<\/td>\n<td width=\"370\">3,65 g<\/td>\n<\/tr>\n<tr>\n<td colspan=\"2\" width=\"574\">USB vmesnik<\/td>\n<\/tr>\n<tr>\n<td width=\"204\">Protokol<\/td>\n<td width=\"370\">USB CCID<\/td>\n<\/tr>\n<tr>\n<td width=\"204\">Vrsta priklju\u010dka<\/td>\n<td width=\"370\">mikro USB<\/td>\n<\/tr>\n<tr>\n<td width=\"204\">Vir energije<\/td>\n<td width=\"370\">Iz vrat USB<\/td>\n<\/tr>\n<tr>\n<td width=\"204\">Hitrost<\/td>\n<td width=\"370\">Polna hitrost USB (12 Mb\/s)<\/td>\n<\/tr>\n<tr>\n<td width=\"204\">Dol\u017eina kabla<\/td>\n<td width=\"370\">1,0 m, snemljiv (izbirno)<\/td>\n<\/tr>\n<tr>\n<td colspan=\"2\" width=\"574\">Vmesnik brezkontaktne pametne kartice<\/td>\n<\/tr>\n<tr>\n<td width=\"204\">Standardno<\/td>\n<td width=\"370\">ISO\/IEC 18092 NFC, ISO 14443 tipa A &amp; B, MIFARE\u00ae, FeliCa<\/td>\n<\/tr>\n<tr>\n<td rowspan=\"4\" width=\"204\">Protokol<\/td>\n<td width=\"370\">Kartice, skladne z ISO14443-4, T=CL<\/td>\n<\/tr>\n<tr>\n<td width=\"370\">MIFARE\u00ae Classic Card Protocol, T=CL<\/td>\n<\/tr>\n<tr>\n<td width=\"370\">ISO 18092, oznake NFC<\/td>\n<\/tr>\n<tr>\n<td width=\"370\">FeliCa<\/td>\n<\/tr>\n<tr>\n<td width=\"204\">Antena<\/td>\n<td width=\"370\">20 mm x 22 mm<\/td>\n<\/tr>\n<tr>\n<td colspan=\"2\" width=\"574\">Vgrajene zunanje naprave<\/td>\n<\/tr>\n<tr>\n<td width=\"204\">LED<\/td>\n<td width=\"370\">1 dvobarvna: rde\u010da in zelena<\/td>\n<\/tr>\n<tr>\n<td colspan=\"2\" width=\"574\">Druge funkcije<\/td>\n<\/tr>\n<tr>\n<td width=\"204\">Nadgradnja vdelane programske opreme<\/td>\n<td width=\"370\">Podprto<\/td>\n<\/tr>\n<tr>\n<td colspan=\"2\" width=\"574\">Certifikati\/skladnost<\/td>\n<\/tr>\n<tr>\n<td rowspan=\"10\" width=\"204\">Certifikati\/skladnost<\/td>\n<td width=\"370\">ISO 14443<\/td>\n<\/tr>\n<tr>\n<td width=\"370\">ISO 18092<\/td>\n<\/tr>\n<tr>\n<td width=\"370\">Polna hitrost USB<\/td>\n<\/tr>\n<tr>\n<td width=\"370\">PC\/SC<\/td>\n<\/tr>\n<tr>\n<td width=\"370\">CCID<\/td>\n<\/tr>\n<tr>\n<td width=\"370\">CE<\/td>\n<\/tr>\n<tr>\n<td width=\"370\">FCC<\/td>\n<\/tr>\n<tr>\n<td width=\"370\">RoHS<\/td>\n<\/tr>\n<tr>\n<td width=\"370\">DOSEG<\/td>\n<\/tr>\n<tr>\n<td width=\"370\">Microsoft\u00ae WHQL<\/td>\n<\/tr>\n<tr>\n<td colspan=\"2\" width=\"574\">Podpora za operacijski sistem gonilnika naprave<\/td>\n<\/tr>\n<tr>\n<td rowspan=\"5\" width=\"204\">Podpora za operacijski sistem gonilnika naprave<\/td>\n<td width=\"370\">Windows\u00ae<\/td>\n<\/tr>\n<tr>\n<td width=\"370\">Linux\u00ae<\/td>\n<\/tr>\n<tr>\n<td width=\"370\">MAC OS\u00ae<\/td>\n<\/tr>\n<tr>\n<td width=\"370\">Solaris<\/td>\n<\/tr>\n<tr>\n<td width=\"370\">Android\u2122<\/td>\n<\/tr>\n<\/tbody>\n<\/table>\n<\/div>\n<\/li>\n<\/ul>","protected":false},"excerpt":{"rendered":"<p>ACM1252U-Z2 je visoko zmogljiv NFC USB modul, ki deluje pri 13,56M, podpira ISO 14443 in 18092, zaradi \u010desar je idealen za vdelane aplikacije NFC.<\/p>","protected":false},"featured_media":1573,"template":"","meta":[],"product_brand":[],"product_cat":[45,41,40],"product_tag":[],"class_list":{"0":"post-1572","1":"product","2":"type-product","3":"status-publish","4":"has-post-thumbnail","6":"product_cat-contactless-nfc-reader","7":"product_cat-module-ic-reader","8":"product_cat-rfid-nfc-reader","10":"first","11":"instock","12":"shipping-taxable","13":"product-type-simple"},"_links":{"self":[{"href":"https:\/\/nfc-readers.com\/sl\/wp-json\/wp\/v2\/product\/1572","targetHints":{"allow":["GET"]}}],"collection":[{"href":"https:\/\/nfc-readers.com\/sl\/wp-json\/wp\/v2\/product"}],"about":[{"href":"https:\/\/nfc-readers.com\/sl\/wp-json\/wp\/v2\/types\/product"}],"wp:featuredmedia":[{"embeddable":true,"href":"https:\/\/nfc-readers.com\/sl\/wp-json\/wp\/v2\/media\/1573"}],"wp:attachment":[{"href":"https:\/\/nfc-readers.com\/sl\/wp-json\/wp\/v2\/media?parent=1572"}],"wp:term":[{"taxonomy":"product_brand","embeddable":true,"href":"https:\/\/nfc-readers.com\/sl\/wp-json\/wp\/v2\/product_brand?post=1572"},{"taxonomy":"product_cat","embeddable":true,"href":"https:\/\/nfc-readers.com\/sl\/wp-json\/wp\/v2\/product_cat?post=1572"},{"taxonomy":"product_tag","embeddable":true,"href":"https:\/\/nfc-readers.com\/sl\/wp-json\/wp\/v2\/product_tag?post=1572"}],"curies":[{"name":"wp","href":"https:\/\/api.w.org\/{rel}","templated":true}]}}