{"id":1579,"date":"2024-04-07T06:47:40","date_gmt":"2024-04-07T06:47:40","guid":{"rendered":"https:\/\/nfc-readers.com\/?post_type=product&#038;p=1579"},"modified":"2024-10-16T03:17:58","modified_gmt":"2024-10-16T03:17:58","slug":"acm1252u-z6-small-nfc-reader-module","status":"publish","type":"product","link":"https:\/\/nfc-readers.com\/sl\/ic-reader\/acm1252u-z6-small-nfc-reader-module\/","title":{"rendered":"ACM1252U-Z6 majhen bralni modul NFC"},"content":{"rendered":"<h1>ACM1252U-Z6 majhen bralni modul NFC<\/h1>\n<p>Modul ACM1252U-Z6 pooseblja kompaktno in u\u010dinkovito tehnologijo branja kartic NFC, primerno za brezhibno integracijo v vgrajene sisteme, hkrati pa zagotavlja sofisticirano re\u0161itev za potrebe brezkontaktne komunikacije. Zagotavlja zdru\u017eljivost s \u0161iroko paleto naprav, ki podpirajo NFC, v kombinaciji s prakti\u010dnostjo in prilagodljivostjo, ki ju zahtevajo prostorsko ob\u010dutljive aplikacije.<\/p>\n<ul>\n<li>\n<h2><span class=\"s1\">Vmesnik USB s polno hitrostjo prek 6-polnega priklju\u010dka FFC<\/span><\/h2>\n<\/li>\n<li>\n<h2><span class=\"s1\">Skladnost s CCID<\/span><\/h2>\n<\/li>\n<li>\n<h2><span class=\"s1\">Mo\u017enost nadgradnje vdelane programske opreme USB<\/span><\/h2>\n<\/li>\n<li>\n<h2><span class=\"s1\">Bralnik pametnih kartic:<\/span><\/h2>\n<ul>\n<li>\n<h3>Brezkontaktni vmesnik:<\/h3>\n<ul>\n<li>\n<h4>Hitrost branja\/pisanja do 424 kbps<\/h4>\n<\/li>\n<li>\n<h4>Vgrajena antena za brezkontaktni dostop do oznake, z razdaljo branja kartice do 30 mm (odvisno od vrste oznake)<\/h4>\n<\/li>\n<li>\n<h4>Podpira kartice ISO 14443, 4. del tipa A in B, MIFARE\u00ae, FeliCa in vse \u0161tiri vrste NFC (oznake ISO 18092)<\/h4>\n<\/li>\n<li>\n<h4>Vgrajena funkcija proti tr\u010denju (v vsakem trenutku je dostopna samo 1 oznaka)<\/h4>\n<\/li>\n<li>\n<h4>Podpora za NFC:<\/h4>\n<ul>\n<li>\n<h5>Na\u010din bralnika\/zapisovalca kartic<\/h5>\n<\/li>\n<li>\n<h5>Na\u010din Peer-to-Peer<\/h5>\n<\/li>\n<li>\n<h5>Na\u010din emulacije kartice<\/h5>\n<\/li>\n<\/ul>\n<\/li>\n<\/ul>\n<\/li>\n<\/ul>\n<\/li>\n<li>\n<h2>Vgrajene zunanje naprave:<\/h2>\n<ul>\n<li>\n<h3><span class=\"s1\">Dvobarvna LED, ki jo lahko nadzoruje uporabnik<\/span><\/h3>\n<\/li>\n<\/ul>\n<\/li>\n<li>\n<h2>Programski vmesnik aplikacije:<\/h2>\n<ul>\n<li>\n<h3><span class=\"s1\">Podpira PC\/SC<\/span><\/h3>\n<\/li>\n<li>\n<h3><span class=\"s1\">Podpira CT-API (skozi ovoj na vrhu PC\/SC)<\/span><\/h3>\n<\/li>\n<\/ul>\n<\/li>\n<li>\n<h2>Podpira Android\u2122 3.1 in novej\u0161e<\/h2>\n<\/li>\n<li>\n<div>\n<table width=\"536\">\n<tbody>\n<tr>\n<td colspan=\"2\" width=\"536\">Fizi\u010dne zna\u010dilnosti<\/td>\n<\/tr>\n<tr>\n<td width=\"182\">Mere (mm)<\/td>\n<td width=\"354\">52,0 mm (D) x 20,0 mm (\u0160) x 6,0 mm (V)<\/td>\n<\/tr>\n<tr>\n<td width=\"182\">Te\u017ea (g)<\/td>\n<td width=\"354\">3,45 g<\/td>\n<\/tr>\n<tr>\n<td colspan=\"2\" width=\"536\">USB vmesnik<\/td>\n<\/tr>\n<tr>\n<td width=\"182\">Protokol<\/td>\n<td width=\"354\">USB CCID<\/td>\n<\/tr>\n<tr>\n<td width=\"182\">Vrsta priklju\u010dka<\/td>\n<td width=\"354\">6-polni FFC<\/td>\n<\/tr>\n<tr>\n<td width=\"182\">Vir energije<\/td>\n<td width=\"354\">Iz priklju\u010dka FFC<\/td>\n<\/tr>\n<tr>\n<td width=\"182\">Hitrost<\/td>\n<td width=\"354\">Polna hitrost USB (12 Mb\/s)<\/td>\n<\/tr>\n<tr>\n<td colspan=\"2\" width=\"536\">Vmesnik brezkontaktne pametne kartice<\/td>\n<\/tr>\n<tr>\n<td width=\"182\">Standardno<\/td>\n<td width=\"354\">ISO\/IEC 18092 NFC, ISO 14443 tipa A &amp; B, MIFARE\u00ae, FeliCa<\/td>\n<\/tr>\n<tr>\n<td rowspan=\"4\" width=\"182\">Protokol<\/td>\n<td width=\"354\">Kartice, skladne z ISO14443-4, T=CL<\/td>\n<\/tr>\n<tr>\n<td width=\"354\">MIFARE\u00ae Classic Card Protocol, T=CL<\/td>\n<\/tr>\n<tr>\n<td width=\"354\">ISO 18092, oznake NFC<\/td>\n<\/tr>\n<tr>\n<td width=\"354\">FeliCa<\/td>\n<\/tr>\n<tr>\n<td width=\"182\">Antena<\/td>\n<td width=\"354\">20 mm x 22 mm<\/td>\n<\/tr>\n<tr>\n<td colspan=\"2\" width=\"536\">Vgrajene zunanje naprave<\/td>\n<\/tr>\n<tr>\n<td width=\"182\">LED<\/td>\n<td width=\"354\">1 dvobarvna: rde\u010da in zelena<\/td>\n<\/tr>\n<tr>\n<td colspan=\"2\" width=\"536\">Druge funkcije<\/td>\n<\/tr>\n<tr>\n<td width=\"182\">Nadgradnja vdelane programske opreme<\/td>\n<td width=\"354\">Podprto<\/td>\n<\/tr>\n<tr>\n<td colspan=\"2\" width=\"536\">Certifikati\/skladnost<\/td>\n<\/tr>\n<tr>\n<td rowspan=\"10\" width=\"182\">Certifikati\/skladnost<\/td>\n<td width=\"354\">ISO 18092<\/td>\n<\/tr>\n<tr>\n<td width=\"354\">ISO 14443<\/td>\n<\/tr>\n<tr>\n<td width=\"354\">Polna hitrost USB<\/td>\n<\/tr>\n<tr>\n<td width=\"354\">PC\/SC<\/td>\n<\/tr>\n<tr>\n<td width=\"354\">CCID<\/td>\n<\/tr>\n<tr>\n<td width=\"354\">CE<\/td>\n<\/tr>\n<tr>\n<td width=\"354\">FCC<\/td>\n<\/tr>\n<tr>\n<td width=\"354\">RoHS<\/td>\n<\/tr>\n<tr>\n<td width=\"354\">DOSEG<\/td>\n<\/tr>\n<tr>\n<td width=\"354\">Microsoft\u00ae WHQL<\/td>\n<\/tr>\n<tr>\n<td colspan=\"2\" width=\"536\">Podpora za operacijski sistem gonilnika naprave<\/td>\n<\/tr>\n<tr>\n<td rowspan=\"5\" width=\"182\">Podpora za operacijski sistem gonilnika naprave<\/td>\n<td width=\"354\">Windows\u00ae<\/td>\n<\/tr>\n<tr>\n<td width=\"354\">Linux\u00ae<\/td>\n<\/tr>\n<tr>\n<td width=\"354\">MAC OS\u00ae<\/td>\n<\/tr>\n<tr>\n<td width=\"354\">Solaris<\/td>\n<\/tr>\n<tr>\n<td width=\"354\">Android\u2122<\/td>\n<\/tr>\n<\/tbody>\n<\/table>\n<\/div>\n<\/li>\n<\/ul>","protected":false},"excerpt":{"rendered":"<p>ACM1252U-Z6 je vsestranski NFC USB \u010ditalnik in RFID modul, skladen s CCID in PC\/SC, ki podpira ISO 14443 in 18092 za u\u010dinkovito delovanje pametnih kartic.<\/p>","protected":false},"featured_media":1580,"template":"","meta":[],"product_brand":[],"product_cat":[41,40],"product_tag":[],"class_list":{"0":"post-1579","1":"product","2":"type-product","3":"status-publish","4":"has-post-thumbnail","6":"product_cat-module-ic-reader","7":"product_cat-rfid-nfc-reader","9":"first","10":"instock","11":"shipping-taxable","12":"product-type-simple"},"_links":{"self":[{"href":"https:\/\/nfc-readers.com\/sl\/wp-json\/wp\/v2\/product\/1579","targetHints":{"allow":["GET"]}}],"collection":[{"href":"https:\/\/nfc-readers.com\/sl\/wp-json\/wp\/v2\/product"}],"about":[{"href":"https:\/\/nfc-readers.com\/sl\/wp-json\/wp\/v2\/types\/product"}],"wp:featuredmedia":[{"embeddable":true,"href":"https:\/\/nfc-readers.com\/sl\/wp-json\/wp\/v2\/media\/1580"}],"wp:attachment":[{"href":"https:\/\/nfc-readers.com\/sl\/wp-json\/wp\/v2\/media?parent=1579"}],"wp:term":[{"taxonomy":"product_brand","embeddable":true,"href":"https:\/\/nfc-readers.com\/sl\/wp-json\/wp\/v2\/product_brand?post=1579"},{"taxonomy":"product_cat","embeddable":true,"href":"https:\/\/nfc-readers.com\/sl\/wp-json\/wp\/v2\/product_cat?post=1579"},{"taxonomy":"product_tag","embeddable":true,"href":"https:\/\/nfc-readers.com\/sl\/wp-json\/wp\/v2\/product_tag?post=1579"}],"curies":[{"name":"wp","href":"https:\/\/api.w.org\/{rel}","templated":true}]}}