{"id":1598,"date":"2024-04-07T07:36:03","date_gmt":"2024-04-07T07:36:03","guid":{"rendered":"https:\/\/nfc-readers.com\/?post_type=product&#038;p=1598"},"modified":"2024-10-16T03:12:59","modified_gmt":"2024-10-16T03:12:59","slug":"acr1552u-m1-nfc-rfid-reader-writer","status":"publish","type":"product","link":"https:\/\/nfc-readers.com\/sl\/ic-reader\/acr1552u-m1-nfc-rfid-reader-writer\/","title":{"rendered":"ACR1552U-M1 NFC \u010ditalnik\/zapisovalnik rfid"},"content":{"rendered":"<h1>ACR1552U-M1 NFC \u010ditalnik\/zapisovalnik rfid<\/h1>\n<p>ACR1552U-M1 USB-C NFC \u010ditalnik vsebuje zmogljivo, vsestransko napravo, ki skrbi za \u0161tevilne funkcije pametnih kartic. Uporabnike pomirja z naprednimi funkcijami, ki poudarjajo varnost, prilagodljivost in celovito zdru\u017eljivost s pametnimi karticami, zaradi \u010desar je nepogre\u0161ljivo orodje v \u0161tevilnih panogah.<\/p>\n<ul>\n<li>\n<h2>USB 2.0 vmesnik polne hitrosti<\/h2>\n<\/li>\n<li>\n<h2>Skladnost s CCID<\/h2>\n<\/li>\n<li>\n<h2>Brezkontaktni bralnik pametnih kartic:<\/h2>\n<ul>\n<li>\n<h3>Hitrost branja\/pisanja do 848 kbps<\/h3>\n<\/li>\n<li>\n<h3>Vgrajena antena za brezkontaktni dostop do oznak, z razdaljo branja kartic do 70 mm (odvisno od vrste oznak)<\/h3>\n<\/li>\n<li>\n<h3>Podpira kartice ISO 14443 tipa A in B, kartice ISO 15693 in ISO18092 NFC<\/h3>\n<\/li>\n<li>\n<h3>Podpira MIFARE\u00ae (T=CL), FeliCa, NFC oznake, SRI\/SRIX, CTS, Innovatron, Picopass, Topaz Card<\/h3>\n<\/li>\n<li>\n<h3>Vgrajena funkcija proti tr\u010denju<\/h3>\n<\/li>\n<li>\n<h3>Podpira raz\u0161irjeni APDU (najve\u010d 64 kbajtov)<\/h3>\n<\/li>\n<li>\n<h3>Ena re\u017ea SAM, skladna z ISO7816 (razred A)<\/h3>\n<\/li>\n<li>\n<h3>Podpora za NFC<\/h3>\n<ul>\n<li>\n<h4>\u00a0 \u00a0Na\u010din bralnika\/zapisovalca pametnih kartic<\/h4>\n<\/li>\n<li>\n<h4>\u00a0 \u00a0Na\u010din emulacije kartice<\/h4>\n<\/li>\n<li>\n<h4>\u00a0 \u00a0Na\u010din emulacije tipkovnice<\/h4>\n<\/li>\n<\/ul>\n<\/li>\n<\/ul>\n<\/li>\n<li>\n<h2>Programski vmesnik aplikacije:<\/h2>\n<ul>\n<li>\n<h3>Podpira PC\/SC<\/h3>\n<\/li>\n<li>\n<h3>Podpira CT-API (skozi ovoj na vrhu PC\/SC)<\/h3>\n<\/li>\n<\/ul>\n<\/li>\n<li>\n<h2>Zunanje naprave:<\/h2>\n<ul>\n<li>\n<h3>Uporabni\u0161ko nadzorovana dvobarvna LED (modra in zelena)<\/h3>\n<\/li>\n<li>\n<h3>Bren\u010dalo, ki ga lahko nadzira uporabnik (enotonsko)<\/h3>\n<\/li>\n<li>\n<h3>Ena re\u017ea SAM<\/h3>\n<\/li>\n<\/ul>\n<\/li>\n<li>\n<h2>Mo\u017enost nadgradnje vdelane programske opreme USB<\/h2>\n<\/li>\n<li>\n<div>\n<table width=\"528\">\n<tbody>\n<tr>\n<td colspan=\"2\" width=\"528\">Fizi\u010dne zna\u010dilnosti<\/td>\n<\/tr>\n<tr>\n<td rowspan=\"2\" width=\"215\">Mere (mm)<\/td>\n<td width=\"313\">Glavno telo: 98 x 65 x 12,8 mm<\/td>\n<\/tr>\n<tr>\n<td width=\"313\">Velikost antene: 50 x 40 mm<\/td>\n<\/tr>\n<tr>\n<td width=\"215\">Te\u017ea (g)<\/td>\n<td width=\"313\">89 g<\/td>\n<\/tr>\n<tr>\n<td colspan=\"2\" width=\"528\">USB vmesnik<\/td>\n<\/tr>\n<tr>\n<td width=\"215\">Protokol<\/td>\n<td width=\"313\">USB CCID<\/td>\n<\/tr>\n<tr>\n<td width=\"215\">Vrsta priklju\u010dka<\/td>\n<td width=\"313\">USB Type-A (ACR1552U-M1), USB Type-C (ACR1552U-MF)<\/td>\n<\/tr>\n<tr>\n<td width=\"215\">Vir energije<\/td>\n<td width=\"313\">Iz vrat USB<\/td>\n<\/tr>\n<tr>\n<td width=\"215\">Hitrost<\/td>\n<td width=\"313\">Polna hitrost USB (12 Mb\/s)<\/td>\n<\/tr>\n<tr>\n<td width=\"215\">Dol\u017eina kabla<\/td>\n<td width=\"313\">1m, nesnemljiv<\/td>\n<\/tr>\n<tr>\n<td colspan=\"2\" width=\"528\">Vmesnik brezkontaktne pametne kartice<\/td>\n<\/tr>\n<tr>\n<td width=\"215\">Standardno<\/td>\n<td width=\"313\">ISO\/IEC 18092 NFC, ISO 14443 tipa A in B, ISO 15693, MIFARE\u00ae, FeliCa<\/td>\n<\/tr>\n<tr>\n<td rowspan=\"5\" width=\"215\">Protokol<\/td>\n<td width=\"313\">Kartica, skladna s standardom ISO 14443-4, T=CL<\/td>\n<\/tr>\n<tr>\n<td width=\"313\">Klasi\u010dna kartica MIFARE\u00ae, T=CL<\/td>\n<\/tr>\n<tr>\n<td width=\"313\">ISO 15693<\/td>\n<\/tr>\n<tr>\n<td width=\"313\">Oznake NFC ISO 18092<\/td>\n<\/tr>\n<tr>\n<td width=\"313\">FeliCa<\/td>\n<\/tr>\n<tr>\n<td colspan=\"2\" width=\"528\">Vmesnik kartice SAM<\/td>\n<\/tr>\n<tr>\n<td width=\"215\">\u0160tevilo re\u017e<\/td>\n<td width=\"313\">1 standardna re\u017ea za kartico SIM<\/td>\n<\/tr>\n<tr>\n<td width=\"215\">Standardno<\/td>\n<td width=\"313\">ISO 7816 razred A (5V)<\/td>\n<\/tr>\n<tr>\n<td width=\"215\">Protokol<\/td>\n<td width=\"313\">T=0; T=1<\/td>\n<\/tr>\n<tr>\n<td colspan=\"2\" width=\"528\">Vgrajene zunanje naprave<\/td>\n<\/tr>\n<tr>\n<td width=\"215\">LED<\/td>\n<td width=\"313\">1 dvobarvna: modra in zelena<\/td>\n<\/tr>\n<tr>\n<td width=\"215\">Bren\u010dalo<\/td>\n<td width=\"313\">ja<\/td>\n<\/tr>\n<tr>\n<td colspan=\"2\" width=\"528\">Druge funkcije<\/td>\n<\/tr>\n<tr>\n<td rowspan=\"4\" width=\"215\">Druge funkcije<\/td>\n<td width=\"313\">Podprte vrste kartic:<\/td>\n<\/tr>\n<tr>\n<td width=\"313\">ISO 14443 tipa A in B, deli 1\u20134, ISO 15693, ISO 18092 NFC, MIFARE\u00ae, FeliCa, SRI\/SRIX, CTS, Innovatron, Picopass, Topaz Card<\/td>\n<\/tr>\n<tr>\n<td width=\"313\">\u00a0 Funkcije NFC:<\/td>\n<\/tr>\n<tr>\n<td width=\"313\">Bralnik\/zapisovalec pametnih kartic, emulacija tipkovnice, emulacija kartic<\/td>\n<\/tr>\n<tr>\n<td width=\"215\">Nadgradnja vdelane programske opreme<\/td>\n<td width=\"313\">Podprto<\/td>\n<\/tr>\n<tr>\n<td colspan=\"2\" width=\"528\">Certifikati\/skladnost<\/td>\n<\/tr>\n<tr>\n<td rowspan=\"4\" width=\"215\">Certifikati\/skladnost<\/td>\n<td width=\"313\">Certifikati:<\/td>\n<\/tr>\n<tr>\n<td width=\"313\">IEC\/EN 62368, CE, UKCA, FCC, VCCI, KC, J-LIS, RoHS, REACH, WEEE, Microsoft\u00ae WHQL<\/td>\n<\/tr>\n<tr>\n<td width=\"313\">Skladnost:<\/td>\n<\/tr>\n<tr>\n<td width=\"313\">USB CCID, PC\/SC<\/td>\n<\/tr>\n<tr>\n<td colspan=\"2\" width=\"528\">Podpora za operacijski sistem gonilnika naprave<\/td>\n<\/tr>\n<tr>\n<td width=\"215\">Podpora za operacijski sistem gonilnika naprave<\/td>\n<td width=\"313\">Windows\u00ae, Linux\u00ae, macOS, Android\u2122, iOS\/iPadOS (16 ali novej\u0161i)<\/td>\n<\/tr>\n<\/tbody>\n<\/table>\n<\/div>\n<\/li>\n<\/ul>","protected":false},"excerpt":{"rendered":"<p>ACR1552U je hitri NFC USB \u010ditalnik, ki je zdru\u017eljiv s CCID in PC\/SC, podpira ISO 14443 in 15693, idealen za razli\u010dne aplikacije pametnih kartic.<\/p>","protected":false},"featured_media":1599,"template":"","meta":[],"product_brand":[],"product_cat":[45,40],"product_tag":[],"class_list":{"0":"post-1598","1":"product","2":"type-product","3":"status-publish","4":"has-post-thumbnail","6":"product_cat-contactless-nfc-reader","7":"product_cat-rfid-nfc-reader","9":"first","10":"instock","11":"shipping-taxable","12":"product-type-simple"},"_links":{"self":[{"href":"https:\/\/nfc-readers.com\/sl\/wp-json\/wp\/v2\/product\/1598","targetHints":{"allow":["GET"]}}],"collection":[{"href":"https:\/\/nfc-readers.com\/sl\/wp-json\/wp\/v2\/product"}],"about":[{"href":"https:\/\/nfc-readers.com\/sl\/wp-json\/wp\/v2\/types\/product"}],"wp:featuredmedia":[{"embeddable":true,"href":"https:\/\/nfc-readers.com\/sl\/wp-json\/wp\/v2\/media\/1599"}],"wp:attachment":[{"href":"https:\/\/nfc-readers.com\/sl\/wp-json\/wp\/v2\/media?parent=1598"}],"wp:term":[{"taxonomy":"product_brand","embeddable":true,"href":"https:\/\/nfc-readers.com\/sl\/wp-json\/wp\/v2\/product_brand?post=1598"},{"taxonomy":"product_cat","embeddable":true,"href":"https:\/\/nfc-readers.com\/sl\/wp-json\/wp\/v2\/product_cat?post=1598"},{"taxonomy":"product_tag","embeddable":true,"href":"https:\/\/nfc-readers.com\/sl\/wp-json\/wp\/v2\/product_tag?post=1598"}],"curies":[{"name":"wp","href":"https:\/\/api.w.org\/{rel}","templated":true}]}}