{"id":1608,"date":"2024-04-07T07:46:35","date_gmt":"2024-04-07T07:46:35","guid":{"rendered":"https:\/\/nfc-readers.com\/?post_type=product&#038;p=1608"},"modified":"2024-10-16T02:43:39","modified_gmt":"2024-10-16T02:43:39","slug":"acr1251t-usb-token-nfc-reader-ii","status":"publish","type":"product","link":"https:\/\/nfc-readers.com\/sl\/ic-reader\/acr1251t-usb-token-nfc-reader-ii\/","title":{"rendered":"ACR1251T USB \u010ditalnik \u017eetonov NFC II"},"content":{"rendered":"<h1>ACR1251T USB \u010ditalnik \u017eetonov NFC II<\/h1>\n<p>ACR1251T je napreden in hiter \u010ditalnik pametnih kartic NFC, idealen za podjetja, ki i\u0161\u010dejo prenosno in u\u010dinkovito re\u0161itev. S funkcijo proti tr\u010denju, \u0161iroko zdru\u017eljivostjo in dodatnimi uporabniku prijaznimi funkcijami predstavlja robustno mo\u017enost za varne in hitre transakcije NFC v razli\u010dnih delovnih okoljih.<\/p>\n<ul>\n<li>\n<h2>USB vmesnik polne hitrosti<\/h2>\n<\/li>\n<li>\n<h2>Skladnost s CCID<\/h2>\n<\/li>\n<li>\n<h2>Bralnik pametnih kartic:<\/h2>\n<ul>\n<li>\n<h3>Brezkontaktni vmesnik:<\/h3>\n<ul>\n<li>Hitrost branja\/pisanja do 424 kbps<\/li>\n<li>Vgrajena antena za brezkontaktni dostop do oznake, z razdaljo branja kartice do 30 mm (odvisno od vrste oznake)<\/li>\n<li>Podpira kartice ISO 14443 tipa A in B, MIFARE\u00ae, FeliCa in vse 4 vrste oznak NFC (ISO\/IEC 18092).<\/li>\n<li>Vgrajena funkcija proti tr\u010denju (v vsakem trenutku je dostopna samo 1 oznaka)<\/li>\n<li>Podpora za NFC<\/li>\n<li>Na\u010din bralnika\/zapisovalca kartic<\/li>\n<\/ul>\n<\/li>\n<\/ul>\n<\/li>\n<li>\n<h2>Vgrajene zunanje naprave:<\/h2>\n<ul>\n<li>\n<h3>LED:<\/h3>\n<ul>\n<li>Dvobarvna LED, ki jo lahko nadzoruje uporabnik<\/li>\n<\/ul>\n<\/li>\n<\/ul>\n<\/li>\n<li>\n<h2>Programski vmesnik aplikacije:<\/h2>\n<ul>\n<li>\n<h3>Podpira PC\/SC<\/h3>\n<\/li>\n<li>\n<h3>Podpira CT-API (skozi ovoj na vrhu PC\/SC)<\/h3>\n<\/li>\n<\/ul>\n<\/li>\n<li>\n<h2>Mo\u017enost nadgradnje vdelane programske opreme USB<\/h2>\n<\/li>\n<li>\n<h2>Podpira Android\u2122 3.1 in novej\u0161e<\/h2>\n<\/li>\n<li>\n<div>\n<table width=\"582\">\n<tbody>\n<tr>\n<td colspan=\"2\" width=\"582\">Fizi\u010dne zna\u010dilnosti<\/td>\n<\/tr>\n<tr>\n<td width=\"215\">Mere (mm)<\/td>\n<td width=\"367\">75,0 mm (D) x 30,0 mm (\u0160) x 12,7 mm (V)<\/td>\n<\/tr>\n<tr>\n<td width=\"215\">Te\u017ea (g)<\/td>\n<td width=\"367\">15,8 g<\/td>\n<\/tr>\n<tr>\n<td colspan=\"2\" width=\"582\">USB vmesnik<\/td>\n<\/tr>\n<tr>\n<td width=\"215\">Protokol<\/td>\n<td width=\"367\">USB CCID<\/td>\n<\/tr>\n<tr>\n<td width=\"215\">Vrsta priklju\u010dka<\/td>\n<td width=\"367\">Standardni tip A<\/td>\n<\/tr>\n<tr>\n<td width=\"215\">Vir energije<\/td>\n<td width=\"367\">Iz vrat USB<\/td>\n<\/tr>\n<tr>\n<td width=\"215\">Hitrost<\/td>\n<td width=\"367\">Polna hitrost USB (12 Mb\/s)<\/td>\n<\/tr>\n<tr>\n<td colspan=\"2\" width=\"582\">Vmesnik brezkontaktne pametne kartice<\/td>\n<\/tr>\n<tr>\n<td width=\"215\">Standardno<\/td>\n<td width=\"367\">ISO\/IEC 18092 NFC, ISO 14443 tipa A &amp; B, MIFARE\u00ae, FeliCa<\/td>\n<\/tr>\n<tr>\n<td rowspan=\"4\" width=\"215\">Protokol<\/td>\n<td width=\"367\">Kartice, skladne z ISO14443-4, T=CL<\/td>\n<\/tr>\n<tr>\n<td width=\"367\">MIFARE\u00ae Classic Card Protocol, T=CL<\/td>\n<\/tr>\n<tr>\n<td width=\"367\">ISO 18092, oznake NFC<\/td>\n<\/tr>\n<tr>\n<td width=\"367\">FeliCa<\/td>\n<\/tr>\n<tr>\n<td colspan=\"2\" width=\"582\">Vgrajene zunanje naprave<\/td>\n<\/tr>\n<tr>\n<td width=\"215\">LED<\/td>\n<td width=\"367\">1 dvobarvna: zelena in rde\u010da<\/td>\n<\/tr>\n<tr>\n<td colspan=\"2\" width=\"582\">Druge funkcije<\/td>\n<\/tr>\n<tr>\n<td width=\"215\">Nadgradnja vdelane programske opreme<\/td>\n<td width=\"367\">Podprto<\/td>\n<\/tr>\n<tr>\n<td colspan=\"2\" width=\"582\">Certifikati\/skladnost<\/td>\n<\/tr>\n<tr>\n<td rowspan=\"13\" width=\"215\">Certifikati\/skladnost<\/td>\n<td width=\"367\">EN 60950\/IEC 60950<\/td>\n<\/tr>\n<tr>\n<td width=\"367\">ISO 18092<\/td>\n<\/tr>\n<tr>\n<td width=\"367\">ISO 14443<\/td>\n<\/tr>\n<tr>\n<td width=\"367\">Polna hitrost USB<\/td>\n<\/tr>\n<tr>\n<td width=\"367\">PC\/SC<\/td>\n<\/tr>\n<tr>\n<td width=\"367\">CCID<\/td>\n<\/tr>\n<tr>\n<td width=\"367\">VCCI (Japonska)<\/td>\n<\/tr>\n<tr>\n<td width=\"367\">MIC (Japonska)<\/td>\n<\/tr>\n<tr>\n<td width=\"367\">Microsoft\u00ae WHQL<\/td>\n<\/tr>\n<tr>\n<td width=\"367\">CE<\/td>\n<\/tr>\n<tr>\n<td width=\"367\">FCC<\/td>\n<\/tr>\n<tr>\n<td width=\"367\">RoHS<\/td>\n<\/tr>\n<tr>\n<td width=\"367\">DOSEG<\/td>\n<\/tr>\n<tr>\n<td colspan=\"2\" width=\"582\">Podpora za operacijski sistem gonilnika naprave<\/td>\n<\/tr>\n<tr>\n<td rowspan=\"6\" width=\"215\">Podpora za operacijski sistem gonilnika naprave<\/td>\n<td width=\"367\">Windows\u00ae CE<\/td>\n<\/tr>\n<tr>\n<td width=\"367\">Windows\u00ae<\/td>\n<\/tr>\n<tr>\n<td width=\"367\">Linux\u00ae<\/td>\n<\/tr>\n<tr>\n<td width=\"367\">MAC OS\u00ae 10.7 in novej\u0161i<\/td>\n<\/tr>\n<tr>\n<td width=\"367\">Solaris<\/td>\n<\/tr>\n<tr>\n<td width=\"367\">Android\u2122 3.1 in novej\u0161i<\/td>\n<\/tr>\n<\/tbody>\n<\/table>\n<\/div>\n<\/li>\n<\/ul>","protected":false},"excerpt":{"rendered":"<p>ACR1251T je hiter prenosni \u010ditalnik pametnih kartic NFC, zdru\u017eljiv z NFC &amp; ISO\/IEC 18092, ki zagotavlja u\u010dinkovito branje kartic v razli\u010dnih sistemih.<\/p>","protected":false},"featured_media":1609,"template":"","meta":[],"product_brand":[],"product_cat":[45,40],"product_tag":[],"class_list":{"0":"post-1608","1":"product","2":"type-product","3":"status-publish","4":"has-post-thumbnail","6":"product_cat-contactless-nfc-reader","7":"product_cat-rfid-nfc-reader","9":"first","10":"instock","11":"shipping-taxable","12":"product-type-simple"},"_links":{"self":[{"href":"https:\/\/nfc-readers.com\/sl\/wp-json\/wp\/v2\/product\/1608","targetHints":{"allow":["GET"]}}],"collection":[{"href":"https:\/\/nfc-readers.com\/sl\/wp-json\/wp\/v2\/product"}],"about":[{"href":"https:\/\/nfc-readers.com\/sl\/wp-json\/wp\/v2\/types\/product"}],"wp:featuredmedia":[{"embeddable":true,"href":"https:\/\/nfc-readers.com\/sl\/wp-json\/wp\/v2\/media\/1609"}],"wp:attachment":[{"href":"https:\/\/nfc-readers.com\/sl\/wp-json\/wp\/v2\/media?parent=1608"}],"wp:term":[{"taxonomy":"product_brand","embeddable":true,"href":"https:\/\/nfc-readers.com\/sl\/wp-json\/wp\/v2\/product_brand?post=1608"},{"taxonomy":"product_cat","embeddable":true,"href":"https:\/\/nfc-readers.com\/sl\/wp-json\/wp\/v2\/product_cat?post=1608"},{"taxonomy":"product_tag","embeddable":true,"href":"https:\/\/nfc-readers.com\/sl\/wp-json\/wp\/v2\/product_tag?post=1608"}],"curies":[{"name":"wp","href":"https:\/\/api.w.org\/{rel}","templated":true}]}}