{"id":1615,"date":"2024-04-07T07:52:08","date_gmt":"2024-04-07T07:52:08","guid":{"rendered":"https:\/\/nfc-readers.com\/?post_type=product&#038;p=1615"},"modified":"2024-10-16T02:36:24","modified_gmt":"2024-10-16T02:36:24","slug":"acm1552u-z2-small-multi-iso-nfc-module-reader-writer","status":"publish","type":"product","link":"https:\/\/nfc-readers.com\/sl\/ic-reader\/acm1552u-z2-small-multi-iso-nfc-module-reader-writer\/","title":{"rendered":"ACM1552U-Z2 \u2013 majhen -Multi-ISO NFC modul bralnik\/zapisovalec"},"content":{"rendered":"<h1>ACM1552U-Z2 \u2013 majhen -Multi-ISO NFC modul bralnik\/zapisovalec<\/h1>\n<p>ACM1552U-Z2 izstopa kot kompakten in vsestranski modul, ki ponuja visokohitrostne zmogljivosti NFC in zdru\u017eljivost z ve\u010d standardi. S svojimi dodatnimi varnostnimi in energetsko u\u010dinkovitimi lastnostmi ter uporabniku prijaznim vmesnikom predstavlja sofisticirano re\u0161itev za brezsti\u010dno komunikacijo v kompaktnih napravah.<\/p>\n<ul>\n<li>\n<h2>USB 2.0 vmesnik polne hitrosti<\/h2>\n<\/li>\n<li>\n<h2>Skladnost s CCID<\/h2>\n<\/li>\n<li>\n<h2>Podpora za brezkontaktne pametne kartice:<\/h2>\n<ul>\n<li>\n<h3>Hitrost branja\/pisanja do 848 kbps<\/h3>\n<\/li>\n<li>\n<h3>Vgrajena antena za brezkontaktni dostop do oznak, z razdaljo branja kartic do 70 mm (odvisno od vrste oznak)<\/h3>\n<\/li>\n<li>\n<h3>Podpira kartice ISO 14443 tipa A in B, kartice ISO 15693 in ISO18092 NFC<\/h3>\n<\/li>\n<li>\n<h3>Podpira MIFARE Classic\u00ae, MIFARE\u00ae, DESFire\u00ae, MIFARE Ultralight\u00ae, MIFARE Plus\u00ae, FeliCa in Topaz<\/h3>\n<\/li>\n<li>\n<h3>Vgrajena funkcija proti tr\u010denju<\/h3>\n<\/li>\n<li>\n<h3>Podpira raz\u0161irjeni APDU (najve\u010d 64 kbajtov)<\/h3>\n<\/li>\n<\/ul>\n<\/li>\n<li>\n<h2>Podpora za NFC:<\/h2>\n<ul>\n<li>\n<h3>Na\u010din bralnika\/zapisovalca pametnih kartic<\/h3>\n<\/li>\n<li>\n<h3>Na\u010din emulacije kartice<\/h3>\n<\/li>\n<li>\n<h3>Na\u010din emulacije tipkovnice<\/h3>\n<\/li>\n<\/ul>\n<\/li>\n<li>\n<h2>Programski vmesnik aplikacije:<\/h2>\n<ul>\n<li>\n<h3>Podpira PC\/SC<\/h3>\n<\/li>\n<li>\n<h3>Podpira CT-API (skozi ovoj na vrhu PC\/SC)<\/h3>\n<\/li>\n<\/ul>\n<\/li>\n<li>\n<h2>Zunanje naprave:<\/h2>\n<ul>\n<li>\n<h3>Uporabni\u0161ko nadzorovana dvobarvna LED (modra in zelena)<\/h3>\n<\/li>\n<\/ul>\n<\/li>\n<li>\n<h2>Kompaktna velikost<\/h2>\n<\/li>\n<li>\n<h2>Mo\u017enost nadgradnje vdelane programske opreme USB<\/h2>\n<\/li>\n<li>\n<div>\n<table width=\"545\">\n<tbody>\n<tr>\n<td colspan=\"2\" width=\"545\">Fizi\u010dne zna\u010dilnosti<\/td>\n<\/tr>\n<tr>\n<td width=\"228\">Mere (mm)<\/td>\n<td width=\"317\">52,0 x 20,0 x 5,7<\/td>\n<\/tr>\n<tr>\n<td width=\"228\">Te\u017ea (g)<\/td>\n<td width=\"317\">3.4<\/td>\n<\/tr>\n<tr>\n<td colspan=\"2\" width=\"545\">USB vmesnik<\/td>\n<\/tr>\n<tr>\n<td width=\"228\">Protokol<\/td>\n<td width=\"317\">USB CCID<\/td>\n<\/tr>\n<tr>\n<td width=\"228\">Vrsta priklju\u010dka<\/td>\n<td width=\"317\">5 no\u017eic, razmak 1 mm, zdru\u017eljiv s serijo JST SH<\/td>\n<\/tr>\n<tr>\n<td width=\"228\">Vir energije<\/td>\n<td width=\"317\">Iz vrat USB<\/td>\n<\/tr>\n<tr>\n<td width=\"228\">Hitrost<\/td>\n<td width=\"317\">USB 2.0 Full Speed (12 Mbps), zdru\u017eljiv z USB 3.0<\/td>\n<\/tr>\n<tr>\n<td width=\"228\">Dol\u017eina kabla<\/td>\n<td width=\"317\">1 m, snemljiv (na zahtevo)<\/td>\n<\/tr>\n<tr>\n<td colspan=\"2\" width=\"545\">Vmesnik brezkontaktne pametne kartice<\/td>\n<\/tr>\n<tr>\n<td width=\"228\">Standardno<\/td>\n<td width=\"317\">ISO 18092 NFC, ISO 14443 Tip A &amp; B, ISO 15693, MIFARE\u00ae, FeliCa<\/td>\n<\/tr>\n<tr>\n<td rowspan=\"5\" width=\"228\">Protokol<\/td>\n<td width=\"317\">Kartica, skladna s standardom ISO 14443-4, T=CL<\/td>\n<\/tr>\n<tr>\n<td width=\"317\">Klasi\u010dna kartica MIFARE\u00ae, T=CL<\/td>\n<\/tr>\n<tr>\n<td width=\"317\">ISO 15693<\/td>\n<\/tr>\n<tr>\n<td width=\"317\">Oznake NFC ISO 18092<\/td>\n<\/tr>\n<tr>\n<td width=\"317\">FeliCa<\/td>\n<\/tr>\n<tr>\n<td colspan=\"2\" width=\"545\">Vgrajene zunanje naprave<\/td>\n<\/tr>\n<tr>\n<td width=\"228\">LED<\/td>\n<td width=\"317\">1 dvobarvna: modra in zelena<\/td>\n<\/tr>\n<tr>\n<td colspan=\"2\" width=\"545\">Druge funkcije<\/td>\n<\/tr>\n<tr>\n<td rowspan=\"6\" width=\"228\">Druge funkcije<\/td>\n<td width=\"317\">Podprte vrste kartic:<\/td>\n<\/tr>\n<tr>\n<td width=\"317\">ISO 14443 tip A &amp; B deli 1-4,<\/td>\n<\/tr>\n<tr>\n<td width=\"317\">ISO 15693, ISO 18092 NFC,<\/td>\n<\/tr>\n<tr>\n<td width=\"317\">MIFARE Classic\u00ae, MIFARE DESFire\u00ae, MIFARE Ultralight\u00ae, MIFARE Plus\u00ae, FeliCa in Topaz<\/td>\n<\/tr>\n<tr>\n<td width=\"317\">Druge funkcije NFC:<\/td>\n<\/tr>\n<tr>\n<td width=\"317\">Bralnik\/zapisovalec pametnih kartic, emulacija tipkovnice, emulacija kartic<\/td>\n<\/tr>\n<tr>\n<td width=\"228\">Nadgradnja vdelane programske opreme<\/td>\n<td width=\"317\">Podprto<\/td>\n<\/tr>\n<tr>\n<td colspan=\"2\" width=\"545\">Certifikati\/skladnost<\/td>\n<\/tr>\n<tr>\n<td rowspan=\"4\" width=\"228\">Certifikati\/skladnost<\/td>\n<td width=\"317\">Certifikati:<\/td>\n<\/tr>\n<tr>\n<td width=\"317\">IEC\/EN 62368, CE, UKCA, FCC, VCCI, RoHS, REACH, WEEE, Microsoft\u00ae WHQL<\/td>\n<\/tr>\n<tr>\n<td width=\"317\">\u00a0 Skladnost:<\/td>\n<\/tr>\n<tr>\n<td width=\"317\">USB CCID, PC\/SC<\/td>\n<\/tr>\n<tr>\n<td colspan=\"2\" width=\"545\">Podpora za operacijski sistem gonilnika naprave<\/td>\n<\/tr>\n<tr>\n<td width=\"228\">Podpora za operacijski sistem gonilnika naprave<\/td>\n<td width=\"317\">Windows\u00ae, Linux\u00ae, macOS, Android\u2122<\/td>\n<\/tr>\n<\/tbody>\n<\/table>\n<\/div>\n<\/li>\n<\/ul>","protected":false},"excerpt":{"rendered":"<p>ACM1552U-Z2 je hitri USB NFC modul, ki podpira bralnik\/zapisovalnik pametnih kartic in emulacijo kartic, zasnovan za u\u010dinkovito in varno brezsti\u010dno delovanje.<\/p>","protected":false},"featured_media":1616,"template":"","meta":[],"product_brand":[],"product_cat":[41,40],"product_tag":[],"class_list":{"0":"post-1615","1":"product","2":"type-product","3":"status-publish","4":"has-post-thumbnail","6":"product_cat-module-ic-reader","7":"product_cat-rfid-nfc-reader","9":"first","10":"instock","11":"shipping-taxable","12":"product-type-simple"},"_links":{"self":[{"href":"https:\/\/nfc-readers.com\/sl\/wp-json\/wp\/v2\/product\/1615","targetHints":{"allow":["GET"]}}],"collection":[{"href":"https:\/\/nfc-readers.com\/sl\/wp-json\/wp\/v2\/product"}],"about":[{"href":"https:\/\/nfc-readers.com\/sl\/wp-json\/wp\/v2\/types\/product"}],"wp:featuredmedia":[{"embeddable":true,"href":"https:\/\/nfc-readers.com\/sl\/wp-json\/wp\/v2\/media\/1616"}],"wp:attachment":[{"href":"https:\/\/nfc-readers.com\/sl\/wp-json\/wp\/v2\/media?parent=1615"}],"wp:term":[{"taxonomy":"product_brand","embeddable":true,"href":"https:\/\/nfc-readers.com\/sl\/wp-json\/wp\/v2\/product_brand?post=1615"},{"taxonomy":"product_cat","embeddable":true,"href":"https:\/\/nfc-readers.com\/sl\/wp-json\/wp\/v2\/product_cat?post=1615"},{"taxonomy":"product_tag","embeddable":true,"href":"https:\/\/nfc-readers.com\/sl\/wp-json\/wp\/v2\/product_tag?post=1615"}],"curies":[{"name":"wp","href":"https:\/\/api.w.org\/{rel}","templated":true}]}}