{"id":1619,"date":"2024-04-07T07:56:40","date_gmt":"2024-04-07T07:56:40","guid":{"rendered":"https:\/\/nfc-readers.com\/?post_type=product&#038;p=1619"},"modified":"2024-10-16T02:33:14","modified_gmt":"2024-10-16T02:33:14","slug":"acm39u-y3-smart-card-reader-module","status":"publish","type":"product","link":"https:\/\/nfc-readers.com\/sl\/ic-reader\/acm39u-y3-smart-card-reader-module\/","title":{"rendered":"ACM39U-Y3 modul bralnika pametnih kartic"},"content":{"rendered":"<h1>ACM39U-Y3 modul bralnika pametnih kartic<\/h1>\n<p>ACM39U-Y3 je prilagodljiv modul, ki ga je enostavno namestiti in podpira \u0161iroko paleto platform in vmesnikov, zaradi \u010desar je idealen za re\u0161itve vdelanih pametnih kartic. Ponuja tudi mo\u017enost integracije modula varnega dostopa (SAM) za ve\u010djo varnost.<\/p>\n<ul>\n<li>\n<h2>USB 2.0 vmesnik polne hitrosti<\/h2>\n<\/li>\n<li>\n<h2>Plug and Play \u2013 podpora CCID prina\u0161a izjemno mobilnost<\/h2>\n<\/li>\n<li>\n<h2>Bralnik pametnih kartic:<\/h2>\n<ul>\n<li>\n<h3>Podpira kartice ISO 7816 razreda A, B in C (5 V, 3 V, 1,8 V)<\/h3>\n<\/li>\n<li>\n<h3>Podpira CAC (Common Access Card)<\/h3>\n<\/li>\n<li>\n<h3>Podpira kartico SIPRNET<\/h3>\n<\/li>\n<li>\n<h3>Podpira kartico J-LIS<\/h3>\n<\/li>\n<li>\n<h3>Podpira mikroprocesorske kartice s protokolom T=0 ali T=1<\/h3>\n<\/li>\n<li>\n<h3>Podpira pomnilni\u0161ke kartice<\/h3>\n<\/li>\n<li>\n<h3>Podpira PPS (izbira protokola in parametrov)<\/h3>\n<\/li>\n<li>\n<h3>Vsebuje za\u0161\u010dito pred kratkim stikom<\/h3>\n<\/li>\n<\/ul>\n<\/li>\n<li>\n<h2>Programski vmesnik aplikacije:<\/h2>\n<ul>\n<li>\n<h3>Podpira PC\/SC<\/h3>\n<\/li>\n<li>\n<h3>Podpira CT-API (skozi ovoj na vrhu PC\/SC)<\/h3>\n<\/li>\n<\/ul>\n<\/li>\n<li>\n<h2>Podpira Android\u2122 3.1 in novej\u0161e<\/h2>\n<\/li>\n<li>\n<div>\n<table width=\"491\">\n<tbody>\n<tr>\n<td colspan=\"2\" width=\"491\">Fizi\u010dne zna\u010dilnosti<\/td>\n<\/tr>\n<tr>\n<td width=\"172\">Mere (mm)<\/td>\n<td width=\"319\">70,0 mm (D) \u00d7 82,0 mm (\u0160) \u00d7 10,0 mm (V)<\/td>\n<\/tr>\n<tr>\n<td width=\"172\">Te\u017ea (g)<\/td>\n<td width=\"319\">32 g<\/td>\n<\/tr>\n<tr>\n<td colspan=\"2\" width=\"491\">USB vmesnik<\/td>\n<\/tr>\n<tr>\n<td width=\"172\">Protokol<\/td>\n<td width=\"319\">USB CCID<\/td>\n<\/tr>\n<tr>\n<td rowspan=\"2\" width=\"172\">Vrsta priklju\u010dka<\/td>\n<td width=\"319\">1 x 5 zati\u010di priklju\u010dek glave;<\/td>\n<\/tr>\n<tr>\n<td width=\"319\">2 x 3 zati\u010di priklju\u010dek glave<\/td>\n<\/tr>\n<tr>\n<td width=\"172\">Vir energije<\/td>\n<td width=\"319\">Iz vrat USB<\/td>\n<\/tr>\n<tr>\n<td width=\"172\">Hitrost<\/td>\n<td width=\"319\">Polna hitrost USB (12 Mb\/s)<\/td>\n<\/tr>\n<tr>\n<td colspan=\"2\" width=\"491\">Kontaktni vmesnik pametne kartice<\/td>\n<\/tr>\n<tr>\n<td width=\"172\">\u0160tevilo re\u017e<\/td>\n<td width=\"319\">1 re\u017ea za kartice polne velikosti<\/td>\n<\/tr>\n<tr>\n<td width=\"172\">Standardno<\/td>\n<td width=\"319\">ISO 7816, deli 1\u20134, razred A, B, C (5 V, 3 V, 1,8 V)<\/td>\n<\/tr>\n<tr>\n<td width=\"172\">Protokol<\/td>\n<td width=\"319\">T=0; T=1; Podpora za pomnilni\u0161ko kartico<\/td>\n<\/tr>\n<tr>\n<td width=\"172\">drugi<\/td>\n<td width=\"319\">Pametne kartice CAC, PIV, SIPRNET, J-LIS<\/td>\n<\/tr>\n<tr>\n<td colspan=\"2\" width=\"491\">Certifikati\/skladnost<\/td>\n<\/tr>\n<tr>\n<td rowspan=\"12\" width=\"172\">Certifikati\/skladnost<\/td>\n<td width=\"319\">EN60950\/IEC 60950<\/td>\n<\/tr>\n<tr>\n<td width=\"319\">ISO 7816<\/td>\n<\/tr>\n<tr>\n<td width=\"319\">Polna hitrost USB<\/td>\n<\/tr>\n<tr>\n<td width=\"319\">EMV\u2122 1. stopnja (kontakt)<\/td>\n<\/tr>\n<tr>\n<td width=\"319\">PC\/SC<\/td>\n<\/tr>\n<tr>\n<td width=\"319\">CCID<\/td>\n<\/tr>\n<tr>\n<td width=\"319\">CE<\/td>\n<\/tr>\n<tr>\n<td width=\"319\">FCC<\/td>\n<\/tr>\n<tr>\n<td width=\"319\">OEEO<\/td>\n<\/tr>\n<tr>\n<td width=\"319\">RoHS<\/td>\n<\/tr>\n<tr>\n<td width=\"319\">DOSEG<\/td>\n<\/tr>\n<tr>\n<td width=\"319\">Microsoft\u00ae WHQL<\/td>\n<\/tr>\n<tr>\n<td colspan=\"2\" width=\"491\">Podpora za operacijski sistem gonilnika naprave<\/td>\n<\/tr>\n<tr>\n<td rowspan=\"5\" width=\"172\">Podpora za operacijski sistem gonilnika naprave<\/td>\n<td width=\"319\">Windows\u00ae<\/td>\n<\/tr>\n<tr>\n<td width=\"319\">Linux\u00ae<\/td>\n<\/tr>\n<tr>\n<td width=\"319\">MAC OS\u00ae<\/td>\n<\/tr>\n<tr>\n<td width=\"319\">Android\u2122<\/td>\n<\/tr>\n<tr>\n<td width=\"319\">Solaris<\/td>\n<\/tr>\n<\/tbody>\n<\/table>\n<\/div>\n<\/li>\n<\/ul>","protected":false},"excerpt":{"rendered":"<p>ACM39U-Y3 je hitri modul za branje kontaktov USB za aplikacije pametnih kartic, ki podpira razli\u010dne operacijske sisteme in izbirni bralnik kartic SAM.<\/p>","protected":false},"featured_media":1620,"template":"","meta":[],"product_brand":[],"product_cat":[41],"product_tag":[],"class_list":{"0":"post-1619","1":"product","2":"type-product","3":"status-publish","4":"has-post-thumbnail","6":"product_cat-module-ic-reader","8":"first","9":"instock","10":"shipping-taxable","11":"product-type-simple"},"_links":{"self":[{"href":"https:\/\/nfc-readers.com\/sl\/wp-json\/wp\/v2\/product\/1619","targetHints":{"allow":["GET"]}}],"collection":[{"href":"https:\/\/nfc-readers.com\/sl\/wp-json\/wp\/v2\/product"}],"about":[{"href":"https:\/\/nfc-readers.com\/sl\/wp-json\/wp\/v2\/types\/product"}],"wp:featuredmedia":[{"embeddable":true,"href":"https:\/\/nfc-readers.com\/sl\/wp-json\/wp\/v2\/media\/1620"}],"wp:attachment":[{"href":"https:\/\/nfc-readers.com\/sl\/wp-json\/wp\/v2\/media?parent=1619"}],"wp:term":[{"taxonomy":"product_brand","embeddable":true,"href":"https:\/\/nfc-readers.com\/sl\/wp-json\/wp\/v2\/product_brand?post=1619"},{"taxonomy":"product_cat","embeddable":true,"href":"https:\/\/nfc-readers.com\/sl\/wp-json\/wp\/v2\/product_cat?post=1619"},{"taxonomy":"product_tag","embeddable":true,"href":"https:\/\/nfc-readers.com\/sl\/wp-json\/wp\/v2\/product_tag?post=1619"}],"curies":[{"name":"wp","href":"https:\/\/api.w.org\/{rel}","templated":true}]}}