{"id":1623,"date":"2024-04-07T07:59:43","date_gmt":"2024-04-07T07:59:43","guid":{"rendered":"https:\/\/nfc-readers.com\/?post_type=product&#038;p=1623"},"modified":"2024-09-29T07:34:42","modified_gmt":"2024-09-29T07:34:42","slug":"acr40t-type-a-usb-sim-sized-smart-card-reader","status":"publish","type":"product","link":"https:\/\/nfc-readers.com\/sl\/ic-reader\/acr40t-type-a-usb-sim-sized-smart-card-reader\/","title":{"rendered":"ACR40T Type-A USB bralnik pametnih kartic velikosti SIM (vgrajeni gumb in zanka sta vklju\u010dena)"},"content":{"rendered":"<h1>ACR40T Type-A USB bralnik pametnih kartic velikosti SIM (vgrajeni gumb in zanka sta vklju\u010dena)<\/h1>\n<p>ACR40T je zelo u\u010dinkovit \u010ditalnik pametnih kartic, ki ga je mogo\u010de posodobiti in ponuja \u0161iroko zdru\u017eljivost s pametnimi karticami ISO 7816 in razli\u010dnimi pomnilni\u0161kimi karticami, ki ima uporabniku prijazno re\u017eo za pametne kartice v izrazito majhni zasnovi.<\/p>\n<ul>\n<li>\n<h2><strong>Podpira razli\u010dne vrste kontaktnih kartic<\/strong><\/h2>\n<ul>\n<li>\n<h3>ISO 7816 razred A, B in C (5 V, 3 V in 1,8 V)<\/h3>\n<\/li>\n<li>\n<h3>Mikroprocesorska kartica (T=0, T=1)<\/h3>\n<\/li>\n<li>\n<h3>Pomnilni\u0161ke kartice<\/h3>\n<\/li>\n<li>\n<h3>Vsebuje za\u0161\u010dito pred kratkim stikom<\/h3>\n<\/li>\n<\/ul>\n<\/li>\n<li>\n<h2><strong>Programski vmesnik aplikacije:<\/strong><\/h2>\n<ul>\n<li>\n<h3>Podpira PC\/SC<\/h3>\n<\/li>\n<\/ul>\n<\/li>\n<li>\n<h2><strong>Vgrajene zunanje naprave<\/strong><\/h2>\n<ul>\n<li>\n<h3>1 x programabilna LED (zelena)<\/h3>\n<\/li>\n<li>\n<table width=\"591\">\n<tbody>\n<tr>\n<td colspan=\"2\" width=\"591\">Fizi\u010dne zna\u010dilnosti<\/td>\n<\/tr>\n<tr>\n<td rowspan=\"2\" width=\"266\">Mere (mm)<\/td>\n<td width=\"325\">ACR40T-A1: 48,9 mm (D) \u00d7 17,7 mm (\u0160) \u00d7 8,0 mm (V)<\/td>\n<\/tr>\n<tr>\n<td width=\"325\">ACR40T-A5: 44,7 mm (D) \u00d7 17,7 mm (\u0160) \u00d7 8,0 mm (V)<\/td>\n<\/tr>\n<tr>\n<td rowspan=\"2\" width=\"266\">Te\u017ea (g)<\/td>\n<td width=\"325\">ACR40T-A1: 6,8 g \u00b1 1,0 g<\/td>\n<\/tr>\n<tr>\n<td width=\"325\">ACR40T-A5: 5,3 g \u00b1 1,0 g<\/td>\n<\/tr>\n<tr>\n<td colspan=\"2\" width=\"591\">USB vmesnik<\/td>\n<\/tr>\n<tr>\n<td width=\"266\">Protokol<\/td>\n<td width=\"325\">USB CCID<\/td>\n<\/tr>\n<tr>\n<td rowspan=\"2\" width=\"266\">Vrsta priklju\u010dka<\/td>\n<td width=\"325\">USB tipa A<\/td>\n<\/tr>\n<tr>\n<td width=\"325\">USB Type-C<\/td>\n<\/tr>\n<tr>\n<td width=\"266\">Vir energije<\/td>\n<td width=\"325\">Iz vrat USB<\/td>\n<\/tr>\n<tr>\n<td width=\"266\">Hitrost<\/td>\n<td width=\"325\">Polna hitrost USB (12 Mb\/s)<\/td>\n<\/tr>\n<tr>\n<td colspan=\"2\" width=\"591\">Kontaktni vmesnik pametne kartice<\/td>\n<\/tr>\n<tr>\n<td width=\"266\">\u0160tevilo re\u017e<\/td>\n<td width=\"325\">1 re\u017ea za kartico velikosti SIM (2FF)<\/td>\n<\/tr>\n<tr>\n<td width=\"266\">Protokol<\/td>\n<td width=\"325\">T=0; T=1<\/td>\n<\/tr>\n<tr>\n<td colspan=\"2\" width=\"591\">Vgrajene zunanje naprave<\/td>\n<\/tr>\n<tr>\n<td width=\"266\">LED<\/td>\n<td width=\"325\">Zelena<\/td>\n<\/tr>\n<tr>\n<td colspan=\"2\" width=\"591\">Druge funkcije<\/td>\n<\/tr>\n<tr>\n<td width=\"266\">Druge funkcije<\/td>\n<td width=\"325\">Podpira nadgradnjo vdelane programske opreme<\/td>\n<\/tr>\n<tr>\n<td colspan=\"2\" width=\"591\">Certifikati\/skladnost<\/td>\n<\/tr>\n<tr>\n<td rowspan=\"12\" width=\"266\">Certifikati\/skladnost<\/td>\n<td width=\"325\">Certifikati:<\/td>\n<\/tr>\n<tr>\n<td width=\"325\">UL 62368<\/td>\n<\/tr>\n<tr>\n<td width=\"325\">CE<\/td>\n<\/tr>\n<tr>\n<td width=\"325\">UKCA<\/td>\n<\/tr>\n<tr>\n<td width=\"325\">FCC<\/td>\n<\/tr>\n<tr>\n<td width=\"325\">RoHS<\/td>\n<\/tr>\n<tr>\n<td width=\"325\">DOSEG<\/td>\n<\/tr>\n<tr>\n<td width=\"325\">VCCI<\/td>\n<\/tr>\n<tr>\n<td width=\"325\">Microsoft\u00ae WHQL<\/td>\n<\/tr>\n<tr>\n<td width=\"325\">Skladnosti:<\/td>\n<\/tr>\n<tr>\n<td width=\"325\">USB CCID<\/td>\n<\/tr>\n<tr>\n<td width=\"325\">PC\/SC<\/td>\n<\/tr>\n<tr>\n<td colspan=\"2\" width=\"591\">Podpora za operacijski sistem gonilnika naprave<\/td>\n<\/tr>\n<tr>\n<td rowspan=\"4\" width=\"266\">Podpora za operacijski sistem gonilnika naprave<\/td>\n<td width=\"325\">Windows\u00ae<\/td>\n<\/tr>\n<tr>\n<td width=\"325\">Linux\u00ae<\/td>\n<\/tr>\n<tr>\n<td width=\"325\">macOS<\/td>\n<\/tr>\n<tr>\n<td width=\"325\">Android\u2122<\/td>\n<\/tr>\n<\/tbody>\n<\/table>\n<\/li>\n<\/ul>\n<\/li>\n<\/ul>","protected":false},"excerpt":{"rendered":"<p>ACR40T je hitri bralnik kontaktov USB, prilagojen za kartice velikosti SIM, ki ponuja posodobitve strojne programske opreme in zdru\u017eljivost z razli\u010dnimi pametnimi in pomnilni\u0161kimi karticami.<\/p>","protected":false},"featured_media":1624,"template":"","meta":[],"product_brand":[],"product_cat":[39],"product_tag":[],"class_list":{"0":"post-1623","1":"product","2":"type-product","3":"status-publish","4":"has-post-thumbnail","6":"product_cat-usb-ic-smartcard-reader","8":"first","9":"instock","10":"shipping-taxable","11":"product-type-simple"},"_links":{"self":[{"href":"https:\/\/nfc-readers.com\/sl\/wp-json\/wp\/v2\/product\/1623","targetHints":{"allow":["GET"]}}],"collection":[{"href":"https:\/\/nfc-readers.com\/sl\/wp-json\/wp\/v2\/product"}],"about":[{"href":"https:\/\/nfc-readers.com\/sl\/wp-json\/wp\/v2\/types\/product"}],"wp:featuredmedia":[{"embeddable":true,"href":"https:\/\/nfc-readers.com\/sl\/wp-json\/wp\/v2\/media\/1624"}],"wp:attachment":[{"href":"https:\/\/nfc-readers.com\/sl\/wp-json\/wp\/v2\/media?parent=1623"}],"wp:term":[{"taxonomy":"product_brand","embeddable":true,"href":"https:\/\/nfc-readers.com\/sl\/wp-json\/wp\/v2\/product_brand?post=1623"},{"taxonomy":"product_cat","embeddable":true,"href":"https:\/\/nfc-readers.com\/sl\/wp-json\/wp\/v2\/product_cat?post=1623"},{"taxonomy":"product_tag","embeddable":true,"href":"https:\/\/nfc-readers.com\/sl\/wp-json\/wp\/v2\/product_tag?post=1623"}],"curies":[{"name":"wp","href":"https:\/\/api.w.org\/{rel}","templated":true}]}}