{"id":1909,"date":"2024-10-15T13:42:27","date_gmt":"2024-10-15T13:42:27","guid":{"rendered":"https:\/\/nfc-readers.com\/?post_type=product&#038;p=1909"},"modified":"2024-10-28T15:36:29","modified_gmt":"2024-10-28T15:36:29","slug":"acr1222l-contactless-rfid-nfc-reader-writer","status":"publish","type":"product","link":"https:\/\/nfc-readers.com\/sl\/ic-reader\/acr1222l-contactless-rfid-nfc-reader-writer\/","title":{"rendered":"ACR1222L Brezkontaktni \u010ditalnik RFID NFC zapisovalnik"},"content":{"rendered":"<p><iframe loading=\"lazy\" title=\"ACR1222L NFC \u010ditalnik\" width=\"1020\" height=\"765\" src=\"https:\/\/www.youtube.com\/embed\/i-7zrKP8WJo?feature=oembed\" frameborder=\"0\" allow=\"accelerometer; autoplay; clipboard-write; encrypted-media; gyroscope; picture-in-picture; web-share\" referrerpolicy=\"strict-origin-when-cross-origin\" allowfullscreen><\/iframe><\/p>\n<div>\n<h1><strong>ACR1222L Brezkontaktni \u010ditalnik RFID NFC zapisovalnik<\/strong><\/h1>\n<p>The\u00a0<strong>ACR1222L Brezkontaktni \u010ditalnik RFID NFC zapisovalnik<\/strong>\u00a0je vrhunska naprava, zasnovana za omogo\u010danje brezhibne interakcije s \u0161iroko paleto brezsti\u010dnih pametnih kartic in NFC oznak. Z napredno integracijo tehnologije in uporabniku prijaznimi funkcijami, to\u00a0<strong>NFC bralnik<\/strong>\u00a0je idealen za razli\u010dne aplikacije, vklju\u010dno z varnim nadzorom dostopa, brezsti\u010dnimi pla\u010dili in zbiranjem podatkov. \u010ce \u017eelite svoje poslovanje izbolj\u0161ati z zanesljivim in u\u010dinkovitim\u00a0<strong>\u010ditalec kartic<\/strong>, je vredno razmisliti o ACR1222L.<\/p>\n<p>Ta naprava ponuja izjemno zdru\u017eljivost z ve\u010d oznakami NFC in pametnimi karticami, kar podjetjem pomaga pri doseganju poenostavljenih transakcij in izbolj\u0161anega sodelovanja uporabnikov. Prednosti nalo\u017ebe v ACR1222L vklju\u010dujejo njegove napredne varnostne funkcije, interaktivni vmesnik z vgrajenim LCD-zaslonom in obse\u017eno podporo za razli\u010dne vrste kartic. Preberite ve\u010d o tem, zakaj je ta naprava obvezna za podjetja, ki \u017eelijo izkoristiti mo\u010d\u00a0<strong>RFID<\/strong>\u00a0tehnologija.<\/p>\n<h3>1. Celovita zdru\u017eljivost z ve\u010d tehnologijami NFC<\/h3>\n<p>ACR1222L je zgrajen na naprednem\u00a0<strong>13,56 MHz RFID tehnologija<\/strong>, ki zagotavlja zdru\u017eljivost s \u0161irokim spektrom brezsti\u010dnih kartic in\u00a0<strong>NFC<\/strong>\u00a0oznake. To vklju\u010duje\u00a0<strong>ISO 14443 kartice tipa A in B, MIFARE<\/strong>, FeliCa in vse \u0161tiri vrste oznak NFC. Zaradi tak\u0161ne vsestranskosti je ACR1222L bistveno orodje za podjetja, ki \u017eelijo integrirati brezsti\u010dno tehnologijo v svoje poslovanje.<\/p>\n<p>Poleg tega je\u00a0<strong>ACR1222L<\/strong>\u00a0podpira\u00a0<strong>NFC funkcionalnosti<\/strong>\u00a0ki mu omogo\u010dajo u\u010dinkovito branje in pisanje oznak NFC. Ta zmo\u017enost je lahko \u0161e posebej koristna za podjetja, ki uporabljajo\u00a0<strong>pametni telefon<\/strong>\u00a0transakcije, kot npr\u00a0<strong>Google Pay<\/strong>, ki omogo\u010da nemoteno obdelavo pla\u010dil prek naprav, ki podpirajo NFC. Ne glede na to, ali delate s tradicionalnimi karticami RFID ali najnovej\u0161imi\u00a0<strong>NFC \u010dipi<\/strong>, ta naprava izstopa kot najbolj\u0161a izbira na trgu.<\/p>\n<h3>2. Izbolj\u0161ane varnostne funkcije za varne transakcije<\/h3>\n<p>Varnost je najpomembnej\u0161a skrb za vsako organizacijo, ki se ukvarja z ob\u010dutljivimi podatki. Funkcije ACR1222L\u00a0<strong>trije moduli za varen dostop (SAM), skladni s standardom ISO 7816<\/strong>\u00a0re\u017ee, ki zagotavljajo izbolj\u0161ano varnost za brezkontaktne operacije. Te re\u017ee SAM omogo\u010dajo varno upravljanje kriptografskih klju\u010dev in zagotavljajo, da se obdelujejo samo poobla\u0161\u010dene transakcije.<\/p>\n<p>Z vgrajeno tehnologijo proti tr\u010denju lahko ACR1222L hkrati upravlja z ve\u010d karticami NFC, kar zagotavlja, da se ob vsakem \u010dasu dostopa le do ene oznake. Ta funkcija pove\u010duje celovitost podatkov in zmanj\u0161uje tveganje nepoobla\u0161\u010denega dostopa, kar je klju\u010dnega pomena za sisteme za nadzor dostopa in finan\u010dne transakcije. Kot rezultat tega\u00a0<strong>NFC bralnik<\/strong>\u00a0ne le izpolnjuje, ampak tudi presega industrijske standarde za varnost.<\/p>\n<h3>3. Intuitivni uporabni\u0161ki vmesnik za brezhibno interakcijo<\/h3>\n<p>ACR1222L je opremljen z a\u00a0<strong>dvovrsti\u010dni grafi\u010dni LCD<\/strong>\u00a0ki podpira ve\u010d jezikov, vklju\u010dno s kitaj\u0161\u010dino, angle\u0161\u010dino, japon\u0161\u010dino in ve\u010d evropskimi jeziki. Ta ve\u010djezi\u010dna podpora olaj\u0161a interakcijo za raznoliko bazo uporabnikov, kar zagotavlja, da lahko vsi uporabniki razumejo napravo in njene funkcije.<\/p>\n<p>Poleg tega interaktivni LCD uporabnikom omogo\u010da pomikanje po mo\u017enostih in enostaven dostop do razli\u010dnih nastavitev. Skupaj z\u00a0<strong>\u0161tiri LED diode, ki jih upravlja uporabnik<\/strong>\u00a0in zvo\u010dnim bren\u010dalom za obvestila o stanju, ACR1222L zagotavlja jasno in privla\u010dno uporabni\u0161ko izku\u0161njo. Ta intuitivni vmesnik je zasnovan za izbolj\u0161anje razumevanja uporabnika in racionalizacijo delovnih tokov, zaradi \u010desar je odli\u010den dodatek k kateremu koli tehnolo\u0161kemu nizu.<\/p>\n<h3>4. Vsestranske aplikacije v panogah<\/h3>\n<p>Brezkontaktni \u010ditalnik RFID NFC ACR1222L se lahko uporablja v razli\u010dnih panogah, vklju\u010dno z maloprodajo, zdravstvom in transportom. V maloprodaji zmo\u017enost branja in zapisovanja oznak NFC podjetjem omogo\u010da racionalizacijo transakcij in pove\u010danje anga\u017eiranosti strank.\u00a0<strong>NFC orodja<\/strong>\u00a0je mogo\u010de integrirati za upravljanje programov zvestobe ali omogo\u010danje brezsti\u010dnih pla\u010dil, kar izbolj\u0161a splo\u0161no zadovoljstvo strank.<\/p>\n<p>V zdravstvu lahko ACR1222L pomaga poenostaviti prijave pacientov, vzdr\u017euje varen dostop do ob\u010dutljivih informacij in zagotovi, da ima medicinsko osebje hiter dostop do podatkov. Poleg tega je njegova zdru\u017eljivost s karticami RFID idealna za nadzor dostopa do obmo\u010dij z omejenim dostopom, kar pove\u010duje varnost v prometnih sredi\u0161\u010dih.<\/p>\n<h3>5. Tehni\u010dne specifikacije in meritve zmogljivosti<\/h3>\n<p>Tehni\u010dna zmogljivost ACR1222L je razvidna iz njegovih impresivnih specifikacij:<\/p>\n<\/div>\n<div>\n<table width=\"702\">\n<tbody>\n<tr>\n<td colspan=\"2\" width=\"702\">Fizi\u010dne zna\u010dilnosti<\/td>\n<\/tr>\n<tr>\n<td rowspan=\"2\" width=\"250\">Mere (mm)<\/td>\n<td width=\"452\">Glavno telo: 133,5 mm (D) x 88,5 mm (\u0160) x 21,0 mm (V)<\/td>\n<\/tr>\n<tr>\n<td width=\"452\">S stojalom: 158,0 mm (D) x 95,0 mm (\u0160) x 95,0 mm (V)<\/td>\n<\/tr>\n<tr>\n<td rowspan=\"2\" width=\"250\">Te\u017ea (g)<\/td>\n<td width=\"452\">Te\u017ea ohi\u0161ja: 173 g<\/td>\n<\/tr>\n<tr>\n<td width=\"452\">S stojalom: 415 g<\/td>\n<\/tr>\n<tr>\n<td colspan=\"2\" width=\"702\">USB vmesnik<\/td>\n<\/tr>\n<tr>\n<td width=\"250\">Protokol<\/td>\n<td width=\"452\">USB CCID<\/td>\n<\/tr>\n<tr>\n<td width=\"250\">Vrsta priklju\u010dka<\/td>\n<td width=\"452\">Standardni tip A<\/td>\n<\/tr>\n<tr>\n<td width=\"250\">Vir energije<\/td>\n<td width=\"452\">Iz vrat USB<\/td>\n<\/tr>\n<tr>\n<td width=\"250\">Hitrost<\/td>\n<td width=\"452\">Polna hitrost USB (12 Mb\/s)<\/td>\n<\/tr>\n<tr>\n<td width=\"250\">Dol\u017eina kabla<\/td>\n<td width=\"452\">1,5 m, pritrjen<\/td>\n<\/tr>\n<tr>\n<td colspan=\"2\" width=\"702\">Vmesnik brezkontaktne pametne kartice<\/td>\n<\/tr>\n<tr>\n<td width=\"250\">Standardno<\/td>\n<td width=\"452\">ISO\/IEC 18092 NFC, ISO 14443 tipa A &amp; B, MIFARE\u00ae, FeliCa<\/td>\n<\/tr>\n<tr>\n<td rowspan=\"4\" width=\"250\">Protokol<\/td>\n<td width=\"452\">Kartica, skladna s standardom ISO 14443-4, T=CL<\/td>\n<\/tr>\n<tr>\n<td width=\"452\">Klasi\u010dna kartica MIFARE\u00ae, T=CL<\/td>\n<\/tr>\n<tr>\n<td width=\"452\">ISO18092, oznake NFC<\/td>\n<\/tr>\n<tr>\n<td width=\"452\">FeliCa<\/td>\n<\/tr>\n<tr>\n<td colspan=\"2\" width=\"702\">Vmesnik kartice SAM<\/td>\n<\/tr>\n<tr>\n<td width=\"250\">\u0160tevilo re\u017e<\/td>\n<td width=\"452\">3 standardne re\u017ee za kartice SIM<\/td>\n<\/tr>\n<tr>\n<td width=\"250\">Standardno<\/td>\n<td width=\"452\">ISO 7816 razred A (5 V)<\/td>\n<\/tr>\n<tr>\n<td width=\"250\">Protokol<\/td>\n<td width=\"452\">T=0; T=1<\/td>\n<\/tr>\n<tr>\n<td colspan=\"2\" width=\"702\">Vgrajene zunanje naprave<\/td>\n<\/tr>\n<tr>\n<td rowspan=\"3\" width=\"250\">LCD<\/td>\n<td width=\"452\">Grafi\u010dni LCD z rumeno-zeleno osvetlitvijo<\/td>\n<\/tr>\n<tr>\n<td width=\"452\">Lo\u010dljivost: 128 x 32 slikovnih pik<\/td>\n<\/tr>\n<tr>\n<td width=\"452\">\u0160tevilo znakov: 16 znakov x 2 vrstici<\/td>\n<\/tr>\n<tr>\n<td width=\"250\">LED<\/td>\n<td width=\"452\">4 enobarvne: zelena, modra, oran\u017ena in rde\u010da<\/td>\n<\/tr>\n<tr>\n<td width=\"250\">Bren\u010dalo<\/td>\n<td width=\"452\">Monotona<\/td>\n<\/tr>\n<tr>\n<td colspan=\"2\" width=\"702\">Druge funkcije<\/td>\n<\/tr>\n<tr>\n<td width=\"250\">Nadgradnja vdelane programske opreme<\/td>\n<td width=\"452\">Podprto<\/td>\n<\/tr>\n<tr>\n<td colspan=\"2\" width=\"702\">Certifikati\/skladnost<\/td>\n<\/tr>\n<tr>\n<td rowspan=\"13\" width=\"250\">Certifikati\/skladnost<\/td>\n<td width=\"452\">ISO 18092<\/td>\n<\/tr>\n<tr>\n<td width=\"452\">ISO 14443<\/td>\n<\/tr>\n<tr>\n<td width=\"452\">ISO 7816 (re\u017ea SAM)<\/td>\n<\/tr>\n<tr>\n<td width=\"452\">Polna hitrost USB<\/td>\n<\/tr>\n<tr>\n<td width=\"452\">PC\/SC<\/td>\n<\/tr>\n<tr>\n<td width=\"452\">CCID<\/td>\n<\/tr>\n<tr>\n<td width=\"452\">VCCI (Japonska)<\/td>\n<\/tr>\n<tr>\n<td width=\"452\">KC (Koreja)<\/td>\n<\/tr>\n<tr>\n<td width=\"452\">Microsoft\u00ae WHQL<\/td>\n<\/tr>\n<tr>\n<td width=\"452\">CE<\/td>\n<\/tr>\n<tr>\n<td width=\"452\">FCC<\/td>\n<\/tr>\n<tr>\n<td width=\"452\">RoHS<\/td>\n<\/tr>\n<tr>\n<td width=\"452\">DOSEG<\/td>\n<\/tr>\n<tr>\n<td colspan=\"2\" width=\"702\">Podpora za operacijski sistem gonilnika naprave<\/td>\n<\/tr>\n<tr>\n<td rowspan=\"5\" width=\"250\">Podpora za operacijski sistem gonilnika naprave<\/td>\n<td width=\"452\">Windows\u00ae<\/td>\n<\/tr>\n<tr>\n<td width=\"452\">Linux\u00ae<\/td>\n<\/tr>\n<tr>\n<td width=\"452\">MAC OS\u00ae<\/td>\n<\/tr>\n<tr>\n<td width=\"452\">Solaris<\/td>\n<\/tr>\n<tr>\n<td width=\"452\">Android\u2122<\/td>\n<\/tr>\n<\/tbody>\n<\/table>\n<\/div>\n<div><\/div>\n<div>\n<p>S svojimi zmogljivostmi hitrega branja in prilagodljivostjo pri upravljanju razli\u010dnih kartic ACR1222L izstopa kot zmogljiv\u00a0<strong>bralnik pametnih kartic<\/strong>.<\/p>\n<h3>6. Uporabniku prijazna nastavitev in integracija<\/h3>\n<p>Nastavitev ACR1222L je enostavna, zaradi \u010desar je dostopen tako tehni\u010dnim kot netehni\u010dnim uporabnikom. Napravo je mogo\u010de enostavno integrirati v obstoje\u010de sisteme prek\u00a0<strong>USB<\/strong>, ki zagotavlja zdru\u017eljivost s priljubljenimi operacijskimi sistemi, vklju\u010dno z Windows, Linux in macOS. Poleg tega je\u00a0<strong>Mo\u017enost nadgradnje vdelane programske opreme USB<\/strong>\u00a0omogo\u010da uporabnikom, da posodabljajo svoje naprave z najnovej\u0161imi izbolj\u0161avami in varnostnimi funkcijami.<\/p>\n<p>Ta enostavna nastavitev je \u0161e posebej koristna za podjetja, ki \u017eelijo hitro implementacijo\u00a0<strong>brezkontaktne re\u0161itve<\/strong>\u00a0brez dalj\u0161ih izpadov ali zapletenih namestitev.<\/p>\n<h3>7. Vpliv na okolje in trajnostna raba<\/h3>\n<p>Ker se podjetja vse bolj zavedajo svojega vpliva na okolje, se ACR1222L dr\u017ei na\u010del trajnostne uporabe. Z nizko porabo energije naprava ne le zmanj\u0161a stro\u0161ke energije, ampak tudi prispeva k manj\u0161emu oglji\u010dnemu odtisu.<\/p>\n<p>Poleg tega je naprava zasnovana za trajno delovanje, kar zmanj\u0161uje potrebo po pogostih menjavah in s\u010dasoma zmanj\u0161uje elektronske odpadke. Ta privla\u010dnost glede trajnosti je bistven dejavnik za organizacije, ki \u017eelijo spodbujati zelene pobude v svojem delovanju.<\/p>\n<h3>8. Mnenja strank in povratne informacije<\/h3>\n<p>Povratne informacije strank o ACR1222L poudarjajo njegovo zanesljivost, enostavnost uporabe in celovite funkcionalnosti. Uporabniki cenijo brezhibno delovanje pri branju in pisanju oznak NFC, skupaj z robustnimi varnostnimi funkcijami.<\/p>\n<p>En uporabnik je izjavil: \u00bbACR1222L je preoblikoval na\u0161e transakcijske procese. Je hiter, varen, vgrajeni zaslon pa je neverjetno uporaben za obve\u0161\u010danje na\u0161ih strank.\u201d<\/p>\n<\/div>\n<div><\/div>\n<div><\/div>","protected":false},"excerpt":{"rendered":"<p>ACR1222L Brezkontaktni \u010ditalnik RFID NFC Writer se lahko uporablja v razli\u010dnih panogah, vklju\u010dno z maloprodajo, zdravstvom in transportom. V maloprodaji zmo\u017enost branja in zapisovanja oznak NFC podjetjem omogo\u010da racionalizacijo transakcij in pove\u010danje anga\u017eiranosti strank. <strong>NFC orodja<\/strong>\u00a0je mogo\u010de integrirati za upravljanje programov zvestobe ali omogo\u010danje brezsti\u010dnih pla\u010dil, kar izbolj\u0161a splo\u0161no zadovoljstvo strank.<\/p>","protected":false},"featured_media":1563,"template":"","meta":[],"product_brand":[],"product_cat":[45,40],"product_tag":[],"class_list":{"0":"post-1909","1":"product","2":"type-product","3":"status-publish","4":"has-post-thumbnail","6":"product_cat-contactless-nfc-reader","7":"product_cat-rfid-nfc-reader","9":"first","10":"instock","11":"shipping-taxable","12":"product-type-simple"},"_links":{"self":[{"href":"https:\/\/nfc-readers.com\/sl\/wp-json\/wp\/v2\/product\/1909","targetHints":{"allow":["GET"]}}],"collection":[{"href":"https:\/\/nfc-readers.com\/sl\/wp-json\/wp\/v2\/product"}],"about":[{"href":"https:\/\/nfc-readers.com\/sl\/wp-json\/wp\/v2\/types\/product"}],"wp:featuredmedia":[{"embeddable":true,"href":"https:\/\/nfc-readers.com\/sl\/wp-json\/wp\/v2\/media\/1563"}],"wp:attachment":[{"href":"https:\/\/nfc-readers.com\/sl\/wp-json\/wp\/v2\/media?parent=1909"}],"wp:term":[{"taxonomy":"product_brand","embeddable":true,"href":"https:\/\/nfc-readers.com\/sl\/wp-json\/wp\/v2\/product_brand?post=1909"},{"taxonomy":"product_cat","embeddable":true,"href":"https:\/\/nfc-readers.com\/sl\/wp-json\/wp\/v2\/product_cat?post=1909"},{"taxonomy":"product_tag","embeddable":true,"href":"https:\/\/nfc-readers.com\/sl\/wp-json\/wp\/v2\/product_tag?post=1909"}],"curies":[{"name":"wp","href":"https:\/\/api.w.org\/{rel}","templated":true}]}}