{"id":2038,"date":"2024-04-19T14:36:49","date_gmt":"2024-04-19T14:36:49","guid":{"rendered":"https:\/\/nfc-readers.com\/?post_type=product&#038;p=2038"},"modified":"2024-09-29T07:24:42","modified_gmt":"2024-09-29T07:24:42","slug":"d20-smart-mpos","status":"publish","type":"product","link":"https:\/\/nfc-readers.com\/sl\/ic-reader\/d20-smart-mpos\/","title":{"rendered":"D20 pametni mpos"},"content":{"rendered":"<h1>D20 pametni mpos<\/h1>\n<div class=\"p\">Ergonomsko oblikovan Android Smart POS, ki se popolnoma prilega roki. 4-pal\u010dni zaslon na dotik, \u010ditalnik kode QR in \u0161iroka paleta mo\u017enosti povezovanja vas pozdravljajo z bolj udobno izku\u0161njo pla\u010devanja.<\/div>\n<div><\/div>\n<div class=\"p_list\">\n<div class=\"span clearfix\">Visoka zmogljivost<\/div>\n<div><\/div>\n<div class=\"span clearfix\">Ve\u010dkratna povezljivost: 4G\/3G\/2G\/WIFI\/BT<\/div>\n<div><\/div>\n<div class=\"span clearfix\">Popolna pla\u010dilna podpora: MSR\/IC\/NFC<\/div>\n<div><\/div>\n<\/div>\n<table width=\"539\">\n<tbody>\n<tr>\n<td width=\"166\">OS<\/td>\n<td width=\"373\">Android 10<\/td>\n<\/tr>\n<tr>\n<td width=\"166\"><\/td>\n<td rowspan=\"2\" width=\"373\">Aplikacijski CPE: 4*A53@ 1,8 GHz Varnostni CPE: 32-bitni ARM 192 MHz<\/td>\n<\/tr>\n<tr>\n<td width=\"166\">Procesor<\/td>\n<\/tr>\n<tr>\n<td rowspan=\"2\" width=\"166\">Spomin<\/td>\n<td width=\"373\">1 GB + 16 GB<\/td>\n<\/tr>\n<tr>\n<td width=\"373\">2 GB + 16 GB (izbirno)<\/td>\n<\/tr>\n<tr>\n<td width=\"166\"><\/td>\n<td width=\"373\">4,0\u201d 480*800 TFT IPS zaslon<\/td>\n<\/tr>\n<tr>\n<td width=\"166\">Zaslon<\/td>\n<td width=\"373\">Zaslon na dotik<\/td>\n<\/tr>\n<tr>\n<td width=\"166\"><\/td>\n<td width=\"373\">LTE I WCDMA I GSM<\/td>\n<\/tr>\n<tr>\n<td width=\"166\">Komunikacije<\/td>\n<td width=\"373\">Bluetooth 5.0 I WiFi: 802.11 a\/b\/g\/n\/ac, 2,4 GHz in 5G, podpira AP<\/td>\n<\/tr>\n<tr>\n<td width=\"166\">Satelitsko dolo\u010danje polo\u017eaja<\/td>\n<td width=\"373\">GPS | A-GPS | GLONASS<\/td>\n<\/tr>\n<tr>\n<td width=\"166\">Kamera<\/td>\n<td width=\"373\">Zadaj: 0,3 milijona slikovnih pik FF<\/td>\n<\/tr>\n<tr>\n<td width=\"166\">\u010citalec kartic EMV<\/td>\n<td width=\"373\">EMV L1 in L2<\/td>\n<\/tr>\n<tr>\n<td width=\"166\">NFC bralnik<\/td>\n<td width=\"373\">Brezkontaktni EMV L1<\/td>\n<\/tr>\n<tr>\n<td width=\"166\">\u010citalec kartic z magnetnim trakom<\/td>\n<td width=\"373\">ISO-7811\/7813\/7810<\/td>\n<\/tr>\n<tr>\n<td width=\"166\"><\/td>\n<td width=\"373\">PCI PTS 5.x SRED<\/td>\n<\/tr>\n<tr>\n<td width=\"166\"><\/td>\n<td width=\"373\">EMV L1&amp;L2, EMV Brezkontaktni L1<\/td>\n<\/tr>\n<tr>\n<td width=\"166\">Certifikati<\/td>\n<td width=\"373\">Visa Paywave, MasterCard Paypass, Amex Expresspay Discovery D-PAS, Rupay qSPARC<\/td>\n<\/tr>\n<tr>\n<td width=\"166\"><\/td>\n<td width=\"373\">PCI PIN varnost, MasterCard TQM CE, FCC, BQB, RoHS, WEEE<\/td>\n<\/tr>\n<tr>\n<td width=\"166\">Adapter<\/td>\n<td width=\"373\">DC 5V\/1A<\/td>\n<\/tr>\n<tr>\n<td width=\"166\">Baterija<\/td>\n<td width=\"373\">4,35 V\/2450 mAh<\/td>\n<\/tr>\n<tr>\n<td width=\"166\">Avdio<\/td>\n<td width=\"373\">Zvo\u010dnik<\/td>\n<\/tr>\n<tr>\n<td width=\"166\"><\/td>\n<td width=\"373\">1 tip-C (OTG)<\/td>\n<\/tr>\n<tr>\n<td width=\"166\">Periferna vrata<\/td>\n<td width=\"373\">1 Nano SIM + 1 Mini SIM + 1 Mini SAM<\/td>\n<\/tr>\n<tr>\n<td width=\"166\"><\/td>\n<td width=\"373\">1 re\u017ea za kartico Micro SD, podpira do 32 GB<\/td>\n<\/tr>\n<tr>\n<td width=\"166\"><\/td>\n<td width=\"373\">Delovna temperatura: 0\u2103 do +45\u2103<\/td>\n<\/tr>\n<tr>\n<td width=\"166\">Okoljski pogoji<\/td>\n<td width=\"373\">Temperatura skladi\u0161\u010denja: 0\u2103 do +50\u2103<\/td>\n<\/tr>\n<tr>\n<td width=\"166\"><\/td>\n<td width=\"373\">Relativna vla\u017enost: 10% do 90% brez kondenzacije<\/td>\n<\/tr>\n<tr>\n<td width=\"166\">Dimenzije<\/td>\n<td width=\"373\">129 mm x 68,5 mm x 17,4 mm, 168 g (vklju\u010dno z baterijo)<\/td>\n<\/tr>\n<\/tbody>\n<\/table>","protected":false},"excerpt":{"rendered":"<p>Ta ergonomski Android mPOS ima 4-pal\u010dni zaslon na dotik in \u010ditalnik kod QR, kar zagotavlja brezhibno izku\u0161njo pla\u010devanja z robustnimi mo\u017enostmi povezovanja.<\/p>","protected":false},"featured_media":2039,"template":"","meta":[],"product_brand":[],"product_cat":[15],"product_tag":[],"class_list":{"0":"post-2038","1":"product","2":"type-product","3":"status-publish","4":"has-post-thumbnail","6":"product_cat-pos-machine","8":"first","9":"instock","10":"shipping-taxable","11":"product-type-simple"},"_links":{"self":[{"href":"https:\/\/nfc-readers.com\/sl\/wp-json\/wp\/v2\/product\/2038","targetHints":{"allow":["GET"]}}],"collection":[{"href":"https:\/\/nfc-readers.com\/sl\/wp-json\/wp\/v2\/product"}],"about":[{"href":"https:\/\/nfc-readers.com\/sl\/wp-json\/wp\/v2\/types\/product"}],"wp:featuredmedia":[{"embeddable":true,"href":"https:\/\/nfc-readers.com\/sl\/wp-json\/wp\/v2\/media\/2039"}],"wp:attachment":[{"href":"https:\/\/nfc-readers.com\/sl\/wp-json\/wp\/v2\/media?parent=2038"}],"wp:term":[{"taxonomy":"product_brand","embeddable":true,"href":"https:\/\/nfc-readers.com\/sl\/wp-json\/wp\/v2\/product_brand?post=2038"},{"taxonomy":"product_cat","embeddable":true,"href":"https:\/\/nfc-readers.com\/sl\/wp-json\/wp\/v2\/product_cat?post=2038"},{"taxonomy":"product_tag","embeddable":true,"href":"https:\/\/nfc-readers.com\/sl\/wp-json\/wp\/v2\/product_tag?post=2038"}],"curies":[{"name":"wp","href":"https:\/\/api.w.org\/{rel}","templated":true}]}}