{"id":2046,"date":"2024-04-20T12:17:56","date_gmt":"2024-04-20T12:17:56","guid":{"rendered":"https:\/\/nfc-readers.com\/?post_type=product&#038;p=2046"},"modified":"2024-09-29T07:20:59","modified_gmt":"2024-09-29T07:20:59","slug":"fudan-f08-nfc-card","status":"publish","type":"product","link":"https:\/\/nfc-readers.com\/sl\/ic-reader\/fudan-f08-nfc-card\/","title":{"rendered":"Fudan F08 NFC kartica"},"content":{"rendered":"<h1>Fudan F08 NFC kartica<\/h1>\n<p>Kartica Fudan F08 NFC je visokofrekven\u010dna brezkontaktna pametna kartica, ki jo je razvilo podjetje Fudan Microelectronics Group s sede\u017eem v \u0160anghaju na Kitajskem. Vklju\u010duje napredne varnostne tehnologije in algoritme \u0161ifriranja, ki ponujajo varno in zanesljivo preverjanje identitete in prenos podatkov za razli\u010dne aplikacije. Fudan F08 se uporablja predvsem v sistemih za nadzor dostopa, sistemih prisotnosti, vozovnicah za prevoz, kampusnih karticah in ve\u010d. kartica Fudan F08 je zdru\u017eljiva z aplikacijami kartice MIFARE Classic\u00ae 1K, kar uporabnikom omogo\u010da dodatne izbire.<\/p>\n<table width=\"388\">\n<tbody>\n<tr style=\"font-style: inherit; font-weight: inherit;\">\n<td style=\"font-style: inherit;\" width=\"137\">\n<p data-spm-anchor-id=\"a2700.details.0.i74.641d36fcHPDT7G\">Material<\/p>\n<\/td>\n<td style=\"font-style: inherit;\" width=\"251\">PVC, PETG<\/td>\n<\/tr>\n<tr style=\"font-style: inherit; font-weight: inherit;\">\n<td style=\"font-style: inherit;\" width=\"137\">Velikost<\/td>\n<td style=\"font-style: inherit;\" width=\"251\">\n<p data-spm-anchor-id=\"a2700.details.0.i69.641d36fcHPDT7G\">CR80 85,5 * 54 mm kot kreditna kartica ali prilagojena velikost ali nepravilna oblika<\/p>\n<\/td>\n<\/tr>\n<tr style=\"font-style: inherit; font-weight: inherit;\">\n<td style=\"font-style: inherit;\" width=\"137\">Debelina<\/td>\n<td style=\"font-style: inherit;\" width=\"251\">0,84 mm kot kreditna kartica ali debelina po meri<\/td>\n<\/tr>\n<tr style=\"font-style: inherit; font-weight: inherit;\">\n<td style=\"font-style: inherit;\" width=\"137\">Tiskanje<\/td>\n<td style=\"font-style: inherit;\" width=\"251\">Ofsetni tisk Heidelberg\/barvni tisk Pantone\/sitotisk: 100% ustreza barvi ali vzorcu, ki ga zahteva stranka<\/td>\n<\/tr>\n<tr style=\"font-style: inherit; font-weight: inherit;\">\n<td style=\"font-style: inherit;\" width=\"137\">Povr\u0161ina<\/td>\n<td style=\"font-style: inherit;\" width=\"251\">Sijajni, mat, ble\u0161\u010de\u010di, metalik, laswer ali s prekrivanjem za termi\u010dni tiskalnik ali s posebnim lakom za brizgalne tiskalnike Epson<\/td>\n<\/tr>\n<tr style=\"font-style: inherit; font-weight: inherit;\">\n<td style=\"font-style: inherit;\" rowspan=\"10\" width=\"137\">Personizacija ali posebna obrt<\/td>\n<td style=\"font-style: inherit;\" width=\"251\">Magnetni trak: Loco 300oe, Hico 2750oe, 2 ali 3 steze, \u010drna\/zlata\/srebrna mag.<\/td>\n<\/tr>\n<tr>\n<td width=\"251\">\u010crtna koda: EAN-13, EAN-128, CODE128, CODE39, \u010drtna koda QR itd.<\/td>\n<\/tr>\n<tr>\n<td width=\"251\">Vtiskovanje \u0161tevilk ali \u010drk v srebrni ali zlati barvi<\/td>\n<\/tr>\n<tr>\n<td width=\"251\">Kovinski tisk na zlati ali srebrni podlagi<\/td>\n<\/tr>\n<tr>\n<td width=\"251\">Podpisna plo\u0161\u010da \/ plo\u0161\u010da za praske<\/td>\n<\/tr>\n<tr>\n<td width=\"251\">Lasersko graviranje \u0161tevilk<\/td>\n<\/tr>\n<tr>\n<td width=\"251\">\u0160tampanje z zlato\/srebrno folijo<\/td>\n<\/tr>\n<tr>\n<td width=\"251\">UV to\u010dkovni tisk<\/td>\n<\/tr>\n<tr>\n<td width=\"251\">Torbica z okroglo ali ovalno luknjo<\/td>\n<\/tr>\n<tr>\n<td width=\"251\">Varnostno tiskanje: hologram, varno tiskanje OVI, Braillova pisava, fluorescentno protinavidezno kopiranje, tiskanje mikrobesedila<\/td>\n<\/tr>\n<tr style=\"font-style: inherit; font-weight: inherit;\">\n<td style=\"font-style: inherit;\" width=\"137\">13,56 Mhz \u010dip na voljo<\/td>\n<td style=\"font-style: inherit;\" width=\"251\">NTAG213,NTAG215,NTAG216 itd.<\/td>\n<\/tr>\n<tr style=\"font-style: inherit; font-weight: inherit;\">\n<td style=\"font-style: inherit;\" rowspan=\"2\" width=\"137\">Aplikacije<\/td>\n<td style=\"font-style: inherit;\" width=\"251\">\n<p data-spm-anchor-id=\"a2700.details.0.i70.641d36fcHPDT7G\">Podjetja, \u0161ola, klub, ogla\u0161evanje, promet, supermarket, parkiri\u0161\u010de, banka, vlada, zavarovanje, zdravstvena oskrba, promocija,<\/p>\n<\/td>\n<\/tr>\n<tr>\n<td width=\"251\">na obisku itd.<\/td>\n<\/tr>\n<\/tbody>\n<\/table>","protected":false},"excerpt":{"rendered":"<p>\u010cip Fudan F08 NFC je varna pametna kartica, idealna za nadzor dostopa in izdajanje vozovnic, zdru\u017eljiva z aplikacijami RFID MIFARE Classic\u00ae 1K za dodatno prilagodljivost.<\/p>","protected":false},"featured_media":2047,"template":"","meta":[],"product_brand":[],"product_cat":[46],"product_tag":[],"class_list":{"0":"post-2046","1":"product","2":"type-product","3":"status-publish","4":"has-post-thumbnail","6":"product_cat-nfc-cards","8":"first","9":"instock","10":"shipping-taxable","11":"product-type-simple"},"_links":{"self":[{"href":"https:\/\/nfc-readers.com\/sl\/wp-json\/wp\/v2\/product\/2046","targetHints":{"allow":["GET"]}}],"collection":[{"href":"https:\/\/nfc-readers.com\/sl\/wp-json\/wp\/v2\/product"}],"about":[{"href":"https:\/\/nfc-readers.com\/sl\/wp-json\/wp\/v2\/types\/product"}],"wp:featuredmedia":[{"embeddable":true,"href":"https:\/\/nfc-readers.com\/sl\/wp-json\/wp\/v2\/media\/2047"}],"wp:attachment":[{"href":"https:\/\/nfc-readers.com\/sl\/wp-json\/wp\/v2\/media?parent=2046"}],"wp:term":[{"taxonomy":"product_brand","embeddable":true,"href":"https:\/\/nfc-readers.com\/sl\/wp-json\/wp\/v2\/product_brand?post=2046"},{"taxonomy":"product_cat","embeddable":true,"href":"https:\/\/nfc-readers.com\/sl\/wp-json\/wp\/v2\/product_cat?post=2046"},{"taxonomy":"product_tag","embeddable":true,"href":"https:\/\/nfc-readers.com\/sl\/wp-json\/wp\/v2\/product_tag?post=2046"}],"curies":[{"name":"wp","href":"https:\/\/api.w.org\/{rel}","templated":true}]}}