{"id":2052,"date":"2024-10-20T12:32:11","date_gmt":"2024-10-20T12:32:11","guid":{"rendered":"https:\/\/nfc-readers.com\/?post_type=product&#038;p=2052"},"modified":"2024-10-28T13:56:29","modified_gmt":"2024-10-28T13:56:29","slug":"mifare-desfire-ev2-2k-4k-8k-card","status":"publish","type":"product","link":"https:\/\/nfc-readers.com\/sl\/ic-reader\/mifare-desfire-ev2-2k-4k-8k-card\/","title":{"rendered":"\u00a0Kartica MIFARE Desfire EV2 2K 4K 8K\u00a0"},"content":{"rendered":"<h1><span class=\"AnswerParser_TextContainer__z_Iiv\" data-testid=\"youchat-text\">\u00a0<strong>Kartica MIFARE Desfire EV2 2K 4K 8K<\/strong>\u00a0<\/span><\/h1>\n<p><span class=\"AnswerParser_TextContainer__z_Iiv\" data-testid=\"youchat-text\"><strong>Kartica MIFARE Desfire EV2 2K 4K 8K<\/strong>\u00a0izstopa kot svetilnik inovativnosti in zanesljivosti. Ta kartica, ki jo je zasnoval NXP, je druga evolucija v dru\u017eini MIFARE DESFire, ki ponuja izbolj\u0161ano varnost, vrhunsko zmogljivost in podporo za ve\u010d aplikacij. Ne glede na to, ali gre za izdajanje vozovnic za javni prevoz, varno upravljanje dostopa ali mikropla\u010dila, je MIFARE Desfire EV2 idealna izbira za sistemske operaterje in razvijalce, ki i\u0161\u010dejo raz\u0161irljive in interoperabilne brezsti\u010dne re\u0161itve.<\/span><\/p>\n<h2 class=\"AnswerParser_AnswerParserH2__SIHnF\">Varnost in zmogljivost brez primere<\/h2>\n<p><span class=\"AnswerParser_TextContainer__z_Iiv\" data-testid=\"youchat-text\">The\u00a0<strong>MIFARE Desfire EV2<\/strong>\u00a0je zgrajen na podlagi odprtih globalnih standardov, ki zagotavljajo zdru\u017eljivost in varnost v razli\u010dnih aplikacijah. Podpira algoritme strojne \u0161ifriranja DES, 2K3DES, 3K3DES in AES, kar zagotavlja robustno za\u0161\u010dito za prenos podatkov. Ta kartica ima certifikat Common Criteria EAL5+, raven varnosti, primerljiva s tisto, ki se uporablja pri ban\u010dnih karticah in elektronskih potnih listih, kar zagotavlja, da so va\u0161e transakcije varne in zanesljive.<\/span><\/p>\n<h3 class=\"AnswerParser_AnswerParserH3__Mpe4s\">Zmogljivosti ve\u010d aplikacij<\/h3>\n<p><span class=\"AnswerParser_TextContainer__z_Iiv\" data-testid=\"youchat-text\">Ena izmed izstopajo\u010dih lastnosti\u00a0<strong>MIFARE Desfire EV2<\/strong>\u00a0je njegova sposobnost podpiranja ve\u010d aplikacij na eni kartici. Ta prilagodljivost omogo\u010da integracijo razli\u010dnih storitev, kot so javni prevoz, souporaba avtomobila ali kolesa in dostop do mestnih znamenitosti, vse na eni kartici. Ta zmo\u017enost ne le poenostavlja uporabni\u0161ko izku\u0161njo, temve\u010d tudi podpira nove poslovne modele s kombinacijo storitev, kot so aplikacije za e-pla\u010devanje z zaprto zanko in lokalni programi zvestobe.\u00a0<\/span><\/p>\n<h3 class=\"AnswerParser_AnswerParserH3__Mpe4s\">Tehni\u010dne specifikacije<\/h3>\n<p><span class=\"AnswerParser_TextContainer__z_Iiv\" data-testid=\"youchat-text\">The\u00a0<strong>MIFARE Desfire EV2<\/strong>\u00a0ponuja vrsto mo\u017enosti pomnilnika, vklju\u010dno z 2K, 4K in 8K bajti, kar omogo\u010da obse\u017eno shranjevanje podatkov in upravljanje aplikacij. Skladen je s standardi ISO\/IEC 14443A in podpira izbirne ukaze ISO\/IEC 7816-4, kar zagotavlja interoperabilnost z obstoje\u010do infrastrukturo bralnika NFC. Visoke hitrosti prenosa podatkov kartice, ki segajo od 106 kbit\/s do 848 kbit\/s, zagotavljajo u\u010dinkovite in hitre transakcije.<\/span><\/p>\n<div class=\"AnswerParser_TableContainer__Erb6v\" data-testid=\"table-container\">\n<table style=\"height: 195px;\" width=\"657\">\n<thead>\n<tr>\n<th>\n<p style=\"text-align: left;\">Specifikacija<\/p>\n<\/th>\n<th style=\"text-align: left;\">Podrobnosti<\/th>\n<\/tr>\n<\/thead>\n<tbody>\n<tr>\n<td>Mo\u017enosti pomnilnika<\/td>\n<td>2K, 4K, 8K bajtov<\/td>\n<\/tr>\n<tr>\n<td>\u0160ifriranje<\/td>\n<td>DES, 2K3DES, 3K3DES, AES<\/td>\n<\/tr>\n<tr>\n<td>Certificiranje<\/td>\n<td>Skupni kriteriji EAL5+<\/td>\n<\/tr>\n<tr>\n<td>Hitrost prenosa podatkov<\/td>\n<td>106 kbit\/s do 848 kbit\/s<\/td>\n<\/tr>\n<tr>\n<td>Standardi<\/td>\n<td>ISO\/IEC 14443A, ISO\/IEC 7816-4<\/td>\n<\/tr>\n<\/tbody>\n<\/table>\n<\/div>\n<h2 class=\"AnswerParser_AnswerParserH2__SIHnF\">Vsestranske aplikacije<\/h2>\n<h3 class=\"AnswerParser_AnswerParserH3__Mpe4s\">Varno nakupovanje vozovnic za javni prevoz<\/h3>\n<p><span class=\"AnswerParser_TextContainer__z_Iiv\" data-testid=\"youchat-text\">The\u00a0<strong>MIFARE Desfire EV2<\/strong>\u00a0je idealen za varno izdajanje vozovnic za javni prevoz, saj ponuja zanesljivo in u\u010dinkovito re\u0161itev za upravljanje pobiranja vozovnic in nadzor dostopa. Njegove robustne varnostne funkcije zagotavljajo, da so transakcije za\u0161\u010ditene pred goljufijami, kar zagotavlja brezskrbnost tako operaterjem kot uporabnikom.<\/span><\/p>\n<h3 class=\"AnswerParser_AnswerParserH3__Mpe4s\">Multi-Application Smart City in kartica mobilnosti<\/h3>\n<p><span class=\"AnswerParser_TextContainer__z_Iiv\" data-testid=\"youchat-text\">V pametnih mestnih okoljih je\u00a0<strong>MIFARE Desfire EV2<\/strong>\u00a0slu\u017ei kot kartica za ve\u010d aplikacij, ki vklju\u010duje razli\u010dne storitve, kot so javni prevoz, parkiranje in dostop do mestnih objektov. Ta integracija poenostavlja uporabni\u0161ko izku\u0161njo in pove\u010duje u\u010dinkovitost re\u0161itev za urbano mobilnost.<\/span><\/p>\n<h3 class=\"AnswerParser_AnswerParserH3__Mpe4s\">Upravljanje varnega dostopa<\/h3>\n<p><span class=\"AnswerParser_TextContainer__z_Iiv\" data-testid=\"youchat-text\">Za organizacije, ki potrebujejo varno upravljanje dostopa, je\u00a0<strong>MIFARE Desfire EV2<\/strong>\u00a0zagotavlja zanesljivo re\u0161itev. Njegove napredne metode \u0161ifriranja in avtentikacije zagotavljajo, da lahko samo poobla\u0161\u010deni posamezniki dostopajo do ob\u010dutljivih obmo\u010dij, kar pove\u010duje varnost in u\u010dinkovitost delovanja.<\/span><\/p>\n<h2 class=\"AnswerParser_AnswerParserH2__SIHnF\">Mnenja in pri\u010devanja strank<\/h2>\n<p><span class=\"AnswerParser_TextContainer__z_Iiv\" data-testid=\"youchat-text\"><strong>Uporabniki MIFARE Desfire EV2<\/strong>\u00a0dosledno hvalijo njegovo zanesljivost in vsestranskost. Ena stranka je opozorila: &quot;Zmo\u017enost integracije ve\u010d aplikacij na eno kartico je bistveno poenostavila na\u0161e delovanje.&quot; Drugi uporabnik je poudaril varnostne funkcije kartice in izjavil: &quot;Mo\u010dno \u0161ifriranje nam daje zaupanje v varnost na\u0161ih transakcij.&quot;<\/span><\/p>\n<h2 class=\"AnswerParser_AnswerParserH2__SIHnF\">Pogosto zastavljena vpra\u0161anja<\/h2>\n<p><span class=\"AnswerParser_TextContainer__z_Iiv\" data-testid=\"youchat-text\"><strong>V: Zakaj je MIFARE Desfire EV2 primeren za uporabo v ve\u010d aplikacijah?<\/strong><br \/>\nO: Njegova zmo\u017enost podpiranja ve\u010d aplikacij na eni kartici je v kombinaciji z robustnimi varnostnimi funkcijami idealna za integracijo razli\u010dnih storitev.<\/span><span class=\"AnswerParser_TextContainer__z_Iiv\" data-testid=\"youchat-text\"><strong>V: Kako MIFARE Desfire EV2 zagotavlja varnost podatkov?<\/strong><br \/>\nO: Kartica uporablja napredne algoritme \u0161ifriranja, vklju\u010dno z AES, in ima certifikat Common Criteria EAL5+, kar zagotavlja visoko raven za\u0161\u010dite podatkov.<\/span><span class=\"AnswerParser_TextContainer__z_Iiv\" data-testid=\"youchat-text\"><strong>V: Ali je mogo\u010de MIFARE Desfire EV2 uporabljati z obstoje\u010do infrastrukturo NFC?<\/strong><br \/>\nO: Da, popolnoma je interoperabilen z obstoje\u010do infrastrukturo bralnika NFC, kar zagotavlja brezhibno integracijo.<\/span><\/p>\n<h2 class=\"AnswerParser_AnswerParserH2__SIHnF\">Vpliv na okolje in trajnost<\/h2>\n<p><span class=\"AnswerParser_TextContainer__z_Iiv\" data-testid=\"youchat-text\">The\u00a0<strong>MIFARE Desfire EV2<\/strong>\u00a0je zasnovan z mislijo na trajnost. Njegova trpe\u017ena konstrukcija zagotavlja dolgo \u017eivljenjsko dobo izdelka, zmanj\u0161uje koli\u010dino odpadkov in potrebo po pogostih menjavah. S podporo ve\u010d aplikacij na eni kartici zmanj\u0161a tudi vpliv na okolje, povezan s proizvodnjo in odstranjevanjem ve\u010d kartic.\u00a0<\/span><\/p>\n<h2 class=\"AnswerParser_AnswerParserH2__SIHnF\">Zaklju\u010dek: Zakaj izbrati MIFARE Desfire EV2?<\/h2>\n<p><span class=\"AnswerParser_TextContainer__z_Iiv\" data-testid=\"youchat-text\">The\u00a0<strong>Kartica MIFARE Desfire EV2 2K 4K 8K<\/strong>\u00a0ponuja popolno me\u0161anico varnosti, zmogljivosti in vsestranskosti za vsako brezsti\u010dno re\u0161itev. Ne glede na to, ali \u017eelite izbolj\u0161ati svoj sistem javnega prevoza, varno upravljanje dostopa ali integrirati ve\u010d storitev v okolju pametnega mesta, ta kartica zagotavlja robustno in zanesljivo mo\u017enost. Zaradi naprednih zmo\u017enosti \u0161ifriranja in podpore za ve\u010d aplikacij je vredna nalo\u017eba za organizacije, ki dajejo prednost varnosti in u\u010dinkovitosti.<\/span><span class=\"AnswerParser_TextContainer__z_Iiv\" data-testid=\"youchat-text\">Za ve\u010d informacij ali naro\u010dilo,\u00a0<strong>kontaktirajte nas<\/strong>\u00a0danes. Odklenite naslednjo raven varnosti in u\u010dinkovitosti z MIFARE Desfire EV2.<\/span><\/p>","protected":false},"excerpt":{"rendered":"<p><span class=\"AnswerParser_TextContainer__z_Iiv\" data-testid=\"youchat-text\">\u00a0<strong>Kartica MIFARE Desfire EV2 2K 4K 8K<\/strong> <\/span>je vsestranski NFC \u010dip, ki zagotavlja visoko varnost, zaradi \u010desar je primeren za aplikacije RFID v transportu, nadzoru dostopa in pla\u010dilih.<\/p>","protected":false},"featured_media":2054,"template":"","meta":[],"product_brand":[],"product_cat":[46],"product_tag":[],"class_list":{"0":"post-2052","1":"product","2":"type-product","3":"status-publish","4":"has-post-thumbnail","6":"product_cat-nfc-cards","8":"first","9":"instock","10":"shipping-taxable","11":"product-type-simple"},"_links":{"self":[{"href":"https:\/\/nfc-readers.com\/sl\/wp-json\/wp\/v2\/product\/2052","targetHints":{"allow":["GET"]}}],"collection":[{"href":"https:\/\/nfc-readers.com\/sl\/wp-json\/wp\/v2\/product"}],"about":[{"href":"https:\/\/nfc-readers.com\/sl\/wp-json\/wp\/v2\/types\/product"}],"wp:featuredmedia":[{"embeddable":true,"href":"https:\/\/nfc-readers.com\/sl\/wp-json\/wp\/v2\/media\/2054"}],"wp:attachment":[{"href":"https:\/\/nfc-readers.com\/sl\/wp-json\/wp\/v2\/media?parent=2052"}],"wp:term":[{"taxonomy":"product_brand","embeddable":true,"href":"https:\/\/nfc-readers.com\/sl\/wp-json\/wp\/v2\/product_brand?post=2052"},{"taxonomy":"product_cat","embeddable":true,"href":"https:\/\/nfc-readers.com\/sl\/wp-json\/wp\/v2\/product_cat?post=2052"},{"taxonomy":"product_tag","embeddable":true,"href":"https:\/\/nfc-readers.com\/sl\/wp-json\/wp\/v2\/product_tag?post=2052"}],"curies":[{"name":"wp","href":"https:\/\/api.w.org\/{rel}","templated":true}]}}