{"id":2081,"date":"2024-10-22T01:16:34","date_gmt":"2024-10-22T01:16:34","guid":{"rendered":"https:\/\/nfc-readers.com\/?post_type=product&#038;p=2081"},"modified":"2024-10-28T14:02:37","modified_gmt":"2024-10-28T14:02:37","slug":"mifare-plus-s-2k-4k-rfid-cards","status":"publish","type":"product","link":"https:\/\/nfc-readers.com\/sl\/ic-reader\/mifare-plus-s-2k-4k-rfid-cards\/","title":{"rendered":"\u00a0MIFARE Plus\u00ae S 2k 4k RFID kartice"},"content":{"rendered":"<h1>\u00a0MIFARE Plus\u00ae S 2k 4k RFID kartice<\/h1>\n<table style=\"height: 505px;\" width=\"655\">\n<tbody>\n<tr style=\"font-style: inherit; font-weight: inherit;\">\n<td style=\"font-style: inherit;\" width=\"172\">\n<p data-spm-anchor-id=\"a2700.details.0.i71.17213ba4RCuUOM\">Postavka<\/p>\n<\/td>\n<td style=\"font-style: inherit;\" width=\"252\">\u00a0MIFARE Plus\u00ae S 2k 4k RFID kartica<\/td>\n<\/tr>\n<tr style=\"font-style: inherit; font-weight: inherit;\">\n<td style=\"font-style: inherit;\" width=\"172\">Posebne lastnosti<\/td>\n<td style=\"font-style: inherit;\" width=\"252\">Vodoodporen\/odporen na vremenske vplive<\/td>\n<\/tr>\n<tr style=\"font-style: inherit; font-weight: inherit;\">\n<td style=\"font-style: inherit;\" width=\"172\">Komunikacijski vmesnik<\/td>\n<td style=\"font-style: inherit;\" width=\"252\">RFID<\/td>\n<\/tr>\n<tr style=\"font-style: inherit; font-weight: inherit;\">\n<td style=\"font-style: inherit;\" width=\"172\">Kraj izvora<\/td>\n<td style=\"font-style: inherit;\" width=\"252\">Guangdong, Kitajska<\/td>\n<\/tr>\n<tr style=\"font-style: inherit; font-weight: inherit;\">\n<td style=\"font-style: inherit;\" width=\"172\">Pogostost<\/td>\n<td style=\"font-style: inherit;\" width=\"252\">13,56 MHz<\/td>\n<\/tr>\n<tr style=\"font-style: inherit; font-weight: inherit;\">\n<td style=\"font-style: inherit;\" width=\"172\">\u010dip<\/td>\n<td style=\"font-style: inherit;\" width=\"252\">MIFARE Plus\u00ae S 2K (MIFARE\u00ae in MIFARE Plus\u00ae sta registrirani blagovni znamki NXP BV in se uporabljata pod licenco.)<\/td>\n<\/tr>\n<tr style=\"font-style: inherit; font-weight: inherit;\">\n<td style=\"font-style: inherit;\" width=\"172\">Material<\/td>\n<td style=\"font-style: inherit;\" width=\"252\">PVC<\/td>\n<\/tr>\n<tr style=\"font-style: inherit; font-weight: inherit;\">\n<td style=\"font-style: inherit;\" width=\"172\">Aplikacija<\/td>\n<td style=\"font-style: inherit;\" width=\"252\">Sistem za nadzor dostopa<\/td>\n<\/tr>\n<tr style=\"font-style: inherit; font-weight: inherit;\">\n<td style=\"font-style: inherit;\" width=\"172\">Protokol<\/td>\n<td style=\"font-style: inherit;\" width=\"252\">ISO 14443A<\/td>\n<\/tr>\n<tr style=\"font-style: inherit; font-weight: inherit;\">\n<td style=\"font-style: inherit;\" width=\"172\">Debelina<\/td>\n<td style=\"font-style: inherit;\" width=\"252\">0,84 mm\/prilagojeno<\/td>\n<\/tr>\n<tr style=\"font-style: inherit; font-weight: inherit;\">\n<td style=\"font-style: inherit;\" width=\"172\">Povr\u0161inska obdelava<\/td>\n<td style=\"font-style: inherit;\" width=\"252\">Sijajni.mat.mat<\/td>\n<\/tr>\n<tr style=\"font-style: inherit; font-weight: inherit;\">\n<td style=\"font-style: inherit;\" width=\"172\">Vhodna kapacitivnost [pF]<\/td>\n<td style=\"font-style: inherit;\" width=\"252\">17\/70 PF<\/td>\n<\/tr>\n<tr style=\"font-style: inherit; font-weight: inherit;\">\n<td style=\"font-style: inherit;\" width=\"172\">Dol\u017eina klju\u010da<\/td>\n<td style=\"font-style: inherit;\" width=\"252\">48-bitni Crypto-1, 128-bitni AES<\/td>\n<\/tr>\n<tr style=\"font-style: inherit; font-weight: inherit;\">\n<td style=\"font-style: inherit;\" width=\"172\">Model spomina<\/td>\n<td style=\"font-style: inherit;\" width=\"252\">Kompakten, sektorji in 16-bajtni bloki<\/td>\n<\/tr>\n<tr style=\"font-style: inherit; font-weight: inherit;\">\n<td style=\"font-style: inherit;\" width=\"172\">Skladnost z NFC<\/td>\n<td style=\"font-style: inherit;\" width=\"252\">Zmogljiv NFC v SL3<\/td>\n<\/tr>\n<\/tbody>\n<\/table>\n<p>&nbsp;<\/p>\n<p><span class=\"AnswerParser_TextContainer__z_Iiv\" data-testid=\"youchat-text\"><strong>MIFARE Plus\u00ae S 2k 4k RFID kartice<\/strong>\u00a0so industrijska re\u0161itev za napredek va\u0161ih obstoje\u010dih sistemov na naslednjo raven. Te kartice zagotavljajo nemoten prehod iz MIFARE Classic, zagotavljajo vi\u0161jo varnost s \u0161ifriranjem AES-128 in ohranjajo zdru\u017eljivost z va\u0161o trenutno infrastrukturo. Z vrhunsko celovitostjo podatkov in varno komunikacijo so najbolj\u0161a izbira za izbolj\u0161anje va\u0161ih aplikacij RFID.<\/span><\/p>\n<h2 class=\"AnswerParser_AnswerParserH2__SIHnF\">Odklenite re\u0161itve visoke varnosti z MIFARE Plus\u00ae S<\/h2>\n<p><span class=\"AnswerParser_TextContainer__z_Iiv\" data-testid=\"youchat-text\">The\u00a0<strong>MIFARE Plus\u00ae S 2k 4k RFID kartice<\/strong>\u00a0izstopajo kot vsestranska mo\u017enost za organizacije, ki \u017eelijo nadgraditi svoje sisteme. Te kartice, oblikovane s poudarkom na varnosti, uporabljajo \u0161ifriranje AES-128, kar zagotavlja, da va\u0161i podatki ostanejo za\u0161\u010diteni pred nepoobla\u0161\u010denim dostopom. Uporaba naprednih kriptografskih metod zagotavlja, da va\u0161i podatki ohranijo svojo celovitost in zaupnost.<\/span><span class=\"AnswerParser_TextContainer__z_Iiv\" data-testid=\"youchat-text\">Te pametne kartice so zdru\u017eljive z MIFARE Classic, kar podjetjem olaj\u0161a prehod brez zamenjave obstoje\u010de strojne opreme. Ta zdru\u017eljivost omogo\u010da stro\u0161kovno u\u010dinkovito nadgradnjo, ki zagotavlja izbolj\u0161ane varnostne funkcije brez motenj v va\u0161em delovanju.<\/span><\/p>\n<h3 class=\"AnswerParser_AnswerParserH3__Mpe4s\">Robustna tehnologija RFID<\/h3>\n<p><span class=\"AnswerParser_TextContainer__z_Iiv\" data-testid=\"youchat-text\">S frekvenco 13,56MHz je\u00a0<strong>MIFARE Plus\u00ae S 2k 4k RFID kartice<\/strong>\u00a0nudi zanesljivo in u\u010dinkovito komunikacijo. Kartice so izdelane tako, da prenesejo razli\u010dne okoljske pogoje, zahvaljujo\u010d njihovi vodotesni in vremensko odporni konstrukciji. Izdelani so iz trpe\u017enega PVC materiala in so zasnovani za dolgotrajno uporabo v katerem koli okolju.<\/span><span class=\"AnswerParser_TextContainer__z_Iiv\" data-testid=\"youchat-text\">Kompaktna oblika teh kartic RFID z debelino 0,84 mm zagotavlja enostavno integracijo v va\u0161e trenutne sisteme. Njihove prilagodljive mo\u017enosti povr\u0161inske obdelave, vklju\u010dno s sijajno, motno in matirano, ponujajo dodatno prilagodljivost za izpolnjevanje va\u0161ih posebnih oblikovalskih potreb.<\/span><\/p>\n<h3 class=\"AnswerParser_AnswerParserH3__Mpe4s\">Napredne varnostne funkcije<\/h3>\n<p><span class=\"AnswerParser_TextContainer__z_Iiv\" data-testid=\"youchat-text\">Varnost je v sredi\u0161\u010du\u00a0<strong>MIFARE Plus\u00ae S 2k 4k RFID kartice<\/strong>. Z vklju\u010ditvijo \u0161ifriranja AES-128 te kartice nudijo napredno raven za\u0161\u010dite. Ta kriptografska metoda ne le preverja pristnost uporabnikov, ampak tudi zagotavlja celovitost podatkov in \u0161ifriranje ter \u0161\u010diti ob\u010dutljive informacije pred morebitnimi gro\u017enjami.<\/span><span class=\"AnswerParser_TextContainer__z_Iiv\" data-testid=\"youchat-text\">Kartice podpirajo 48-bitne dol\u017eine klju\u010dev Crypto-1 in 128-bitne AES, kar zagotavlja ve\u010dplastno varnost. Zaradi tega so idealni za aplikacije, ki zahtevajo visoko raven za\u0161\u010dite, kot so korporativni sistemi za nadzor dostopa, javni prevoz in finan\u010dne transakcije.<\/span><\/p>\n<h3 class=\"AnswerParser_AnswerParserH3__Mpe4s\">Brez\u0161ivna integracija in zdru\u017eljivost<\/h3>\n<p><span class=\"AnswerParser_TextContainer__z_Iiv\" data-testid=\"youchat-text\">Ena od pomembnih prednosti\u00a0<strong>MIFARE Plus\u00ae S 2k 4k RFID kartice<\/strong>\u00a0je njihova brezhibna integracija z obstoje\u010dimi sistemi. Te kartice niso le zdru\u017eljive z MIFARE Classic, ampak tudi ustrezajo standardom protokola ISO 14443A, kar zagotavlja nemoteno vklju\u010ditev v va\u0161o trenutno infrastrukturo. Skladnost z NFC v SL3 dodatno pove\u010duje njihovo uporabnost v najrazli\u010dnej\u0161ih okoljih.<\/span><\/p>\n<h3 class=\"AnswerParser_AnswerParserH3__Mpe4s\">Mnenja in pri\u010devanja strank<\/h3>\n<p><span class=\"AnswerParser_TextContainer__z_Iiv\" data-testid=\"youchat-text\"><strong>Kupci so pohvalili kartice RFID MIFARE Plus\u00ae S 2k 4k<\/strong>\u00a0zaradi njihove zanesljivosti in enostavne uporabe. En uporabnik je opozoril: \u00bbNadgradnja na\u0161ega sistema za nadzor dostopa s temi karticami je bila brezhibna. Izbolj\u0161ane varnostne funkcije nam dajejo mir.\u201d Drugi je dodal: &quot;Cenimo vzdr\u017eljivost in dosledno delovanje teh kartic v razli\u010dnih okoljih.&quot;<\/span><\/p>\n<h3 class=\"AnswerParser_AnswerParserH3__Mpe4s\">Pogosto zastavljena vpra\u0161anja<\/h3>\n<p><span class=\"AnswerParser_TextContainer__z_Iiv\" data-testid=\"youchat-text\"><strong>V: Kako kartice MIFARE Plus\u00ae S 2k 4k RFID izbolj\u0161ajo varnost?<\/strong><br \/>\nO: Te kartice uporabljajo \u0161ifriranje AES-128, kar zagotavlja celovitost podatkov in za\u0161\u010dito pred nepoobla\u0161\u010denim dostopom.<\/span><\/p>\n<p><span class=\"AnswerParser_TextContainer__z_Iiv\" data-testid=\"youchat-text\"><strong>V: Ali so te kartice zdru\u017eljive z obstoje\u010dimi sistemi MIFARE Classic?<\/strong><br \/>\nO: Da, ponujajo zdru\u017eljivost z MIFARE Classic, kar omogo\u010da gladek prehod brez potrebe po novi strojni opremi.<\/span><\/p>\n<p><span class=\"AnswerParser_TextContainer__z_Iiv\" data-testid=\"youchat-text\"><strong>V: Kak\u0161na je tipi\u010dna uporaba teh kartic RFID?<\/strong><br \/>\nO: Idealni so za sisteme za nadzor dostopa, poslovna okolja in sisteme javnega prevoza, ki zahtevajo visoko stopnjo varnosti.<\/span><\/p>\n<h3 class=\"AnswerParser_AnswerParserH3__Mpe4s\">Vpliv na okolje in trajnost<\/h3>\n<p><span class=\"AnswerParser_TextContainer__z_Iiv\" data-testid=\"youchat-text\">The\u00a0<strong>MIFARE Plus\u00ae S 2k 4k RFID kartice<\/strong>\u00a0so zasnovani z mislijo na trajnost. Njihova trpe\u017ena konstrukcija iz PVC-ja zagotavlja dolgo \u017eivljenjsko dobo izdelka, zmanj\u0161uje koli\u010dino odpadkov in potrebo po pogostih menjavah. Z nadgradnjo na MIFARE Plus lahko organizacije tudi zmanj\u0161ajo svoj okoljski odtis tako, da podalj\u0161ajo \u017eivljenjsko dobo obstoje\u010dih sistemov, namesto da jih v celoti zamenjajo.<\/span><\/p>\n<h3 class=\"AnswerParser_AnswerParserH3__Mpe4s\">Zaklju\u010dek: Zakaj izbrati kartice RFID MIFARE Plus\u00ae S 2k 4k?<\/h3>\n<p><span class=\"AnswerParser_TextContainer__z_Iiv\" data-testid=\"youchat-text\">The\u00a0<strong>MIFARE Plus\u00ae S 2k 4k RFID kartice<\/strong>\u00a0ponujajo popolno ravnovesje varnosti, zdru\u017eljivosti in vzdr\u017eljivosti za vsak sistem za nadzor dostopa. Ne glede na to, ali \u017eelite nadgraditi trenutno infrastrukturo ali i\u0161\u010dete zanesljivo re\u0161itev za nove namestitve, te kartice zagotavljajo robustno in varno mo\u017enost. Njihove napredne zmo\u017enosti \u0161ifriranja in brezhibna integracija pomenijo vredno nalo\u017ebo za organizacije, ki dajejo prednost varnosti in u\u010dinkovitosti.<\/span><span class=\"AnswerParser_TextContainer__z_Iiv\" data-testid=\"youchat-text\">Za ve\u010d informacij ali naro\u010dilo,\u00a0<strong>kontaktirajte nas<\/strong>\u00a0danes. Odklenite naslednjo stopnjo varnosti in u\u010dinkovitosti z MIFARE Plus.<\/span><\/p>","protected":false},"excerpt":{"rendered":"<p>NXP-jeva kartica MIFARE Plus je varna re\u0161itev NFC \u010dipov, skladna s standardi RFID, idealna za javni prevoz, nadzor dostopa in pla\u010dilne aplikacije.<\/p>","protected":false},"featured_media":2082,"template":"","meta":[],"product_brand":[],"product_cat":[46],"product_tag":[],"class_list":{"0":"post-2081","1":"product","2":"type-product","3":"status-publish","4":"has-post-thumbnail","6":"product_cat-nfc-cards","8":"first","9":"instock","10":"shipping-taxable","11":"product-type-simple"},"_links":{"self":[{"href":"https:\/\/nfc-readers.com\/sl\/wp-json\/wp\/v2\/product\/2081","targetHints":{"allow":["GET"]}}],"collection":[{"href":"https:\/\/nfc-readers.com\/sl\/wp-json\/wp\/v2\/product"}],"about":[{"href":"https:\/\/nfc-readers.com\/sl\/wp-json\/wp\/v2\/types\/product"}],"wp:featuredmedia":[{"embeddable":true,"href":"https:\/\/nfc-readers.com\/sl\/wp-json\/wp\/v2\/media\/2082"}],"wp:attachment":[{"href":"https:\/\/nfc-readers.com\/sl\/wp-json\/wp\/v2\/media?parent=2081"}],"wp:term":[{"taxonomy":"product_brand","embeddable":true,"href":"https:\/\/nfc-readers.com\/sl\/wp-json\/wp\/v2\/product_brand?post=2081"},{"taxonomy":"product_cat","embeddable":true,"href":"https:\/\/nfc-readers.com\/sl\/wp-json\/wp\/v2\/product_cat?post=2081"},{"taxonomy":"product_tag","embeddable":true,"href":"https:\/\/nfc-readers.com\/sl\/wp-json\/wp\/v2\/product_tag?post=2081"}],"curies":[{"name":"wp","href":"https:\/\/api.w.org\/{rel}","templated":true}]}}