{"id":2109,"date":"2024-04-22T02:26:55","date_gmt":"2024-04-22T02:26:55","guid":{"rendered":"https:\/\/nfc-readers.com\/?post_type=product&#038;p=2109"},"modified":"2024-09-29T01:56:55","modified_gmt":"2024-09-29T01:56:55","slug":"nfc-stickers-ntag213216","status":"publish","type":"product","link":"https:\/\/nfc-readers.com\/sl\/ic-reader\/nfc-stickers-ntag213216\/","title":{"rendered":"NFC nalepke NTAG213 215 216"},"content":{"rendered":"<h1>NFC nalepke NTAG213 215 216<\/h1>\n<table width=\"534\">\n<tbody>\n<tr style=\"font-style: inherit; font-weight: inherit;\">\n<td style=\"font-style: inherit;\" width=\"215\">\n<p data-spm-anchor-id=\"a2700.pc-decorate.0.i49.7c5c3333IeSDv6\">postavka<\/p>\n<\/td>\n<td width=\"319\">Specifikacije<\/td>\n<\/tr>\n<tr style=\"font-style: inherit; font-weight: inherit;\">\n<td style=\"font-style: inherit;\" width=\"215\">\n<p data-spm-anchor-id=\"a2700.pc-decorate.0.i22.bd1b3333wXnVY0\">Kraj izvora<\/p>\n<\/td>\n<td width=\"319\">Kitajska<\/td>\n<\/tr>\n<tr style=\"font-style: inherit; font-weight: inherit;\">\n<td style=\"font-style: inherit;\" width=\"215\">\n<p data-spm-anchor-id=\"0.0.0.i10.277b4f05XiiaMd\">Certificiranje<\/p>\n<\/td>\n<td width=\"319\">\n<p data-spm-anchor-id=\"a2700.pc-decorate.0.i10.bd1b3333wXnVY0\">CE\/ROHS<\/p>\n<\/td>\n<\/tr>\n<tr style=\"font-style: inherit; font-weight: inherit;\">\n<td style=\"font-style: inherit;\" width=\"215\">Material<\/td>\n<td width=\"319\">\n<p data-spm-anchor-id=\"a2700.pc-decorate.0.i50.7c5c3333IeSDv6\">PET, premazan papir, epoksi, termo papir itd.<\/p>\n<\/td>\n<\/tr>\n<tr style=\"font-style: inherit; font-weight: inherit;\">\n<td style=\"font-style: inherit;\" width=\"215\">\u010dip<\/td>\n<td width=\"319\">\n<p data-spm-anchor-id=\"a2700.pc-decorate.0.i50.bd1b3333wXnVY0\">NTAG 213\/NTAG 215\/Ntag 216\/Fudan F08 ali prilagodite<\/p>\n<\/td>\n<\/tr>\n<tr style=\"font-style: inherit; font-weight: inherit;\">\n<td style=\"font-style: inherit;\" width=\"215\">Pogostost<\/td>\n<td width=\"319\">\n<p data-spm-anchor-id=\"0.0.0.i5.277b4f05QIK8KU\">13,56 MHz<\/p>\n<\/td>\n<\/tr>\n<tr style=\"font-style: inherit; font-weight: inherit;\">\n<td style=\"font-style: inherit;\" width=\"215\">\n<p data-spm-anchor-id=\"a2700.pc-decorate.0.i90.6e273333nK6FqH\">Protokol<\/p>\n<\/td>\n<td width=\"319\">\n<p data-spm-anchor-id=\"a2700.pc-decorate.0.i51.bd1b3333wXnVY0\">ISO 14443A<\/p>\n<\/td>\n<\/tr>\n<tr style=\"font-style: inherit; font-weight: inherit;\">\n<td style=\"font-style: inherit;\" rowspan=\"3\" width=\"215\">Velikost<\/td>\n<td width=\"319\">\n<p data-spm-anchor-id=\"a2700.pc-decorate.0.i53.bd1b3333wXnVY0\">Okroglo 18,25, 30, 35,40 mm<\/p>\n<\/td>\n<\/tr>\n<tr>\n<td width=\"319\">\n<p data-spm-anchor-id=\"a2700.pc-decorate.0.i53.bd1b3333wXnVY0\">Kvadrat 86*54,40*25,55*18,10*20,18*18,30*15<\/p>\n<\/td>\n<\/tr>\n<tr>\n<td width=\"319\">\n<p data-spm-anchor-id=\"a2700.pc-decorate.0.i53.bd1b3333wXnVY0\">ali velikost po meri<\/p>\n<\/td>\n<\/tr>\n<tr style=\"font-style: inherit; font-weight: inherit;\">\n<td style=\"font-style: inherit;\" width=\"215\">\n<p data-spm-anchor-id=\"0.0.0.i1.277b4f05XiiaMd\">Funkcija<\/p>\n<\/td>\n<td width=\"319\">\n<p data-spm-anchor-id=\"a2700.pc-decorate.0.i47.bd1b3333wXnVY0\">v redu za skupno rabo podatkov s telefonom, ki podpira nfc, hitreje in bolj priro\u010dno kot obi\u010dajne oznake<\/p>\n<\/td>\n<\/tr>\n<tr style=\"font-style: inherit; font-weight: inherit;\">\n<td style=\"font-style: inherit;\" width=\"215\">\n<p data-spm-anchor-id=\"0.0.0.i8.277b4f05XiiaMd\">Vzorec<\/p>\n<\/td>\n<td width=\"319\">\n<p data-spm-anchor-id=\"a2700.pc-decorate.0.i39.6e273333nK6FqH\">brezpla\u010dno na voljo<\/p>\n<\/td>\n<\/tr>\n<tr style=\"font-style: inherit; font-weight: inherit;\">\n<td style=\"font-style: inherit;\" width=\"215\">\n<p data-spm-anchor-id=\"a2700.pc-decorate.0.i95.6e273333nK6FqH\">Preberi razdaljo<\/p>\n<\/td>\n<td width=\"319\">\n<p data-spm-anchor-id=\"a2700.pc-decorate.0.i89.6e273333nK6FqH\">0-10 cm<\/p>\n<\/td>\n<\/tr>\n<tr style=\"font-style: inherit; font-weight: inherit;\">\n<td style=\"font-style: inherit;\" width=\"215\">\n<p data-spm-anchor-id=\"a2700.pc-decorate.0.i35.6e273333nK6FqH\">Ime izdelka<\/p>\n<\/td>\n<td width=\"319\">\n<p data-spm-anchor-id=\"a2700.pc-decorate.0.i12.bd1b3333wXnVY0\">Nalepke po meri NTAG 213 NFC Okrogla 18 mm prazna bela nalepka Oznake NTAG 213 odli\u010dno delujejo z mobilnim telefonom, ki podpira NFC<\/p>\n<\/td>\n<\/tr>\n<tr style=\"font-style: inherit; font-weight: inherit;\">\n<td style=\"font-style: inherit;\" rowspan=\"3\" width=\"215\">Personalizacija<\/td>\n<td style=\"font-style: inherit;\" width=\"319\">- logotip po meri, barvno natisnjen za povr\u0161inski papir<\/td>\n<\/tr>\n<tr>\n<td width=\"319\">- povr\u0161inski material po meri<\/td>\n<\/tr>\n<tr>\n<td width=\"319\">-prilagojene podatkovne informacije, ki jih je mogo\u010de zapisati v \u010dip, kot so url (spletna stran), serijske \u0161tevilke itd.<\/td>\n<\/tr>\n<tr style=\"font-style: inherit; font-weight: inherit;\">\n<td style=\"font-style: inherit;\" rowspan=\"3\" width=\"215\">Aplikacija<\/td>\n<td style=\"font-style: inherit;\" width=\"319\">Dru\u017ebeni mediji NFC, logistika, upravljanje, upravljanje sredstev, upravljanje dobavne verige, upravljanje vozil, nadzor proizvodnje,<\/td>\n<\/tr>\n<tr>\n<td width=\"319\">upravljanje skladi\u0161\u010da, upravljanje izdelkov, preverjanje izdelkov, sledenje sredstev, sledenje ravnanja s prtljago, upravljanje zalog,<\/td>\n<\/tr>\n<tr>\n<td width=\"319\">itd.<\/td>\n<\/tr>\n<\/tbody>\n<\/table>\n<p>&nbsp;<\/p>\n<p><img loading=\"lazy\" decoding=\"async\" class=\"alignnone wp-image-2110\" src=\"https:\/\/nfc-readers.com\/wp-content\/uploads\/2024\/04\/H13e28f218c5e4df380794f87c5769ff4e-300x252.jpg\" alt=\"\" width=\"573\" height=\"481\" srcset=\"https:\/\/nfc-readers.com\/wp-content\/uploads\/2024\/04\/H13e28f218c5e4df380794f87c5769ff4e-300x252.jpg 300w, https:\/\/nfc-readers.com\/wp-content\/uploads\/2024\/04\/H13e28f218c5e4df380794f87c5769ff4e-600x503.jpg 600w, https:\/\/nfc-readers.com\/wp-content\/uploads\/2024\/04\/H13e28f218c5e4df380794f87c5769ff4e.jpg 750w\" sizes=\"auto, (max-width: 573px) 100vw, 573px\" \/><\/p>\n<div class=\"J_module\">\n<div class=\"detail-decorate-json-renderer-container\">\n<div class=\"magic-1\">\n<div class=\"magic-2\">\n<div class=\"magic-3\">\n<div class=\"magic-4\">\n<div class=\"magic-5\" data-spm-anchor-id=\"a2700.details.0.i69.2c8dabc3vwGabt\"><b class=\"magic-6\"><span class=\"magic-7\">Nalepke po meri NTAG 213 NFC Okrogla 18 mm prazna bela nalepka Oznake NTAG 213 odli\u010dno delujejo z mobilnim telefonom, ki podpira NFC<\/span><\/b><\/div>\n<div>\n<div><\/div>\n<\/div>\n<\/div>\n<\/div>\n<\/div>\n<\/div>\n<\/div>\n<\/div>\n<div class=\"J_module\">\n<div class=\"detail-decorate-json-renderer-container\">\n<div class=\"magic-1\">\n<div class=\"magic-2\">\n<div class=\"magic-3\">\n<div class=\"magic-4\"><b><span class=\"magic-8\">Kaj je oznaka NFC in kako deluje <\/span><\/b><br \/>\nNFC, komunikacija bli\u017enjega polja, oznake so majhna integrirana vezja, zasnovana za shranjevanje informacij, ki jih lahko pridobi<br \/>\nNaprave, ki podpirajo NFC, kot so pametni telefoni in tabli\u010dni ra\u010dunalniki. So majhne nalepke okrogle ali kvadratne oblike in so pribli\u017eno velikosti velikega kovanca. Te majhne nalepke brez\u017ei\u010dne tehnologije omogo\u010dajo tudi prenos podatkov med dvema napravama, ki podpirata NFC.<\/p>\n<div>\n<div>NFC oznake imajo lahko razli\u010dne pomnilni\u0161ke zmogljivosti; lahko shranite telefonsko \u0161tevilko ali URL (spletni naslov) in za dodatno za\u0161\u010dito lahko oznake NFC zaklenete, tako da jih po zapisu podatkov ni ve\u010d mogo\u010de spreminjati. Vendar jih je mogo\u010de ve\u010dkrat znova kodirati, dokler niso zaklenjene, in ko so enkrat zaklenjene, oznak NFC ni ve\u010d mogo\u010de odkleniti.<\/div>\n<div><\/div>\n<div>\u010ce \u017eelite uporabiti oznake NFC, se morate dotakniti nalepke z napravo, ki podpira NFC, ali pa morate napravo pribli\u017eati dovolj blizu (morda en palec narazen), da bo naprava izvedla va\u0161e programirane ponudbe.<\/div>\n<\/div>\n<\/div>\n<\/div>\n<\/div>\n<\/div>\n<\/div>\n<\/div>\n<div class=\"J_module\">\n<div class=\"detail-decorate-json-renderer-container\">\n<div class=\"magic-1\">\n<div class=\"magic-2\">\n<div class=\"magic-3\">\n<div class=\"magic-4\"><span class=\"magic-9\"><span class=\"magic-10\"><b>Oznaka 13,56 mhz rfid, oznaka nfc je enostavna za programiranje, kot kodiranje URL, tako da lahko deluje s pametnim telefonom Andriod\/IOS z NFC.<br \/>\nKo se oznaka NFC zapre na polo\u017eaj NFC na pametnem telefonu, se programirana povezava do spletnega mesta prika\u017ee takoj. Uporablja se predvsem za \u0161tevilne aplikacije, kot so vizitke, promocije podjetja, pametni plakati, prodaja vstopnic za dogodke, industrijska uporaba itd.<\/b><\/span><\/span><\/p>\n<div><b><span class=\"magic-9\">\u00a0<\/span><\/b><\/div>\n<div><span class=\"magic-10\"><b class=\"magic-9\">Na\u0161e lastnosti:<br \/>\n<\/b><span class=\"magic-11\" style=\"font-family: Arial;\">1.Prilagojeno<br \/>\n2.Hitra hitrost dostave<br \/>\n3. Struktura oznake RFID: \u010dip RFID + antena RFID + povr\u0161inski materiali<br \/>\n4. Profesionalni dobavitelj izdelkov RFID<\/span><\/span><\/div>\n<\/div>\n<\/div>\n<\/div>\n<\/div>\n<\/div>\n<\/div>\n<p>&nbsp;<\/p>\n<p>&nbsp;<\/p>","protected":false},"excerpt":{"rendered":"<p>Kompaktne nalepke NFC s \u010dipi NTAG213 215 216 omogo\u010dajo pametno ogla\u0161evanje, preverjanje pristnosti izdelkov in hitro zdru\u017eevanje, zaradi \u010desar so re\u0161itve RFID dostopne in u\u010dinkovite.<\/p>","protected":false},"featured_media":2111,"template":"","meta":[],"product_brand":[],"product_cat":[48],"product_tag":[],"class_list":{"0":"post-2109","1":"product","2":"type-product","3":"status-publish","4":"has-post-thumbnail","6":"product_cat-nfc-stickers","8":"first","9":"instock","10":"shipping-taxable","11":"product-type-simple"},"_links":{"self":[{"href":"https:\/\/nfc-readers.com\/sl\/wp-json\/wp\/v2\/product\/2109","targetHints":{"allow":["GET"]}}],"collection":[{"href":"https:\/\/nfc-readers.com\/sl\/wp-json\/wp\/v2\/product"}],"about":[{"href":"https:\/\/nfc-readers.com\/sl\/wp-json\/wp\/v2\/types\/product"}],"wp:featuredmedia":[{"embeddable":true,"href":"https:\/\/nfc-readers.com\/sl\/wp-json\/wp\/v2\/media\/2111"}],"wp:attachment":[{"href":"https:\/\/nfc-readers.com\/sl\/wp-json\/wp\/v2\/media?parent=2109"}],"wp:term":[{"taxonomy":"product_brand","embeddable":true,"href":"https:\/\/nfc-readers.com\/sl\/wp-json\/wp\/v2\/product_brand?post=2109"},{"taxonomy":"product_cat","embeddable":true,"href":"https:\/\/nfc-readers.com\/sl\/wp-json\/wp\/v2\/product_cat?post=2109"},{"taxonomy":"product_tag","embeddable":true,"href":"https:\/\/nfc-readers.com\/sl\/wp-json\/wp\/v2\/product_tag?post=2109"}],"curies":[{"name":"wp","href":"https:\/\/api.w.org\/{rel}","templated":true}]}}