{"id":2133,"date":"2024-04-22T03:16:50","date_gmt":"2024-04-22T03:16:50","guid":{"rendered":"https:\/\/nfc-readers.com\/?post_type=product&#038;p=2133"},"modified":"2024-09-24T06:04:13","modified_gmt":"2024-09-24T06:04:13","slug":"silicone-rfid-nfc-wristbands","status":"publish","type":"product","link":"https:\/\/nfc-readers.com\/sl\/ic-reader\/silicone-rfid-nfc-wristbands\/","title":{"rendered":"Silikonske RFID NFC zapestnice"},"content":{"rendered":"<table width=\"476\">\n<tbody>\n<tr style=\"font-style: inherit; font-weight: inherit;\">\n<td style=\"font-style: inherit;\" width=\"187\"><span style=\"font-style: inherit; font-weight: inherit;\" data-spm-anchor-id=\"a2700.details.0.i62.23d334f5zYksZe\">Izdelek<\/span><\/td>\n<td style=\"font-style: inherit;\" width=\"289\"><span style=\"font-style: inherit; font-weight: inherit;\">\u00a0RFID silikonski zapestni trak\u00a0<\/span><\/td>\n<\/tr>\n<tr style=\"font-style: inherit; font-weight: inherit;\">\n<td style=\"font-style: inherit;\" width=\"187\"><span style=\"font-style: inherit; font-weight: inherit;\">\u00a0Material\u00a0<\/span><\/td>\n<td style=\"font-style: inherit;\" width=\"289\"><span style=\"font-style: inherit; font-weight: inherit;\">\u00a0Silikon<\/span><\/td>\n<\/tr>\n<tr style=\"font-style: inherit; font-weight: inherit;\">\n<td style=\"font-style: inherit;\" width=\"187\"><span style=\"font-style: inherit; font-weight: inherit;\">\u00a0Velikost<\/span><\/td>\n<td style=\"font-style: inherit;\" width=\"289\"><span style=\"font-style: inherit; font-weight: inherit;\">\u00a0Prilagojeno<\/span><\/td>\n<\/tr>\n<tr style=\"font-style: inherit; font-weight: inherit;\">\n<td style=\"font-style: inherit;\" width=\"187\"><span style=\"font-style: inherit; font-weight: inherit;\">\u00a0barva<\/span><\/td>\n<td style=\"font-style: inherit;\" width=\"289\"><span style=\"font-style: inherit; font-weight: inherit;\">\u00a0Modra \/ rde\u010da \/ \u010drna \/ bela \/ rumena \/ siva \/ zelena \/ roza itd. ali po meri<\/span><\/td>\n<\/tr>\n<tr style=\"font-style: inherit; font-weight: inherit;\">\n<td style=\"font-style: inherit;\" width=\"187\"><span style=\"font-style: inherit; font-weight: inherit;\">\u00a0Protokol<\/span><\/td>\n<td width=\"289\"><span style=\"font-style: inherit; font-weight: inherit;\">\u00a0ISO14443A, ISO15693<\/span><\/td>\n<\/tr>\n<tr style=\"font-style: inherit; font-weight: inherit;\">\n<td style=\"font-style: inherit;\" width=\"187\"><span style=\"font-style: inherit; font-weight: inherit;\">\u00a0HF \u010dip (13,56 MHz)\u00a0<\/span><\/td>\n<td style=\"font-style: inherit;\" width=\"289\"><span style=\"font-style: inherit; font-weight: inherit;\">\u00a0FM11RF08, S50, S70, M1K, nfc oznaka 213\/216 itd<\/span><\/td>\n<\/tr>\n<tr style=\"font-style: inherit; font-weight: inherit;\">\n<td style=\"font-style: inherit;\" rowspan=\"4\" width=\"187\"><span style=\"font-style: inherit; font-weight: inherit;\">\u00a0Obrt<\/span><\/td>\n<td style=\"font-style: inherit;\" width=\"289\"><span style=\"font-style: inherit; font-weight: inherit;\">\u00a0Prilagodite tiskanje<\/span><\/td>\n<\/tr>\n<tr>\n<td width=\"289\"><span style=\"font-style: inherit; font-weight: inherit;\">\u00a0Storitev kodiranja je na voljo<\/span><\/td>\n<\/tr>\n<tr>\n<td width=\"289\">\u00a0UID za lasersko tiskanje ali serijska \u0161tevilka na kartici<\/td>\n<\/tr>\n<tr>\n<td width=\"289\">\u00a0UID in serijsko \u0161tevilko lahko navedete v formatu excel<\/td>\n<\/tr>\n<tr style=\"font-style: inherit; font-weight: inherit;\">\n<td style=\"font-style: inherit;\" width=\"187\"><span style=\"font-style: inherit; font-weight: inherit;\">\u00a0Lastnosti<\/span><\/td>\n<td style=\"font-style: inherit;\" width=\"289\"><span style=\"font-style: inherit; font-weight: inherit;\">\u00a0Enostaven za no\u0161enje in uporabo, visoka zmogljivost, poceni, okolju prijazen, nestrupen<\/span><\/td>\n<\/tr>\n<tr style=\"font-style: inherit; font-weight: inherit;\">\n<td style=\"font-style: inherit;\" width=\"187\"><span style=\"font-style: inherit; font-weight: inherit;\">\u00a0Aplikacija\u00a0<\/span><\/td>\n<td style=\"font-style: inherit;\" width=\"289\"><span style=\"font-style: inherit; font-weight: inherit;\">\u00a0Pogosto se uporablja na zabavah, \u0161portnih dogodkih, telovadnicah, restavracijah, maratonih itd., kot nadzor dostopa in pla\u010dilo<\/span><\/td>\n<\/tr>\n<\/tbody>\n<\/table>\n<div>Silikonske RFID zapestnice<\/div>\n<div><\/div>\n<div>ZAPESTNICE RFID ZA PARKE IN KAMPE ZA AVTOMOBILE Varno udobje. Uporabite zapestnice RFID v svojem parku za avtodome ali kampih, da omogo\u010dite varen nadzor dostopa do razli\u010dnih obmo\u010dij va\u0161ega mesta in ustvarite brezgotovinsko lastnino, kjer se vse upravlja s pipo. Brezgotovinski nakupi.<\/div>\n<div><\/div>\n<div>RFID zapestnice za dru\u017einske zabavi\u0161\u010dne centre. Uporabite na\u0161e zapestnice RFID za varne debetne, NFC in POS transakcije v centrih za dru\u017einsko zabavo, igralnicah, igralnicah in igralnih centrih.<\/div>\n<div><\/div>\n<div>Za katero koli aplikacijo. Namestite na\u0161e vodoodporne silikonske zapestnice RFID kjerkoli: v telovadnici, bazenu, zdravili\u0161\u010du, vodnem parku ali hotelu. Pla\u010dajte hrano, storitve in ugodnosti z enim dotikom na na\u0161em sistemu ali na POS terminalu. Silikonske zapestnice RFID so primerne tudi za nadzor dostopa RFID, zaklepanje in nadzor osebja v va\u0161i stavbi, pisarni, laboratoriju ali skladi\u0161\u010du.<\/div>\n<div><\/div>\n<div><img loading=\"lazy\" decoding=\"async\" class=\"alignnone wp-image-2134\" src=\"https:\/\/nfc-readers.com\/wp-content\/uploads\/2024\/04\/H41cec2b20d6746e4bf71ea249b81ff01N-300x246.jpg\" alt=\"\" width=\"525\" height=\"431\" srcset=\"https:\/\/nfc-readers.com\/wp-content\/uploads\/2024\/04\/H41cec2b20d6746e4bf71ea249b81ff01N-300x246.jpg 300w, https:\/\/nfc-readers.com\/wp-content\/uploads\/2024\/04\/H41cec2b20d6746e4bf71ea249b81ff01N-1024x839.jpg 1024w, https:\/\/nfc-readers.com\/wp-content\/uploads\/2024\/04\/H41cec2b20d6746e4bf71ea249b81ff01N-768x629.jpg 768w, https:\/\/nfc-readers.com\/wp-content\/uploads\/2024\/04\/H41cec2b20d6746e4bf71ea249b81ff01N-1536x1258.jpg 1536w, https:\/\/nfc-readers.com\/wp-content\/uploads\/2024\/04\/H41cec2b20d6746e4bf71ea249b81ff01N-2048x1678.jpg 2048w, https:\/\/nfc-readers.com\/wp-content\/uploads\/2024\/04\/H41cec2b20d6746e4bf71ea249b81ff01N-600x491.jpg 600w\" sizes=\"auto, (max-width: 525px) 100vw, 525px\" \/><\/div>\n<div><img loading=\"lazy\" decoding=\"async\" class=\"alignnone wp-image-2135\" src=\"https:\/\/nfc-readers.com\/wp-content\/uploads\/2024\/04\/HTB1OdAhDr9YBuNjy0Fgq6AxcXXaH-300x300.jpg\" alt=\"\" width=\"527\" height=\"527\" srcset=\"https:\/\/nfc-readers.com\/wp-content\/uploads\/2024\/04\/HTB1OdAhDr9YBuNjy0Fgq6AxcXXaH-300x300.jpg 300w, https:\/\/nfc-readers.com\/wp-content\/uploads\/2024\/04\/HTB1OdAhDr9YBuNjy0Fgq6AxcXXaH-150x150.jpg 150w, https:\/\/nfc-readers.com\/wp-content\/uploads\/2024\/04\/HTB1OdAhDr9YBuNjy0Fgq6AxcXXaH-600x600.jpg 600w, https:\/\/nfc-readers.com\/wp-content\/uploads\/2024\/04\/HTB1OdAhDr9YBuNjy0Fgq6AxcXXaH-100x100.jpg 100w, https:\/\/nfc-readers.com\/wp-content\/uploads\/2024\/04\/HTB1OdAhDr9YBuNjy0Fgq6AxcXXaH.jpg 750w\" sizes=\"auto, (max-width: 527px) 100vw, 527px\" \/><\/div>\n<div><\/div>\n<div>\n<p>pogosta vpra\u0161anja:<\/p>\n<p><strong>1. NAM LAHKO PONUDITE NEKAJ VZORCEV?<\/strong><\/p>\n<p>Ko jasno vemo, katere izdelke potrebujete, lahko ponudimo podoben obstoje\u010di vzorec za va\u0161o referenco.<\/p>\n<p>Brezpla\u010dni vzorec s stro\u0161ki po\u0161iljanja, ki ste jih pla\u010dali.<\/p>\n<p>\u010ce potrebujete vzorec oznake po meri, ki temelji na va\u0161i zasnovi in zahtevah, se ustrezno zara\u010dunajo razumni stro\u0161ki vzorca.<\/p>\n<p>&nbsp;<\/p>\n<p><strong>2. NISMO IZVEDEN KUPEC ZA VA\u0160O TEHNOLOGIJO. KATERE INFORMACIJE POTREBUJETE OD NAS ZA CITAVANJE?<\/strong><\/p>\n<p>Dragi prijatelj, jasno nam povejte aplikacijo oznake, kak\u0161en cilj \u017eelite dose\u010di,<\/p>\n<p>predlagali bi vam ustrezen izdelek po ugodni ceni<\/p>\n<p>&nbsp;<\/p>\n<p><strong>3. ALI LAHKO OBI\u0160\u010cEMO VA\u0160O TOVARNO?<\/strong><\/p>\n<p>Da, toplo pozdravljamo va\u0161 ogled tovarne. In v \u010dast mi je biti va\u0161 vodnik na va\u0161em potovanju po Kitajski.<\/p>\n<p>&nbsp;<\/p>\n<\/div>\n<p>&nbsp;<\/p>","protected":false},"excerpt":{"rendered":"<p>Silikonske zapestnice RFID s tehnologijo \u010dipov NFC omogo\u010dajo brezkontaktno identifikacijo za prodajo vstopnic, nadzor dostopa in u\u010dinkovito upravljanje dogodkov.<\/p>","protected":false},"featured_media":2136,"template":"","meta":[],"product_brand":[],"product_cat":[50],"product_tag":[],"class_list":{"0":"post-2133","1":"product","2":"type-product","3":"status-publish","4":"has-post-thumbnail","6":"product_cat-silicone-rfid-nfc-wristbands","8":"first","9":"instock","10":"shipping-taxable","11":"product-type-simple"},"_links":{"self":[{"href":"https:\/\/nfc-readers.com\/sl\/wp-json\/wp\/v2\/product\/2133","targetHints":{"allow":["GET"]}}],"collection":[{"href":"https:\/\/nfc-readers.com\/sl\/wp-json\/wp\/v2\/product"}],"about":[{"href":"https:\/\/nfc-readers.com\/sl\/wp-json\/wp\/v2\/types\/product"}],"wp:featuredmedia":[{"embeddable":true,"href":"https:\/\/nfc-readers.com\/sl\/wp-json\/wp\/v2\/media\/2136"}],"wp:attachment":[{"href":"https:\/\/nfc-readers.com\/sl\/wp-json\/wp\/v2\/media?parent=2133"}],"wp:term":[{"taxonomy":"product_brand","embeddable":true,"href":"https:\/\/nfc-readers.com\/sl\/wp-json\/wp\/v2\/product_brand?post=2133"},{"taxonomy":"product_cat","embeddable":true,"href":"https:\/\/nfc-readers.com\/sl\/wp-json\/wp\/v2\/product_cat?post=2133"},{"taxonomy":"product_tag","embeddable":true,"href":"https:\/\/nfc-readers.com\/sl\/wp-json\/wp\/v2\/product_tag?post=2133"}],"curies":[{"name":"wp","href":"https:\/\/api.w.org\/{rel}","templated":true}]}}