{"id":2144,"date":"2024-04-22T03:53:51","date_gmt":"2024-04-22T03:53:51","guid":{"rendered":"https:\/\/nfc-readers.com\/?post_type=product&#038;p=2144"},"modified":"2024-09-24T06:02:28","modified_gmt":"2024-09-24T06:02:28","slug":"nfc-smart-ring","status":"publish","type":"product","link":"https:\/\/nfc-readers.com\/sl\/ic-reader\/nfc-smart-ring\/","title":{"rendered":"Pametni obro\u010d NFC"},"content":{"rendered":"<table width=\"443\">\n<tbody>\n<tr style=\"font-style: inherit; font-weight: inherit;\">\n<td style=\"font-style: inherit;\" width=\"152\">Ime izdelka<\/td>\n<td style=\"font-style: inherit;\" width=\"291\">Prstan NFC<\/td>\n<\/tr>\n<tr style=\"font-style: inherit; font-weight: inherit;\">\n<td style=\"font-style: inherit;\" width=\"152\">Material<\/td>\n<td style=\"font-style: inherit;\" width=\"291\">Glavno telo je cirkonijeva keramika, povr\u0161ina pa epoksi smola<\/td>\n<\/tr>\n<tr style=\"font-style: inherit; font-weight: inherit;\">\n<td style=\"font-style: inherit;\" width=\"152\">Notranji premer obro\u010da<\/td>\n<td style=\"font-style: inherit;\" width=\"291\">16 mm, 17 mm, 18 mm, 19 mm, 20 mm, 21 mm, 22 mm, 23 mm<\/td>\n<\/tr>\n<tr style=\"font-style: inherit; font-weight: inherit;\">\n<td style=\"font-style: inherit;\" width=\"152\">\u010dip<\/td>\n<td style=\"font-style: inherit;\" width=\"291\">NFC 215 213 216, IC(UID),ID(EM4305)<\/td>\n<\/tr>\n<tr style=\"font-style: inherit; font-weight: inherit;\">\n<td style=\"font-style: inherit;\" width=\"152\">Protokol<\/td>\n<td style=\"font-style: inherit;\" width=\"291\">NFC forum tipa 2 ISO14443A<\/td>\n<\/tr>\n<tr style=\"font-style: inherit; font-weight: inherit;\">\n<td style=\"font-style: inherit;\" width=\"152\">Pogostost<\/td>\n<td style=\"font-style: inherit;\" width=\"291\">13,56 MHz<\/td>\n<\/tr>\n<tr style=\"font-style: inherit; font-weight: inherit;\">\n<td style=\"font-style: inherit;\" width=\"152\">Smer zaznavanja<\/td>\n<td style=\"font-style: inherit;\" width=\"291\">Vsesmerno zaznavanje<\/td>\n<\/tr>\n<tr style=\"font-style: inherit; font-weight: inherit;\">\n<td style=\"font-style: inherit;\" width=\"152\">Zaznavanje razdalje<\/td>\n<td style=\"font-style: inherit;\" width=\"291\">0-10 cm (odvisno od bralnika)<\/td>\n<\/tr>\n<tr style=\"font-style: inherit; font-weight: inherit;\">\n<td style=\"font-style: inherit;\" width=\"152\">Paket<\/td>\n<td style=\"font-style: inherit;\" width=\"291\">Prstan NFC + priro\u010dnik<\/td>\n<\/tr>\n<\/tbody>\n<\/table>\n<p>&nbsp;<\/p>\n<p>funkcija:<br \/>\nPametni prstan je komponenta nosljivega pripomo\u010dka, izvaja \u010darobne funkcije na mobilnem telefonu in upravlja mobilno funkcijo ter deli podatke z brez\u017ei\u010dno frekven\u010dno komunikacijsko tehnologijo NFC, funkcije napredne zasnove so naslednje: zaklepanje APP, samodejni zagon, skrivanje APP, Delite vizitko, delite internetno povezavo, delite besedilo in delite spletno datoteko. Oblika izdelka je zasnovana v skladu z mednarodnimi priljubljenimi elementi, ustvarjena s \u010distim medicinskim titanom, brez potrebe po polnjenju, visoka vodoodpornost in primerna za vse ljudi kadar koli.<\/p>\n<p>&nbsp;<\/p>\n<p><iframe loading=\"lazy\" title=\"Prstan NFC\" width=\"1020\" height=\"574\" src=\"https:\/\/www.youtube.com\/embed\/rflL5fkvj6c?feature=oembed\" frameborder=\"0\" allow=\"accelerometer; autoplay; clipboard-write; encrypted-media; gyroscope; picture-in-picture; web-share\" referrerpolicy=\"strict-origin-when-cross-origin\" allowfullscreen><\/iframe><\/p>\n<p>&nbsp;<\/p>\n<p><span class=\"magic-26\"><b data-spm-anchor-id=\"a2700.details.0.i59.2acc580aDAbgjP\">A) Kako lahko dobim vzorec? <\/b><\/span><\/p>\n<div><span class=\"magic-26\">Preden smo prejeli prvo naro\u010dilo, si privo\u0161\u010dite stro\u0161ke vzorca in ekspresno pristojbino. Vrnili bomo<br \/>\nstro\u0161ke vzorca vam vrnemo v va\u0161em prvem naro\u010dilu. <\/span><\/div>\n<div><\/div>\n<div><\/div>\n<div><\/div>\n<div><span class=\"magic-26\"><b>B) Ali bi lahko na svojih izdelkih postavili na\u0161o blagovno znamko?<\/b><\/span><\/div>\n<div><span class=\"magic-26\">ja Va\u0161 logotip lahko natisnemo tako na izdelke kot na pakete, \u010de izpolnjujete na\u0161e MOQ. <\/span><\/div>\n<div><span class=\"magic-26\">\u00a0<\/span><\/div>\n<div><span class=\"magic-26\"><b>C) Ali lahko svoje izdelke izdelate po na\u0161i barvi? <\/b><\/span><\/div>\n<div><span class=\"magic-26\">Da, barvo izdelkov je mogo\u010de prilagoditi, \u010de izpolnjujete na\u0161e MOQ. <\/span><\/div>\n<div><span class=\"magic-26\">\u00a0<\/span><\/div>\n<div><span class=\"magic-26\"><b>D) Kako zagotoviti kakovost svojih izdelkov? <\/b><\/span><\/div>\n<div><span class=\"magic-26\" data-spm-anchor-id=\"a2700.details.0.i60.2acc580aDAbgjP\">1) Strogo odkrivanje med proizvodnjo. <\/span><\/div>\n<div><span class=\"magic-26\">2) Zagotovljena je stroga in\u0161pekcija vzor\u010denja izdelkov pred odpremo in nepo\u0161kodovana embala\u017ea izdelka<\/span><\/div>","protected":false},"excerpt":{"rendered":"<p>NFC Smart Ring s \u010dipom NFC in tehnologijo RFID pri 13,56M ponuja eleganten na\u010din za brez\u017ei\u010dno interakcijo s pametnimi telefoni in sistemi za dostop.<\/p>","protected":false},"featured_media":2145,"template":"","meta":[],"product_brand":[],"product_cat":[52],"product_tag":[],"class_list":{"0":"post-2144","1":"product","2":"type-product","3":"status-publish","4":"has-post-thumbnail","6":"product_cat-nfc-smart-ring","8":"first","9":"instock","10":"shipping-taxable","11":"product-type-simple"},"_links":{"self":[{"href":"https:\/\/nfc-readers.com\/sl\/wp-json\/wp\/v2\/product\/2144","targetHints":{"allow":["GET"]}}],"collection":[{"href":"https:\/\/nfc-readers.com\/sl\/wp-json\/wp\/v2\/product"}],"about":[{"href":"https:\/\/nfc-readers.com\/sl\/wp-json\/wp\/v2\/types\/product"}],"wp:featuredmedia":[{"embeddable":true,"href":"https:\/\/nfc-readers.com\/sl\/wp-json\/wp\/v2\/media\/2145"}],"wp:attachment":[{"href":"https:\/\/nfc-readers.com\/sl\/wp-json\/wp\/v2\/media?parent=2144"}],"wp:term":[{"taxonomy":"product_brand","embeddable":true,"href":"https:\/\/nfc-readers.com\/sl\/wp-json\/wp\/v2\/product_brand?post=2144"},{"taxonomy":"product_cat","embeddable":true,"href":"https:\/\/nfc-readers.com\/sl\/wp-json\/wp\/v2\/product_cat?post=2144"},{"taxonomy":"product_tag","embeddable":true,"href":"https:\/\/nfc-readers.com\/sl\/wp-json\/wp\/v2\/product_tag?post=2144"}],"curies":[{"name":"wp","href":"https:\/\/api.w.org\/{rel}","templated":true}]}}