{"id":2730,"date":"2024-06-07T08:01:07","date_gmt":"2024-06-07T08:01:07","guid":{"rendered":"https:\/\/nfc-readers.com\/?post_type=product&#038;p=2730"},"modified":"2024-09-24T02:54:03","modified_gmt":"2024-09-24T02:54:03","slug":"wallet-mate-nfc-reader-writer-support-apple-pay-and-google-vas","status":"publish","type":"product","link":"https:\/\/nfc-readers.com\/sl\/ic-reader\/wallet-mate-nfc-reader-writer-support-apple-pay-and-google-vas\/","title":{"rendered":"Wallet Mate NFC Reader Writer - Podpora za Apple Pay in Google VAS"},"content":{"rendered":"<h1>Wallet Mate NFC Reader Writer - Podpora za Apple Pay in Google VAS<\/h1>\n<div><\/div>\n<div class=\"auto-hide-last-sibling-br paragraph_1252f paragraph-element\"><strong>Wallet Mate NFC Reader Writer<\/strong> se pojavi kot najsodobnej\u0161i pripomo\u010dek, ki vklju\u010duje protokole VAS in funkcije bralnika za nadzor dostopa NFC za izbolj\u0161ano interakcijo brez kartice. Skupaj s terminalom POS z bralnikom NFC, robustnimi varnostnimi ukrepi in \u0161iroko paleto zdru\u017eljivostjo aplikacij predstavlja pionirja novega standarda udobja in u\u010dinkovitosti. Zaradi njegove zasnove in funkcionalnosti je nepogre\u0161ljiv kos opreme za tiste, ki \u017eelijo izkoristiti prednosti tehnologije NFC za varne, gladke in hitre transakcije.<\/div>\n<div><\/div>\n<h2 class=\"auto-hide-last-sibling-br paragraph_1252f paragraph-element\">Visokohitrostni vmesnik USB 2.0<\/h2>\n<h3 class=\"auto-hide-last-sibling-br paragraph_1252f paragraph-element\"><br class=\"container_e695a wrapper_ad07b undefined\" \/>Skladnost s standardi CCID<br class=\"container_e695a wrapper_ad07b undefined\" \/>Mobilna denarnica in brezkontaktni bralnik pametnih kartic:<br class=\"container_e695a wrapper_ad07b undefined\" \/>Certificirano s strani Apple VAS &amp; Google Smart Tap (Opomba: WalletMate je certificiran samo za VAS, ne za pla\u010dilne terminale) Hitrosti prenosa podatkov, ki dosegajo 424 kbps<br class=\"container_e695a wrapper_ad07b undefined\" \/>Vgrajena antena za brezkontaktno dostopnost oznak, ki ponuja razdaljo branja kartice do 50 mm (odvisno od vrste oznak)<br class=\"container_e695a wrapper_ad07b undefined\" \/>Zdru\u017eljivost s karticami ISO 14443 tipa A in B, MIFARE\u00ae, FeliCa in vsemi \u0161tirimi vrstami oznak NFC (ISO\/IEC 18092).<br class=\"container_e695a wrapper_ad07b undefined\" \/>Podpora za MIFARE\u00ae 7-byte UID, MIFARE\u00ae Plus in MIFARE\u00ae DESfire<br class=\"container_e695a wrapper_ad07b undefined\" \/>Integrirana funkcija proti tr\u010denju (v danem trenutku je mogo\u010de dostopati samo do ene oznake)<\/h3>\n<h2 class=\"auto-hide-last-sibling-br paragraph_1252f paragraph-element\"><br class=\"container_e695a wrapper_ad07b undefined\" \/>Podpora za NFC:<\/h2>\n<h3 class=\"auto-hide-last-sibling-br paragraph_1252f paragraph-element\"><br class=\"container_e695a wrapper_ad07b undefined\" \/>Funkcionalnost v na\u010dinu Reader\/Writer<br class=\"container_e695a wrapper_ad07b undefined\" \/>Na\u010din Peer-to-Peer<br class=\"container_e695a wrapper_ad07b undefined\" \/>Na\u010din emulacije kartice<\/h3>\n<h2 class=\"auto-hide-last-sibling-br paragraph_1252f paragraph-element\"><br class=\"container_e695a wrapper_ad07b undefined\" \/>Programski vmesnik aplikacije:<\/h2>\n<h3 class=\"auto-hide-last-sibling-br paragraph_1252f paragraph-element\"><br class=\"container_e695a wrapper_ad07b undefined\" \/>Apple VAS &amp; Google Smart Tap API zdru\u017eljivost s platformama Windows in Linux<br class=\"container_e695a wrapper_ad07b undefined\" \/>Podpora za PC\/SC<br class=\"container_e695a wrapper_ad07b undefined\" \/>Podpora za CT-API (omogo\u010deno z ovojom na osnovi PC\/SC)<\/h3>\n<h2 class=\"auto-hide-last-sibling-br paragraph_1252f paragraph-element\">Dodatne funkcije:<\/h2>\n<h3 class=\"auto-hide-last-sibling-br paragraph_1252f paragraph-element\"><br class=\"container_e695a wrapper_ad07b undefined\" \/>Dvobarvna LED, ki jo lahko nadzoruje uporabnik<br class=\"container_e695a wrapper_ad07b undefined\" \/>Sistem za zvo\u010dno opozarjanje, ki ga nadzoruje uporabnik<br class=\"container_e695a wrapper_ad07b undefined\" \/>Zmo\u017enost posodobitev vdelane programske opreme USB<\/h3>\n<p>&nbsp;<\/p>\n<ul>\n<li>\n<table width=\"559\">\n<tbody>\n<tr>\n<td colspan=\"2\" width=\"559\">Fizi\u010dne zna\u010dilnosti<\/td>\n<\/tr>\n<tr>\n<td width=\"214\">Mere (mm)<\/td>\n<td width=\"345\">98,0 mm (D) x 65,0 mm (\u0160) x 12,8 mm (V)<\/td>\n<\/tr>\n<tr>\n<td width=\"214\">Te\u017ea (g)<\/td>\n<td width=\"345\">81g<\/td>\n<\/tr>\n<tr>\n<td colspan=\"2\" width=\"559\">USB vmesnik<\/td>\n<\/tr>\n<tr>\n<td width=\"214\">Protokol<\/td>\n<td width=\"345\">USB CCID<\/td>\n<\/tr>\n<tr>\n<td width=\"214\">Vrsta priklju\u010dka<\/td>\n<td width=\"345\">USB Type-A (ACR1252U-MW)<\/td>\n<\/tr>\n<tr>\n<td width=\"214\">Vir energije<\/td>\n<td width=\"345\">Iz vrat USB<\/td>\n<\/tr>\n<tr>\n<td width=\"214\">Hitrost<\/td>\n<td width=\"345\">Polna hitrost USB (12 Mb\/s)<\/td>\n<\/tr>\n<tr>\n<td width=\"214\">Dol\u017eina kabla<\/td>\n<td width=\"345\">1,0 m, nesnemljiv<\/td>\n<\/tr>\n<tr>\n<td colspan=\"2\" width=\"559\">Vmesnik brezkontaktne pametne kartice<\/td>\n<\/tr>\n<tr>\n<td width=\"214\">Standardno<\/td>\n<td width=\"345\">ISO\/IEC 18092 NFC, ISO 14443 tipa A &amp; B, MIFARE\u00ae, FeliCa<\/td>\n<\/tr>\n<tr>\n<td rowspan=\"4\" width=\"214\">Protokol<\/td>\n<td width=\"345\">Kartica, skladna s standardom ISO 14443-4, T=CL<\/td>\n<\/tr>\n<tr>\n<td width=\"345\">Klasi\u010dna kartica MIFARE\u00ae, T=CL<\/td>\n<\/tr>\n<tr>\n<td width=\"345\">ISO18092, oznake NFC<\/td>\n<\/tr>\n<tr>\n<td width=\"345\">FeliCa<\/td>\n<\/tr>\n<tr>\n<td colspan=\"2\" width=\"559\">Vgrajene zunanje naprave<\/td>\n<\/tr>\n<tr>\n<td width=\"214\">LED<\/td>\n<td width=\"345\">1 dvobarvna: rde\u010da in zelena<\/td>\n<\/tr>\n<tr>\n<td width=\"214\">Bren\u010dalo<\/td>\n<td width=\"345\">Monotona<\/td>\n<\/tr>\n<tr>\n<td colspan=\"2\" width=\"559\">Druge funkcije<\/td>\n<\/tr>\n<tr>\n<td width=\"214\">Nadgradnja vdelane programske opreme<\/td>\n<td width=\"345\">Podprto<\/td>\n<\/tr>\n<tr>\n<td colspan=\"2\" width=\"559\">Certifikati\/skladnost<\/td>\n<\/tr>\n<tr>\n<td rowspan=\"4\" width=\"214\">Certifikati\/skladnost<\/td>\n<td width=\"345\">Certifikati:<\/td>\n<\/tr>\n<tr>\n<td width=\"345\">Apple VAS, Google Smart Tap, NFC Forum Certification Mark, IEC\/EN 62368, CE, FCC, UKCA, J-LIS, VCCI, TELEC, KC, BIS, RoHS, REACH, WEEE<\/td>\n<\/tr>\n<tr>\n<td width=\"345\">Skladnosti:<\/td>\n<\/tr>\n<tr>\n<td width=\"345\">USB CCID, PC\/SC<\/td>\n<\/tr>\n<tr>\n<td colspan=\"2\" width=\"559\">Podpora za operacijski sistem gonilnika naprave<\/td>\n<\/tr>\n<tr>\n<td width=\"214\">Podpora za operacijski sistem gonilnika naprave<\/td>\n<td width=\"345\">Windows\u00ae, Linux\u00ae, macOS (v razvoju), Android\u2122 (v razvoju)<\/td>\n<\/tr>\n<\/tbody>\n<\/table>\n<\/li>\n<\/ul>","protected":false},"excerpt":{"rendered":"<div>Mobilna denarnica, inovativni bralnik NFC podpira brezkarti\u010dno sodelovanje z digitalnimi karticami, ki jih podpirata VAS Apple in Google VAS za naprave iOS in Android.<\/div>\n<div><\/div>","protected":false},"featured_media":2731,"template":"","meta":[],"product_brand":[],"product_cat":[45,40],"product_tag":[],"class_list":{"0":"post-2730","1":"product","2":"type-product","3":"status-publish","4":"has-post-thumbnail","6":"product_cat-contactless-nfc-reader","7":"product_cat-rfid-nfc-reader","9":"first","10":"instock","11":"shipping-taxable","12":"product-type-simple"},"_links":{"self":[{"href":"https:\/\/nfc-readers.com\/sl\/wp-json\/wp\/v2\/product\/2730","targetHints":{"allow":["GET"]}}],"collection":[{"href":"https:\/\/nfc-readers.com\/sl\/wp-json\/wp\/v2\/product"}],"about":[{"href":"https:\/\/nfc-readers.com\/sl\/wp-json\/wp\/v2\/types\/product"}],"wp:featuredmedia":[{"embeddable":true,"href":"https:\/\/nfc-readers.com\/sl\/wp-json\/wp\/v2\/media\/2731"}],"wp:attachment":[{"href":"https:\/\/nfc-readers.com\/sl\/wp-json\/wp\/v2\/media?parent=2730"}],"wp:term":[{"taxonomy":"product_brand","embeddable":true,"href":"https:\/\/nfc-readers.com\/sl\/wp-json\/wp\/v2\/product_brand?post=2730"},{"taxonomy":"product_cat","embeddable":true,"href":"https:\/\/nfc-readers.com\/sl\/wp-json\/wp\/v2\/product_cat?post=2730"},{"taxonomy":"product_tag","embeddable":true,"href":"https:\/\/nfc-readers.com\/sl\/wp-json\/wp\/v2\/product_tag?post=2730"}],"curies":[{"name":"wp","href":"https:\/\/api.w.org\/{rel}","templated":true}]}}