{"id":2732,"date":"2024-10-07T08:34:31","date_gmt":"2024-10-07T08:34:31","guid":{"rendered":"https:\/\/nfc-readers.com\/?post_type=product&#038;p=2732"},"modified":"2024-10-28T14:32:27","modified_gmt":"2024-10-28T14:32:27","slug":"nfc-reader-writer-support-apple-pay-and-google-vas","status":"publish","type":"product","link":"https:\/\/nfc-readers.com\/sl\/ic-reader\/nfc-reader-writer-support-apple-pay-and-google-vas\/","title":{"rendered":"NFC Reader Writer Podpira Apple Pay in Google VAS"},"content":{"rendered":"<div class=\"auto-hide-last-sibling-br paragraph_1252f paragraph-element\">\n<h1>NFC Reader Writer Podpira Apple Pay in Google VAS<\/h1>\n<p>Vnesite\u00a0<strong>NFC bralnik<\/strong>, sofisticiran kos tehnologije, zasnovan za izbolj\u0161anje brezsti\u010dnih transakcij in racionalizacijo nadzora dostopa z neprimerljivo u\u010dinkovitostjo. Ne glede na to, ali \u017eelite svoje transakcije narediti hitrej\u0161e, pove\u010dati varnost ali preprosto nadgraditi svojo tehnologijo, je bralnik NFC bistveno orodje v va\u0161em arzenalu. S sposobnostjo branja in pisanja\u00a0<strong>NFC oznake<\/strong>\u00a0in kartice, vklju\u010dno s priljubljenimi formati, kot je\u00a0<strong>MIFARE<\/strong>, je ta naprava v ospredju inovativnih pla\u010dilnih re\u0161itev.<\/p>\n<h2>Prednosti izbire bralnika NFC<\/h2>\n<p>Nalo\u017eba v bralnik NFC ni le nakup; je nadgradnja va\u0161ih pla\u010dilnih zmo\u017enosti, ki ponuja \u0161tevilne prednosti. V prvi vrsti pove\u010duje varnost z omogo\u010danjem\u00a0<strong>brezkontaktno<\/strong>\u00a0pla\u010dil, kar zmanj\u0161a tveganje, povezano z gotovinskimi transakcijami. Zasnovan je tudi za enostavno uporabo, saj se pona\u0161a s preprostim postopkom nastavitve, ki se lahko prek USB-ja pove\u017ee s \u0161tevilnimi napravami, kar omogo\u010da integracijo z va\u0161imi obstoje\u010dimi sistemi. Kompaktna in prenosna zasnova zagotavlja, da lahko svojo zmogljivost NFC vzamete kamor koli, zaradi \u010desar je idealna za trgovce in posameznike.<\/p>\n<h3>1.\u00a0<strong>Celovita podpora za NFC<\/strong><\/h3>\n<p>The\u00a0<strong>NFC bralnik<\/strong>\u00a0podpira \u0161tevilne funkcije NFC, vklju\u010dno z na\u010dinom branja\/zapisovanja, na\u010dinom enakovrednega in na\u010dinom emulacije kartice. Ta vsestranskost zagotavlja zdru\u017eljivost z razli\u010dnimi transakcijami, od branja\u00a0<strong>NFC kartice<\/strong>\u00a0olaj\u0161ati mobilno pla\u010devanje prek\u00a0<strong>Google Pay<\/strong>\u00a0in\u00a0<strong>Apple Pay<\/strong>.<\/p>\n<h4>Na\u010din bralnika\/pisca<\/h4>\n<p>Z na\u010dinom Reader\/Writer Mode lahko uporabniki brez te\u017eav\u00a0<strong>brati in pisati<\/strong>\u00a0podatkov v oznake NFC, zaradi \u010desar je naprava popolna za aplikacije pri upravljanju zalog in marketin\u0161kih akcijah.<\/p>\n<h4>Na\u010din Peer-to-Peer<\/h4>\n<p>Na\u010din Peer-to-Peer olaj\u0161a izmenjavo podatkov med dvema napravama, ki podpirata NFC, kar omogo\u010da brezhibne transakcije ali prenose informacij, kar pove\u010duje udobje za uporabnike.<\/p>\n<h3>2.\u00a0<strong>Visoki standardi zdru\u017eljivosti<\/strong><\/h3>\n<p>Ta bralnik NFC je zdru\u017eljiv s \u0161iroko paleto pametnih kartic, vklju\u010dno s karticami ISO 14443 tipa A in B, zaradi \u010desar je univerzalna re\u0161itev za podjetja, ki potrebujejo\u00a0<strong>\u010ditalec kartic<\/strong>\u00a0za ve\u010d vrst kartic.<\/p>\n<h4>Podpira razli\u010dne oznake NFC<\/h4>\n<p>Poleg standardov ISO naprava podpira tudi formate, kot sta MIFARE\u00ae in FeliCa, kar zagotavlja celovito podporo za prakti\u010dno vse uporabnike.<\/p>\n<h4>USB povezljivost<\/h4>\n<p>S hitrim vmesnikom USB 2.0 lahko bralnik NFC preprosto pove\u017eete s pametnimi telefoni ali tablicami za hiter prenos podatkov \u2013 vse je pripravljeno za uporabo\u00a0<strong>preko USB<\/strong>.<\/p>\n<h3>3.\u00a0<strong>Robustne varnostne funkcije<\/strong><\/h3>\n<p>Varnost je najpomembnej\u0161a za vsako napravo za transakcije in \u010ditalnik NFC se odlikuje s svojo vgrajeno funkcijo za prepre\u010devanje trkov, ki zagotavlja, da se prebere samo ena oznaka naenkrat, kar znatno zmanj\u0161a mo\u017enosti po\u0161kodovanja podatkov ali goljufije.<\/p>\n<h4>Napredno \u0161ifriranje<\/h4>\n<p>Bralnik NFC podpira razli\u010dne tehnike \u0161ifriranja za varen prenos podatkov, kar zagotavlja, da ob\u010dutljive informacije ostanejo za\u0161\u010ditene med celotnim postopkom transakcije.<\/p>\n<h4>Uporabni\u0161ka opozorila<\/h4>\n<p>Opremljeni z zvo\u010dnim opozorilnim sistemom, ki ga nadzoruje uporabnik, lahko uporabniki prejmejo takoj\u0161nje povratne informacije med delovanjem, kar izbolj\u0161a uporabnost in zagotovi, da so uporabniki seznanjeni z uspe\u0161nimi branji.<\/p>\n<h3>4.\u00a0<strong>Vpliv na okolje<\/strong><\/h3>\n<p>Ker se podjetja vse bolj zavedajo svojega okoljskega odtisa, je bralnik NFC zasnovan z mislijo na trajnost. Naprava uporablja minimalno mo\u010d in jo je mogo\u010de priklju\u010diti na obstoje\u010de sisteme brez obse\u017enih nadgradenj strojne opreme, kar zmanj\u0161a koli\u010dino odpadkov.<\/p>\n<h4>U\u010dinkovita poraba energije<\/h4>\n<p>\u010citalnik NFC, ki deluje pri frekvenci 13,56 MHz, je energetsko u\u010dinkovit in omogo\u010da obse\u017eno uporabo brez visokih stro\u0161kov elektri\u010dne energije. Podjetja lahko uporabljajo to tehnologijo, ne da bi se bali pove\u010danja povpra\u0161evanja po energiji.<\/p>\n<h3>5.\u00a0<strong>Uporabniku prijazen dizajn<\/strong><\/h3>\n<p>Bralnik NFC ima kompaktno in elegantno zasnovo, ki se brezhibno vklju\u010di v va\u0161 potek dela. Dvobarvna LED, ki jo nadzoruje uporabnik, zagotavlja takoj\u0161njo vizualno povratno informacijo med delovanjem in uporabnike u\u010dinkovito obve\u0161\u010da o statusih transakcij.<\/p>\n<h4>Prenosljivost<\/h4>\n<p>Zaradi njegovega lahkega okvirja je idealna re\u0161itev za podjetja na poti, od maloprodajnih trgovin do tovornjakov s hrano, saj omogo\u010da hitro namestitev, kjer je to potrebno, zaradi \u010desar je zelo u\u010dinkovit tako za za\u010dasne kot stalne namestitve.<\/p>\n<h3>6.\u00a0<strong>Zdru\u017eljivost ekosistemov<\/strong><\/h3>\n<p>NFC Reader je zdru\u017eljiv z razli\u010dnimi operacijskimi sistemi, kot so Windows, Linux in Android, kar omogo\u010da \u0161iroko uporabo v razli\u010dnih okoljih.<\/p>\n<h4>Enostavna integracija z uveljavljenimi sistemi<\/h4>\n<p>Izbolj\u0161ajte svoje obstoje\u010de POS sisteme z uporabo bralnika NFC in hkrati izkoristite njegovo zdru\u017eljivost s \u0161iroko uporabljanimi trgovinami z aplikacijami za prenos ustreznih aplikacij za va\u0161e poslovne potrebe.<\/p>\n<\/div>\n<table width=\"559\">\n<tbody>\n<tr>\n<td colspan=\"2\" width=\"559\">Fizi\u010dne zna\u010dilnosti<\/td>\n<\/tr>\n<tr>\n<td width=\"214\">Mere (mm)<\/td>\n<td width=\"345\">98,0 mm (D) x 65,0 mm (\u0160) x 12,8 mm (V)<\/td>\n<\/tr>\n<tr>\n<td width=\"214\">Te\u017ea (g)<\/td>\n<td width=\"345\">81g<\/td>\n<\/tr>\n<tr>\n<td colspan=\"2\" width=\"559\">USB vmesnik<\/td>\n<\/tr>\n<tr>\n<td width=\"214\">Protokol<\/td>\n<td width=\"345\">USB CCID<\/td>\n<\/tr>\n<tr>\n<td width=\"214\">Vrsta priklju\u010dka<\/td>\n<td width=\"345\">USB Type-A (ACR1252U-MW)<\/td>\n<\/tr>\n<tr>\n<td width=\"214\">Vir energije<\/td>\n<td width=\"345\">Iz vrat USB<\/td>\n<\/tr>\n<tr>\n<td width=\"214\">Hitrost<\/td>\n<td width=\"345\">Polna hitrost USB (12 Mb\/s)<\/td>\n<\/tr>\n<tr>\n<td width=\"214\">Dol\u017eina kabla<\/td>\n<td width=\"345\">1,0 m, nesnemljiv<\/td>\n<\/tr>\n<tr>\n<td colspan=\"2\" width=\"559\">Vmesnik brezkontaktne pametne kartice<\/td>\n<\/tr>\n<tr>\n<td width=\"214\">Standardno<\/td>\n<td width=\"345\">ISO\/IEC 18092 NFC, ISO 14443 tipa A &amp; B, MIFARE\u00ae, FeliCa<\/td>\n<\/tr>\n<tr>\n<td rowspan=\"4\" width=\"214\">Protokol<\/td>\n<td width=\"345\">Kartica, skladna s standardom ISO 14443-4, T=CL<\/td>\n<\/tr>\n<tr>\n<td width=\"345\">Klasi\u010dna kartica MIFARE\u00ae, T=CL<\/td>\n<\/tr>\n<tr>\n<td width=\"345\">ISO18092, oznake NFC<\/td>\n<\/tr>\n<tr>\n<td width=\"345\">FeliCa<\/td>\n<\/tr>\n<tr>\n<td colspan=\"2\" width=\"559\">Vgrajene zunanje naprave<\/td>\n<\/tr>\n<tr>\n<td width=\"214\">LED<\/td>\n<td width=\"345\">1 dvobarvna: rde\u010da in zelena<\/td>\n<\/tr>\n<tr>\n<td width=\"214\">Bren\u010dalo<\/td>\n<td width=\"345\">Monotona<\/td>\n<\/tr>\n<tr>\n<td colspan=\"2\" width=\"559\">Druge funkcije<\/td>\n<\/tr>\n<tr>\n<td width=\"214\">Nadgradnja vdelane programske opreme<\/td>\n<td width=\"345\">Podprto<\/td>\n<\/tr>\n<tr>\n<td colspan=\"2\" width=\"559\">Certifikati\/skladnost<\/td>\n<\/tr>\n<tr>\n<td rowspan=\"4\" width=\"214\">Certifikati\/skladnost<\/td>\n<td width=\"345\">Certifikati:<\/td>\n<\/tr>\n<tr>\n<td width=\"345\">Apple VAS, Google Smart Tap, NFC Forum Certification Mark, IEC\/EN 62368, CE, FCC, UKCA, J-LIS, VCCI, TELEC, KC, BIS, RoHS, REACH, WEEE<\/td>\n<\/tr>\n<tr>\n<td width=\"345\">Skladnosti:<\/td>\n<\/tr>\n<tr>\n<td width=\"345\">USB CCID, PC\/SC<\/td>\n<\/tr>\n<tr>\n<td colspan=\"2\" width=\"559\">Podpora za operacijski sistem gonilnika naprave<\/td>\n<\/tr>\n<tr>\n<td width=\"214\">Podpora za operacijski sistem gonilnika naprave<\/td>\n<td width=\"345\">Windows\u00ae, Linux\u00ae, macOS (v razvoju), Android\u2122 (v razvoju)<\/td>\n<\/tr>\n<\/tbody>\n<\/table>\n<h2>Mnenja strank<\/h2>\n<blockquote><p>\u00bbBralnik NFC je spremenil na\u010din obdelave pla\u010dil. Je hiter, varen in neverjetno enostaven za integracijo z na\u0161imi obstoje\u010dimi sistemi!\u00ab \u2013\u00a0<strong>James T.<\/strong>, vodja maloprodaje<\/p><\/blockquote>\n<blockquote><p>\u00bbV\u0161e\u010d mi je, kako prenosljiv je ta bralnik NFC! Popoln je za moj posel s tovornjaki s hrano.\u00ab \u2013\u00a0<strong>Sandra W.<\/strong>, lastnik malega podjetja<\/p><\/blockquote>\n<h2>Pogosto zastavljena vpra\u0161anja (FAQ)<\/h2>\n<p><strong>1. Katere vrste kartic lahko bere \u010ditalnik NFC?<\/strong><br \/>\nBralnik NFC podpira kartice ISO 14443 tipa A in B, MIFARE\u00ae, FeliCa in vse oznake NFC, ki so skladne s standardi ISO\/IEC 18092.<\/p>\n<p><strong>2. Ali je bralnik NFC zdru\u017eljiv s pametnimi telefoni?<\/strong><br \/>\nDa, bralnik NFC lahko preprosto pove\u017eete z ve\u010dino pametnih telefonov prek USB-ja, da olaj\u0161ate hitre transakcije in izmenjavo podatkov.<\/p>\n<p><strong>3. Ali lahko posodobim vdelano programsko opremo?<\/strong><br \/>\nDa, bralnik NFC podpira posodobitve vdelane programske opreme USB, kar zagotavlja, da imate najnovej\u0161e funkcije in varnostne nadgradnje.<\/p>\n<p><strong>4. Kako dale\u010d lahko berem oznake NFC?<\/strong><br \/>\nBralnik NFC ima razdaljo branja do 50 mm, odvisno od vrste oznake in njegovih posebnih zmogljivosti.<\/p>\n<hr \/>\n<p>Z izbiro bralnika NFC ne vlagate le v izdelek; sprejemate pametnej\u0161i na\u010din opravljanja transakcij. Ne glede na to, ali jo integrirate za osebno uporabo ali za podjetje, je zaradi u\u010dinkovitosti, zdru\u017eljivosti in varnosti te naprave resni\u010dno nepogre\u0161ljiva. Izkusite naslednjo generacijo brezsti\u010dnega pla\u010devanja in odkrijte razliko, ki jo lahko povzro\u010di v va\u0161ih transakcijah \u017ee danes!<\/p>","protected":false},"excerpt":{"rendered":"<div>NFC Reader Writer Podpora za Apple Pay in Google VAS, odobrena prek VAS<strong>\u00a0Apple in Google VAS (storitev z dodano vrednostjo) <\/strong> protokolov industrijskih velikanov Apple in Google ta naprava utira pot revolucionarnemu brezkarti\u010dnemu delovanju s podpiranjem \u0161irokega nabora digitalnih kart, vklju\u010dno s shemami zvestobe, vstopnicami za dostop in identifikacijskimi poverilnicami za posameznike v podjetni\u0161kih ali izobra\u017eevalnih okoljih v sistemu iOS, vendar ne omejeno nanje. in naprave Android.<\/div>\n<div><\/div>","protected":false},"featured_media":2731,"template":"","meta":[],"product_brand":[],"product_cat":[45,40],"product_tag":[],"class_list":{"0":"post-2732","1":"product","2":"type-product","3":"status-publish","4":"has-post-thumbnail","6":"product_cat-contactless-nfc-reader","7":"product_cat-rfid-nfc-reader","9":"first","10":"instock","11":"shipping-taxable","12":"product-type-simple"},"_links":{"self":[{"href":"https:\/\/nfc-readers.com\/sl\/wp-json\/wp\/v2\/product\/2732","targetHints":{"allow":["GET"]}}],"collection":[{"href":"https:\/\/nfc-readers.com\/sl\/wp-json\/wp\/v2\/product"}],"about":[{"href":"https:\/\/nfc-readers.com\/sl\/wp-json\/wp\/v2\/types\/product"}],"wp:featuredmedia":[{"embeddable":true,"href":"https:\/\/nfc-readers.com\/sl\/wp-json\/wp\/v2\/media\/2731"}],"wp:attachment":[{"href":"https:\/\/nfc-readers.com\/sl\/wp-json\/wp\/v2\/media?parent=2732"}],"wp:term":[{"taxonomy":"product_brand","embeddable":true,"href":"https:\/\/nfc-readers.com\/sl\/wp-json\/wp\/v2\/product_brand?post=2732"},{"taxonomy":"product_cat","embeddable":true,"href":"https:\/\/nfc-readers.com\/sl\/wp-json\/wp\/v2\/product_cat?post=2732"},{"taxonomy":"product_tag","embeddable":true,"href":"https:\/\/nfc-readers.com\/sl\/wp-json\/wp\/v2\/product_tag?post=2732"}],"curies":[{"name":"wp","href":"https:\/\/api.w.org\/{rel}","templated":true}]}}