{"id":2744,"date":"2024-06-11T02:10:05","date_gmt":"2024-06-11T02:10:05","guid":{"rendered":"https:\/\/nfc-readers.com\/?post_type=product&#038;p=2744"},"modified":"2024-09-23T08:58:36","modified_gmt":"2024-09-23T08:58:36","slug":"acr123s-rs232-nfc-lcd-contactless-reader-writer","status":"publish","type":"product","link":"https:\/\/nfc-readers.com\/sl\/ic-reader\/acr123s-rs232-nfc-lcd-contactless-reader-writer\/","title":{"rendered":"ACR123S RS232 NFC LCD brezkontaktni bralnik zapisovalnik"},"content":{"rendered":"<h1>ACR123S RS232 NFC LCD brezkontaktni bralnik zapisovalnik<\/h1>\n<div><\/div>\n<div class=\"auto-hide-last-sibling-br paragraph_1252f paragraph-element\">Vzpon brezsti\u010dne tehnologije preoblikuje nakupovalno vedenje potro\u0161nikov po vsem svetu, kar pove\u010duje potrebo po robustni re\u0161itvi, ki podpira aplikacije za brezsti\u010dno pla\u010devanje. ACR123S je bil posebej razvit za izpolnitev tega nara\u0161\u010dajo\u010dega povpra\u0161evanja.<\/div>\n<div class=\"auto-hide-last-sibling-br paragraph_1252f paragraph-element\">Inteligentni brezkontaktni \u010ditalnik ACR123S je ekonomi\u010den, vsestranski in pameten brezkontaktni \u010ditalnik, ki ga je mogo\u010de enostavno integrirati v \u017ee obstoje\u010de POS (Point-of-Sale) sisteme ali blagajne in tako zagotoviti prednosti brezgotovinskega pla\u010dilnega sistema. Zgrajena na 13,56 MHz brezkontaktni (RFID) tehnologiji je zdru\u017eljiva s katero koli brezkontaktno kartico, ki je v skladu s standardom ISO 14443-4.<\/div>\n<div>\n<ul>\n<li>\n<h2>Serijski vmesnik RS232 s konektorjem RJ45<\/h2>\n<\/li>\n<li>\n<h2>USB vmesnik za napajanje<\/h2>\n<\/li>\n<li>\n<h2>32-bitni procesor ARM CortexTM-M3<\/h2>\n<\/li>\n<li>\n<h2>Bralnik pametnih kartic:<\/h2>\n<ul>\n<li>\n<h3>Hitrost branja\/pisanja do 848 kbps<\/h3>\n<\/li>\n<li>\n<h3>Vgrajena antena za brezkontaktni dostop do kartice, z razdaljo branja kartice do 50 mm (odvisno od tipa oznake)<\/h3>\n<\/li>\n<li>\n<h3>Podpora za kartice ISO 14443, 4. del tipa A in B ter serije MIFARE<\/h3>\n<\/li>\n<li>\n<h3>Vgrajena funkcija proti tr\u010denju<\/h3>\n<\/li>\n<li>\n<h3>Tri re\u017ee SAM, skladne s standardom ISO 7816<\/h3>\n<\/li>\n<\/ul>\n<\/li>\n<li>\n<h2>Vgrajene zunanje naprave:<\/h2>\n<ul>\n<li>\n<h3>16 alfanumeri\u010dnih znakov x 8 vrstic Grafi\u010dni LCD (128 x 64 slikovnih pik)<\/h3>\n<\/li>\n<li>\n<h3>\u0160tiri LED diode, ki jih upravlja uporabnik (modra, rumena, zelena in rde\u010da)<\/h3>\n<\/li>\n<li>\n<h3>Osvetlitev obmo\u010dja dotikanja, ki jo lahko nadzira uporabnik (rde\u010da, zelena in modra)<\/h3>\n<\/li>\n<li>\n<h3>Zvo\u010dnik, ki ga lahko upravlja uporabnik (indikacija zvo\u010dnega tona)<\/h3>\n<\/li>\n<\/ul>\n<\/li>\n<\/ul>\n<table width=\"514\">\n<tbody>\n<tr>\n<td colspan=\"2\" width=\"514\">Fizi\u010dne zna\u010dilnosti<\/td>\n<\/tr>\n<tr>\n<td rowspan=\"2\" width=\"233\">Mere (mm)<\/td>\n<td width=\"281\">Glavno telo: 159,0 mm (D) x 100,0 mm (\u0160) x 21,0 mm (V)<\/td>\n<\/tr>\n<tr>\n<td width=\"281\">S stojalom: 177,4 mm (D) x 100,0 mm (\u0160) x 94,5 mm (V)<\/td>\n<\/tr>\n<tr>\n<td rowspan=\"2\" width=\"233\">Te\u017ea (g)<\/td>\n<td width=\"281\">Te\u017ea ohi\u0161ja: 281 g<\/td>\n<\/tr>\n<tr>\n<td width=\"281\">S stojalom: 506 g<\/td>\n<\/tr>\n<tr>\n<td colspan=\"2\" width=\"514\">Serijski vmesnik<\/td>\n<\/tr>\n<tr>\n<td width=\"233\">Protokol<\/td>\n<td width=\"281\">RS-232<\/td>\n<\/tr>\n<tr>\n<td width=\"233\">Vrsta priklju\u010dka<\/td>\n<td width=\"281\">Priklju\u010dek RJ45<\/td>\n<\/tr>\n<tr>\n<td width=\"233\">Vir energije<\/td>\n<td width=\"281\">Iz vrat USB<\/td>\n<\/tr>\n<tr>\n<td width=\"233\">Dol\u017eina kabla<\/td>\n<td width=\"281\">1,5 m, fiksno (RJ45 + USB)<\/td>\n<\/tr>\n<tr>\n<td colspan=\"2\" width=\"514\">Vmesnik brezkontaktne pametne kartice<\/td>\n<\/tr>\n<tr>\n<td width=\"233\">Standardno<\/td>\n<td width=\"281\">ISO 14443 A &amp; B, deli 1-4<\/td>\n<\/tr>\n<tr>\n<td rowspan=\"2\" width=\"233\">Protokol<\/td>\n<td width=\"281\">Kartica, skladna s standardom ISO 14443-4, T=CL<\/td>\n<\/tr>\n<tr>\n<td width=\"281\">Klasi\u010dna kartica MIFARE\u00ae, T=CL<\/td>\n<\/tr>\n<tr>\n<td colspan=\"2\" width=\"514\">Vmesnik kartice SAM<\/td>\n<\/tr>\n<tr>\n<td width=\"233\">\u0160tevilo re\u017e<\/td>\n<td width=\"281\">3 standardne re\u017ee za kartice SIM<\/td>\n<\/tr>\n<tr>\n<td width=\"233\">Standardno<\/td>\n<td width=\"281\">ISO 7816 razred A, B, C (5 V, 3 V, 1,8 V)<\/td>\n<\/tr>\n<tr>\n<td width=\"233\">Protokol<\/td>\n<td width=\"281\">T=0; T=1<\/td>\n<\/tr>\n<tr>\n<td colspan=\"2\" width=\"514\">Vgrajene zunanje naprave<\/td>\n<\/tr>\n<tr>\n<td rowspan=\"3\" width=\"233\">LCD<\/td>\n<td width=\"281\">Grafi\u010dni LCD z belo osvetlitvijo<\/td>\n<\/tr>\n<tr>\n<td width=\"281\">Lo\u010dljivost: 128 x 64 slikovnih pik<\/td>\n<\/tr>\n<tr>\n<td width=\"281\">\u0160tevilo znakov: 16 znakov x 8 vrstic<\/td>\n<\/tr>\n<tr>\n<td width=\"233\">LED<\/td>\n<td width=\"281\">4 enobarvne: modra, rumena, zelena in rde\u010da<\/td>\n<\/tr>\n<tr>\n<td width=\"233\">Tapkanje Regije<\/td>\n<td width=\"281\">Tribarvna osvetlitev ozadja: rde\u010da, zelena in modra<\/td>\n<\/tr>\n<tr>\n<td width=\"233\">Zvo\u010dnik<\/td>\n<td width=\"281\">Indikacija zvo\u010dnega tona<\/td>\n<\/tr>\n<tr>\n<td colspan=\"2\" width=\"514\">Druge funkcije<\/td>\n<\/tr>\n<tr>\n<td width=\"233\">Varnost<\/td>\n<td width=\"281\">Tamper stikalo (notranja zaznavanja in za\u0161\u010dita proti vdorom)<\/td>\n<\/tr>\n<tr>\n<td width=\"233\">Nadgradnja vdelane programske opreme<\/td>\n<td width=\"281\">Podprto<\/td>\n<\/tr>\n<tr>\n<td width=\"233\">Ura realnega \u010dasa<\/td>\n<td width=\"281\">Podprto<\/td>\n<\/tr>\n<tr>\n<td colspan=\"2\" width=\"514\">Certifikati\/skladnost<\/td>\n<\/tr>\n<tr>\n<td rowspan=\"8\" width=\"233\">Certifikati\/skladnost<\/td>\n<td width=\"281\">ISO 14443<\/td>\n<\/tr>\n<tr>\n<td width=\"281\">ISO 7816 (re\u017ea SAM)<\/td>\n<\/tr>\n<tr>\n<td width=\"281\">VCCI (Japonska)<\/td>\n<\/tr>\n<tr>\n<td width=\"281\">KC (Koreja)<\/td>\n<\/tr>\n<tr>\n<td width=\"281\">CE<\/td>\n<\/tr>\n<tr>\n<td width=\"281\">FCC<\/td>\n<\/tr>\n<tr>\n<td width=\"281\">RoHS 2<\/td>\n<\/tr>\n<tr>\n<td width=\"281\">DOSEG<\/td>\n<\/tr>\n<tr>\n<td colspan=\"2\" width=\"514\">Podpora za operacijski sistem gonilnika naprave<\/td>\n<\/tr>\n<tr>\n<td rowspan=\"3\" width=\"233\">Podpora za operacijski sistem gonilnika naprave<\/td>\n<td width=\"281\">Windows\u00ae CE<\/td>\n<\/tr>\n<tr>\n<td width=\"281\">Windows\u00ae<\/td>\n<\/tr>\n<tr>\n<td width=\"281\">Linux\u00ae<\/td>\n<\/tr>\n<\/tbody>\n<\/table>\n<\/div>","protected":false},"excerpt":{"rendered":"<div class=\"auto-hide-last-sibling-br paragraph_1252f paragraph-element\">ACR123S je inovativen bralnik RFID LCD USB 13,56 mhz, ki izbolj\u0161uje POS sisteme z zmo\u017enostmi brezhibnega brezsti\u010dnega pla\u010devanja za bolj gladko izku\u0161njo blagajne.<\/div>","protected":false},"featured_media":2745,"template":"","meta":[],"product_brand":[],"product_cat":[45],"product_tag":[],"class_list":{"0":"post-2744","1":"product","2":"type-product","3":"status-publish","4":"has-post-thumbnail","6":"product_cat-contactless-nfc-reader","8":"first","9":"instock","10":"shipping-taxable","11":"product-type-simple"},"_links":{"self":[{"href":"https:\/\/nfc-readers.com\/sl\/wp-json\/wp\/v2\/product\/2744","targetHints":{"allow":["GET"]}}],"collection":[{"href":"https:\/\/nfc-readers.com\/sl\/wp-json\/wp\/v2\/product"}],"about":[{"href":"https:\/\/nfc-readers.com\/sl\/wp-json\/wp\/v2\/types\/product"}],"wp:featuredmedia":[{"embeddable":true,"href":"https:\/\/nfc-readers.com\/sl\/wp-json\/wp\/v2\/media\/2745"}],"wp:attachment":[{"href":"https:\/\/nfc-readers.com\/sl\/wp-json\/wp\/v2\/media?parent=2744"}],"wp:term":[{"taxonomy":"product_brand","embeddable":true,"href":"https:\/\/nfc-readers.com\/sl\/wp-json\/wp\/v2\/product_brand?post=2744"},{"taxonomy":"product_cat","embeddable":true,"href":"https:\/\/nfc-readers.com\/sl\/wp-json\/wp\/v2\/product_cat?post=2744"},{"taxonomy":"product_tag","embeddable":true,"href":"https:\/\/nfc-readers.com\/sl\/wp-json\/wp\/v2\/product_tag?post=2744"}],"curies":[{"name":"wp","href":"https:\/\/api.w.org\/{rel}","templated":true}]}}