{"id":2752,"date":"2024-06-11T12:30:21","date_gmt":"2024-06-11T12:30:21","guid":{"rendered":"https:\/\/nfc-readers.com\/?post_type=product&#038;p=2752"},"modified":"2024-09-23T06:29:25","modified_gmt":"2024-09-23T06:29:25","slug":"acm1323u-hid-contactless-reader-writer","status":"publish","type":"product","link":"https:\/\/nfc-readers.com\/sl\/ic-reader\/acm1323u-hid-contactless-reader-writer\/","title":{"rendered":"ACM1323U HID brezkontaktni bralnik zapisovalnik"},"content":{"rendered":"<h1>ACM1323U HID brezkontaktni bralnik zapisovalnik<\/h1>\n<p>ACM1323 je modul za branje pametnih kartic, ki temelji na 13,56MHz brezkontaktni tehnologiji. Sprejema protokol HID in gonilnik ni name\u0161\u010den v vmesnik USB. Podpira branje in pisanje pametnih kartic razreda A, ki so v skladu z ISO144431 do 4. dela, vklju\u010dno s karticami CPE, MIFARE Classic, Mifare 1K\/4K, Mifare Plus in DESFire. ACM1323 je prava naprava plug and play, ki jo je mogo\u010de uporabljati brez gonilnikov in je zasnovana za hitro integracijo v vgrajene sisteme, primerna za razli\u010dne scenarije uporabe, kot so polnilna mesta, tablice, prodajni avtomati, javni prevoz, nadzor dostopa do omre\u017eja, prisotnost in drugi integrirani sistemi. Podpira tudi nadgradnje vdelane programske opreme brez potrebe po dodatnih spremembah strojne opreme.<\/p>\n<table width=\"628\">\n<tbody>\n<tr>\n<td colspan=\"2\" width=\"628\">Fizi\u010dne zna\u010dilnosti<\/td>\n<\/tr>\n<tr>\n<td width=\"335\">Mere (mm)<\/td>\n<td width=\"293\">73,5 x 40,0 x 5,0<\/td>\n<\/tr>\n<tr>\n<td width=\"335\">Te\u017ea (g)<\/td>\n<td width=\"293\">7.2<\/td>\n<\/tr>\n<tr>\n<td colspan=\"2\" width=\"628\">USB vmesnik<\/td>\n<\/tr>\n<tr>\n<td width=\"335\">Protokol<\/td>\n<td width=\"293\">HID<\/td>\n<\/tr>\n<tr>\n<td width=\"335\">Vrsta priklju\u010dka<\/td>\n<td width=\"293\">USB<\/td>\n<\/tr>\n<tr>\n<td width=\"335\">Vir energije<\/td>\n<td width=\"293\">Iz vrat USB<\/td>\n<\/tr>\n<tr>\n<td width=\"335\">Hitrost<\/td>\n<td width=\"293\">USB 2.0 Full Speed (12 Mbps), zdru\u017eljiv z USB 3.0<\/td>\n<\/tr>\n<tr>\n<td width=\"335\">Dol\u017eina kabla<\/td>\n<td width=\"293\">1 m, snemljiv (na zahtevo)<\/td>\n<\/tr>\n<tr>\n<td colspan=\"2\" width=\"628\">Vmesnik brezkontaktne pametne kartice<\/td>\n<\/tr>\n<tr>\n<td width=\"335\">Standardno<\/td>\n<td width=\"293\">ISO 14443 CPE kartica tipa A MIFARE Classic, Mifare 1K\/4K, Mifare Plus in DESFire<\/td>\n<\/tr>\n<tr>\n<td rowspan=\"2\" width=\"335\">Protokol<\/td>\n<td width=\"293\">Kartica, skladna s standardom ISO 14443-4, T=CL<\/td>\n<\/tr>\n<tr>\n<td width=\"293\">Klasi\u010dna kartica MIFARE\u00ae, T=CL<\/td>\n<\/tr>\n<tr>\n<td colspan=\"2\" width=\"628\">Vgrajene zunanje naprave<\/td>\n<\/tr>\n<tr>\n<td width=\"335\">LED<\/td>\n<td width=\"293\">1 dvobarvna: modra in zelena<\/td>\n<\/tr>\n<tr>\n<td colspan=\"2\" width=\"628\">Druge funkcije<\/td>\n<\/tr>\n<tr>\n<td rowspan=\"3\" width=\"335\">Druge funkcije<\/td>\n<td width=\"293\">Podprte vrste kartic:<\/td>\n<\/tr>\n<tr>\n<td width=\"293\">ISO 14443 tip A &amp; B deli 1-4,<\/td>\n<\/tr>\n<tr>\n<td width=\"293\">MIFARE Classic\u00ae, MIFARE DESFire\u00ae, MIFARE Ultralight\u00ae, MIFARE Plus\u00ae<\/td>\n<\/tr>\n<tr>\n<td width=\"335\">Nadgradnja vdelane programske opreme<\/td>\n<td width=\"293\">Podprto<\/td>\n<\/tr>\n<tr>\n<td colspan=\"2\" width=\"628\">Certifikati\/skladnost<\/td>\n<\/tr>\n<tr>\n<td rowspan=\"4\" width=\"335\">Certifikati\/skladnost<\/td>\n<td width=\"293\">Certifikati:<\/td>\n<\/tr>\n<tr>\n<td width=\"293\">IEC\/EN 62368, CE, UKCA, FCC, VCCI, RoHS, REACH, WEEE, Microsoft\u00ae WHQL<\/td>\n<\/tr>\n<tr>\n<td width=\"293\">\u00a0 Skladnost:<\/td>\n<\/tr>\n<tr>\n<td width=\"293\">skril<\/td>\n<\/tr>\n<tr>\n<td colspan=\"2\" width=\"628\">Podpora za operacijski sistem gonilnika naprave<\/td>\n<\/tr>\n<tr>\n<td width=\"335\">Podpora za operacijski sistem gonilnika naprave<\/td>\n<td width=\"293\">Windows\u00ae, Linux\u00ae, macOS, Android\u2122<\/td>\n<\/tr>\n<\/tbody>\n<\/table>","protected":false},"excerpt":{"rendered":"<p>ACM1323U je vsestranski bralnik kartic USB HID, ki podpira razli\u010dne kartice razreda A in se brez te\u017eav integrira v vgrajene sisteme.<\/p>","protected":false},"featured_media":2753,"template":"","meta":[],"product_brand":[],"product_cat":[41],"product_tag":[],"class_list":{"0":"post-2752","1":"product","2":"type-product","3":"status-publish","4":"has-post-thumbnail","6":"product_cat-module-ic-reader","8":"first","9":"instock","10":"shipping-taxable","11":"product-type-simple"},"_links":{"self":[{"href":"https:\/\/nfc-readers.com\/sl\/wp-json\/wp\/v2\/product\/2752","targetHints":{"allow":["GET"]}}],"collection":[{"href":"https:\/\/nfc-readers.com\/sl\/wp-json\/wp\/v2\/product"}],"about":[{"href":"https:\/\/nfc-readers.com\/sl\/wp-json\/wp\/v2\/types\/product"}],"wp:featuredmedia":[{"embeddable":true,"href":"https:\/\/nfc-readers.com\/sl\/wp-json\/wp\/v2\/media\/2753"}],"wp:attachment":[{"href":"https:\/\/nfc-readers.com\/sl\/wp-json\/wp\/v2\/media?parent=2752"}],"wp:term":[{"taxonomy":"product_brand","embeddable":true,"href":"https:\/\/nfc-readers.com\/sl\/wp-json\/wp\/v2\/product_brand?post=2752"},{"taxonomy":"product_cat","embeddable":true,"href":"https:\/\/nfc-readers.com\/sl\/wp-json\/wp\/v2\/product_cat?post=2752"},{"taxonomy":"product_tag","embeddable":true,"href":"https:\/\/nfc-readers.com\/sl\/wp-json\/wp\/v2\/product_tag?post=2752"}],"curies":[{"name":"wp","href":"https:\/\/api.w.org\/{rel}","templated":true}]}}