{"id":2773,"date":"2024-06-11T14:17:35","date_gmt":"2024-06-11T14:17:35","guid":{"rendered":"https:\/\/nfc-readers.com\/?post_type=product&#038;p=2773"},"modified":"2024-09-23T06:15:02","modified_gmt":"2024-09-23T06:15:02","slug":"acr1555u-a1-bluetooth-nfc-usb-contactless-reader-writer","status":"publish","type":"product","link":"https:\/\/nfc-readers.com\/sl\/ic-reader\/acr1555u-a1-bluetooth-nfc-usb-contactless-reader-writer\/","title":{"rendered":"ACR1555U-A1 Bluetooth NFC USB brezkontaktni bralnik zapisovalnik"},"content":{"rendered":"<h1>ACR1555U-A1 Bluetooth NFC USB brezkontaktni bralnik zapisovalnik<\/h1>\n<div class=\"auto-hide-last-sibling-br paragraph_1252f paragraph-element\">Bralnik ACR1555U-A1 NFC Bluetooth\u00ae je zdru\u017eljiv s standardoma ISO 14443, deli 1-4 in ISO 18092, podpira \u0161iroko paleto brezsti\u010dnih kartic, vklju\u010dno s karticami MIFARE, karticami FeliCa\u2122, ISO 7816 razreda A, B in C (5V, 3V in 1,8V) kartice SAM in oznake NFC. Bralnik podpira standard Bluetooth 5.2 v enosmernem delovanju in je tudi naprava USB Type-C, ki zagotavlja zdru\u017eljivost z razli\u010dnimi operacijskimi sistemi, kot so iOS, Android\u2122, Linux in Windows. Za napajanje je ACR1555U opremljen s 450 mAh 3.7 V Li-ion baterija. Vsebuje 3 LED diode in bren\u010dalo, ki ozna\u010dujeta stanje delovanja naprave, skupaj z 2 gumboma za nadzor baterije, statusa naprave in statusa Bluetooth. Zaradi tega je ACR1555U vsestranski in uporabniku prijazen bralnik NFC Bluetooth\u00ae, primeren za razli\u010dne aplikacije.<\/div>\n<table width=\"641\">\n<tbody>\n<tr>\n<td colspan=\"2\" width=\"641\">Fizi\u010dne zna\u010dilnosti<\/td>\n<\/tr>\n<tr>\n<td width=\"210\">Mere (mm)<\/td>\n<td width=\"431\">93 mm (D) x 58 mm (\u0160) x 6,0 mm (V)<\/td>\n<\/tr>\n<tr>\n<td width=\"210\"><\/td>\n<td width=\"431\">94 mm (D) x 60,2 mm (\u0160) x 9,0 mm (V) (z dr\u017ealom za kartico)<\/td>\n<\/tr>\n<tr>\n<td width=\"210\">Te\u017ea (g)<\/td>\n<td width=\"431\">31,0 g (bralnik kartic)<\/td>\n<\/tr>\n<tr>\n<td width=\"210\"><\/td>\n<td width=\"431\">39,0 g (z dr\u017ealom za kartico)<\/td>\n<\/tr>\n<tr>\n<td colspan=\"2\" width=\"641\">Bluetooth vmesnik<\/td>\n<\/tr>\n<tr>\n<td width=\"210\">Protokol<\/td>\n<td width=\"431\">Bluetooth\u00ae (Bluetooth 5.2)<\/td>\n<\/tr>\n<tr>\n<td width=\"210\">Vir energije<\/td>\n<td width=\"431\">Litij-ionska baterija za ponovno polnjenje (polnjenje preko USB)<\/td>\n<\/tr>\n<tr>\n<td colspan=\"2\" width=\"641\">USB vmesnik<\/td>\n<\/tr>\n<tr>\n<td width=\"210\">Protokol<\/td>\n<td width=\"431\">USB CCID<\/td>\n<\/tr>\n<tr>\n<td width=\"210\">Vrsta priklju\u010dka<\/td>\n<td width=\"431\">USB TIP C<\/td>\n<\/tr>\n<tr>\n<td width=\"210\">Vir energije<\/td>\n<td width=\"431\">Iz vrat USB<\/td>\n<\/tr>\n<tr>\n<td width=\"210\">Hitrost<\/td>\n<td width=\"431\">Polna hitrost USB (12 Mb\/s)<\/td>\n<\/tr>\n<tr>\n<td width=\"210\">Dol\u017eina kabla<\/td>\n<td width=\"431\">1 m, snemljiv<\/td>\n<\/tr>\n<tr>\n<td colspan=\"2\" width=\"641\">Vmesnik brezkontaktne pametne kartice<\/td>\n<\/tr>\n<tr>\n<td width=\"210\">Standardno<\/td>\n<td width=\"431\">ISO\/IEC 18092 NFC,ISO15693, ISO 14443 Tip A &amp; B, MIFARE, FeliCa<\/td>\n<\/tr>\n<tr>\n<td width=\"210\">Protokol<\/td>\n<td width=\"431\">Kartica, skladna s standardom ISO 14443-4, T=CL<br \/>\nKlasi\u010dna kartica MIFARE, T=CL<br \/>\nISO 18092, oznake NFC<br \/>\nFeliCa<\/td>\n<\/tr>\n<tr>\n<td colspan=\"2\" width=\"641\">Vgrajene zunanje naprave<\/td>\n<\/tr>\n<tr>\n<td width=\"210\">LED<\/td>\n<td width=\"431\">2 dvobarvni: rde\u010da in modra, rde\u010da in zelena<\/td>\n<\/tr>\n<tr>\n<td width=\"210\">Podpira razli\u010dne funkcije NFC<\/td>\n<td width=\"431\"><\/td>\n<\/tr>\n<tr>\n<td width=\"210\"><\/td>\n<td width=\"431\">Na\u010din bralnika\/zapisovalca kartic<\/td>\n<\/tr>\n<tr>\n<td width=\"210\"><\/td>\n<td width=\"431\">Na\u010din emulacije kartice<\/td>\n<\/tr>\n<tr>\n<td width=\"210\"><\/td>\n<td width=\"431\">Podpira na\u010din emulacije tipkovnice<\/td>\n<\/tr>\n<tr>\n<td colspan=\"2\" width=\"641\">Druge funkcije<\/td>\n<\/tr>\n<tr>\n<td width=\"210\">\u0160ifriranje<\/td>\n<td width=\"431\">Algoritem \u0161ifriranja AES 128 v napravi<\/td>\n<\/tr>\n<tr>\n<td width=\"210\">Nadgradnja vdelane programske opreme<\/td>\n<td width=\"431\">Podprto<\/td>\n<\/tr>\n<tr>\n<td colspan=\"2\" width=\"641\">Certifikati\/skladnost<\/td>\n<\/tr>\n<tr>\n<td rowspan=\"14\" width=\"210\">Certifikati\/skladnost<\/td>\n<td>EN \/IEC 62368<\/td>\n<\/tr>\n<tr>\n<td>ISO 18092<\/td>\n<\/tr>\n<tr>\n<td>ISO 14443<\/td>\n<\/tr>\n<tr>\n<td>ISO 15693<\/td>\n<\/tr>\n<tr>\n<td>Bluetooth\u00aeBQB<\/td>\n<\/tr>\n<tr>\n<td>KCC<\/td>\n<\/tr>\n<tr>\n<td>UKCA<\/td>\n<\/tr>\n<tr>\n<td>CE<\/td>\n<\/tr>\n<tr>\n<td>FCC<\/td>\n<\/tr>\n<tr>\n<td>RoHS<\/td>\n<\/tr>\n<tr>\n<td>DOSEG<\/td>\n<\/tr>\n<tr>\n<td>TELEC (Japonska)<\/td>\n<\/tr>\n<tr>\n<td>VCCI<\/td>\n<\/tr>\n<tr>\n<td>Microsoft\u00ae WHQL<\/td>\n<\/tr>\n<tr>\n<td colspan=\"2\" width=\"641\">Podpora za operacijski sistem gonilnika naprave<\/td>\n<\/tr>\n<tr>\n<td rowspan=\"5\" width=\"210\">Podpora za operacijski sistem gonilnika naprave<\/td>\n<td width=\"431\">Windows\u00ae<\/td>\n<\/tr>\n<tr>\n<td width=\"431\">Linux\u00ae<\/td>\n<\/tr>\n<tr>\n<td width=\"431\">MAC OS\u00ae 10.7 in novej\u0161i<\/td>\n<\/tr>\n<tr>\n<td width=\"431\">Android\u2122 4.3 in novej\u0161i<\/td>\n<\/tr>\n<tr>\n<td width=\"431\">iOS 8.0 in novej\u0161i<\/td>\n<\/tr>\n<\/tbody>\n<\/table>\n<p>&nbsp;<\/p>","protected":false},"excerpt":{"rendered":"<div class=\"auto-hide-last-sibling-br paragraph_1252f paragraph-element\">ACR1555U-A1 je prenosni bralnik Bluetooth\u00ae NFC, ki omogo\u010da pametne kartice in aplikacije NFC na poti.<\/div>","protected":false},"featured_media":2774,"template":"","meta":[],"product_brand":[],"product_cat":[45,38],"product_tag":[],"class_list":{"0":"post-2773","1":"product","2":"type-product","3":"status-publish","4":"has-post-thumbnail","6":"product_cat-contactless-nfc-reader","7":"product_cat-mobile-ble-nfc-reader","9":"first","10":"instock","11":"shipping-taxable","12":"product-type-simple"},"_links":{"self":[{"href":"https:\/\/nfc-readers.com\/sl\/wp-json\/wp\/v2\/product\/2773","targetHints":{"allow":["GET"]}}],"collection":[{"href":"https:\/\/nfc-readers.com\/sl\/wp-json\/wp\/v2\/product"}],"about":[{"href":"https:\/\/nfc-readers.com\/sl\/wp-json\/wp\/v2\/types\/product"}],"wp:featuredmedia":[{"embeddable":true,"href":"https:\/\/nfc-readers.com\/sl\/wp-json\/wp\/v2\/media\/2774"}],"wp:attachment":[{"href":"https:\/\/nfc-readers.com\/sl\/wp-json\/wp\/v2\/media?parent=2773"}],"wp:term":[{"taxonomy":"product_brand","embeddable":true,"href":"https:\/\/nfc-readers.com\/sl\/wp-json\/wp\/v2\/product_brand?post=2773"},{"taxonomy":"product_cat","embeddable":true,"href":"https:\/\/nfc-readers.com\/sl\/wp-json\/wp\/v2\/product_cat?post=2773"},{"taxonomy":"product_tag","embeddable":true,"href":"https:\/\/nfc-readers.com\/sl\/wp-json\/wp\/v2\/product_tag?post=2773"}],"curies":[{"name":"wp","href":"https:\/\/api.w.org\/{rel}","templated":true}]}}