{"id":2811,"date":"2024-06-19T06:28:23","date_gmt":"2024-06-19T06:28:23","guid":{"rendered":"https:\/\/nfc-readers.com\/?post_type=product&#038;p=2811"},"modified":"2024-09-23T05:57:05","modified_gmt":"2024-09-23T05:57:05","slug":"acr39t-a1-usb-contact-sim-sized-smartcard-reader-writer","status":"publish","type":"product","link":"https:\/\/nfc-readers.com\/sl\/ic-reader\/acr39t-a1-usb-contact-sim-sized-smartcard-reader-writer\/","title":{"rendered":"ACR39T-A1 USB kontaktni bralnik pametnih kartic v velikosti kartice SIM"},"content":{"rendered":"<h1>ACR39T-A1 USB kontaktni bralnik pametnih kartic v velikosti kartice SIM<\/h1>\n<p>ACR39T-A1 je revolucionarna inovacija na podro\u010dju \u010ditalcev pametnih kartic. \u010ceprav ima majhno obliko v velikosti kartice SIM, ne ogro\u017ea svojih zmogljivosti, bogatih s funkcijami. Brezhibno zdru\u017euje najsodobnej\u0161o tehnologijo z elegantnim, sodobnim dizajnom, da izpolnjuje stroge zahteve razli\u010dnih aplikacij, povezanih s pametnimi karticami.<\/p>\n<ul>\n<li>\n<h2>USB 2.0 vmesnik polne hitrosti<\/h2>\n<\/li>\n<li>\n<h2>Zdru\u017eljiv z USB 3.0<\/h2>\n<\/li>\n<li>\n<h2>Plug and Play \u2013 podpora CCID prina\u0161a izjemno mobilnost<\/h2>\n<\/li>\n<li>\n<h2>Bralnik pametnih kartic:<\/h2>\n<ul>\n<li>\n<h3>Podpira kartice ISO 7816 razreda A, B in C (5 V, 3 V, 1,8 V)<\/h3>\n<\/li>\n<li>\n<h3>Podpira mikroprocesorske kartice s protokolom T=0 ali T=1<\/h3>\n<\/li>\n<li>\n<h3>Podpira pomnilni\u0161ke kartice<\/h3>\n<\/li>\n<li>\n<h3>Podpira PPS (izbira protokola in parametrov)<\/h3>\n<\/li>\n<li>\n<h3>Vsebuje za\u0161\u010dito pred kratkim stikom<\/h3>\n<\/li>\n<\/ul>\n<\/li>\n<li>\n<h2>Programski vmesnik aplikacije:<\/h2>\n<ul>\n<li>\n<h3>Podpira PC\/SC<\/h3>\n<\/li>\n<li>\n<h3>Podpira CT-API (skozi ovoj na vrhu PC\/SC)<\/h3>\n<\/li>\n<\/ul>\n<\/li>\n<li>\n<h2>Podpira Android\u2122 3.1 in novej\u0161e<\/h2>\n<\/li>\n<\/ul>\n<table width=\"527\">\n<tbody>\n<tr>\n<td colspan=\"2\" width=\"527\">Fizi\u010dne zna\u010dilnosti<\/td>\n<\/tr>\n<tr>\n<td width=\"203\">Mere (mm)<\/td>\n<td width=\"324\">49,5 mm (D) x 21,5 mm (\u0160) x 9,0 mm (V)<\/td>\n<\/tr>\n<tr>\n<td width=\"203\">Te\u017ea (g)<\/td>\n<td width=\"324\">8,5 g<\/td>\n<\/tr>\n<tr>\n<td colspan=\"2\" width=\"527\">USB vmesnik<\/td>\n<\/tr>\n<tr>\n<td width=\"203\">Protokol<\/td>\n<td width=\"324\">USB CCID<\/td>\n<\/tr>\n<tr>\n<td width=\"203\">Vrsta priklju\u010dka<\/td>\n<td width=\"324\">Standardni tip A<\/td>\n<\/tr>\n<tr>\n<td width=\"203\">Vir energije<\/td>\n<td width=\"324\">Iz vrat USB<\/td>\n<\/tr>\n<tr>\n<td width=\"203\">Hitrost<\/td>\n<td width=\"324\">Polna hitrost USB (12 Mb\/s)<\/td>\n<\/tr>\n<tr>\n<td colspan=\"2\" width=\"527\">Kontaktni vmesnik pametne kartice<\/td>\n<\/tr>\n<tr>\n<td width=\"203\">\u0160tevilo re\u017e<\/td>\n<td width=\"324\">1 standardna re\u017ea za kartico SIM<\/td>\n<\/tr>\n<tr>\n<td width=\"203\">Standardno<\/td>\n<td width=\"324\">ISO 7816, deli 1\u20134, razred A, B, C (5 V, 3 V, 1,8 V)<\/td>\n<\/tr>\n<tr>\n<td width=\"203\">Protokol<\/td>\n<td width=\"324\">T=0; T=1; Podpora za pomnilni\u0161ko kartico<\/td>\n<\/tr>\n<tr>\n<td colspan=\"2\" width=\"527\">Certifikati\/skladnost<\/td>\n<\/tr>\n<tr>\n<td rowspan=\"13\" width=\"203\">Certifikati\/skladnost<\/td>\n<td width=\"324\">EN62368\/IEC 62368<\/td>\n<\/tr>\n<tr>\n<td width=\"324\">CE<\/td>\n<\/tr>\n<tr>\n<td width=\"324\">FCC<\/td>\n<\/tr>\n<tr>\n<td width=\"324\">RoHS<\/td>\n<\/tr>\n<tr>\n<td width=\"324\">DOSEG<\/td>\n<\/tr>\n<tr>\n<td width=\"324\">UKCA<\/td>\n<\/tr>\n<tr>\n<td width=\"324\">VCCI<\/td>\n<\/tr>\n<tr>\n<td width=\"324\">OEEO<\/td>\n<\/tr>\n<tr>\n<td width=\"324\">ISO 7816<\/td>\n<\/tr>\n<tr>\n<td width=\"324\">USB 2.0 s polno hitrostjo<\/td>\n<\/tr>\n<tr>\n<td width=\"324\">PC\/SC<\/td>\n<\/tr>\n<tr>\n<td width=\"324\">CCID<\/td>\n<\/tr>\n<tr>\n<td width=\"324\">Microsoft\u00ae WHQL<\/td>\n<\/tr>\n<tr>\n<td colspan=\"2\" width=\"527\">Podpora za operacijski sistem gonilnika naprave<\/td>\n<\/tr>\n<tr>\n<td rowspan=\"5\" width=\"203\">Podpora za operacijski sistem gonilnika naprave<\/td>\n<td width=\"324\">Windows\u00ae<\/td>\n<\/tr>\n<tr>\n<td width=\"324\">Linux\u00ae<\/td>\n<\/tr>\n<tr>\n<td width=\"324\">macOS\u00ae<\/td>\n<\/tr>\n<tr>\n<td width=\"324\">Solaris\u2122<\/td>\n<\/tr>\n<tr>\n<td width=\"324\">Android\u2122<\/td>\n<\/tr>\n<tr>\n<td><\/td>\n<td><\/td>\n<\/tr>\n<\/tbody>\n<\/table>","protected":false},"excerpt":{"rendered":"<div class=\"auto-hide-last-sibling-br paragraph_9dc5f paragraph-element\">ACR39T-A1 je kompakten \u010ditalnik kartic pcsc ccid, ki zdru\u017euje napredno tehnologijo s sodobnim dizajnom za vsestranske aplikacije pametnih kartic.<\/div>","protected":false},"featured_media":2812,"template":"","meta":[],"product_brand":[],"product_cat":[39],"product_tag":[],"class_list":{"0":"post-2811","1":"product","2":"type-product","3":"status-publish","4":"has-post-thumbnail","6":"product_cat-usb-ic-smartcard-reader","8":"first","9":"instock","10":"shipping-taxable","11":"product-type-simple"},"_links":{"self":[{"href":"https:\/\/nfc-readers.com\/sl\/wp-json\/wp\/v2\/product\/2811","targetHints":{"allow":["GET"]}}],"collection":[{"href":"https:\/\/nfc-readers.com\/sl\/wp-json\/wp\/v2\/product"}],"about":[{"href":"https:\/\/nfc-readers.com\/sl\/wp-json\/wp\/v2\/types\/product"}],"wp:featuredmedia":[{"embeddable":true,"href":"https:\/\/nfc-readers.com\/sl\/wp-json\/wp\/v2\/media\/2812"}],"wp:attachment":[{"href":"https:\/\/nfc-readers.com\/sl\/wp-json\/wp\/v2\/media?parent=2811"}],"wp:term":[{"taxonomy":"product_brand","embeddable":true,"href":"https:\/\/nfc-readers.com\/sl\/wp-json\/wp\/v2\/product_brand?post=2811"},{"taxonomy":"product_cat","embeddable":true,"href":"https:\/\/nfc-readers.com\/sl\/wp-json\/wp\/v2\/product_cat?post=2811"},{"taxonomy":"product_tag","embeddable":true,"href":"https:\/\/nfc-readers.com\/sl\/wp-json\/wp\/v2\/product_tag?post=2811"}],"curies":[{"name":"wp","href":"https:\/\/api.w.org\/{rel}","templated":true}]}}