{"id":2877,"date":"2024-07-02T01:58:12","date_gmt":"2024-07-02T01:58:12","guid":{"rendered":"https:\/\/nfc-readers.com\/?post_type=product&#038;p=2877"},"modified":"2024-09-23T05:42:11","modified_gmt":"2024-09-23T05:42:11","slug":"acr39f-a2-usb-contact-smartcard-reader-writer","status":"publish","type":"product","link":"https:\/\/nfc-readers.com\/sl\/ic-reader\/acr39f-a2-usb-contact-smartcard-reader-writer\/","title":{"rendered":"ACR39F A2 USB kontaktni bralnik pametnih kartic zapisovalnik"},"content":{"rendered":"<h1>ACR39F A2 USB kontaktni bralnik pametnih kartic zapisovalnik<\/h1>\n<div class=\"auto-hide-last-sibling-br paragraph_9dc5f paragraph-element\">ACR39F Smart Floppy ponuja optimalno re\u0161itev za enostavno integracijo \u010ditalcev pametnih kartic v namizne nastavitve. Povezuje se prek vmesnika USB in se napaja iz notranjega napajanja ra\u010dunalnika, kar omogo\u010da prilagoditev glede na \u017eelje uporabnika. S podporo za pametne kartice ISO 7816 razreda A, B in C je pametna disketa ACR39F zdru\u017eljiva tudi z razli\u010dnimi pomnilni\u0161kimi karticami in mikroprocesorskimi karticami ki uporabljajo protokola T=0 in T=1. Vsebuje vmesnik USB Full Speed in omogo\u010da hitrost branja\/pisanja 600 Kbps za pametne kartice. Ta robustna naprava je zasnovana tako, da vzdr\u017ei vsaj 100.000 ciklov vstavljanja kartic, kar zagotavlja dolgotrajno delovanje.<\/div>\n<div>\n<ul>\n<li>\n<h2>USB 2.0 vmesnik s polno hitrostjo (prek snemljivega kabla)<\/h2>\n<\/li>\n<li>\n<h2>Zdru\u017eljiv z USB 3.0<\/h2>\n<\/li>\n<li>\n<h2>Plug and Play \u2013 podpora CCID prina\u0161a izjemno mobilnost<\/h2>\n<\/li>\n<li>\n<h2>Bralnik pametnih kartic:<\/h2>\n<ul>\n<li>\n<h3>Podpira kartice ISO 7816 razreda A, B in C (5 V, 3 V, 1,8 V)<\/h3>\n<\/li>\n<li>\n<h3>Podpira CAC<\/h3>\n<\/li>\n<li>\n<h3>Podpira kartico SIPRNET<\/h3>\n<\/li>\n<li>\n<h3>Podpira kartico J-LIS<\/h3>\n<\/li>\n<li>\n<h3>Podpira mikroprocesorske kartice s protokolom T=0 ali T=1<\/h3>\n<\/li>\n<li>\n<h3>Podpira pomnilni\u0161ke kartice<\/h3>\n<\/li>\n<li>\n<h3>Podpira PPS (izbira protokola in parametrov)<\/h3>\n<\/li>\n<li>\n<h3>Vsebuje za\u0161\u010dito pred kratkim stikom<\/h3>\n<\/li>\n<\/ul>\n<\/li>\n<li>\n<h2>Programski vmesnik aplikacije:<\/h2>\n<ul>\n<li>\n<h3>Podpira PC\/SC<\/h3>\n<\/li>\n<li>\n<h3>Podpira CT-API (skozi ovoj na vrhu PC\/SC)<\/h3>\n<\/li>\n<\/ul>\n<\/li>\n<li>\n<h2>Podpira Android\u2122 razli\u010dice 3.1 in novej\u0161e<\/h2>\n<\/li>\n<\/ul>\n<table style=\"height: 695px;\" width=\"639\">\n<tbody>\n<tr>\n<td colspan=\"2\" width=\"473\">\n<h2>Fizi\u010dne zna\u010dilnosti<\/h2>\n<\/td>\n<\/tr>\n<tr>\n<td width=\"179\">Mere (mm)<\/td>\n<td width=\"294\">125,0 mm (D) \u00d7 101,0 mm (\u0160) \u00d7 25,5 mm (V)<\/td>\n<\/tr>\n<tr>\n<td width=\"179\">Te\u017ea (g)<\/td>\n<td width=\"294\">82,5 g<\/td>\n<\/tr>\n<tr>\n<td colspan=\"2\" width=\"473\">USB vmesnik<\/td>\n<\/tr>\n<tr>\n<td width=\"179\">Protokol<\/td>\n<td width=\"294\">USB CCID<\/td>\n<\/tr>\n<tr>\n<td width=\"179\">Vrsta priklju\u010dka<\/td>\n<td width=\"294\">1 x 5 zati\u010di priklju\u010dek glave<\/td>\n<\/tr>\n<tr>\n<td width=\"179\">Vir energije<\/td>\n<td width=\"294\">Iz vrat USB<\/td>\n<\/tr>\n<tr>\n<td width=\"179\">Hitrost<\/td>\n<td width=\"294\">Polna hitrost USB (12 Mb\/s)<\/td>\n<\/tr>\n<tr>\n<td width=\"179\">Dol\u017eina kabla<\/td>\n<td width=\"294\">1,0 m, snemljiv<\/td>\n<\/tr>\n<tr>\n<td colspan=\"2\" width=\"473\">Kontaktni vmesnik pametne kartice<\/td>\n<\/tr>\n<tr>\n<td width=\"179\">\u0160tevilo re\u017e<\/td>\n<td width=\"294\">1 re\u017ea za kartice polne velikosti<\/td>\n<\/tr>\n<tr>\n<td width=\"179\">Standardno<\/td>\n<td width=\"294\">ISO 7816, deli 1\u20134, razred A, B, C (5 V, 3 V, 1,8 V)<\/td>\n<\/tr>\n<tr>\n<td width=\"179\">Protokol<\/td>\n<td width=\"294\">T=0; T=1; Podpora za pomnilni\u0161ko kartico<\/td>\n<\/tr>\n<tr>\n<td width=\"179\">drugi<\/td>\n<td width=\"294\">Pametne kartice CAC, PIV, SIPRNET, J-LIS<\/td>\n<\/tr>\n<tr>\n<td colspan=\"2\" width=\"473\">Certifikati\/skladnost<\/td>\n<\/tr>\n<tr>\n<td rowspan=\"9\" width=\"179\">Certifikati\/skladnost<\/td>\n<td width=\"294\">EN60950\/IEC 60950<\/td>\n<\/tr>\n<tr>\n<td width=\"294\">ISO 7816<\/td>\n<\/tr>\n<tr>\n<td width=\"294\">Polna hitrost USB<\/td>\n<\/tr>\n<tr>\n<td width=\"294\">EMV\u2122 1. stopnja (kontakt)<\/td>\n<\/tr>\n<tr>\n<td width=\"294\">PC\/SC<\/td>\n<\/tr>\n<tr>\n<td width=\"294\">CCID<\/td>\n<\/tr>\n<tr>\n<td width=\"294\">CE<\/td>\n<\/tr>\n<tr>\n<td width=\"294\">FCC<\/td>\n<\/tr>\n<tr>\n<td width=\"294\">OEEO<\/td>\n<\/tr>\n<\/tbody>\n<\/table>\n<\/div>","protected":false},"excerpt":{"rendered":"<div class=\"auto-hide-last-sibling-br paragraph_9dc5f paragraph-element\">ACR39F Smart Floppy je vsestranski \u010ditalnik kartic EMV USB, ki z lahkoto integrira \u010ditalnike pametnih kartic v namizne nastavitve.<\/div>","protected":false},"featured_media":2881,"template":"","meta":[],"product_brand":[],"product_cat":[39],"product_tag":[],"class_list":{"0":"post-2877","1":"product","2":"type-product","3":"status-publish","4":"has-post-thumbnail","6":"product_cat-usb-ic-smartcard-reader","8":"first","9":"instock","10":"shipping-taxable","11":"product-type-simple"},"_links":{"self":[{"href":"https:\/\/nfc-readers.com\/sl\/wp-json\/wp\/v2\/product\/2877","targetHints":{"allow":["GET"]}}],"collection":[{"href":"https:\/\/nfc-readers.com\/sl\/wp-json\/wp\/v2\/product"}],"about":[{"href":"https:\/\/nfc-readers.com\/sl\/wp-json\/wp\/v2\/types\/product"}],"wp:featuredmedia":[{"embeddable":true,"href":"https:\/\/nfc-readers.com\/sl\/wp-json\/wp\/v2\/media\/2881"}],"wp:attachment":[{"href":"https:\/\/nfc-readers.com\/sl\/wp-json\/wp\/v2\/media?parent=2877"}],"wp:term":[{"taxonomy":"product_brand","embeddable":true,"href":"https:\/\/nfc-readers.com\/sl\/wp-json\/wp\/v2\/product_brand?post=2877"},{"taxonomy":"product_cat","embeddable":true,"href":"https:\/\/nfc-readers.com\/sl\/wp-json\/wp\/v2\/product_cat?post=2877"},{"taxonomy":"product_tag","embeddable":true,"href":"https:\/\/nfc-readers.com\/sl\/wp-json\/wp\/v2\/product_tag?post=2877"}],"curies":[{"name":"wp","href":"https:\/\/api.w.org\/{rel}","templated":true}]}}