{"id":3178,"date":"2024-10-29T13:08:37","date_gmt":"2024-10-29T13:08:37","guid":{"rendered":"https:\/\/nfc-readers.com\/?post_type=product&#038;p=3178"},"modified":"2024-10-29T14:04:44","modified_gmt":"2024-10-29T14:04:44","slug":"optional-random-id-mifare-ultralight-aes-sticker-iso1443a","status":"publish","type":"product","link":"https:\/\/nfc-readers.com\/sl\/ic-reader\/optional-random-id-mifare-ultralight-aes-sticker-iso1443a\/","title":{"rendered":"neobvezna Random ID Mifare Ultralight AES nalepka ISO1443A"},"content":{"rendered":"<h1><strong>neobvezna Random ID Mifare Ultralight AES nalepka ISO1443A<\/strong><\/h1>\n<p>The\u00a0<strong>Izbirna naklju\u010dna ID nalepka Mifare Ultralight AES ISO14443A<\/strong>\u00a0predstavlja vrhunec sodobne tehnologije izdajanja vozovnic in nadzora dostopa. Ta vsestranska pametna kartica, ki zdru\u017euje prednosti komunikacije RFID in NFC, zagotavlja visoko varnost in udobje, zaradi \u010desar je idealna za razli\u010dne aplikacije, kot so nakup vstopnic za dogodke in kartice zvestobe. \u010ce i\u0161\u010dete zanesljivo re\u0161itev, ki se odlikuje po zmogljivosti in hkrati zagotavlja brezhibno uporabni\u0161ko izku\u0161njo, ne i\u0161\u010dite dlje od tega inovativnega izdelka.<\/p>\n<h2>Zakaj izbrati nalepko Mifare Ultralight AES?<\/h2>\n<p>Nalepka Mifare Ultralight AES je zasnovana za izbolj\u0161anje varnosti in uporabnosti v \u0161tevilnih primerih uporabe. S \u0161ifriranjem AES so va\u0161i podatki za\u0161\u010diteni pred nepoobla\u0161\u010denim dostopom, kar zagotavlja brezskrbnost. Kompaktna zasnova omogo\u010da preprosto integracijo v obstoje\u010de sisteme, medtem ko obse\u017een razpon branja (do 100 cm) ponuja udobje brez primere. Nalo\u017eba v ta izdelek pomeni nalo\u017ebo v vrhunsko tehnologijo, ki zadovoljuje razli\u010dne potrebe.<\/p>\n<h3><strong>Visoka varnost s \u0161ifriranjem AES<\/strong><\/h3>\n<p>Jedro Mifare Ultralight AES nalepke je visoka raven varnosti, ki jo zagotavlja\u00a0<strong>AES (napredni standard \u0161ifriranja)<\/strong>. Ta najsodobnej\u0161a tehnologija \u0161ifriranja \u0161\u010diti uporabni\u0161ke podatke in zagotavlja varno komunikacijo med nalepko in \u010ditalci kartic. Ker skrbi glede varnosti v dana\u0161njem digitalnem okolju \u0161e vedno nara\u0161\u010dajo, je za podjetja, ki \u017eelijo za\u0161\u010dititi ob\u010dutljive podatke, nujno imeti zanesljivo re\u0161itev pametne kartice.<\/p>\n<h3><strong>Vsestranska podro\u010dja uporabe<\/strong><\/h3>\n<p>Mifare Ultralight AES Sticker ni samo pametna kartica; je vsestranska re\u0161itev, ki se lahko uporablja v razli\u010dnih aplikacijah. Ti vklju\u010dujejo prodajo vstopnic za dogodke, programe zvestobe, prevozne kartice in sisteme za nadzor dostopa. The\u00a0<strong>ISO 14443A<\/strong>\u00a0skladnost zagotavlja globalno zdru\u017eljivost, zaradi \u010desar je zelo prilagodljiv za podjetja, ki \u017eelijo poenostaviti delovanje in izbolj\u0161ati uporabni\u0161ko izku\u0161njo.<\/p>\n<h3><strong>Kompakten in prilagodljiv dizajn<\/strong><\/h3>\n<p>The\u00a0<strong>30 mm velikosti<\/strong>\u00a0Nalepke Mifare Ultralight AES je primerna za enostavno pritrditev na razli\u010dne predmete, od zna\u010dk do obeskov za klju\u010de. Njegove prilagodljive mo\u017enosti nudijo podjetjem prilo\u017enost, da brezhibno vklju\u010dijo blagovno znamko, s \u010dimer zagotovijo, da vsaka nalepka ne le u\u010dinkovito deluje, temve\u010d tudi u\u010dinkovito predstavlja va\u0161o blagovno znamko.<\/p>\n<table class=\"preview\" style=\"height: 270px;\" width=\"553\">\n<thead>\n<tr>\n<th>Funkcija<\/th>\n<th>Specifikacija<\/th>\n<\/tr>\n<\/thead>\n<tbody>\n<tr>\n<td>Material<\/td>\n<td>PET\/premazan papir<\/td>\n<\/tr>\n<tr>\n<td>\u010dip<\/td>\n<td>Ultralahki AES<\/td>\n<\/tr>\n<tr>\n<td>Pogostost<\/td>\n<td>13,56 MHz<\/td>\n<\/tr>\n<tr>\n<td>Bralno obmo\u010dje<\/td>\n<td>0-100 cm<\/td>\n<\/tr>\n<tr>\n<td>Spomin<\/td>\n<td>144 bajtov<\/td>\n<\/tr>\n<tr>\n<td>Protokol<\/td>\n<td>ISO 14443A<\/td>\n<\/tr>\n<tr>\n<td>Prodaja enot<\/td>\n<td>Posamezen element<\/td>\n<\/tr>\n<tr>\n<td>Velikost embala\u017ee<\/td>\n<td>0,1 x 0,1 x 0,02 cm<\/td>\n<\/tr>\n<tr>\n<td>Bruto te\u017ea<\/td>\n<td>0,010 kg<\/td>\n<\/tr>\n<\/tbody>\n<\/table>\n<p>&nbsp;<\/p>","protected":false},"excerpt":{"rendered":"<p>Izbirna nalepka Random ID MIFARE Ultralight AES, skladna z ISO 14443A, ponuja izbolj\u0161ane varnostne funkcije in prilagodljivo upravljanje podatkov za u\u010dinkovit nadzor dostopa in re\u0161itve identifikacije. Njegova kompaktna oblika omogo\u010da enostavno integracijo v razli\u010dne aplikacije, hkrati pa zagotavlja zanesljivo delovanje.<\/p>","protected":false},"featured_media":3179,"template":"","meta":[],"product_brand":[],"product_cat":[48],"product_tag":[],"class_list":{"0":"post-3178","1":"product","2":"type-product","3":"status-publish","4":"has-post-thumbnail","6":"product_cat-nfc-stickers","8":"first","9":"instock","10":"shipping-taxable","11":"product-type-simple"},"_links":{"self":[{"href":"https:\/\/nfc-readers.com\/sl\/wp-json\/wp\/v2\/product\/3178","targetHints":{"allow":["GET"]}}],"collection":[{"href":"https:\/\/nfc-readers.com\/sl\/wp-json\/wp\/v2\/product"}],"about":[{"href":"https:\/\/nfc-readers.com\/sl\/wp-json\/wp\/v2\/types\/product"}],"wp:featuredmedia":[{"embeddable":true,"href":"https:\/\/nfc-readers.com\/sl\/wp-json\/wp\/v2\/media\/3179"}],"wp:attachment":[{"href":"https:\/\/nfc-readers.com\/sl\/wp-json\/wp\/v2\/media?parent=3178"}],"wp:term":[{"taxonomy":"product_brand","embeddable":true,"href":"https:\/\/nfc-readers.com\/sl\/wp-json\/wp\/v2\/product_brand?post=3178"},{"taxonomy":"product_cat","embeddable":true,"href":"https:\/\/nfc-readers.com\/sl\/wp-json\/wp\/v2\/product_cat?post=3178"},{"taxonomy":"product_tag","embeddable":true,"href":"https:\/\/nfc-readers.com\/sl\/wp-json\/wp\/v2\/product_tag?post=3178"}],"curies":[{"name":"wp","href":"https:\/\/api.w.org\/{rel}","templated":true}]}}