{"id":3186,"date":"2024-10-29T13:27:39","date_gmt":"2024-10-29T13:27:39","guid":{"rendered":"https:\/\/nfc-readers.com\/?post_type=product&#038;p=3186"},"modified":"2024-10-29T13:59:52","modified_gmt":"2024-10-29T13:59:52","slug":"dia-30mm-ntag-424-dna-nfc-sticker-tamper-proof-high-security","status":"publish","type":"product","link":"https:\/\/nfc-readers.com\/sl\/ic-reader\/dia-30mm-ntag-424-dna-nfc-sticker-tamper-proof-high-security\/","title":{"rendered":"Premer 30 mm NTAG 424 DNA NFC nalepka Visoka varnost, za\u0161\u010ditena pred posegi"},"content":{"rendered":"<h2><strong>Premer 30 mm NTAG 424 DNA NFC nalepka Visoka varnost, za\u0161\u010ditena pred posegi<\/strong><\/h2>\n<p>Odkrijte naslednjo raven varne komunikacije z <strong>Premer 30 mm NTAG 424 DNA NFC nalepka<\/strong>. To je zasnovano za podjetja, ki \u017eelijo izbolj\u0161ati svoje varnostne ukrepe\u00a0<strong>NFC kartica<\/strong>\u00a0uporablja najsodobnej\u0161o tehnologijo, ki ne le prepre\u010duje poseganje, temve\u010d zagotavlja tudi brezhibno sledljivost. Ne glede na to, ali delate v vinski industriji in poudarjate ukrepe proti ponarejanju, ali v katerem koli drugem sektorju, ki potrebuje napredno za\u0161\u010dito, je ta vsestranska nalepka NFC neprecenljiva prednost.<\/p>\n<p>&nbsp;<\/p>\n<h2><strong>Klju\u010dne prednosti NFC nalepke NTAG 424 DNA premera 30 mm<\/strong><\/h2>\n<p>The\u00a0<strong>NTAG 424 DNA NFC nalepka<\/strong>\u00a0zdru\u017euje zvezdne funkcije za zagotavljanje vrhunske varnosti in udobja. Zaradi svoje prilagodljivosti in enostavne uporabe je izstopajo\u010da re\u0161itev za podjetja, ki si prizadevajo za izbolj\u0161ano komunikacijo in sledljivost. Z zmo\u017enostjo varnega prena\u0161anja vitalnih informacij ti\u00a0<strong>NFC izdelki<\/strong>\u00a0so opremljeni s 128-bitno varnostjo AES, zaradi \u010desar so odporni na ponarejanje. Z vlaganjem v ta inovativni izdelek ne \u0161\u010ditite le integritete va\u0161e blagovne znamke, ampak tudi izbolj\u0161ate zaupanje strank.<\/p>\n<p>&nbsp;<\/p>\n<h3><strong>Inovativna re\u0161itev za poslovne kartice NFC<\/strong><\/h3>\n<p>The\u00a0<strong>Premer 30 mm NTAG 424 DNA NFC nalepka<\/strong>\u00a0na novo definira, kako dojemamo tradicionalne vizitke. Kot a\u00a0<strong>digitalna vizitka<\/strong>, omogo\u010da uporabnikom, da \u00bbdotaknejo\u00ab svoje pametne telefone, da brez te\u017eav zberejo kontaktne podatke. Pozabite na te\u017eave pri prena\u0161anju ve\u010d papirnatih kartic; s preprostim dotikom lahko stranke v trenutku dostopajo do va\u0161ih profilov v dru\u017eabnih medijih in kontaktnih podatkov. to\u00a0<strong>NFC vizitka<\/strong>\u00a0ne izbolj\u0161a samo profesionalne podobe va\u0161e blagovne znamke, temve\u010d tudi poka\u017ee va\u0161o predanost sprejemanju sodobne tehnologije.<\/p>\n<p>\u0160e ve\u010d, te\u00a0<strong>NFC kartice<\/strong>\u00a0so kot nala\u0161\u010d za dogodke mre\u017eenja, kjer je prvi vtis pomemben. Omogo\u010dajo vam, da izstopate v konkuren\u010dnem okolju, tako da je izmenjava informacij interaktivna in nepozabna.<\/p>\n<p>&nbsp;<\/p>\n<h3><strong>Pogosto zastavljena vpra\u0161anja (FAQ)<\/strong><\/h3>\n<p><strong>V: Kako uporabim nalepko NFC?<\/strong><br \/>\nO: S pametnim telefonom preprosto tapnite ob nalepko in vdelane informacije se bodo prikazale na zaslonu.<\/p>\n<p><strong>V: Ali je nalepke NFC mogo\u010de prilagoditi?<\/strong><br \/>\nO: Da, ponujamo prilagodljive oblike, vklju\u010dno z logotipi in besedilnimi mo\u017enostmi, kar vam omogo\u010da ustvarjanje edinstvene izku\u0161nje NFC.<\/p>\n<p><strong>V: Kak\u0161na je \u017eivljenjska doba nalepke NFC DNA NTAG 424 Dia 30 mm?<\/strong><br \/>\nO: Z vzdr\u017eljivostjo zapisovanja 200.000 ciklov so te nalepke izdelane za dolgotrajno uporabo in zanesljivost.<\/p>\n<p><strong>V: Ali lahko te nalepke uporabim za promocije?<\/strong><br \/>\nO: Vsekakor! Popolne so za interaktivne promocijske akcije in jih je mogo\u010de uporabiti za izmenjavo ponudb, popustov ali informacij o izdelkih.<\/p>\n<p>&nbsp;<\/p>\n<p>&nbsp;<\/p>\n<h3><strong>Tehni\u010dne specifikacije kartice NFC<\/strong><\/h3>\n<table class=\"preview\" style=\"height: 299px;\" width=\"532\">\n<thead>\n<tr>\n<th><strong>Funkcija<\/strong><\/th>\n<th><strong>Podrobnosti<\/strong><\/th>\n<\/tr>\n<\/thead>\n<tbody>\n<tr>\n<td><strong>Vrsta \u010dipa<\/strong><\/td>\n<td>NTAG 424 DNK<\/td>\n<\/tr>\n<tr>\n<td><strong>Spomin<\/strong><\/td>\n<td>416 bajtov<\/td>\n<\/tr>\n<tr>\n<td><strong>Varnost<\/strong><\/td>\n<td>128-bitni AES, LRP<\/td>\n<\/tr>\n<tr>\n<td><strong>Klju\u010di za dostop<\/strong><\/td>\n<td>5 x 128 bitov<\/td>\n<\/tr>\n<tr>\n<td><strong>Napi\u0161i Vzdr\u017eljivost<\/strong><\/td>\n<td>200.000 ciklov<\/td>\n<\/tr>\n<tr>\n<td><strong>Komunikacijski vmesnik<\/strong><\/td>\n<td>NFC forum tipa 4<\/td>\n<\/tr>\n<tr>\n<td><strong>Material<\/strong><\/td>\n<td>PET<\/td>\n<\/tr>\n<tr>\n<td><strong>Velikost antene<\/strong><\/td>\n<td>Premer 30 mm<\/td>\n<\/tr>\n<tr>\n<td><strong>Pakiranje<\/strong><\/td>\n<td>1000-5000 kosov\/zvitek<\/td>\n<\/tr>\n<tr>\n<td><strong>Certificiranje<\/strong><\/td>\n<td>ISO14443A, ISO15693<\/td>\n<\/tr>\n<\/tbody>\n<\/table>\n<p>&nbsp;<\/p>","protected":false},"excerpt":{"rendered":"<p>Dia 30 mm NTAG 424 DNA NFC nalepka ponuja visoko varnost s tehnologijo, za\u0161\u010diteno pred posegi, ki zagotavlja zanesljivo za\u0161\u010dito podatkov in brezhibno uporabni\u0161ko izku\u0161njo. Popoln za podjetja, ki potrebujejo varne re\u0161itve!<\/p>","protected":false},"featured_media":3188,"template":"","meta":[],"product_brand":[],"product_cat":[48],"product_tag":[],"class_list":{"0":"post-3186","1":"product","2":"type-product","3":"status-publish","4":"has-post-thumbnail","6":"product_cat-nfc-stickers","8":"first","9":"instock","10":"shipping-taxable","11":"product-type-simple"},"_links":{"self":[{"href":"https:\/\/nfc-readers.com\/sl\/wp-json\/wp\/v2\/product\/3186","targetHints":{"allow":["GET"]}}],"collection":[{"href":"https:\/\/nfc-readers.com\/sl\/wp-json\/wp\/v2\/product"}],"about":[{"href":"https:\/\/nfc-readers.com\/sl\/wp-json\/wp\/v2\/types\/product"}],"wp:featuredmedia":[{"embeddable":true,"href":"https:\/\/nfc-readers.com\/sl\/wp-json\/wp\/v2\/media\/3188"}],"wp:attachment":[{"href":"https:\/\/nfc-readers.com\/sl\/wp-json\/wp\/v2\/media?parent=3186"}],"wp:term":[{"taxonomy":"product_brand","embeddable":true,"href":"https:\/\/nfc-readers.com\/sl\/wp-json\/wp\/v2\/product_brand?post=3186"},{"taxonomy":"product_cat","embeddable":true,"href":"https:\/\/nfc-readers.com\/sl\/wp-json\/wp\/v2\/product_cat?post=3186"},{"taxonomy":"product_tag","embeddable":true,"href":"https:\/\/nfc-readers.com\/sl\/wp-json\/wp\/v2\/product_tag?post=3186"}],"curies":[{"name":"wp","href":"https:\/\/api.w.org\/{rel}","templated":true}]}}