{"id":3195,"date":"2024-10-29T13:40:47","date_gmt":"2024-10-29T13:40:47","guid":{"rendered":"https:\/\/nfc-readers.com\/?post_type=product&#038;p=3195"},"modified":"2024-10-29T14:03:42","modified_gmt":"2024-10-29T14:03:42","slug":"iso14443a-pet-wet-inlay-nfc-sticker-dia30mm-for-smart-phone","status":"publish","type":"product","link":"https:\/\/nfc-readers.com\/sl\/ic-reader\/iso14443a-pet-wet-inlay-nfc-sticker-dia30mm-for-smart-phone\/","title":{"rendered":"ISO14443A PET Wet Inlay NFC nalepka premera 30 mm za pametni telefon"},"content":{"rendered":"<h2 style=\"text-align: center;\"><strong>ISO14443A PET Wet Inlay NFC nalepka premera 30 mm za pametni telefon<\/strong><\/h2>\n<p>&nbsp;<\/p>\n<p>V dana\u0161njem hitrem digitalnem svetu mora biti komunikacija brezhibna in u\u010dinkovita. The\u00a0<strong>ISO14443A PET Wet Inlay NFC nalepka premera 30 mm za pametni telefon<\/strong>\u00a0je zasnovan tako, da spremeni na\u010din, kako delite svoje podatke. Ne glede na to, ali ste lastnik podjetja, ustvarjalni strokovnjak ali nekdo, ki \u017eeli poenostaviti skupno rabo stikov, ta kartica NFC ponuja ne\u0161teto prednosti, zaradi katerih je nepogre\u0161ljivo orodje. S svojo vodoodporno konstrukcijo, prilagodljivimi funkcijami in zdru\u017eljivostjo z vsemi pametnimi telefoni ni le prakti\u010dna re\u0161itev, temve\u010d tudi eleganten dodatek k va\u0161emu kompletu omre\u017enih orodij.<\/p>\n<p>Predstavljajte si, da delite svoje kontaktne podatke, profile v dru\u017eabnih omre\u017ejih ali povezave po meri preprosto tako, da se s pametnim telefonom dotaknete te nalepke NFC! Poglobimo se v to, zakaj ta izdelek NFC izstopa in zakaj bi morali razmisliti o tem, da bi bil del va\u0161ega digitalnega arzenala.<\/p>\n<p>&nbsp;<\/p>\n<h3><strong>Klju\u010dne lastnosti vizitke NFC<\/strong><\/h3>\n<p>The\u00a0<strong>NFC vizitka<\/strong>\u00a0presega tradicionalne kartice s svojimi impresivnimi funkcijami, ki dodajo vrednost va\u0161im profesionalnim interakcijam. Opremljen z\u00a0<strong>NTAG \u010dipi<\/strong>\u00a0(213, 215, 216) ta izdelek NFC omogo\u010da brezhiben prenos podatkov, kar vam omogo\u010da skupno rabo bistvenih informacij brez te\u017eav s papirnatimi karticami. Njegova vzdr\u017eljivost zagotavlja tudi odpornost na razli\u010dne okoljske pogoje, zaradi \u010desar je zanesljiv za uporabo na prostem.<\/p>\n<p>&nbsp;<\/p>\n<h3><strong>Tehni\u010dne specifikacije nalepk NFC<\/strong><\/h3>\n<table class=\"preview\" style=\"height: 234px;\" width=\"525\">\n<thead>\n<tr>\n<th>Specifikacija<\/th>\n<th>Podrobnost<\/th>\n<\/tr>\n<\/thead>\n<tbody>\n<tr>\n<td><strong>Protokol<\/strong><\/td>\n<td>ISO14443A<\/td>\n<\/tr>\n<tr>\n<td><strong>Material<\/strong><\/td>\n<td>PET je odporen na vlago<\/td>\n<\/tr>\n<tr>\n<td><strong>Mo\u017enosti \u010dipov<\/strong><\/td>\n<td>NTAG 213, NTAG 215, NTAG 216<\/td>\n<\/tr>\n<tr>\n<td><strong>Velikost<\/strong><\/td>\n<td>Premer 30 mm\/po meri<\/td>\n<\/tr>\n<tr>\n<td><strong>Zmogljivost pomnilnika<\/strong><\/td>\n<td>144 \/ 504 \/ 888 bajtov<\/td>\n<\/tr>\n<tr>\n<td><strong>Zdru\u017eljive naprave<\/strong><\/td>\n<td>Telefoni s tehnologijo NFC<\/td>\n<\/tr>\n<tr>\n<td><strong>Podrobnosti pakiranja<\/strong><\/td>\n<td>100 kosov\/vre\u010dko, 5000 kosov\/\u0161katlo<\/td>\n<\/tr>\n<tr>\n<td><strong>Pristani\u0161\u010de<\/strong><\/td>\n<td>Shenzhen<\/td>\n<\/tr>\n<\/tbody>\n<\/table>\n<p>&nbsp;<\/p>\n<h3><strong>Pogosta vpra\u0161anja o karticah NFC<\/strong><\/h3>\n<p>&nbsp;<\/p>\n<h3>Kaj je an\u00a0<strong>NFC kartica<\/strong>?<\/h3>\n<p>Kartica NFC je brezkontaktna pametna kartica, ki uporablja tehnologijo Near Field Communication za la\u017eji prenos podatkov tako, da se z njo dotaknete naprave, ki podpira NFC.<\/p>\n<h3>Kako naj programiram svoj\u00a0<strong>NFC \u010dip<\/strong>?<\/h3>\n<p>Za programiranje nalepk NFC lahko uporabite razli\u010dne aplikacije NFC, ki so na voljo na pametnih telefonih. Te aplikacije vam omogo\u010dajo, da vnesete podatke, ki jih \u017eelite deliti, kot so kontaktni podatki ali dolo\u010dene povezave.<\/p>\n<h3>so\u00a0<strong>NFC digitalne vizitke<\/strong>\u00a0zdru\u017eljiv z vsemi napravami?<\/h3>\n<p>Da, na\u0161e nalepke NFC so zdru\u017eljive z vsemi pametnimi telefoni, opremljenimi z zmogljivostjo NFC. To zagotavlja \u0161irok doseg in dostopnost, kar vam omogo\u010da povezovanje z ve\u010d posamezniki.<\/p>\n<h3>Ali obstaja na\u010din za sledenje interakcijam z mojimi izdelki NFC?<\/h3>\n<p>\u010ceprav samostojne nalepke NFC nimajo funkcij sledenja, lahko, ko so povezane z dolo\u010denimi URL-ji, uporabite analiti\u010dna orodja za spremljanje klikov in interakcij.<\/p>\n<h3>Ali lahko za svoje naro\u010dilo zagotovim brezpla\u010dno dostavo?<\/h3>\n<p>ja! Pogosto nudimo brezpla\u010dno dostavo, zlasti za mno\u017ei\u010dna naro\u010dila. Za ve\u010d podrobnosti preverite na\u0161e najnovej\u0161e promocije.<\/p>\n<p>&nbsp;<\/p>\n<p>&nbsp;<\/p>","protected":false},"excerpt":{"rendered":"<p>The\u00a0<strong>ISO14443A PET Wet Inlay NFC nalepka premera 30 mm<\/strong>\u00a0je vsestranska, vodotesna re\u0161itev NFC, zasnovana za brezhibno deljenje podatkov s pametnimi telefoni. Ta kompaktna nalepka omogo\u010da hiter dostop do va\u0161ih kontaktnih podatkov in digitalnih profilov z enim samim dotikom ter revolucionira mre\u017eenje in komunikacijo.<\/p>","protected":false},"featured_media":3196,"template":"","meta":[],"product_brand":[],"product_cat":[48],"product_tag":[],"class_list":{"0":"post-3195","1":"product","2":"type-product","3":"status-publish","4":"has-post-thumbnail","6":"product_cat-nfc-stickers","8":"first","9":"instock","10":"shipping-taxable","11":"product-type-simple"},"_links":{"self":[{"href":"https:\/\/nfc-readers.com\/sl\/wp-json\/wp\/v2\/product\/3195","targetHints":{"allow":["GET"]}}],"collection":[{"href":"https:\/\/nfc-readers.com\/sl\/wp-json\/wp\/v2\/product"}],"about":[{"href":"https:\/\/nfc-readers.com\/sl\/wp-json\/wp\/v2\/types\/product"}],"wp:featuredmedia":[{"embeddable":true,"href":"https:\/\/nfc-readers.com\/sl\/wp-json\/wp\/v2\/media\/3196"}],"wp:attachment":[{"href":"https:\/\/nfc-readers.com\/sl\/wp-json\/wp\/v2\/media?parent=3195"}],"wp:term":[{"taxonomy":"product_brand","embeddable":true,"href":"https:\/\/nfc-readers.com\/sl\/wp-json\/wp\/v2\/product_brand?post=3195"},{"taxonomy":"product_cat","embeddable":true,"href":"https:\/\/nfc-readers.com\/sl\/wp-json\/wp\/v2\/product_cat?post=3195"},{"taxonomy":"product_tag","embeddable":true,"href":"https:\/\/nfc-readers.com\/sl\/wp-json\/wp\/v2\/product_tag?post=3195"}],"curies":[{"name":"wp","href":"https:\/\/api.w.org\/{rel}","templated":true}]}}