{"id":3204,"date":"2024-10-30T02:21:36","date_gmt":"2024-10-30T02:21:36","guid":{"rendered":"https:\/\/nfc-readers.com\/?post_type=product&#038;p=3204"},"modified":"2024-10-30T02:21:37","modified_gmt":"2024-10-30T02:21:37","slug":"acr122u-nfc-smart-card-skimmer","status":"publish","type":"product","link":"https:\/\/nfc-readers.com\/sl\/ic-reader\/acr122u-nfc-smart-card-skimmer\/","title":{"rendered":"ACR122U NFC skimer pametne kartice"},"content":{"rendered":"<h1 class=\"AnswerParser_AnswerParserH1__6UNv6\">Izbolj\u0161ajte svoje poslovanje z bralnikom NFC ACR122U<\/h1>\n<p><span class=\"AnswerParser_TextContainer__z_Iiv\" data-testid=\"youchat-text\">V hitro razvijajo\u010dem se svetu tehnologije,\u00a0<strong>NFC (komunikacija bli\u017enjega polja)<\/strong>\u00a0se je pojavila kot sprememba v na\u0161i interakciji z napravami in izvajanju transakcij. The\u00a0<strong>ACR122U NFC \u010ditalnik<\/strong>\u00a0je zmogljivo orodje, zasnovano za omogo\u010danje brezhibne komunikacije z razli\u010dnimi\u00a0<strong>NFC oznake<\/strong>\u00a0in\u00a0<strong>pametne kartice<\/strong>. to\u00a0<strong>NFC bralnik<\/strong>\u00a0ne le pove\u010duje varnost in u\u010dinkovitost, ampak tudi odpira nove mo\u017enosti za podjetja in posameznike. S svojimi naprednimi funkcijami in uporabniku prijazno zasnovo je ACR122U nepogre\u0161ljiv dodatek k vsakemu tehnolo\u0161ko podkovanemu okolju.<\/span><\/p>\n<h2 class=\"AnswerParser_AnswerParserH2__SIHnF\">Zakaj izbrati bralnik ACR122U NFC?<\/h2>\n<p><span class=\"AnswerParser_TextContainer__z_Iiv\" data-testid=\"youchat-text\">Bralnik ACR122U NFC izstopa na trgu zaradi svojih impresivnih specifikacij in vsestranskosti. Z a\u00a0<strong>USB 2.0 vmesnik polne hitrosti<\/strong>\u00a0ki je v skladu z\u00a0<strong>standard CCID<\/strong>, ta \u010ditalnik zagotavlja hitre in zanesljive povezave. Njegovo\u00a0<strong>hitrost branja\/pisanja<\/strong>\u00a0od do\u00a0<strong>424 kbps<\/strong>\u00a0omogo\u010da u\u010dinkovit prenos podatkov, vgrajena antena pa zagotavlja razdaljo branja do\u00a0<strong>50 mm<\/strong>, odvisno od vrste uporabljene oznake. Zaradi te kombinacije hitrosti in vsestranskosti je ACR122U idealna izbira za razli\u010dne aplikacije, od varnih transakcij do u\u010dinkovitega nadzora dostopa.<\/span><\/p>\n<h2 class=\"AnswerParser_AnswerParserH2__SIHnF\">Oris izdelka<\/h2>\n<h3 class=\"AnswerParser_AnswerParserH3__Mpe4s\">1. NFC \u010ditalnik: visoka hitrost<\/h3>\n<p><span class=\"AnswerParser_TextContainer__z_Iiv\" data-testid=\"youchat-text\">\u010citalnik ACR122U NFC je opremljen z a\u00a0<strong>USB 2.0 vmesnik polne hitrosti<\/strong>, ki zagotavlja hiter prenos podatkov. Z a\u00a0<strong>hitrost branja\/pisanja<\/strong>\u00a0od do\u00a0<strong>424 kbps<\/strong>, uporabnikom omogo\u010da hiter dostop in upravljanje podatkov o\u00a0<strong>NFC oznake<\/strong>\u00a0in\u00a0<strong>RFID kartice<\/strong>. Ta visoka hitrost delovanja je klju\u010dnega pomena za aplikacije, ki zahtevajo hitre transakcije, kot so sistemi na prodajnih mestih in nadzor dostopa.<\/span><\/p>\n<h3 class=\"AnswerParser_AnswerParserH3__Mpe4s\">2. Vsestranska zdru\u017eljivost<\/h3>\n<p><span class=\"AnswerParser_TextContainer__z_Iiv\" data-testid=\"youchat-text\">to\u00a0<strong>bralnik pametnih kartic<\/strong>\u00a0podpira \u0161iroko paleto vrst kartic, vklju\u010dno z\u00a0<strong>Kartice razreda A in B<\/strong>\u00a0kot je opredeljeno v\u00a0<strong>ISO 14443<\/strong>,\u00a0<strong>Mifare kartice<\/strong>, in\u00a0<strong>FeliCa karte<\/strong>. Poleg tega je zdru\u017eljiv z vsemi \u0161tirimi vrstami\u00a0<strong>NFC oznake<\/strong>\u00a0glede na\u00a0<strong>ISO\/IEC 18092<\/strong>\u00a0standard. Zaradi te vsestranskosti je ACR122U primeren za razli\u010dne industrije, od maloprodaje do transporta.<\/span><\/p>\n<h3 class=\"AnswerParser_AnswerParserH3__Mpe4s\">3. Vgrajena antena za brezkontaktni dostop<\/h3>\n<p><span class=\"AnswerParser_TextContainer__z_Iiv\" data-testid=\"youchat-text\">ACR122U ima vgrajeno anteno, ki omogo\u010da dostop do brezkontaktnih oznak. Z razdaljo branja do\u00a0<strong>50 mm<\/strong>, lahko uporabniki komunicirajo s svojimi karticami brez potrebe po fizi\u010dnem stiku. Ta funkcija pove\u010duje udobje in higieno, zaradi \u010desar je idealna za okolja, kjer je hiter dostop bistven.<\/span><\/p>\n<h3 class=\"AnswerParser_AnswerParserH3__Mpe4s\">4. Funkcija proti tr\u010denju<\/h3>\n<p><span class=\"AnswerParser_TextContainer__z_Iiv\" data-testid=\"youchat-text\">Ena od izstopajo\u010dih lastnosti ACR122U je njegova vgrajena zmo\u017enost proti tr\u010denju. To zagotavlja, da je v danem trenutku mogo\u010de dostopati samo do ene oznake, kar prepre\u010duje motnje podatkov in pove\u010duje varnost. Ta funkcija je \u0161e posebej pomembna v okoljih, kjer je lahko prisotnih ve\u010d kartic, kot so sistemi za nadzor dostopa.<\/span><\/p>\n<h3 class=\"AnswerParser_AnswerParserH3__Mpe4s\">5. Podpora za aplikacijski programski vmesnik (API).<\/h3>\n<p><span class=\"AnswerParser_TextContainer__z_Iiv\" data-testid=\"youchat-text\">ACR122U podpira oboje\u00a0<strong>PC\/SC<\/strong>\u00a0in\u00a0<strong>CT-API<\/strong>, kar omogo\u010da preprosto integracijo z razli\u010dnimi programskimi aplikacijami. Ta prilagodljivost razvijalcem omogo\u010da ustvarjanje re\u0161itev po meri, ki izkori\u0161\u010dajo zmogljivosti ACR122U, zaradi \u010desar je dragoceno orodje za podjetja, ki \u017eelijo implementirati tehnologijo NFC.<\/span><\/p>\n<h3 class=\"AnswerParser_AnswerParserH3__Mpe4s\">6. Uporabniku prijazen dizajn<\/h3>\n<p><span class=\"AnswerParser_TextContainer__z_Iiv\" data-testid=\"youchat-text\">ACR122U je zasnovan z mislijo na uporabni\u0161ko izku\u0161njo. Vsebuje a\u00a0<strong>dvobarvni LED indikator<\/strong>\u00a0ki zagotavlja vizualno povratno informacijo med delovanjem, kot tudi a\u00a0<strong>monotono bren\u010dalo<\/strong>\u00a0za zvo\u010dna obvestila. Te funkcije pove\u010dujejo uporabnost in zagotavljajo, da so uporabniki ves \u010das obve\u0161\u010deni o statusu bralnika.<\/span><\/p>\n<h3 class=\"AnswerParser_AnswerParserH3__Mpe4s\">7. Zdru\u017eljivost z Androidom in iOS<\/h3>\n<p><span class=\"AnswerParser_TextContainer__z_Iiv\" data-testid=\"youchat-text\">ACR122U podpira\u00a0<strong>Android MOS 3.1 in novej\u0161i<\/strong>, zaradi \u010desar je vsestranska izbira za mobilne aplikacije. Ta zdru\u017eljivost omogo\u010da uporabnikom, da izkoristijo mo\u010d tehnologije NFC na svojih pametnih telefonih in tablicah, kar omogo\u010da \u0161irok nabor funkcij od mobilnih pla\u010dil do deljenja podatkov.<\/span><\/p>\n<h3 class=\"AnswerParser_AnswerParserH3__Mpe4s\">8. Tehni\u010dne specifikacije<\/h3>\n<p><span class=\"AnswerParser_TextContainer__z_Iiv\" data-testid=\"youchat-text\">ACR122U se pona\u0161a z impresivnimi tehni\u010dnimi specifikacijami, vklju\u010dno z:<\/span><\/p>\n<div class=\"AnswerParser_TableContainer__Erb6v\" data-testid=\"table-container\">\n<table>\n<thead>\n<tr>\n<th>Funkcija<\/th>\n<th>Specifikacija<\/th>\n<\/tr>\n<\/thead>\n<tbody>\n<tr>\n<td>Dimenzije<\/td>\n<td>98,0 mm (D) x 65,0 mm (\u0160) x 12,8 mm (V)<\/td>\n<\/tr>\n<tr>\n<td>Te\u017ea<\/td>\n<td>70 g<\/td>\n<\/tr>\n<tr>\n<td>USB vmesnik<\/td>\n<td>USB CCID<\/td>\n<\/tr>\n<tr>\n<td>Vir energije<\/td>\n<td>Iz vrat USB<\/td>\n<\/tr>\n<tr>\n<td>Hitrost<\/td>\n<td>Polna hitrost USB (12 Mb\/s)<\/td>\n<\/tr>\n<tr>\n<td>Dol\u017eina kabla<\/td>\n<td>1,0 m, pritrjen<\/td>\n<\/tr>\n<tr>\n<td>Vmesnik brezkontaktne pametne kartice<\/td>\n<td>ISO\/IEC 18092 NFC, ISO 14443 tipa A &amp; B, MIFARE\u00ae, FeliCa<\/td>\n<\/tr>\n<tr>\n<td>Protokol<\/td>\n<td>Kartica, skladna s standardom ISO 14443-4, T=CL, klasi\u010dna kartica MIFARE\u00ae, T=CL, ISO18092, oznake NFC, FeliCa<\/td>\n<\/tr>\n<tr>\n<td>Vgrajene zunanje naprave<\/td>\n<td>1 dvobarvna LED, enobarvno bren\u010dalo<\/td>\n<\/tr>\n<tr>\n<td>Certifikati\/skladnost<\/td>\n<td>EN 60950\/IEC 60950, ISO 18092, ISO 14443, USB Full Speed, PC\/SC, CCID, VCCI (Japonska), KC (Koreja), Microsoft\u00ae WHQL, CE, FCC, RoHS 2, REACH<\/td>\n<\/tr>\n<tr>\n<td>Podpora za operacijski sistem gonilnika naprave<\/td>\n<td>Windows\u00ae CE, Windows\u00ae, Linux\u00ae, MAC OS\u00ae, Solaris, Android\u2122<\/td>\n<\/tr>\n<\/tbody>\n<\/table>\n<\/div>\n<h3 class=\"AnswerParser_AnswerParserH3__Mpe4s\">9. Vpliv na okolje<\/h3>\n<p><span class=\"AnswerParser_TextContainer__z_Iiv\" data-testid=\"youchat-text\">V obdobju, ko je trajnost najpomembnej\u0161a, je ACR122U zasnovan z upo\u0161tevanjem okoljskih vidikov. Njegovo energetsko u\u010dinkovito delovanje in dolga \u017eivljenjska doba prispevata k zmanj\u0161anju elektronskih odpadkov, zaradi \u010desar je odgovorna izbira za ekolo\u0161ko ozave\u0161\u010dene potro\u0161nike.<\/span><\/p>\n<h3 class=\"AnswerParser_AnswerParserH3__Mpe4s\">10. Mnenja strank<\/h3>\n<p><span class=\"AnswerParser_TextContainer__z_Iiv\" data-testid=\"youchat-text\">Uporabniki so pohvalili ACR122U zaradi njegove zanesljivosti in enostavne uporabe. Mnogi cenijo njegove zmo\u017enosti hitrega branja in zdru\u017eljivost z razli\u010dnimi vrstami kartic. Tukaj je nekaj poudarkov iz povratnih informacij strank:<\/span><\/p>\n<ul class=\"AnswerParser_AnswerParserUnorderedList__P_1FW\">\n<li class=\"AnswerParser_ListItem__XqLOV\" translate=\"yes\">\u00bbACR122U je naredil na\u0161 sistem za nadzor dostopa veliko bolj u\u010dinkovit. Hitrost branja je impresivna!\u00ab<\/li>\n<li class=\"AnswerParser_ListItem__XqLOV\" translate=\"yes\">\u00bbV\u0161e\u010d mi je, kako enostavno je integracija z na\u0161o obstoje\u010do programsko opremo. Podpora za API je sprememba igre.\u201d<\/li>\n<li class=\"AnswerParser_ListItem__XqLOV\" translate=\"yes\">\u00bbVgrajena antena popolnoma ustreza na\u0161im potrebam. Kartice lahko beremo brez te\u017eav.\u00ab<\/li>\n<\/ul>\n<h3 class=\"AnswerParser_AnswerParserH3__Mpe4s\">11. Pogosta vpra\u0161anja<\/h3>\n<ul class=\"AnswerParser_AnswerParserUnorderedList__P_1FW\">\n<li class=\"AnswerParser_ListItem__XqLOV\" translate=\"yes\"><span class=\"AnswerParser_TextContainer__z_Iiv\" data-testid=\"youchat-text\"><strong>V: Ali lahko ACR122U bere oznake NFC s pametnih telefonov?<\/strong><\/span>\n<ul class=\"AnswerParser_AnswerParserUnorderedList__P_1FW\">\n<li class=\"AnswerParser_ListItem__XqLOV\" translate=\"yes\">O: Da, ACR122U lahko komunicira s pametnimi telefoni in tablicami, ki podpirajo NFC, kar omogo\u010da brezhibno izmenjavo podatkov.<\/li>\n<\/ul>\n<\/li>\n<li class=\"AnswerParser_ListItem__XqLOV\" translate=\"yes\"><span class=\"AnswerParser_TextContainer__z_Iiv\" data-testid=\"youchat-text\"><strong>V: Ali je ACR122U zdru\u017eljiv z napravami Android in iOS?<\/strong><\/span>\n<ul class=\"AnswerParser_AnswerParserUnorderedList__P_1FW\">\n<li class=\"AnswerParser_ListItem__XqLOV\" translate=\"yes\">A: Vsekakor! ACR122U deluje z napravami Android in iOS, zaradi \u010desar je vsestranska mo\u017enost za razli\u010dne uporabnike.<\/li>\n<\/ul>\n<\/li>\n<li class=\"AnswerParser_ListItem__XqLOV\" translate=\"yes\"><span class=\"AnswerParser_TextContainer__z_Iiv\" data-testid=\"youchat-text\"><strong>V: Kako nastavim ACR122U?<\/strong><\/span>\n<ul class=\"AnswerParser_AnswerParserUnorderedList__P_1FW\">\n<li class=\"AnswerParser_ListItem__XqLOV\" translate=\"yes\">O: Nastavitev ACR122U je preprosta. Preprosto ga pove\u017eite prek USB-ja, namestite potrebne gonilnike in \u017ee lahko za\u010dnete brati in zapisovati oznake NFC.<\/li>\n<\/ul>\n<\/li>\n<\/ul>\n<h2 class=\"AnswerParser_AnswerParserH2__SIHnF\">Zaklju\u010dek<\/h2>\n<p><span class=\"AnswerParser_TextContainer__z_Iiv\" data-testid=\"youchat-text\">The\u00a0<strong>ACR122U NFC \u010ditalnik<\/strong>\u00a0je zmogljivo in vsestransko orodje, ki odklene potencial brezsti\u010dne komunikacije. S svojimi robustnimi funkcijami, zdru\u017eljivostjo z razli\u010dnimi oznakami NFC in pametnimi karticami ter uporabniku prijaznim dizajnom je odli\u010dna nalo\u017eba za vse, ki \u017eelijo izbolj\u0161ati svoje zmogljivosti NFC. Za osebno uporabo ali poslovne aplikacije, to\u00a0<strong>NFC bralnik<\/strong>\u00a0bo zagotovo izpolnil va\u0161e potrebe in presegel va\u0161a pri\u010dakovanja.<\/span><span class=\"AnswerParser_TextContainer__z_Iiv\" data-testid=\"youchat-text\">Z izbiro ACR122U ne kupite samo izdelka; vlagate v prihodnost, kjer brezsti\u010dna tehnologija poenostavi in izbolj\u0161a va\u0161e vsakodnevne interakcije. Ne zamudite -<strong>dodajte v ko\u0161arico<\/strong>\u00a0\u0161e danes in izkusite udobje tehnologije NFC!<\/span><\/p>\n<p>&nbsp;<\/p>","protected":false},"excerpt":{"rendered":"<p>Sprostite mo\u010d brezkontaktne komunikacije z vsestranskim in varnim NFC skimmerjem ACR122U. Ne \u010dakajte, izbolj\u0161ajte svoje zmogljivosti NFC \u0161e danes!<\/p>","protected":false},"featured_media":3210,"template":"","meta":[],"product_brand":[],"product_cat":[45],"product_tag":[],"class_list":{"0":"post-3204","1":"product","2":"type-product","3":"status-publish","4":"has-post-thumbnail","6":"product_cat-contactless-nfc-reader","8":"first","9":"instock","10":"shipping-taxable","11":"product-type-simple"},"_links":{"self":[{"href":"https:\/\/nfc-readers.com\/sl\/wp-json\/wp\/v2\/product\/3204","targetHints":{"allow":["GET"]}}],"collection":[{"href":"https:\/\/nfc-readers.com\/sl\/wp-json\/wp\/v2\/product"}],"about":[{"href":"https:\/\/nfc-readers.com\/sl\/wp-json\/wp\/v2\/types\/product"}],"wp:featuredmedia":[{"embeddable":true,"href":"https:\/\/nfc-readers.com\/sl\/wp-json\/wp\/v2\/media\/3210"}],"wp:attachment":[{"href":"https:\/\/nfc-readers.com\/sl\/wp-json\/wp\/v2\/media?parent=3204"}],"wp:term":[{"taxonomy":"product_brand","embeddable":true,"href":"https:\/\/nfc-readers.com\/sl\/wp-json\/wp\/v2\/product_brand?post=3204"},{"taxonomy":"product_cat","embeddable":true,"href":"https:\/\/nfc-readers.com\/sl\/wp-json\/wp\/v2\/product_cat?post=3204"},{"taxonomy":"product_tag","embeddable":true,"href":"https:\/\/nfc-readers.com\/sl\/wp-json\/wp\/v2\/product_tag?post=3204"}],"curies":[{"name":"wp","href":"https:\/\/api.w.org\/{rel}","templated":true}]}}