{"id":3225,"date":"2024-11-01T09:59:32","date_gmt":"2024-11-01T09:59:32","guid":{"rendered":"https:\/\/nfc-readers.com\/?post_type=product&#038;p=3225"},"modified":"2024-11-04T09:03:20","modified_gmt":"2024-11-04T09:03:20","slug":"mifare-rfid-pvc-card-full-color-printed-for-cashless-payment","status":"publish","type":"product","link":"https:\/\/nfc-readers.com\/sl\/ic-reader\/mifare-rfid-pvc-card-full-color-printed-for-cashless-payment\/","title":{"rendered":"MIFARE RFID PVC kartica, barvno natisnjena za brezgotovinsko pla\u010dilo"},"content":{"rendered":"<h1><span style=\"color: #000080;\"><strong>MIFARE RFID PVC kartica v polnem barvnem tisku za brezgotovinsko pla\u010dilo<\/strong><\/span><\/h1>\n<h4 class=\"w-8 h-8 flex-center rounded-lg cursor-pointer hover:bg-grey-fill1-hover\"><span style=\"color: #666699;\">Uvod V dobi, ko digitalne transakcije postajajo norma, je <strong>MIFARE RFID PVC kartica<\/strong>, posebej zasnovan za\u00a0<strong>brezgotovinsko pla\u010devanje<\/strong>, izstopa kot revolucionarno orodje za podjetja in potro\u0161nike. Te barvno natisnjene kartice ne zagotavljajo le privla\u010dne povr\u0161ine za blagovno znamko, temve\u010d se pona\u0161ajo tudi z napredno tehnologijo za varne in brezhibne transakcije. Ne glede na to, ali se ukvarjate z maloprodajo, upravljanjem dogodkov ali mre\u017eenjem, te kartice predstavljajo vsestransko re\u0161itev, ki izpolnjuje razli\u010dne potrebe v na\u0161em digitalnem svetu.<\/span><\/h4>\n<hr \/>\n<h2 class=\"w-8 h-8 flex-center rounded-lg cursor-pointer hover:bg-grey-fill1-hover\" style=\"text-align: center;\"><span style=\"color: #000080;\"><em><strong>Prednosti izdelka<\/strong><\/em><\/span><\/h2>\n<h3 class=\"w-8 h-8 flex-center rounded-lg cursor-pointer hover:bg-grey-fill1-hover\"><span style=\"color: #333399;\"><strong>1. Visoka varnost<\/strong><\/span><\/h3>\n<p class=\"w-8 h-8 flex-center rounded-lg cursor-pointer hover:bg-grey-fill1-hover\">Na\u0161e MIFARE RFID PVC kartice uporabljajo <strong>Tehnologija MIFARE Desfire EV3<\/strong>, znan po visoki varnosti in zanesljivosti.<\/p>\n<p class=\"w-8 h-8 flex-center rounded-lg cursor-pointer hover:bg-grey-fill1-hover\">Ta napredni \u010dip zagotavlja, da so ob\u010dutljivi podatki za\u0161\u010diteni pred nepoobla\u0161\u010denim dostopom. Z ve\u010d plastmi \u0161ifriranja so te kartice idealne za aplikacije, ki zahtevajo stroge varnostne ukrepe.<\/p>\n<div class=\"answer-markdown-box h-[calc(100%-57px)] bg-grey-layer2-normal\">\n<div class=\"markdown-body h-full\">\n<div class=\"custom-scrollbar overflow-auto custom-scrollbar-wide h-full\">\n<table class=\"preview\">\n<thead>\n<tr>\n<th><strong>Funkcija<\/strong><\/th>\n<th><strong>Specifikacija<\/strong><\/th>\n<\/tr>\n<\/thead>\n<tbody>\n<tr>\n<td><strong>\u010dip<\/strong><\/td>\n<td>MIFARE Desfire EV3<\/td>\n<\/tr>\n<tr>\n<td><strong>Mo\u017enosti pomnilnika<\/strong><\/td>\n<td>2K\/4K\/8K<\/td>\n<\/tr>\n<tr>\n<td><strong>Protokol<\/strong><\/td>\n<td>ISO14443A<\/td>\n<\/tr>\n<tr>\n<td><strong>Pogostost<\/strong><\/td>\n<td>13,56 MHz<\/td>\n<\/tr>\n<tr>\n<td><strong>Material<\/strong><\/td>\n<td>PVC<\/td>\n<\/tr>\n<tr>\n<td><strong>Velikost<\/strong><\/td>\n<td>CR80 (85,5 x 54 mm)<\/td>\n<\/tr>\n<tr>\n<td><strong>Mo\u017enosti tiskanja<\/strong><\/td>\n<td>CMYK \/ Pantone<\/td>\n<\/tr>\n<tr>\n<td><strong>Povr\u0161inske obdelave<\/strong><\/td>\n<td>Sijajni\/mat<\/td>\n<\/tr>\n<tr>\n<td><strong>Izvor<\/strong><\/td>\n<td>Guangdong, Kitajska<\/td>\n<\/tr>\n<tr>\n<td><strong>Vrsta kartice<\/strong><\/td>\n<td>Brezkontaktna kartica (RFID)<\/td>\n<\/tr>\n<tr>\n<td><strong>Delovna temperatura<\/strong><\/td>\n<td>-20\u00b0C do 60\u00b0C<\/td>\n<\/tr>\n<tr>\n<td><strong>Temperatura shranjevanja<\/strong><\/td>\n<td>-40\u00b0C do 80\u00b0C<\/td>\n<\/tr>\n<tr>\n<td><strong>Vla\u017enost<\/strong><\/td>\n<td>0-100%RH<\/td>\n<\/tr>\n<tr>\n<td><strong>Hramba podatkov<\/strong><\/td>\n<td>10 let ali ve\u010d<\/td>\n<\/tr>\n<tr>\n<td><strong>Napajanje<\/strong><\/td>\n<td>Zunanje napajanje ni potrebno<\/td>\n<\/tr>\n<tr>\n<td><strong>Vrsta senzorja<\/strong><\/td>\n<td>13,56 MHz RFID<\/td>\n<\/tr>\n<tr>\n<td><strong>Razpon<\/strong><\/td>\n<td>Do 10 cm<\/td>\n<\/tr>\n<tr>\n<td><strong>Zdru\u017eljivost<\/strong><\/td>\n<td>Naprave, ki podpirajo NFC (pametni telefoni, tablice itd.)<\/td>\n<\/tr>\n<tr>\n<td><strong>Varnost<\/strong><\/td>\n<td>DES,3DES, AES \u0161ifriranje<\/td>\n<\/tr>\n<tr>\n<td><strong>Certifikati<\/strong><\/td>\n<td>ISO\/IEC14443, NFC forum<\/td>\n<\/tr>\n<\/tbody>\n<\/table>\n<h2><\/h2>\n<h3><span style=\"color: #333399;\"><strong>2. Vsestranskost v aplikacijah<\/strong><\/span><\/h3>\n<p>Te vsestranske kartice niso samo za brezgotovinsko pla\u010devanje. Uporabljajo se lahko v razli\u010dnih aplikacijah, vklju\u010dno z:<\/p>\n<ul>\n<li><strong>Nadzor dostopa<\/strong><\/li>\n<li><strong>Prodaja vstopnic za dogodke<\/strong><\/li>\n<li><strong>\u010clanske izkaznice<\/strong><\/li>\n<li><strong>Programi zvestobe<\/strong><\/li>\n<li><strong>NFC vizitke<\/strong><\/li>\n<\/ul>\n<p>Zaradi te prilagodljivosti so pametna nalo\u017eba za vsako podjetje, ki \u017eeli izbolj\u0161ati svojo ponudbo storitev.<\/p>\n<p>&nbsp;<\/p>\n<h3><span style=\"color: #333399;\"><strong>3. Vzdr\u017eljivost in dizajn<\/strong><\/span><\/h3>\n<p>Zgrajena iz <strong>visokokakovosten PVC<\/strong>, so te kartice vodoodporne in odporne na obrabo. Zasnovani so tako, da trajajo, kar zmanj\u0161uje potrebo po pogostih menjavah.\u00a0<strong>Barvni tisk<\/strong>\u00a0Mo\u017enosti omogo\u010dajo podjetjem, da ustvarijo privla\u010dne dizajne, ki se ujemajo z njihovo blagovno znamko, kar zagotavlja, da vsaka kartica slu\u017ei kot marketin\u0161ko orodje.<\/p>\n<p>&nbsp;<\/p>\n<h3><span style=\"color: #333399;\"><strong>4. Enostaven za uporabo<\/strong><\/span><\/h3>\n<p>Na\u0161e MIFARE RFID PVC kartice so zasnovane za enostavno uporabo. Za hitre transakcije preprosto tapnite kartico ob katero koli napravo, ki podpira NFC. Ta uporabniku prijazna izku\u0161nja lahko pove\u010da zadovoljstvo strank in poenostavi pla\u010dilne procese.<\/p>\n<p><img loading=\"lazy\" decoding=\"async\" class=\"alignnone wp-image-3344\" src=\"https:\/\/nfc-readers.com\/wp-content\/uploads\/2024\/11\/main-image-4-6-300x300.jpeg\" alt=\"\" width=\"336\" height=\"336\" srcset=\"https:\/\/nfc-readers.com\/wp-content\/uploads\/2024\/11\/main-image-4-6-300x300.jpeg 300w, https:\/\/nfc-readers.com\/wp-content\/uploads\/2024\/11\/main-image-4-6-150x150.jpeg 150w, https:\/\/nfc-readers.com\/wp-content\/uploads\/2024\/11\/main-image-4-6-768x768.jpeg 768w, https:\/\/nfc-readers.com\/wp-content\/uploads\/2024\/11\/main-image-4-6-12x12.jpeg 12w, https:\/\/nfc-readers.com\/wp-content\/uploads\/2024\/11\/main-image-4-6-600x600.jpeg 600w, https:\/\/nfc-readers.com\/wp-content\/uploads\/2024\/11\/main-image-4-6-100x100.jpeg 100w, https:\/\/nfc-readers.com\/wp-content\/uploads\/2024\/11\/main-image-4-6.jpeg 800w\" sizes=\"auto, (max-width: 336px) 100vw, 336px\" \/><img loading=\"lazy\" decoding=\"async\" class=\"alignnone wp-image-3346\" src=\"https:\/\/nfc-readers.com\/wp-content\/uploads\/2024\/11\/main-image-6-5-300x300.jpeg\" alt=\"\" width=\"347\" height=\"347\" srcset=\"https:\/\/nfc-readers.com\/wp-content\/uploads\/2024\/11\/main-image-6-5-300x300.jpeg 300w, https:\/\/nfc-readers.com\/wp-content\/uploads\/2024\/11\/main-image-6-5-150x150.jpeg 150w, https:\/\/nfc-readers.com\/wp-content\/uploads\/2024\/11\/main-image-6-5-768x768.jpeg 768w, https:\/\/nfc-readers.com\/wp-content\/uploads\/2024\/11\/main-image-6-5-12x12.jpeg 12w, https:\/\/nfc-readers.com\/wp-content\/uploads\/2024\/11\/main-image-6-5-600x600.jpeg 600w, https:\/\/nfc-readers.com\/wp-content\/uploads\/2024\/11\/main-image-6-5-100x100.jpeg 100w, https:\/\/nfc-readers.com\/wp-content\/uploads\/2024\/11\/main-image-6-5.jpeg 800w\" sizes=\"auto, (max-width: 347px) 100vw, 347px\" \/><\/p>\n<hr \/>\n<h2 style=\"text-align: center;\"><em><span style=\"color: #000080;\"><strong>Inovativne funkcije<\/strong><\/span><\/em><\/h2>\n<h3><span style=\"color: #333399;\"><strong>1. Mo\u017enosti prilagajanja<\/strong><\/span><\/h3>\n<p>Prilagajanje je klju\u010dnega pomena za vsako podjetje, ki \u017eeli pustiti trajen vtis. Na\u0161e kartice ponujajo vrsto mo\u017enosti tiskanja, vklju\u010dno z:<\/p>\n<ul>\n<li><strong>Barvno tiskanje<\/strong>: \u017divahni dizajni, zaradi katerih va\u0161a blagovna znamka izstopa.<\/li>\n<li><strong>Prilagojene oblike in velikosti<\/strong>: Prilagodite dimenzije kartice svojim potrebam.<\/li>\n<\/ul>\n<p>&nbsp;<\/p>\n<h3><span style=\"color: #333399;\"><strong>2. Zdru\u017eljivost s tehnologijo NFC<\/strong><\/span><\/h3>\n<p>MIFARE RFID PVC kartice so zdru\u017eljive z vsemi napravami, ki podpirajo NFC, kar zagotavlja brezhibno komunikacijo. Ta obse\u017ena zdru\u017eljivost pomeni, da lahko uporabniki preprosto komunicirajo s svojimi pametnimi telefoni ali pla\u010dilnimi terminali.<\/p>\n<p>&nbsp;<\/p>\n<h3><span style=\"color: #333399;\"><strong>3. Okolju prijazna proizvodnja<\/strong><\/span><\/h3>\n<p>Na\u0161e kartice so izdelane iz trpe\u017enega PVC-ja, kar zmanj\u0161uje koli\u010dino odpadkov v primerjavi s papirnatimi karticami za enkratno uporabo. Nalo\u017eba v visokokakovostne kartice RFID je korak k trajnosti, privla\u010den za ekolo\u0161ko ozave\u0161\u010dene potro\u0161nike, ki i\u0161\u010dejo okolju prijaznej\u0161e alternative.<\/p>\n<p>&nbsp;<\/p>\n<h3><span style=\"color: #333399;\"><strong>4. Mo\u017enosti hitrega polnjenja in ponovnega tiskanja<\/strong><\/span><\/h3>\n<p>\u010ce bi kdaj morali ponovno natisniti kartico, na\u0161 poenostavljeni postopek omogo\u010da hitro ponovno naro\u010danje. Poleg tega mo\u017enosti prilagajanja pomenijo, da lahko ponatisi nemoteno prika\u017eejo posodobljene informacije ali blagovno znamko.<\/p>\n<hr \/>\n<p>&nbsp;<\/p>\n<h3><em><span style=\"color: #666699;\">Vsakodnevna uporaba -\u00a0<strong>Dotakni se in pla\u010daj<\/strong>: <\/span><\/em><\/h3>\n<p><strong>Stranke preprosto dotaknejo svojo kartico ob zdru\u017eljivo napravo, da zaklju\u010dijo transakcijo.<\/strong><\/p>\n<ul>\n<li><strong>Izmenjava informacij<\/strong>: Za vizitke NFC lahko uporabniki delijo kontaktne podatke s hitrim dotikom, s \u010dimer odpravijo potrebo po tradicionalnih vizitkah.<\/li>\n<\/ul>\n<hr \/>\n<h2><\/h2>\n<h2 style=\"text-align: center;\"><em><span style=\"color: #000080;\"><strong>Mnenja strank<\/strong><\/span><\/em><\/h2>\n<p><strong>Mnoga podjetja so ugotovila, da je prehod na MIFARE RFID PVC kartice koristen z razli\u010dnih vidikov. Tukaj je nekaj pri\u010devanj na\u0161ih strank:<\/strong><\/p>\n<p><span style=\"color: #008080;\"><strong>\u00bbOdkar smo vklju\u010dili kartice MIFARE v na\u0161 brezgotovinski pla\u010dilni sistem, se je na\u0161a stopnja transakcij dramati\u010dno pove\u010dala. Kartice so enostavne za uporabo in imajo eleganten dizajn, ki navdu\u0161i na\u0161e stranke.\u201d \u2013 John M., vodja maloprodaje<\/strong><\/span><\/p>\n<blockquote><p><strong>\u00bbVizitke NFC po meri, ki smo jih naro\u010dili, so spremenile na\u0161e mre\u017ene dogodke. Deljenje kontaktnih podatkov je zdaj preprosto, kakovost pa je vrhunska.\u00ab \u2013 Sarah L., koordinatorka dogodka<\/strong><\/p><\/blockquote>\n<hr \/>\n<h2><\/h2>\n<h2 style=\"text-align: center;\"><span style=\"color: #000080;\"><em><strong>Pogosto zastavljena vpra\u0161anja<\/strong><\/em><\/span><\/h2>\n<p><strong>1. Ali so kartice MIFARE zdru\u017eljive z vsemi pametnimi telefoni?<\/strong><\/p>\n<p>Da, MIFARE RFID PVC kartice so zdru\u017eljive z vsemi pametnimi telefoni, ki podpirajo NFC, kar uporabnikom omogo\u010da preprosto izvajanje transakcij.<\/p>\n<p><strong>2. Ali lahko prilagodim dizajn svojih kartic MIFARE?<\/strong><\/p>\n<p>Vsekakor! Na\u0161e kartice so opremljene z razli\u010dnimi mo\u017enostmi prilagajanja, prilagojenimi va\u0161im potrebam po blagovni znamki.<\/p>\n<p><strong>3. Kako varne so MIFARE RFID PVC kartice?<\/strong><\/p>\n<p>S tehnologijo MIFARE Desfire EV3 te kartice nudijo visoko raven varnosti za shranjevanje ob\u010dutljivih informacij.<\/p>\n<p><strong>4. Ali ponujate brezpla\u010dno dostavo?<\/strong><\/p>\n<p>Da, nudimo\u00a0<strong>brezpla\u010dna dostava<\/strong>\u00a0pri vseh naro\u010dilih, s \u010dimer zagotovite, da z nakupom prejmete dodano vrednost.<\/p>\n<p>&nbsp;<\/p>\n<p><strong>5. Kaj naj storim, \u010de moram ponovno natisniti kartico?<\/strong><\/p>\n<p>Na\u0161 postopek ponovnega naro\u010danja brez te\u017eav olaj\u0161a zahtevanje ponovnega natisa. Samo oddajte naro\u010dilo, mi pa poskrbimo za ostalo.<\/p>\n<p>&nbsp;<\/p>\n<hr \/>\n<h4><span style=\"color: #666699;\">Izbolj\u0161ajte svoje pla\u010dilne re\u0161itve \u017ee danes Vlagajte v\u00a0<strong>MIFARE RFID PVC kartice<\/strong>\u00a0predstavlja strate\u0161ki premik k modernizaciji va\u0161ih transakcijskih procesov. S svojimi visokokakovostnimi materiali, napredno tehnologijo in obse\u017enimi mo\u017enostmi prilagajanja so te kartice popolne za podjetja, ki \u017eelijo izbolj\u0161ati svojo uporabni\u0161ko izku\u0161njo. Za\u010dnite prehod na\u00a0<strong>brezgotovinske re\u0161itve<\/strong>\u00a0danes! Ne glede na to, ali \u017eelite integrirati pametne pla\u010dilne sisteme ali ustvariti osupljive vizitke NFC, so kartice MIFARE RFID PVC za vas.<\/span><\/h4>\n<h3><a href=\"\/\/dhoenijjpgpeimemopealfcbiecgceod\/sidepanel.html#\" target=\"_blank\" rel=\"noopener\">Stopite v stik za brezpla\u010den vzorec<\/a><\/h3>\n<h3><span style=\"color: #008080;\"><strong>Ne zamudite te prilo\u017enosti za izbolj\u0161anje pla\u010dilnih zmogljivosti in blagovne znamke va\u0161ega podjetja. Kliknite zgornjo povezavo, da se pozanimate o na\u0161ih mo\u017enostih kartice ali zahtevate brezpla\u010den vzorec!<\/strong><\/span><\/h3>\n<\/div>\n<\/div>\n<\/div>","protected":false},"excerpt":{"rendered":"<div class=\"chat-list relative custom-scrollbar-reset-margin custom-scrollbar custom-scrollbar-hidden custom-scrollbar-float pb-9 flex-1 overflow-y-auto\">\n<div class=\"mx-auto max-w-[790px]\">\n<div class=\"message-item-outer relative px-4 mb-2\" data-id=\"0a4f4511-bd05-49a5-8695-d7a6fad22471\">\n<div class=\"content-area pl-[0px]\">\n<div class=\"message-item select-text relative\">\n<div class=\"message-inner relative\">\n<div class=\"py-[2px]\">\n<div class=\"flex flex-col gap-2\">\n<div class=\"answer-markdown-box overflow-x-auto select-text custom-scrollbar\">\n<div class=\"markdown-body\">\n<p>Predstavljamo MIFARE RFID PVC kartico, zasnovano za sodobne re\u0161itve brezgotovinskega pla\u010devanja. Te barvno natisnjene kartice, ki uporabljajo tehnologijo MIFARE Desfire EV3, zagotavljajo visoko varnost in zanesljivost, zaradi \u010desar so idealne za podjetja, ki potrebujejo za\u0161\u010dito ob\u010dutljivih podatkov. Ker so vsestranski v uporabi, se lahko uporabljajo za nadzor dostopa, prodajo vstopnic za dogodke, \u010dlanske izkaznice, programe zvestobe in NFC vizitke. Te kartice so izdelane iz vzdr\u017eljivega, vodoodpornega PVC-ja in so odporne na obrabo, kar zagotavlja dolgo \u017eivljenjsko dobo in zmanj\u0161uje stro\u0161ke zamenjave. Stranke lahko enostavno zaklju\u010dijo transakcije tako, da se s svojo kartico preprosto dotaknejo katere koli naprave, ki podpira NFC, kar zagotavlja uporabniku prijazno izku\u0161njo, ki pove\u010duje zadovoljstvo strank. Poleg tega ponujajo kartice obse\u017ene mo\u017enosti prilagajanja, vklju\u010dno z \u017eivahnim barvnim tiskom in prilagojenimi oblikami. Z okolju prijaznimi proizvodnimi metodami MIFARE RFID PVC kartice predstavljajo trajnostno alternativo tradicionalnim papirnatim karticam. Investirajte v posodobitev svojih transakcijskih procesov \u017ee danes in dvignite prisotnost svoje blagovne znamke s temi inovativnimi, visokokakovostnimi karticami. Zahtevajte brezpla\u010den vzorec, da iz prve roke razi\u0161\u010dete njihove prednosti!<\/p>\n<\/div>\n<\/div>\n<\/div>\n<\/div>\n<\/div>\n<\/div>\n<\/div>\n<\/div>\n<\/div>\n<\/div>","protected":false},"featured_media":3341,"template":"","meta":[],"product_brand":[],"product_cat":[46],"product_tag":[],"class_list":{"0":"post-3225","1":"product","2":"type-product","3":"status-publish","4":"has-post-thumbnail","6":"product_cat-nfc-cards","8":"first","9":"instock","10":"shipping-taxable","11":"product-type-simple"},"_links":{"self":[{"href":"https:\/\/nfc-readers.com\/sl\/wp-json\/wp\/v2\/product\/3225","targetHints":{"allow":["GET"]}}],"collection":[{"href":"https:\/\/nfc-readers.com\/sl\/wp-json\/wp\/v2\/product"}],"about":[{"href":"https:\/\/nfc-readers.com\/sl\/wp-json\/wp\/v2\/types\/product"}],"wp:featuredmedia":[{"embeddable":true,"href":"https:\/\/nfc-readers.com\/sl\/wp-json\/wp\/v2\/media\/3341"}],"wp:attachment":[{"href":"https:\/\/nfc-readers.com\/sl\/wp-json\/wp\/v2\/media?parent=3225"}],"wp:term":[{"taxonomy":"product_brand","embeddable":true,"href":"https:\/\/nfc-readers.com\/sl\/wp-json\/wp\/v2\/product_brand?post=3225"},{"taxonomy":"product_cat","embeddable":true,"href":"https:\/\/nfc-readers.com\/sl\/wp-json\/wp\/v2\/product_cat?post=3225"},{"taxonomy":"product_tag","embeddable":true,"href":"https:\/\/nfc-readers.com\/sl\/wp-json\/wp\/v2\/product_tag?post=3225"}],"curies":[{"name":"wp","href":"https:\/\/api.w.org\/{rel}","templated":true}]}}