{"id":3226,"date":"2024-10-30T09:53:08","date_gmt":"2024-10-30T09:53:08","guid":{"rendered":"https:\/\/nfc-readers.com\/?post_type=product&#038;p=3226"},"modified":"2024-10-30T10:11:20","modified_gmt":"2024-10-30T10:11:20","slug":"waterproof-rfid-nfc-keychain-13-56mhz","status":"publish","type":"product","link":"https:\/\/nfc-readers.com\/sl\/ic-reader\/waterproof-rfid-nfc-keychain-13-56mhz\/","title":{"rendered":"Vodotesen RFID NFC obesek za klju\u010de 13,56 Mhz"},"content":{"rendered":"<h1 style=\"text-align: center;\"><strong>Vodotesen RFID NFC obesek za klju\u010de 13,56 Mhz<\/strong><\/h1>\n<p>V hitro razvijajo\u010dem se svetu elektri\u010dnih vozil (EV) so udobje, varnost in prijaznost do uporabnika bistveni. Spoznajte <strong>Vodotesen RFID NFC obesek za klju\u010de<\/strong>\u00a0\u2014 revolucionaren izdelek, ki zdru\u017euje vrhunsko tehnologijo z izjemno vzdr\u017eljivostjo, posebej zasnovan za\u00a0<strong>Polnilne postaje za elektri\u010dna vozila<\/strong>. Delovanje na\u00a0<strong>13,56 MHz<\/strong>, je ta kompakten, a zmogljiv obesek za klju\u010de va\u0161e najbolj\u0161e orodje za brezhiben dostop in ve\u010djo varnost.<\/p>\n<p>Ta obesek za klju\u010de spremeni igro za lastnike elektri\u010dnih vozil, saj ne zagotavlja samo udobja, ampak tudi brezskrbnost. Predstavljajte si, da brez truda dostopate do polnilnih postaj, ne da bi iskali klju\u010de ali si zapomnili zapletena gesla. The <strong>Vodotesen RFID NFC obesek za klju\u010de<\/strong>\u00a0ponuja idealno re\u0161itev s svojo brezsti\u010dno zmogljivostjo in zasnovo, odporno na vremenske vplive, zaradi \u010desar je dragocen dodatek k dodatkom za va\u0161a elektri\u010dna vozila. Odkrijte, zakaj je ta inovativni obesek za klju\u010de vreden dodati va\u0161emu kompletu orodij.<\/p>\n<p>&nbsp;<\/p>\n<h3><strong>Prednosti vodoodpornega RFID NFC obeska za klju\u010de<\/strong><\/h3>\n<ol>\n<li><strong>Vzdr\u017eljivost in odpornost na vremenske vplive<\/strong>: Ta obesek za klju\u010de, izdelan iz materialov vrhunske kakovosti, je zasnovan tako, da je odporen na zunanje elemente, kar zagotavlja, da ostane funkcionalen skozi \u010das, ne glede na vremenske razmere.<\/li>\n<li><strong>Brezkontaktna komunikacija<\/strong>: Z uporabo tehnologij RFID in NFC obesek za klju\u010de omogo\u010da hiter in varen dostop do polnilnih postaj in drugih sistemov za vstop brez klju\u010da brez fizi\u010dnega stika.<\/li>\n<li><strong>Visoka zdru\u017eljivost<\/strong>: Zasnovano na protokolih\u00a0<strong>ISO14443A in ISO15693<\/strong>, ta obesek za klju\u010de RFID brezhibno povezuje s \u0161irokim naborom naprav, zaradi \u010desar je vsestranski za razli\u010dne primere uporabe poleg polnjenja elektri\u010dnih vozil.<\/li>\n<li><strong>Dolga razdalja branja<\/strong>: Z razdaljo branja\u00a0<strong>2-10 cm<\/strong>, lahko preprosto in hitro z minimalnim naporom pridobite dostop do svoje polnilne postaje za elektri\u010dna vozila.<\/li>\n<li><strong>Zmo\u017enost ponovnega zapisovanja<\/strong>: \u010cip NTAG216 v notranjosti omogo\u010da cikel pisanja do\u00a0<strong>100.000-krat<\/strong>, zaradi \u010desar ta obesek za klju\u010de ni samo uporabniku prijazen, ampak tudi prilagodljiv spreminjajo\u010dim se zahtevam.<\/li>\n<\/ol>\n<p>&nbsp;<\/p>\n<h3><strong>Pomen RFID v dana\u0161njem svetu<\/strong><\/h3>\n<p>RFID uporablja elektromagnetna polja za samodejno prepoznavanje in sledenje oznakam, pritrjenim na predmete. V kontekstu va\u0161ih potreb po polnjenju elektri\u010dnih vozil vam ta tehnologija omogo\u010da odklepanje in odobritev dostopa do polnilnih postaj preprosto tako, da obesek za klju\u010de dr\u017eite blizu \u010ditalnika RFID. Udobje, ki ga ponuja, bistveno izbolj\u0161a uporabni\u0161ko izku\u0161njo, saj omogo\u010da hitro\u00a0<strong>vstop brez klju\u010da<\/strong>\u00a0do polnilnih postaj brez potrebe po fizi\u010dnem stiku.<\/p>\n<p>&nbsp;<\/p>\n<h3><strong>Tehni\u010dne specifikacije in zmogljivost<\/strong><\/h3>\n<div>Razumevanje tehni\u010dnih zmogljivosti vodoodpornega RFID NFC obeska za klju\u010de je klju\u010dnega pomena za potencialne kupce. Tu so specifikacije, ki jih morate poznati:<\/div>\n<div><\/div>\n<div><strong>\u010dip<\/strong>: NTAG216<\/div>\n<div><strong>Cikel pisanja:<\/strong> 100.000-krat<\/div>\n<div><strong>Razdalja branja<\/strong>: 2-10 cm<\/div>\n<div><strong>Delovna temperatura<\/strong>: 20 \u2103 do +65 \u2103<\/div>\n<div><strong>Kraj izvora<\/strong>: Guangdong, Kitajska<\/div>\n<div><strong>MOQ (najmanj\u0161a koli\u010dina naro\u010dila)<\/strong>: 500 kosov<\/div>\n<div><strong>Pakiranje<\/strong>: Prilagodljiv paket za pranje perila<\/div>\n<div><strong>Zmo\u017enost dobave<\/strong>: 20.000.000 kosov na mesec<\/div>\n<div><\/div>\n<div>Napredna metrika zmogljivosti zagotavlja, da ta obesek za klju\u010de izpolnjuje stroge zahteve vsakodnevne uporabe. Visok cikel pisanja in temperaturna toleranca dodatno pove\u010dujeta njegovo uporabnost v razli\u010dnih okoljih.<\/div>\n<h3><strong>Aplikacije za polnilne postaje za elektri\u010dna vozila<\/strong><\/h3>\n<p>Primarna uporaba\u00a0<strong>Vodotesen RFID NFC obesek za klju\u010de<\/strong>\u00a0je v polnilnicah elektri\u010dnih vozil. Zaradi svoje zasnove in tehnologije je popolna re\u0161itev<\/p>\n<p>&nbsp;<\/p>\n<h3><strong>Pogosta vpra\u0161anja o vodoodpornem obesku za klju\u010de RFID NFC<\/strong><\/h3>\n<h3>1.\u00a0<strong>Kak\u0161en je namen vodoodpornega RFID NFC obeska za klju\u010de?<\/strong><\/h3>\n<p>Vodoodporen obesek za klju\u010de RFID NFC je zasnovan tako, da zagotavlja varen, brezsti\u010dni dostop do polnilnih postaj za elektri\u010dna vozila in drugih sistemov, ki podpirajo RFID. Uporabnikom omogo\u010da, da odklenejo postaje preprosto tako, da se pribli\u017eajo bralniku, s \u010dimer pove\u010da priro\u010dnost in u\u010dinkovitost.<\/p>\n<h3>2.\u00a0<strong>Ali je obesek za klju\u010de res vodotesen?<\/strong><\/h3>\n<p>Da, obesek za klju\u010de je izdelan iz trpe\u017enega epoksida in PVC materialov, zaradi \u010desar je odporen na vodo in vremenske vplive. To zagotavlja funkcionalnost v razli\u010dnih vremenskih razmerah, od de\u017eja do ekstremne vro\u010dine.<\/p>\n<h3>3.\u00a0<strong>Kako dale\u010d lahko obesek za klju\u010de deluje od RFID \u010ditalnika?<\/strong><\/h3>\n<p>Obesek za klju\u010de ima razdaljo branja 2-10 cm, kar pomeni, da se aktivira takoj, ko je v neposredni bli\u017eini \u010ditalnika RFID ali naprave, ki podpira NFC.<\/p>\n<h3>4.\u00a0<strong>Ali je mogo\u010de obesek za klju\u010de prilagoditi?<\/strong><\/h3>\n<p>Da, embala\u017eo obeska za klju\u010de je mogo\u010de prilagoditi va\u0161i blagovni znamki ali posebnim zahtevam. Zaradi tega je odli\u010dna mo\u017enost za podjetja, ki \u017eelijo prilagoditi svoje re\u0161itve dostopa.<\/p>\n<h3>5.\u00a0<strong>Kolikokrat se lahko pi\u0161e na obesek za klju\u010de?<\/strong><\/h3>\n<p>Obesek za klju\u010de ima cikel pisanja do 100.000-krat, kar zagotavlja \u0161iroko uporabnost za razli\u010dne aplikacije brez skrbi za poslab\u0161anje zmogljivosti.<\/p>","protected":false},"excerpt":{"rendered":"<p>Vodotesen RFID NFC obesek za klju\u010de (13,56 MHz) ponuja varen, brezsti\u010dni dostop do polnilnih postaj za elektri\u010dna vozila. Njegova trpe\u017ena zasnova zagotavlja zanesljivo delovanje v vsakem vremenu.<\/p>","protected":false},"featured_media":3234,"template":"","meta":[],"product_brand":[],"product_cat":[49],"product_tag":[],"class_list":{"0":"post-3226","1":"product","2":"type-product","3":"status-publish","4":"has-post-thumbnail","6":"product_cat-nfc-key-fobs","8":"first","9":"instock","10":"shipping-taxable","11":"product-type-simple"},"_links":{"self":[{"href":"https:\/\/nfc-readers.com\/sl\/wp-json\/wp\/v2\/product\/3226","targetHints":{"allow":["GET"]}}],"collection":[{"href":"https:\/\/nfc-readers.com\/sl\/wp-json\/wp\/v2\/product"}],"about":[{"href":"https:\/\/nfc-readers.com\/sl\/wp-json\/wp\/v2\/types\/product"}],"wp:featuredmedia":[{"embeddable":true,"href":"https:\/\/nfc-readers.com\/sl\/wp-json\/wp\/v2\/media\/3234"}],"wp:attachment":[{"href":"https:\/\/nfc-readers.com\/sl\/wp-json\/wp\/v2\/media?parent=3226"}],"wp:term":[{"taxonomy":"product_brand","embeddable":true,"href":"https:\/\/nfc-readers.com\/sl\/wp-json\/wp\/v2\/product_brand?post=3226"},{"taxonomy":"product_cat","embeddable":true,"href":"https:\/\/nfc-readers.com\/sl\/wp-json\/wp\/v2\/product_cat?post=3226"},{"taxonomy":"product_tag","embeddable":true,"href":"https:\/\/nfc-readers.com\/sl\/wp-json\/wp\/v2\/product_tag?post=3226"}],"curies":[{"name":"wp","href":"https:\/\/api.w.org\/{rel}","templated":true}]}}