{"id":3233,"date":"2024-10-30T12:07:01","date_gmt":"2024-10-30T12:07:01","guid":{"rendered":"https:\/\/nfc-readers.com\/?post_type=product&#038;p=3233"},"modified":"2024-11-14T14:43:00","modified_gmt":"2024-11-14T14:43:00","slug":"customized-13-56mhz-rfid-abs-nfc-keychans","status":"publish","type":"product","link":"https:\/\/nfc-readers.com\/sl\/ic-reader\/customized-13-56mhz-rfid-abs-nfc-keychans\/","title":{"rendered":"Prilagojeni 13,56 MHz RFID ABS NFC obeski za klju\u010de"},"content":{"rendered":"<h1 style=\"text-align: center;\"><strong>Prilagojeni 13,56 MHz RFID ABS NFC obeski za klju\u010de<\/strong><\/h1>\n<p>&nbsp;<\/p>\n<p>V dana\u0161njem hitrem tempu je potreba po varnih in priro\u010dnih re\u0161itvah za dostop najpomembnej\u0161a. Predstavljamo <strong>Prilagojeni 13,56 MHz RFID ABS NFC obeski za klju\u010de<\/strong>, popolna me\u0161anica tehnologije in prakti\u010dnosti. Ti napredni obeski za klju\u010de uporabljajo tehnologiji RFID (radiofrekven\u010dna identifikacija) in NFC (komunikacija bli\u017enjega polja), ki ponujajo brezhiben in brezsti\u010dni dostop. Za osebno uporabo ali kot del ve\u010djega\u00a0<strong>sistem za nadzor dostopa<\/strong>, ti obeski za klju\u010de zagotavljajo robustno, zanesljivo in uporabniku prijazno re\u0161itev za va\u0161e potrebe po dostopu.<\/p>\n<p>&nbsp;<\/p>\n<h3><strong>Prednosti izdelka in zakaj izbrati na\u0161e obeske za klju\u010de NFC<\/strong><\/h3>\n<p>&nbsp;<\/p>\n<ol>\n<li><strong>Izbolj\u0161ana varnost<\/strong>: The\u00a0<strong>NFC obesek za klju\u010de<\/strong>\u00a0pove\u010da varnost va\u0161ih prostorov. Vsaka naprava z edinstveno identifikacijsko kodo zagotavlja dostop samo poobla\u0161\u010denim uporabnikom.<\/li>\n<li><strong>Trajnost in vsestranskost<\/strong>: Izdelano iz visokokakovostnega\u00a0<strong>ABS<\/strong>, ti obeski za klju\u010de niso samo trpe\u017eni, ampak tudi vodoodporni in vremenski odporni, zaradi \u010desar so primerni za razli\u010dna okolja.<\/li>\n<li><strong>Prilagodljiv in estetski videz<\/strong>: Na\u0161e obeske za klju\u010de je mogo\u010de prilagoditi va\u0161im zahtevam glede blagovne znamke\u00a0<strong>Tisk CMYK 4C<\/strong>, lasersko kodiranje in termi\u010dno tiskanje, kar vam omogo\u010da nemoteno vklju\u010ditev va\u0161ega logotipa ali dizajna.<\/li>\n<li><strong>Uporabniku prijazen<\/strong>: Ti obeski za klju\u010de so zasnovani za enostavno uporabo in so brezkontaktni; vse, kar morajo uporabniki storiti, je, da se dotaknejo svojega foba v bli\u017eini \u010ditalnika, da pridobijo vstop.<\/li>\n<li><strong>Stro\u0161kovno u\u010dinkovita re\u0161itev<\/strong>: Z \u017eivljenjsko dobo\u00a0<strong>100.000 ciklov pisanja<\/strong>, na\u0161\u00a0<strong>RFID oznake za klju\u010de<\/strong>\u00a0predstavljajo stro\u0161kovno u\u010dinkovito mo\u017enost za posameznike in podjetja, saj zmanj\u0161ujejo potrebo po pogostih menjavah.<\/li>\n<\/ol>\n<p>S temi prednostmi,\u00a0<strong>Prilagojeni 13,56 MHz RFID ABS NFC obeski za klju\u010de<\/strong>\u00a0izstopajo kot bistvena komponenta za sodobne re\u0161itve dostopa.<\/p>\n<p>&nbsp;<\/p>\n<h3><strong>Oris izdelka<\/strong><\/h3>\n<p>&nbsp;<\/p>\n<h3>1. Razumevanje tehnologij RFID in NFC<\/h3>\n<p>RFID in NFC sta klju\u010dni tehnologiji, ki poganjata sodobne re\u0161itve za nadzor dostopa. RFID deluje z uporabo elektromagnetnih polj za samodejno prepoznavanje in sledenje oznakam, pritrjenim na predmete, medtem ko je NFC podmno\u017eica RFID, zasnovana za komunikacijo na blizu. Te tehnologije tvorijo hrbtenico na\u0161ega\u00a0<strong>obeski za klju\u010de<\/strong>, ki zagotavlja hitre in varne transakcije.<\/p>\n<h3>2. Lastnosti prilagojenih 13,56MHz RFID ABS NFC obeskov za klju\u010de<\/h3>\n<p>Ena od izstopajo\u010dih lastnosti je\u00a0<strong>Frekvenca 13,56MHz<\/strong>, ki zagotavlja vrhunske bralne zmogljivosti. Poleg tega kompaktna velikost obeska za klju\u010de izbolj\u0161a prenosljivost, kar uporabnikom olaj\u0161a prena\u0161anje. Poleg tega je\u00a0<strong>vodotesen in odporen na vremenske vplive<\/strong>\u00a0zasnova omogo\u010da, da fob deluje v razli\u010dnih okoljskih pogojih.<\/p>\n<h3>3. Uporaba v sistemih za nadzor dostopa<\/h3>\n<p>Ti obeski za klju\u010de so idealni za integracijo v\u00a0<strong>sistemi za nadzor dostopa<\/strong>. Uporabljajo se lahko za vratne klju\u010davnice, pametna vrata in celo hotelske sobe, zaradi \u010desar so vsestranski za razli\u010dne namene. Obesek za klju\u010de brez te\u017eav izbolj\u0161a varnost tako v stanovanjskih kot poslovnih okoljih.<\/p>\n<h3>4. Prakti\u010dna navodila za uporabo<\/h3>\n<p>Uporaba\u00a0<strong>RFID obesek za klju\u010de<\/strong>\u00a0je intuitiven; preprosto ga dr\u017eite v sebi\u00a0<strong>0-10 cm<\/strong>\u00a0\u010ditalnika RFID, dokler ne zasli\u0161ite piska ali zagledate lu\u010dko LED, ki ozna\u010duje uspe\u0161en dostop. Obeski za klju\u010de so prepisljivi, kar pomeni, da lahko po potrebi posodobite njihove podatke, kar je klju\u010dnega pomena za organizacije, ki redno posodabljajo dostop zaposlenih.<\/p>\n<h3>5. Vpliv na okolje<\/h3>\n<p>Na\u0161a zavezanost trajnosti se odra\u017ea v materialih in postopkih, ki jih uporabljamo za izdelavo teh obeskov za klju\u010de. Izdelan iz\u00a0<strong>ABS<\/strong>, material, ki ga je mogo\u010de reciklirati, predstavljajo okolju prijazno mo\u017enost za podjetja, ki \u017eelijo zmanj\u0161ati svoj oglji\u010dni odtis.<\/p>\n<h3>6. Ocene in pri\u010devanja strank<\/h3>\n<p>Stranke hvalijo na\u0161e\u00a0<strong>NFC obeski za klju\u010de<\/strong>\u00a0zaradi njihove zanesljivosti in u\u010dinkovitosti. \u0160tevilni so opazili izbolj\u0161ano varnost v svojih objektih, pri \u010demer jih je ve\u010d poro\u010dalo o bistvenih izbolj\u0161avah v enostavnem dostopu za zaposlene in obiskovalce. \u00bbIntegracija je bila brezhibna in obeski za klju\u010de so delovali brezhibno,\u00ab pravi ena od zadovoljnih strank.<\/p>\n<p>&nbsp;<\/p>\n<h3><strong>Tehni\u010dne specifikacije<\/strong><\/h3>\n<table class=\"preview\" style=\"height: 293px;\" width=\"492\">\n<thead>\n<tr>\n<th>Atribut<\/th>\n<th>Specifikacija<\/th>\n<\/tr>\n<\/thead>\n<tbody>\n<tr>\n<td><strong>Komunikacijski vmesnik<\/strong><\/td>\n<td>RFID, NFC<\/td>\n<\/tr>\n<tr>\n<td><strong>Pogostost<\/strong><\/td>\n<td>13,56 MHz<\/td>\n<\/tr>\n<tr>\n<td><strong>Material<\/strong><\/td>\n<td>ABS<\/td>\n<\/tr>\n<tr>\n<td><strong>\u010dip<\/strong><\/td>\n<td>NTAG213\/215\/216<\/td>\n<\/tr>\n<tr>\n<td><strong>Protokol<\/strong><\/td>\n<td>ISO14443A<\/td>\n<\/tr>\n<tr>\n<td><strong>Temperaturno obmo\u010dje<\/strong><\/td>\n<td>20 \u2103 ~ +85 \u2103<\/td>\n<\/tr>\n<tr>\n<td><strong>Razdalja branja<\/strong><\/td>\n<td>0-10 cm<\/td>\n<\/tr>\n<tr>\n<td><strong>Cikel pisanja<\/strong><\/td>\n<td>100.000-krat<\/td>\n<\/tr>\n<tr>\n<td><strong>Velikost embala\u017ee<\/strong><\/td>\n<td>10x8x6 cm<\/td>\n<\/tr>\n<tr>\n<td><strong>Te\u017ea<\/strong><\/td>\n<td>0,020 kg<\/td>\n<\/tr>\n<\/tbody>\n<\/table>\n<h3><\/h3>\n<h3><strong>pogosta vpra\u0161anja<\/strong><\/h3>\n<p>&nbsp;<\/p>\n<p><strong>V: Ali lahko prilagodim oznako RFID?<\/strong><br \/>\nO: Da, na\u0161\u00a0<strong>RFID obeski za klju\u010de<\/strong>\u00a0lahko prilagodite z \u017eelenim dizajnom in elementi blagovne znamke.<\/p>\n<p><strong>V: Ali so ti obeski za klju\u010de zdru\u017eljivi z obstoje\u010dimi sistemi?<\/strong><br \/>\nO: Na\u0161i obeski za klju\u010de so zasnovani za integracijo z ve\u010dino obstoje\u010dih sistemov RFID, vendar priporo\u010damo, da preverite<\/p>\n<p>&nbsp;<\/p>","protected":false},"excerpt":{"rendered":"<p>Prilagojeni 13,56MHz RFID ABS NFC obeski za klju\u010de so zasnovani za vsestranski in varen nadzor dostopa. S svojim vzdr\u017eljivim materialom ABS in tehnologijo NFC ti obeski za klju\u010de ponujajo priro\u010dnost in zanesljivost za razli\u010dne aplikacije, od upravljanja dogodkov do sistemov pametnega doma.<\/p>","protected":false},"featured_media":3235,"template":"","meta":[],"product_brand":[],"product_cat":[49],"product_tag":[],"class_list":{"0":"post-3233","1":"product","2":"type-product","3":"status-publish","4":"has-post-thumbnail","6":"product_cat-nfc-key-fobs","8":"first","9":"instock","10":"shipping-taxable","11":"product-type-simple"},"_links":{"self":[{"href":"https:\/\/nfc-readers.com\/sl\/wp-json\/wp\/v2\/product\/3233","targetHints":{"allow":["GET"]}}],"collection":[{"href":"https:\/\/nfc-readers.com\/sl\/wp-json\/wp\/v2\/product"}],"about":[{"href":"https:\/\/nfc-readers.com\/sl\/wp-json\/wp\/v2\/types\/product"}],"wp:featuredmedia":[{"embeddable":true,"href":"https:\/\/nfc-readers.com\/sl\/wp-json\/wp\/v2\/media\/3235"}],"wp:attachment":[{"href":"https:\/\/nfc-readers.com\/sl\/wp-json\/wp\/v2\/media?parent=3233"}],"wp:term":[{"taxonomy":"product_brand","embeddable":true,"href":"https:\/\/nfc-readers.com\/sl\/wp-json\/wp\/v2\/product_brand?post=3233"},{"taxonomy":"product_cat","embeddable":true,"href":"https:\/\/nfc-readers.com\/sl\/wp-json\/wp\/v2\/product_cat?post=3233"},{"taxonomy":"product_tag","embeddable":true,"href":"https:\/\/nfc-readers.com\/sl\/wp-json\/wp\/v2\/product_tag?post=3233"}],"curies":[{"name":"wp","href":"https:\/\/api.w.org\/{rel}","templated":true}]}}