{"id":3241,"date":"2024-10-30T12:36:28","date_gmt":"2024-10-30T12:36:28","guid":{"rendered":"https:\/\/nfc-readers.com\/?post_type=product&#038;p=3241"},"modified":"2024-10-30T12:36:28","modified_gmt":"2024-10-30T12:36:28","slug":"iso11784-5-125khz-tk4100-waterproof-smart-rfid-key-fob","status":"publish","type":"product","link":"https:\/\/nfc-readers.com\/sl\/ic-reader\/iso11784-5-125khz-tk4100-waterproof-smart-rfid-key-fob\/","title":{"rendered":"ISO11784\/5 125Khz TK4100 Vodotesen pametni RFID obesek za klju\u010de"},"content":{"rendered":"<h1 style=\"text-align: center;\"><strong>ISO11784\/5 125Khz TK4100 Vodotesen pametni RFID obesek za klju\u010de<\/strong><\/h1>\n<p>The <strong>ISO11784\/5 125KHz TK4100 Vodotesen pametni RFID obesek za klju\u010de<\/strong>\u00a0predstavlja vrhunec sodobnih re\u0161itev za kontrolo dostopa, ki zdru\u017euje napredno tehnologijo in vzdr\u017eljivo zasnovo ter ponuja zanesljiv in u\u010dinkovit na\u010din za upravljanje varnih vstopnih to\u010dk. S svojimi vodoodpornimi zmogljivostmi in kompaktno velikostjo ta RFID obesek za klju\u010de ni le prakti\u010den, ampak tudi bistvenega pomena za razli\u010dne aplikacije. Ne glede na to, ali gre za varno okolje v hotelu, poslovni stavbi ali osebno uporabo, ta RFID obesek za klju\u010de zagotavlja vrhunsko avtentikacijo in identifikacijo z minimalnimi te\u017eavami.<\/p>\n<p>&nbsp;<\/p>\n<h3><strong>Zakaj izbrati obesek za klju\u010de RFID TK4100?<\/strong><\/h3>\n<p>&nbsp;<\/p>\n<p>Nalo\u017eba v obesek za klju\u010de TK4100 RFID pomeni za\u0161\u010dito va\u0161ega okolja z najsodobnej\u0161o tehnologijo, zasnovano tako, da je kos izzivom vsakodnevne uporabe. Vodoodporna in vremensko odporna zasnova zagotavlja, da obesek ostane zanesljiv v vseh pogojih, zaradi \u010desar je idealna izbira za uporabo v zaprtih prostorih in na prostem. Njegova lahka ABS konstrukcija, ki jo je mogo\u010de prilagoditi s sitotiskom in laserskim graviranjem, omogo\u010da personalizacijo ob ohranjanju funkcionalnosti. Pasivna narava obeska za klju\u010de zagotavlja nizke stro\u0161ke vzdr\u017eevanja in dolgo \u017eivljenjsko dobo, zaradi \u010desar je stro\u0161kovno u\u010dinkovita re\u0161itev za dostop do omejenih obmo\u010dij.<\/p>\n<p>&nbsp;<\/p>\n<h3><strong>Pregled izdelka<\/strong><\/h3>\n<p>&nbsp;<\/p>\n<p>Obesek za klju\u010de TK4100 RFID deluje s frekvenco\u00a0<strong>125 kHz<\/strong>, ki se dr\u017eijo\u00a0<strong>ISO11784\/5<\/strong>\u00a0standardi za identifikacijske sisteme, zaradi \u010desar je zdru\u017eljiv z razli\u010dnimi \u010ditalci RFID in sistemi za nadzor dostopa. Ta obesek za klju\u010de je zasnovan za u\u010dinkovitost in ima kompaktno velikost\u00a0<strong>41*32 mm<\/strong>, v kombinaciji z nizom barvnih mo\u017enosti, vklju\u010dno z rumeno, modro, rde\u010do, \u010drno in zeleno. S te\u017eo le\u00a0<strong>5-8 g<\/strong>, ta lahka oblika zagotavlja uporabniku udobje in enostavnost med vsakodnevno uporabo.<\/p>\n<p>&nbsp;<\/p>\n<h3><strong>Klju\u010dne zna\u010dilnosti obeska za klju\u010de RFID TK4100<\/strong><\/h3>\n<h3>Komunikacijski vmesnik RFID<\/h3>\n<p>Oznaka TK4100 uporablja\u00a0<strong>RFID<\/strong>\u00a0tehnologija za u\u010dinkovito komunikacijo. Pasivna zasnova pomeni, da ne potrebuje notranjega vira energije; namesto tega se napaja iz signala bralnika RFID. Ta lastnost ne le podalj\u0161a \u017eivljenjsko dobo oznake, ampak tudi zmanj\u0161a potrebo po rednem vzdr\u017eevanju, zaradi \u010desar je priro\u010dna izbira za podjetja in posameznike.<\/p>\n<p><strong>Prednosti<\/strong>:<\/p>\n<ul>\n<li><strong>Nizko vzdr\u017eevanje<\/strong>: Pasivna tehnologija RFID pomeni, da ni zamenjave baterij.<\/li>\n<li><strong>Vzdr\u017eljiv dizajn<\/strong>: Odporen na zunanje okoljske dejavnike zahvaljujo\u010d vodoodpornim zmogljivostim.<\/li>\n<\/ul>\n<h3>Vodotesen in odporen na vremenske vplive<\/h3>\n<p>Verjetno je ena najbolj zna\u010dilnih lastnosti obeska za klju\u010de TK4100 RFID njegova\u00a0<strong>nepremo\u010dljiva<\/strong>\u00a0in\u00a0<strong>odporen na vremenske vplive<\/strong>\u00a0gradbeni\u0161tvo. Ne glede na to, ali se uporablja v vla\u017enem okolju ali je izpostavljen te\u017ekemu vremenu, ta obesek za klju\u010de ostane funkcionalen.<\/p>\n<p><strong>Prednosti<\/strong>:<\/p>\n<ul>\n<li><strong>Zanesljivost v vseh pogojih<\/strong>: Zagotovite, da nadzor dostopa ostane u\u010dinkovit v notranjih in zunanjih nastavitvah.<\/li>\n<li><strong>Dalj\u0161a \u017eivljenjska doba<\/strong>: Zmanj\u0161ana obraba v primerjavi z vodoodpornimi alternativami.<\/li>\n<\/ul>\n<h3>Kompaktna in lahka oblika<\/h3>\n<p>Z dimenzijami\u00a0<strong>41*32 mm<\/strong>\u00a0in te\u017eo samo\u00a0<strong>5-8 g<\/strong>, je obesek za klju\u010de TK4100 zasnovan za maksimalno prenosljivost. Ta ergonomska velikost in te\u017ea omogo\u010data uporabnikom, da ga udobno prena\u0161ajo brez dodatne mase, zaradi \u010desar ga je enostavno pritrditi na obeske za klju\u010de ali torbe.<\/p>\n<p><strong>Prednosti<\/strong>:<\/p>\n<ul>\n<li><strong>Enostavnost uporabe<\/strong>: Minimalne ovire med prena\u0161anjem, primerno za vsakodnevne uporabnike.<\/li>\n<li><strong>Vsestranske mo\u017enosti pritrditve<\/strong>: Zdru\u017eljivo z razli\u010dnimi re\u0161itvami za no\u0161enje, od obeskov za klju\u010de do vrvic.<\/li>\n<\/ul>\n<p>&nbsp;<\/p>\n<table class=\"preview\" style=\"height: 195px;\" width=\"557\">\n<thead>\n<tr>\n<th>Specifikacija<\/th>\n<th>Opis<\/th>\n<\/tr>\n<\/thead>\n<tbody>\n<tr>\n<td><strong>Pogostost<\/strong><\/td>\n<td>125 kHz<\/td>\n<\/tr>\n<tr>\n<td><strong>Material<\/strong><\/td>\n<td>ABS<\/td>\n<\/tr>\n<tr>\n<td><strong>Mo\u017enosti velikosti<\/strong><\/td>\n<td>41<em>32 mm, 25<\/em>34,5 mm, 32<em>52 mm, 31<\/em>42 mm, 30,5*37,5 mm<\/td>\n<\/tr>\n<tr>\n<td><strong>Te\u017ea<\/strong><\/td>\n<td>5-8 g\/kos<\/td>\n<\/tr>\n<tr>\n<td><strong>Mo\u017enosti tiskanja<\/strong><\/td>\n<td>Sitotisk, lasersko vgraviran logotip<\/td>\n<\/tr>\n<tr>\n<td><strong>Druge funkcije<\/strong><\/td>\n<td>Prilagojeno z logotipom, serijsko \u0161tevilko, kodo HID<\/td>\n<\/tr>\n<\/tbody>\n<\/table>\n<p>&nbsp;<\/p>","protected":false},"excerpt":{"rendered":"<p>Vodotesen pametni RFID obesek za klju\u010de ISO11784\/5 125KHz TK4100 ponuja zanesljiv nadzor dostopa v razli\u010dnih okoljih. Njegova trpe\u017ena, vodoodporna oblika zagotavlja dolgotrajno delovanje.<\/p>","protected":false},"featured_media":3242,"template":"","meta":[],"product_brand":[],"product_cat":[49],"product_tag":[],"class_list":{"0":"post-3241","1":"product","2":"type-product","3":"status-publish","4":"has-post-thumbnail","6":"product_cat-nfc-key-fobs","8":"first","9":"instock","10":"shipping-taxable","11":"product-type-simple"},"_links":{"self":[{"href":"https:\/\/nfc-readers.com\/sl\/wp-json\/wp\/v2\/product\/3241","targetHints":{"allow":["GET"]}}],"collection":[{"href":"https:\/\/nfc-readers.com\/sl\/wp-json\/wp\/v2\/product"}],"about":[{"href":"https:\/\/nfc-readers.com\/sl\/wp-json\/wp\/v2\/types\/product"}],"wp:featuredmedia":[{"embeddable":true,"href":"https:\/\/nfc-readers.com\/sl\/wp-json\/wp\/v2\/media\/3242"}],"wp:attachment":[{"href":"https:\/\/nfc-readers.com\/sl\/wp-json\/wp\/v2\/media?parent=3241"}],"wp:term":[{"taxonomy":"product_brand","embeddable":true,"href":"https:\/\/nfc-readers.com\/sl\/wp-json\/wp\/v2\/product_brand?post=3241"},{"taxonomy":"product_cat","embeddable":true,"href":"https:\/\/nfc-readers.com\/sl\/wp-json\/wp\/v2\/product_cat?post=3241"},{"taxonomy":"product_tag","embeddable":true,"href":"https:\/\/nfc-readers.com\/sl\/wp-json\/wp\/v2\/product_tag?post=3241"}],"curies":[{"name":"wp","href":"https:\/\/api.w.org\/{rel}","templated":true}]}}