{"id":3248,"date":"2024-10-30T12:48:01","date_gmt":"2024-10-30T12:48:01","guid":{"rendered":"https:\/\/nfc-readers.com\/?post_type=product&#038;p=3248"},"modified":"2024-10-30T12:48:01","modified_gmt":"2024-10-30T12:48:01","slug":"waterproof-mifare-classic-1k-programmable-rfid-nfc-key-fob","status":"publish","type":"product","link":"https:\/\/nfc-readers.com\/sl\/ic-reader\/waterproof-mifare-classic-1k-programmable-rfid-nfc-key-fob\/","title":{"rendered":"Vodoodporen MIFARE Classic 1K programabilni RFID NFC obesek za klju\u010de"},"content":{"rendered":"<h1 style=\"text-align: center;\"><strong>Vodoodporen MIFARE Classic 1K programabilni RFID NFC obesek za klju\u010de<\/strong><\/h1>\n<p>&nbsp;<\/p>\n<p>Svet varnosti in nadzora dostopa se je izjemno razvil, s tehnologijo, ki utira pot pametnej\u0161im re\u0161itvam. Med njimi je <strong>Vodoodporen MIFARE Classic 1K programabilni RFID NFC obesek za klju\u010de<\/strong>\u00a0izstopa kot vsestranska in zanesljiva izbira za osebno in profesionalno uporabo. Ta RFID obesek za klju\u010de, ustvarjen za vrhunsko funkcionalnost in udobje uporabnika, je ve\u010d kot le na\u010din za odklepanje vrat \u2013 je ve\u010dnamenska re\u0161itev, prilagojena za izpolnjevanje razli\u010dnih potreb. S svojo vodoodporno zasnovo, funkcijami, ki jih je mogo\u010de programirati, in zdru\u017eljivostjo s tehnologijo NFC ta obesek za klju\u010de ni le inovativen, ampak tudi vredna nalo\u017eba za vse, ki i\u0161\u010dejo zanesljivost in varnost.<\/p>\n<p>&nbsp;<\/p>\n<p>&nbsp;<\/p>\n<h3><strong>Prednosti izdelka: zakaj se spla\u010da kupiti vodotesen obesek za klju\u010de MIFARE Classic 1K RFID NFC<\/strong><\/h3>\n<p>Izbolj\u0161anje nadzora dostopa \u0161e nikoli ni bilo tako enostavno in ta NFC obesek za klju\u010de je izjemno enostaven za integracijo z obstoje\u010dimi sistemi. Prednosti dale\u010d presegajo udobje; Zaradi svojih vodoodpornih in vremenskih lastnosti je idealen za uporabo na prostem. S prilagodljivim dizajnom, ki je na voljo v razli\u010dnih barvah, in mo\u017enostjo tiskanja edinstvenih identifikatorjev se lahko ta RFID klju\u010dna oznaka neopazno zlije z osebno ali korporativno blagovno znamko. Za uporabnike, ki i\u0161\u010dejo preprost na\u010din za avtomatizacijo dostopa do svojih nepremi\u010dnin, vozil ali naprav, je vodotesen MIFARE Classic 1K izjemna izbira.<\/p>\n<p>&nbsp;<\/p>\n<h3><strong>Oris funkcij in specifikacij<\/strong><\/h3>\n<h3><strong>1. Komunikacijski tehnologiji RFID in NFC<\/strong><\/h3>\n<p>RFID (radiofrekven\u010dna identifikacija) in NFC (komunikacija bli\u017enjega polja) sta jedro te napredne tehnologije obeska za klju\u010de. Delovanje s frekvenco\u00a0<strong>13,56 MHz<\/strong>, naprava zagotavlja hitro in zanesljivo komunikacijo med fobom in \u010ditalci. Zmogljivost NFC omogo\u010da intuitivno interakcijo, zaradi \u010desar je idealna za razli\u010dne aplikacije, kot so mobilno pla\u010devanje in nadzor dostopa.<\/p>\n<h3>2.\u00a0<strong>Vodotesen in vremensko odporen dizajn<\/strong><\/h3>\n<p>To je posebej zasnovano za vzdr\u017eljivost\u00a0<strong>RFID obesek za klju\u010de<\/strong>\u00a0je odporen na vodo in vremenske vplive. Neomajen v neugodnih okoljskih razmerah je kot nala\u0161\u010d za uporabo na prostem in zagotavlja najve\u010djo za\u0161\u010dito notranjega vezja. Ta funkcija je klju\u010dnega pomena za podjetja in posameznike, ki potrebujejo zanesljivost ne glede na vremenske razmere.<\/p>\n<h3>3.\u00a0<strong>Programabilne funkcije za prilagajanje<\/strong><\/h3>\n<p>Ena od izjemnih lastnosti Waterproof MIFARE Classic 1K je njegova mo\u017enost programiranja. Uporabniki lahko prilagodijo funkcionalnost obeska za klju\u010de, da ustreza njihovim posebnim potrebam po nadzoru dostopa. Ali potrebujete\u00a0<strong>vstop brez klju\u010da<\/strong>, ali potrebo po shranjevanju dolo\u010denih dovoljenj za dostop, programabilni vidik tega\u00a0<strong>obesek za klju\u010de<\/strong>\u00a0nudi prilagodljivost, ki je ni mogo\u010de videti pri standardnih modelih.<\/p>\n<h3>4.\u00a0<strong>Ve\u010d mo\u017enosti velikosti in prilagoditev<\/strong><\/h3>\n<p>Z razli\u010dnimi velikostmi, vklju\u010dno z\u00a0<strong>41<em>32 mm, 25<\/em>34,5 mm in drugi<\/strong>, obesek za klju\u010de poskrbi za razli\u010dne \u017eelje uporabnikov. Ne le to, izdelek lahko dodatno prilagodite s prilagojenimi logotipi in barvami, zaradi \u010desar postane edinstven dodatek k va\u0161i liniji izdelkov RFID.<\/p>\n<h3>5.\u00a0<strong>Vzdr\u017eljiv material in estetska privla\u010dnost<\/strong><\/h3>\n<p>Ta obesek za klju\u010de je izdelan iz visokokakovostnega ABS materiala in je zasnovan tako, da je odporen na obrabo, kar ima dolgo \u017eivljenjsko dobo. Poleg tega mo\u017enost izbire\u00a0<strong>vse barve<\/strong>\u00a0zagotavlja, da se brezhibno prilega kateri koli osebni ali profesionalni estetiki.<\/p>\n<h3>6.\u00a0<strong>Celoviti certifikati<\/strong><\/h3>\n<p>Za brezskrbnost ima vodoodporen obesek za klju\u010de MIFARE Classic 1K RFID certificiran s strani ISO 9001:2008, SGS in ROHS. To zagotavlja, da izdelek izpolnjuje stroge standarde kakovosti in varnosti, kar strankam zagotavlja njegovo zanesljivost.<\/p>\n<h3>7.\u00a0<strong>U\u010dinkovito pakiranje in dostava<\/strong><\/h3>\n<p>Ta obesek za klju\u010de RFID je u\u010dinkovito zapakiran s\u00a0<strong>2000 kosov\/karton<\/strong>\u00a0in\u00a0<strong>100 kosov\/opp vre\u010dko<\/strong>, zasnovan za optimalno rokovanje in transport. Ta sistem ne pomaga samo pri ohranjanju celovitosti izdelka, ampak tudi izbolj\u0161a logisti\u010dne operacije uporabnikov.<\/p>\n<h3>8.\u00a0<strong>Mnenja in izku\u0161nje strank<\/strong><\/h3>\n<p>Povratne informacije zadovoljnih strank poudarjajo izjemno zanesljivost in zmogljivost obeska za klju\u010de. Uporabniki pogosto omenjajo njegovo enostavnost programiranja in robustnost vodotesne funkcije, zaradi \u010desar je najprimernej\u0161a izbira za tiste, ki potrebujejo re\u0161itve za varen dostop.<\/p>\n<p>&nbsp;<\/p>\n<h3><strong>Pogosta vpra\u0161anja: Re\u0161evanje pogostih skrbi<\/strong><\/h3>\n<p>Potencialne stranke imajo lahko razli\u010dne pomisleke in vpra\u0161anja glede RFID obeska za klju\u010de. Tukaj je nekaj pogostih vpra\u0161anj:<\/p>\n<ul>\n<li><strong>V: Ali se lahko ta obesek za klju\u010de uporablja v sistemih za nadzor dostopa?<\/strong>\n<ul>\n<li><strong>A:<\/strong>\u00a0Da, zasnovan je posebej za sisteme za nadzor dostopa in lahko olaj\u0161a vstop brez klju\u010da.<\/li>\n<\/ul>\n<\/li>\n<li><strong>V: Ali je prilagodljiv?<\/strong>\n<ul>\n<li><strong>A:<\/strong>\u00a0Vsekakor! Barvo, logotip in celo serijske \u0161tevilke lahko prilagodite svojim posebnim potrebam.<\/li>\n<\/ul>\n<\/li>\n<li><strong>V: Kak\u0161na je garancija za izdelek?<\/strong>\n<ul>\n<li><strong>A:<\/strong> Zagotavljamo garancijo za proizvodne napake. Za podrobnej\u0161e informacije glejte dokumentacijo izdelka.<\/li>\n<\/ul>\n<\/li>\n<\/ul>\n<table class=\"all magic-13\" style=\"height: 269px;\" width=\"563\">\n<tbody>\n<tr>\n<td colspan=\"1\" rowspan=\"1\">\n<div class=\"magic-17\"><span class=\"magic-9\" data-spm-anchor-id=\"a2700.details.0.i42.61ee6b21Q8d0lU\">Postavka<\/span><\/div>\n<\/td>\n<td colspan=\"1\" rowspan=\"1\">\n<div class=\"magic-18\">RFID obesek za klju\u010de<\/div>\n<\/td>\n<\/tr>\n<tr>\n<td colspan=\"1\" rowspan=\"1\">\n<div class=\"magic-17\">Material<\/div>\n<\/td>\n<td colspan=\"1\" rowspan=\"1\">\n<div class=\"magic-18\">ABS, bakrena antena z IC<\/div>\n<\/td>\n<\/tr>\n<tr>\n<td colspan=\"1\" rowspan=\"1\">\n<div class=\"magic-17\">barva<\/div>\n<\/td>\n<td colspan=\"1\" rowspan=\"1\">\n<div class=\"magic-18\">modra, \u010drna, rumena, zelena, rde\u010da itd<\/div>\n<\/td>\n<\/tr>\n<tr>\n<td colspan=\"1\" rowspan=\"1\">\n<div class=\"magic-17\">\u010dip<\/div>\n<\/td>\n<td colspan=\"1\" rowspan=\"1\">\n<div class=\"magic-18\">MIFARE Classic\u00ae 1K ali drugi<\/div>\n<\/td>\n<\/tr>\n<tr>\n<td colspan=\"1\" rowspan=\"1\">\n<div class=\"magic-17\">Pogostost<\/div>\n<\/td>\n<td colspan=\"1\" rowspan=\"1\">\n<div class=\"magic-18\">13,56 MHz<\/div>\n<\/td>\n<\/tr>\n<tr>\n<td colspan=\"1\" rowspan=\"1\">\n<div class=\"magic-17\">Protokol zra\u010dnega vmesnika<\/div>\n<\/td>\n<td colspan=\"1\" rowspan=\"1\">\n<div class=\"magic-18\">ISO14443A<\/div>\n<\/td>\n<\/tr>\n<tr>\n<td colspan=\"1\" rowspan=\"1\">\n<div class=\"magic-17\">Tiskanje<\/div>\n<\/td>\n<td colspan=\"1\" rowspan=\"1\">\n<div class=\"magic-18\">Logotip po meri, serijska \u0161tevilka, koda QR, \u0161tevilka UID<\/div>\n<\/td>\n<\/tr>\n<tr>\n<td colspan=\"1\" rowspan=\"1\">\n<div class=\"magic-17\">Funkcija<\/div>\n<\/td>\n<td colspan=\"1\" rowspan=\"1\">\n<div class=\"magic-18\">Vodotesen, odporen na udarce<\/div>\n<\/td>\n<\/tr>\n<tr>\n<td colspan=\"1\" rowspan=\"1\">\n<div class=\"magic-17\">Priloga<\/div>\n<\/td>\n<td colspan=\"1\" rowspan=\"1\">\n<div class=\"magic-18\">Dvojni srebrni kovinski prstan<\/div>\n<\/td>\n<\/tr>\n<tr>\n<td colspan=\"1\" rowspan=\"1\">\n<div class=\"magic-17\">Aplikacija<\/div>\n<\/td>\n<td colspan=\"1\" rowspan=\"1\">\n<div class=\"magic-18\">Nadzor dostopa, upravljanje prisotnosti, avtentikacija identitete<\/div>\n<\/td>\n<\/tr>\n<\/tbody>\n<\/table>","protected":false},"excerpt":{"rendered":"<p>The\u00a0<strong>Vodoodporen MIFARE Classic 1K programabilni RFID NFC obesek za klju\u010de<\/strong>\u00a0ponuja trajno in vsestransko re\u0161itev za varen nadzor dostopa, ki zdru\u017euje napredno tehnologijo NFC in vremensko odporno zasnovo. Ta obesek za klju\u010de, ki je idealen za razli\u010dne aplikacije, omogo\u010da preprosto prilagoditev in programiranje ter tako izbolj\u0161a funkcionalnost in udobje.<\/p>","protected":false},"featured_media":3249,"template":"","meta":[],"product_brand":[],"product_cat":[49],"product_tag":[],"class_list":{"0":"post-3248","1":"product","2":"type-product","3":"status-publish","4":"has-post-thumbnail","6":"product_cat-nfc-key-fobs","8":"first","9":"instock","10":"shipping-taxable","11":"product-type-simple"},"_links":{"self":[{"href":"https:\/\/nfc-readers.com\/sl\/wp-json\/wp\/v2\/product\/3248","targetHints":{"allow":["GET"]}}],"collection":[{"href":"https:\/\/nfc-readers.com\/sl\/wp-json\/wp\/v2\/product"}],"about":[{"href":"https:\/\/nfc-readers.com\/sl\/wp-json\/wp\/v2\/types\/product"}],"wp:featuredmedia":[{"embeddable":true,"href":"https:\/\/nfc-readers.com\/sl\/wp-json\/wp\/v2\/media\/3249"}],"wp:attachment":[{"href":"https:\/\/nfc-readers.com\/sl\/wp-json\/wp\/v2\/media?parent=3248"}],"wp:term":[{"taxonomy":"product_brand","embeddable":true,"href":"https:\/\/nfc-readers.com\/sl\/wp-json\/wp\/v2\/product_brand?post=3248"},{"taxonomy":"product_cat","embeddable":true,"href":"https:\/\/nfc-readers.com\/sl\/wp-json\/wp\/v2\/product_cat?post=3248"},{"taxonomy":"product_tag","embeddable":true,"href":"https:\/\/nfc-readers.com\/sl\/wp-json\/wp\/v2\/product_tag?post=3248"}],"curies":[{"name":"wp","href":"https:\/\/api.w.org\/{rel}","templated":true}]}}