{"id":3255,"date":"2024-10-30T13:04:41","date_gmt":"2024-10-30T13:04:41","guid":{"rendered":"https:\/\/nfc-readers.com\/?post_type=product&#038;p=3255"},"modified":"2024-11-14T14:40:45","modified_gmt":"2024-11-14T14:40:45","slug":"125khz-proximity-rewritable-tk4100-t5577-rfid-keyfob","status":"publish","type":"product","link":"https:\/\/nfc-readers.com\/sl\/ic-reader\/125khz-proximity-rewritable-tk4100-t5577-rfid-keyfob\/","title":{"rendered":"125KHz proximity ve\u010dkrat zapisljiv TK4100 T5577 RFID obesek za klju\u010de"},"content":{"rendered":"<h1 style=\"text-align: center;\"><strong>125KHz proximity ve\u010dkrat zapisljiv TK4100 T5577 RFID obesek za klju\u010de<\/strong><\/h1>\n<p>The\u00a0<strong>125KHz proximity ve\u010dkrat zapisljiv TK4100 T5577 RFID obesek za klju\u010de<\/strong>\u00a0je inovativna re\u0161itev za sisteme za nadzor dostopa, ki zagotavlja robusten in vsestranski na\u010din upravljanja varnih vstopov. Ta visokokakovosten obesek za klju\u010de je prepisljiv, kar uporabnikom omogo\u010da spreminjanje informacij glede na njihove zahteve. Ne glede na to, ali se uporablja za nadzor dostopa do zgradb, hotelov ali avtomobilskih klju\u010dev, se ta obesek brezhibno integrira v va\u0161e varnostne protokole.<\/p>\n<h2>Prednosti obeska za klju\u010de RFID TK4100 T5577<\/h2>\n<p>Prednosti nalo\u017ebe v ta RFID obesek za klju\u010de presegajo preprosto kontrolo dostopa. Je vodoodporen in odporen na udarce, kar zagotavlja vzdr\u017eljivost tudi v te\u017ekih okoljskih pogojih. S prilagodljivimi mo\u017enostmi, vklju\u010dno s tiskanjem logotipa, ta obesek za klju\u010de predstavlja prilo\u017enost za blagovno znamko, hkrati pa ohranja funkcionalnost. Funkcija ponovnega zapisovanja izbolj\u0161a njegovo prilagodljivost za razli\u010dne aplikacije, zaradi \u010desar je idealna izbira za podjetja in osebno uporabo.<\/p>\n<h2>Klju\u010dne zna\u010dilnosti obeska za klju\u010de RFID TK4100 T5577<\/h2>\n<p>The\u00a0<strong>125KHz proximity ve\u010dkrat zapisljiv TK4100 T5577 RFID obesek za klju\u010de<\/strong>\u00a0izstopa v svojem razredu zaradi \u0161tevilnih lastnosti brez primere. Ta obesek za klju\u010de vklju\u010duje \u010dipe TK4100 in T5577, kar omogo\u010da raznoliko zdru\u017eljivost z obstoje\u010dimi tehnologijami RFID.<\/p>\n<ul>\n<li><strong>Ve\u010dfrekven\u010dna zmogljivost<\/strong>: Ta obesek za klju\u010de deluje na frekvencah 125 KHz in 13,56 MHz, kar zagotavlja \u0161iroko zdru\u017eljivost v razli\u010dnih sistemih za nadzor dostopa.<\/li>\n<li><strong>Kompaktna in lahka oblika<\/strong>: Obesek za klju\u010de z obliko mini oznake lahko enostavno pritrdite na obeske za klju\u010de ali torbe, kar olaj\u0161a prena\u0161anje in uporabo.<\/li>\n<\/ul>\n<p>Obesek za klju\u010de deluje predvsem kot a\u00a0<strong>brezkontaktna RFID klju\u010dna oznaka<\/strong>, kar dramati\u010dno poenostavi obdelavo vnosa za uporabnike. Ta prakti\u010dnost je \u0161e posebej koristna v prometnih okoljih, kot so hoteli in pisarne.<\/p>\n<h2>Vzdr\u017eljivost: vodoodporen in odporen na udarce<\/h2>\n<p>Eden od prepoznavnih znakov\u00a0<strong>TK4100 T5577 RFID obesek za klju\u010de<\/strong>\u00a0je njegova izjemna vzdr\u017eljivost.<\/p>\n<ul>\n<li><strong>Vodoodporen\/odporen na vremenske vplive<\/strong>: Izdelan iz visokokakovostnega ABS materiala, je odporen na vodo in vremenske vplive ter zagotavlja zanesljivo delovanje v vseh pogojih. Ta funkcija odpravlja skrbi v de\u017eevnem vremenu ali na prostem in omogo\u010da dosledno delovanje.<\/li>\n<li><strong>Zasnova, odporna na udarce<\/strong>: Robustna konstrukcija prav tako zagotavlja, da lahko obesek za klju\u010de prenese padce in udarce brez po\u0161kodb, zaradi \u010desar je idealen za posameznike, ki vodijo aktiven \u017eivljenjski slog ali delajo v zahtevnih okoljih.<\/li>\n<\/ul>\n<p>Ta vzdr\u017eljivost ne koristi le dolgo\u017eivosti izdelka, ampak tudi prispeva k njegovi zanesljivosti kot varne vstopne naprave.<\/p>\n<h2>Zmogljivost ponovnega zapisovanja: prilagajanje in prilagodljivost<\/h2>\n<p>\u0160e ena izjemna lastnost\u00a0<strong>TK4100 T5577 RFID obesek za klju\u010de<\/strong>\u00a0je njegova zmo\u017enost ponovnega zapisovanja.<\/p>\n<ul>\n<li><strong>Prilagodljive informacije<\/strong>: Uporabniki lahko spremenijo ali posodobijo podatke RFID, shranjene v fobu. Ta funkcija je \u0161e posebej dragocena za organizacije, ki potrebujejo pogoste posodobitve za dovoljenja za dostop, ali za podjetja, ki \u017eelijo prilagoditi blagovno znamko na obesku za klju\u010de.<\/li>\n<li><strong>Enostavno podvajanje<\/strong>: Prepisljiva narava omogo\u010da enostavno podvajanje, kar podjetjem omogo\u010da izdelavo rezervnih obeskov za klju\u010de brez truda, ne da bi bilo treba zamenjati celotne enote.<\/li>\n<\/ul>\n<p>Ta stopnja prilagajanja ustvarja zelo prilagodljivo orodje za nadzor dostopa, hkrati pa ponuja znatne prilo\u017enosti za prihranek stro\u0161kov.<\/p>\n<h2>Specifikacije: Podroben tehni\u010dni pregled<\/h2>\n<p>The\u00a0<strong>TK4100 T5577 RFID obesek za klju\u010de<\/strong>\u00a0je zasnovan s posebnimi funkcijami, ki omogo\u010dajo u\u010dinkovit nadzor dostopa:<\/p>\n<table class=\"w-fit !mb-0 !max-w-none\" style=\"height: 187px;\" width=\"477\">\n<thead>\n<tr>\n<th><strong>Specifikacija<\/strong><\/th>\n<th><strong>Podrobnosti<\/strong><\/th>\n<\/tr>\n<\/thead>\n<tbody>\n<tr>\n<td><strong>Frekven\u010dno obmo\u010dje<\/strong><\/td>\n<td>125KHz in 13,56MHz<\/td>\n<\/tr>\n<tr>\n<td><strong>Komunikacijski vmesnik<\/strong><\/td>\n<td>RFID<\/td>\n<\/tr>\n<tr>\n<td><strong>Material<\/strong><\/td>\n<td>ABS<\/td>\n<\/tr>\n<tr>\n<td><strong>Barvne mo\u017enosti<\/strong><\/td>\n<td>\u010crna, rjava, modra, rde\u010da, roza<\/td>\n<\/tr>\n<tr>\n<td><strong>Razpolo\u017eljivost vzorcev<\/strong><\/td>\n<td>Vzorci na voljo<\/td>\n<\/tr>\n<tr>\n<td><strong>Najmanj\u0161a koli\u010dina naro\u010dila (MOQ)<\/strong><\/td>\n<td>200 kosov<\/td>\n<\/tr>\n<\/tbody>\n<\/table>\n<p>&nbsp;<\/p>\n<p>&nbsp;<\/p>","protected":false},"excerpt":{"rendered":"<p>125KHz Proximity Rewritable TK4100 T5577 RFID obesek za klju\u010de zagotavlja varen brezkontaktni nadzor dostopa s trpe\u017eno in prilagodljivo zasnovo. Idealen za razli\u010dne aplikacije, zagotavlja prilagodljivost in zanesljivost pri upravljanju vnosov.<\/p>","protected":false},"featured_media":3262,"template":"","meta":[],"product_brand":[],"product_cat":[49],"product_tag":[],"class_list":{"0":"post-3255","1":"product","2":"type-product","3":"status-publish","4":"has-post-thumbnail","6":"product_cat-nfc-key-fobs","8":"first","9":"instock","10":"shipping-taxable","11":"product-type-simple"},"_links":{"self":[{"href":"https:\/\/nfc-readers.com\/sl\/wp-json\/wp\/v2\/product\/3255","targetHints":{"allow":["GET"]}}],"collection":[{"href":"https:\/\/nfc-readers.com\/sl\/wp-json\/wp\/v2\/product"}],"about":[{"href":"https:\/\/nfc-readers.com\/sl\/wp-json\/wp\/v2\/types\/product"}],"wp:featuredmedia":[{"embeddable":true,"href":"https:\/\/nfc-readers.com\/sl\/wp-json\/wp\/v2\/media\/3262"}],"wp:attachment":[{"href":"https:\/\/nfc-readers.com\/sl\/wp-json\/wp\/v2\/media?parent=3255"}],"wp:term":[{"taxonomy":"product_brand","embeddable":true,"href":"https:\/\/nfc-readers.com\/sl\/wp-json\/wp\/v2\/product_brand?post=3255"},{"taxonomy":"product_cat","embeddable":true,"href":"https:\/\/nfc-readers.com\/sl\/wp-json\/wp\/v2\/product_cat?post=3255"},{"taxonomy":"product_tag","embeddable":true,"href":"https:\/\/nfc-readers.com\/sl\/wp-json\/wp\/v2\/product_tag?post=3255"}],"curies":[{"name":"wp","href":"https:\/\/api.w.org\/{rel}","templated":true}]}}