{"id":3264,"date":"2024-10-30T13:19:53","date_gmt":"2024-10-30T13:19:53","guid":{"rendered":"https:\/\/nfc-readers.com\/?post_type=product&#038;p=3264"},"modified":"2024-10-30T13:19:53","modified_gmt":"2024-10-30T13:19:53","slug":"rewritable-abs-t5577-lf-125khz-waterproof-rfid-keyfob","status":"publish","type":"product","link":"https:\/\/nfc-readers.com\/sl\/ic-reader\/rewritable-abs-t5577-lf-125khz-waterproof-rfid-keyfob\/","title":{"rendered":"Ve\u010dkrat zapisljiv ABS T5577 LF 125Khz vodotesen RFID obesek za klju\u010de"},"content":{"rendered":"<h1 style=\"text-align: center;\"><strong>Ve\u010dkrat zapisljiv ABS T5577 LF 125Khz vodotesen RFID obesek za klju\u010de<\/strong><\/h1>\n<p>&nbsp;<\/p>\n<p>Predstavljamo vam\u00a0<strong>Ve\u010dkrat zapisljiv ABS T5577 LF 125KHz vodotesen RFID obesek za klju\u010de<\/strong>: idealna re\u0161itev za va\u0161e potrebe po nadzoru dostopa! Ne glede na to, ali potrebujete obesek za klju\u010de zaradi varnosti, udobja ali u\u010dinkovitosti, ta vsestranski obesek za klju\u010de RFID ponuja izjemne funkcije, zaradi katerih ga morate imeti tako za osebno kot za profesionalno uporabo.<\/p>\n<p>Ta vzdr\u017eljiv in varen obesek za klju\u010de je zasnovan tako, da prenese te\u017eke vremenske razmere in je popoln za uporabo na prostem. Z nizko frekvenco 125 KHz ta RFID obesek za klju\u010de zagotavlja stabilno komunikacijo in je zapisljiv, kar vam omogo\u010da, da ga prilagodite svojim posebnim potrebam. V tem iz\u010drpnem opisu izdelka se bomo poglobili v ne\u0161teto prednosti ve\u010dkratno zapisljivega obeska za klju\u010de ABS T5577 RFID in raziskali, zakaj je vredno razmisliti o njem za va\u0161e re\u0161itve za nadzor dostopa.<\/p>\n<p>&nbsp;<\/p>\n<h3><strong>Pregled prepisljivega obeska za klju\u010de ABS T5577<\/strong><\/h3>\n<p>The\u00a0<strong>Ve\u010dkrat zapisljiv ABS T5577 LF 125KHz vodotesen RFID obesek za klju\u010de<\/strong>\u00a0je popolna me\u0161anica varnosti, vsestranskosti in prijaznosti do uporabnika. Ta RFID obesek za klju\u010de, ki je bil zasnovan v Guangdongu na Kitajskem in ga proizvaja ZD, se lahko uporablja v razli\u010dnih okoljih in zagotavlja zanesljivo re\u0161itev za sisteme za nadzor dostopa.<\/p>\n<p>Ne glede na to, ali upravljate hotel, varujete parkiri\u0161\u010de ali nadzirate dogodek, vam funkcija za ponovno zapisovanje omogo\u010da, da prilagodite vsak obesek za klju\u010de za posebne aplikacije, zaradi \u010desar je stro\u0161kovno u\u010dinkovita izbira za podjetja in posameznike.<\/p>\n<p>&nbsp;<\/p>\n<h3><strong>Klju\u010dne zna\u010dilnosti<\/strong><\/h3>\n<p>The\u00a0<strong>Prepisljivi ABS obesek za klju\u010de T5577<\/strong>\u00a0pona\u0161a se z razli\u010dnimi posebnostmi:<\/p>\n<ul>\n<li><strong>Vodotesen in odporen na vremenske vplive:<\/strong>\u00a0Izdelan tako, da prenese zunanje elemente, kar zagotavlja vzdr\u017eljivost in zanesljivost.<\/li>\n<li><strong>Oblikovanje mini oznake:<\/strong>\u00a0Kompakten in lahek, zaradi \u010desar je enostaven za prena\u0161anje in uporabo.<\/li>\n<li><strong>Komunikacija RFID:<\/strong>\u00a0Uporablja tehnologijo RFID za brezhibno interakcijo z zdru\u017eljivimi \u010ditalniki.<\/li>\n<li><strong>Zapisljiva zmogljivost:<\/strong>\u00a0Prilagajanje foba je preprosto; podatke lahko po potrebi prepi\u0161ete.<\/li>\n<li><strong>Raznolikost barv:<\/strong>\u00a0Na voljo v rumeni, modri, rde\u010di, \u010drni, zeleni in drugih barvah, ki zagotavljajo estetsko izbiro in funkcionalnost.<\/li>\n<li><strong>Lasersko gravirano tiskanje:<\/strong>\u00a0Idealno za podjetja, ki \u017eelijo prikazati logotipe ali serijske \u0161tevilke.<\/li>\n<\/ul>\n<p>Zaradi teh lastnosti je ta obesek za klju\u010de prakti\u010dna izbira za razli\u010dne aplikacije, kar pove\u010duje njegovo vrednost v sistemu za nadzor dostopa.<\/p>\n<p>&nbsp;<\/p>\n<h3><strong>Vzdr\u017eljivost in vodotesnost<\/strong><\/h3>\n<p>Ena od izjemnih prednosti\u00a0<strong>Prepisljivi ABS obesek za klju\u010de T5577<\/strong>\u00a0je njegova vodoodporna in vremensko odporna zasnova. Izdelan je iz visokokakovostnega ABS materiala, zato je odporen na spreminjajo\u010de se vremenske razmere in lahko zanesljivo deluje na prostem.<\/p>\n<p>Njegove nizkofrekven\u010dne zmogljivosti (125 KHz) prav tako pomagajo pove\u010dati u\u010dinkovitost komunikacije z \u010ditalniki RFID, kar uporabnikom omogo\u010da nemoten vstop brez skrbi, da bi vremenske razmere vplivale na njihov dostop. Zaradi te stopnje vzdr\u017eljivosti je \u0161e posebej dragocen za hotele in zunanje varnostne sisteme, kjer sta \u010das in zanesljivost kriti\u010dna.<\/p>\n<p>&nbsp;<\/p>\n<h3><strong>Preprosta uporaba in nastavitev<\/strong><\/h3>\n<p>Nastavitev\u00a0<strong>Prepisljivi ABS obesek za klju\u010de T5577<\/strong>\u00a0je enostaven, zaradi \u010desar je idealna izbira tudi za tiste, ki niso posebej ve\u0161\u010di tehnologije. Funkcija ponovnega zapisovanja omogo\u010da uporabnikom, da hitro posodobijo ali spremenijo shranjene podatke brez potrebe po kompleksnih orodjih ali aplikacijah.<\/p>\n<p>Preprosto nalo\u017eite obesek za klju\u010de na ustrezen programator RFID in za\u010dnite kodirati \u017eelene informacije, naj gre za edinstveno identifikacijsko \u0161tevilko, dovoljenja za dostop ali druge pomembne podatke. Ta enostavna nastavitev poenostavi integracijo obeska za klju\u010de v kateri koli obstoje\u010di sistem za nadzor dostopa.<\/p>\n<p>&nbsp;<\/p>\n<h3><strong>Pogosto zastavljena vpra\u0161anja (FAQ)<\/strong><\/h3>\n<h3>V1: Kak\u0161na je frekvenca ve\u010dkratno zapisljivega obeska za klju\u010de ABS T5577 RFID?<\/h3>\n<p><strong>A:<\/strong>\u00a0Prepisljivi obesek za klju\u010de ABS T5577 deluje s frekvenco\u00a0<strong>125 kHz<\/strong>, ki omogo\u010da u\u010dinkovito komunikacijo z RFID \u010ditalci, ki se obi\u010dajno uporabljajo v sistemih za nadzor dostopa.<\/p>\n<h3>V2: Ali je obesek za klju\u010de vodotesen?<\/h3>\n<p><strong>A:<\/strong>\u00a0Da, prepisljivi obesek za klju\u010de ABS T5577 je vodoodporen in odporen na vremenske vplive, kar zagotavlja vzdr\u017eljivost in zanesljivost tudi v te\u017ekih zunanjih okoljih.<\/p>\n<h3>V3: Ali lahko prepi\u0161em podatke na obesku za klju\u010de?<\/h3>\n<p><strong>A:<\/strong>\u00a0Vsekakor! Ta obesek za klju\u010de ima a\u00a0<strong>mo\u017enost ponovnega zapisovanja<\/strong>\u00a0ki vam omogo\u010da enostavno prilagajanje ali posodabljanje informacij, ki so na njem shranjene, glede na va\u0161e potrebe.<\/p>\n<h3>V4: Iz katerega materiala je obesek za klju\u010de?<\/h3>\n<p><strong>A:<\/strong>\u00a0Obesek za klju\u010de je izdelan iz visokokakovostnega\u00a0<strong>ABS material<\/strong>, ki zagotavlja vzdr\u017eljivost in odpornost proti obrabi.<\/p>\n<h3>V5: Kako nastavim obesek za klju\u010de?<\/h3>\n<p><strong>A:<\/strong>\u00a0Nastavitev prepisljivega obeska za klju\u010de ABS T5577 je enostavna. Preprosto ga pove\u017eite z zdru\u017eljivim programatorjem RFID, da nalo\u017eite \u017eelene informacije, kot so ID \u0161tevilke ali dovoljenja za dostop.<\/p>","protected":false},"excerpt":{"rendered":"<p>The\u00a0<strong>Ve\u010dkrat zapisljiv ABS T5577 LF 125KHz vodotesen RFID obesek za klju\u010de<\/strong>\u00a0ponuja vsestransko in trajno re\u0161itev za potrebe nadzora dostopa, ki zdru\u017euje uporabniku prijazno prepisljivo funkcijo in zanesljivost, odporno na vremenske vplive. Idealen za uporabo na prostem, ta obesek za klju\u010de zagotavlja varno in u\u010dinkovito komunikacijo z \u010ditalniki RFID v kompaktni zasnovi.<\/p>","protected":false},"featured_media":3265,"template":"","meta":[],"product_brand":[],"product_cat":[49],"product_tag":[],"class_list":{"0":"post-3264","1":"product","2":"type-product","3":"status-publish","4":"has-post-thumbnail","6":"product_cat-nfc-key-fobs","8":"first","9":"instock","10":"shipping-taxable","11":"product-type-simple"},"_links":{"self":[{"href":"https:\/\/nfc-readers.com\/sl\/wp-json\/wp\/v2\/product\/3264","targetHints":{"allow":["GET"]}}],"collection":[{"href":"https:\/\/nfc-readers.com\/sl\/wp-json\/wp\/v2\/product"}],"about":[{"href":"https:\/\/nfc-readers.com\/sl\/wp-json\/wp\/v2\/types\/product"}],"wp:featuredmedia":[{"embeddable":true,"href":"https:\/\/nfc-readers.com\/sl\/wp-json\/wp\/v2\/media\/3265"}],"wp:attachment":[{"href":"https:\/\/nfc-readers.com\/sl\/wp-json\/wp\/v2\/media?parent=3264"}],"wp:term":[{"taxonomy":"product_brand","embeddable":true,"href":"https:\/\/nfc-readers.com\/sl\/wp-json\/wp\/v2\/product_brand?post=3264"},{"taxonomy":"product_cat","embeddable":true,"href":"https:\/\/nfc-readers.com\/sl\/wp-json\/wp\/v2\/product_cat?post=3264"},{"taxonomy":"product_tag","embeddable":true,"href":"https:\/\/nfc-readers.com\/sl\/wp-json\/wp\/v2\/product_tag?post=3264"}],"curies":[{"name":"wp","href":"https:\/\/api.w.org\/{rel}","templated":true}]}}