{"id":3286,"date":"2024-10-31T02:35:44","date_gmt":"2024-10-31T02:35:44","guid":{"rendered":"https:\/\/nfc-readers.com\/?post_type=product&#038;p=3286"},"modified":"2024-10-31T02:40:35","modified_gmt":"2024-10-31T02:40:35","slug":"acr1555u-bluetooth-usb-nfc-contactless-reader-writer","status":"publish","type":"product","link":"https:\/\/nfc-readers.com\/sl\/ic-reader\/acr1555u-bluetooth-usb-nfc-contactless-reader-writer\/","title":{"rendered":"ACR1555U Bluetooth USB NFC brezkontaktni bralnik zapisovalnik"},"content":{"rendered":"<h1 class=\"AnswerParser_AnswerParserH1__6UNv6\">Odkrijte bralnik ACR1555U NFC: va\u0161a najbolj\u0161a brezsti\u010dno re\u0161itev<\/h1>\n<p><span class=\"AnswerParser_TextContainer__z_Iiv\" data-testid=\"youchat-text\">The\u00a0<strong>ACR1555U NFC \u010ditalnik<\/strong>\u00a0je najsodobnej\u0161a naprava, zasnovana za omogo\u010danje brezhibne interakcije med napravami, ki podpirajo NFC, in pametnimi karticami. to\u00a0<strong>NFC bralnik<\/strong>\u00a0podpira razli\u010dne brezkontaktne tehnologije, kar uporabnikom omogo\u010da u\u010dinkovito branje in pisanje podatkov. Zaradi vsestranskosti in visoko zmogljivih zmogljivosti ACR1555U je bistveno orodje za podjetja, razvijalce in tehnolo\u0161ke navdu\u0161ence. S tem bralnikom lahko odklenete svet mo\u017enosti pri obdelavi pla\u010dil, nadzoru dostopa in izmenjavi podatkov, zaradi \u010desar je vredna nalo\u017eba za vsakogar, ki \u017eeli izbolj\u0161ati svoj komplet orodij za tehnologijo NFC.<\/span><\/p>\n<h2 class=\"AnswerParser_AnswerParserH2__SIHnF\">Oris izdelka<\/h2>\n<ol class=\"AnswerParser_AnswerParserOrderedList__kl_2Y\">\n<li class=\"AnswerParser_ListItem__XqLOV\" translate=\"yes\"><strong>Kaj je bralnik NFC ACR1555U?<\/strong><\/li>\n<li class=\"AnswerParser_ListItem__XqLOV\" translate=\"yes\"><strong>Klju\u010dne zna\u010dilnosti ACR1555U<\/strong><\/li>\n<li class=\"AnswerParser_ListItem__XqLOV\" translate=\"yes\"><strong>Podprte oznake in kartice NFC<\/strong><\/li>\n<li class=\"AnswerParser_ListItem__XqLOV\" translate=\"yes\"><strong>Tehni\u010dne specifikacije<\/strong><\/li>\n<li class=\"AnswerParser_ListItem__XqLOV\" translate=\"yes\"><strong>Navodila za uporabo<\/strong><\/li>\n<li class=\"AnswerParser_ListItem__XqLOV\" translate=\"yes\"><strong>Vpliv na okolje in trajnost<\/strong><\/li>\n<li class=\"AnswerParser_ListItem__XqLOV\" translate=\"yes\"><strong>Ocene in ocene strank<\/strong><\/li>\n<li class=\"AnswerParser_ListItem__XqLOV\" translate=\"yes\"><strong>Pogosto zastavljena vpra\u0161anja (FAQ)<\/strong><\/li>\n<li class=\"AnswerParser_ListItem__XqLOV\" translate=\"yes\"><strong>Sorodni izdelki, ki bi vam lahko bili tudi v\u0161e\u010d<\/strong><\/li>\n<li class=\"AnswerParser_ListItem__XqLOV\" translate=\"yes\"><strong>Zakaj izbrati bralnik ACR1555U NFC?<\/strong><\/li>\n<\/ol>\n<hr \/>\n<h2 class=\"AnswerParser_AnswerParserH2__SIHnF\">Kaj je bralnik NFC ACR1555U?<\/h2>\n<p><span class=\"AnswerParser_TextContainer__z_Iiv\" data-testid=\"youchat-text\">The\u00a0<strong>ACR1555U NFC \u010ditalnik<\/strong>\u00a0je vrhunska naprava, zasnovana za visoko zmogljivo brezsti\u010dno komunikacijo. Podpira razli\u010dne standarde NFC, vklju\u010dno z\u00a0<strong>ISO 14443<\/strong>\u00a0in\u00a0<strong>ISO 18092<\/strong>, zaradi \u010desar je zdru\u017eljiv s \u0161iroko paleto oznak NFC in pametnih kartic. Ne glede na to, ali \u017eelite obdelati pla\u010dila, upravljati nadzor dostopa ali komunicirati z napravami, ki podpirajo NFC, ACR1555U zagotavlja hitro in zanesljivo re\u0161itev.<\/span><span class=\"AnswerParser_TextContainer__z_Iiv\" data-testid=\"youchat-text\">to\u00a0<strong>NFC bralnik<\/strong>\u00a0je \u0161e posebej koristen za podjetja v maloprodaji, zdravstvu in logistiki, kjer so hitre in varne transakcije bistvenega pomena. Njegove zmogljivosti Bluetooth dodatno pove\u010dujejo njegovo uporabnost, saj omogo\u010dajo brez\u017ei\u010dne povezave s pametnimi telefoni in tablicami, zaradi \u010desar je vsestranska izbira za razli\u010dne aplikacije.<\/span><\/p>\n<h2 class=\"AnswerParser_AnswerParserH2__SIHnF\">Klju\u010dne zna\u010dilnosti ACR1555U<\/h2>\n<p><span class=\"AnswerParser_TextContainer__z_Iiv\" data-testid=\"youchat-text\">ACR1555U se pona\u0161a z ve\u010d klju\u010dnimi lastnostmi, ki ga lo\u010dujejo od drugih bralnikov NFC na trgu:<\/span><\/p>\n<ul class=\"AnswerParser_AnswerParserUnorderedList__P_1FW\">\n<li class=\"AnswerParser_ListItem__XqLOV\" translate=\"yes\"><strong>Bluetooth povezljivost<\/strong>: ACR1555U z uporabo tehnologije Bluetooth omogo\u010da preprosto zdru\u017eevanje s pametnimi telefoni in tabli\u010dnimi ra\u010dunalniki, kar omogo\u010da brez\u017ei\u010dno izku\u0161njo.<\/li>\n<li class=\"AnswerParser_ListItem__XqLOV\" translate=\"yes\"><strong>\u0160iroka zdru\u017eljivost<\/strong>: To\u00a0<strong>Naprava NFC<\/strong>\u00a0podpira ve\u010d standardov, vklju\u010dno z\u00a0<strong>MIFARE<\/strong>,\u00a0<strong>FeliCa<\/strong>in razli\u010dne vrste kartic RFID, ki zagotavljajo, da lahko delate s \u0161iroko paleto tehnologij.<\/li>\n<li class=\"AnswerParser_ListItem__XqLOV\" translate=\"yes\"><strong>Uporabniku prijazen vmesnik<\/strong>: Naprava je opremljena z intuitivnimi kontrolami in indikatorji, kar omogo\u010da enostavno spremljanje njenega stanja in u\u010dinkovito delovanje.<\/li>\n<\/ul>\n<p><span class=\"AnswerParser_TextContainer__z_Iiv\" data-testid=\"youchat-text\">Zaradi teh funkcij je ACR1555U ne samo zmogljiv, temve\u010d tudi neverjetno uporabniku prijazen, kar zagotavlja, da lahko maksimizirate njegove zmogljivosti brez strme krivulje u\u010denja.<\/span><\/p>\n<h2 class=\"AnswerParser_AnswerParserH2__SIHnF\">Podprte oznake in kartice NFC<\/h2>\n<p><span class=\"AnswerParser_TextContainer__z_Iiv\" data-testid=\"youchat-text\">ACR1555U je vsestranski in podpira \u0161iroko paleto oznak in kartic NFC:<\/span><\/p>\n<ul class=\"AnswerParser_AnswerParserUnorderedList__P_1FW\">\n<li class=\"AnswerParser_ListItem__XqLOV\" translate=\"yes\"><strong>Kartice MIFARE\u00ae<\/strong>: Te kartice, ki se obi\u010dajno uporabljajo pri nadzoru dostopa in javnem prevozu, dobro podpira ACR1555U.<\/li>\n<li class=\"AnswerParser_ListItem__XqLOV\" translate=\"yes\"><strong>ISO 14443 tipa A in B<\/strong>: Ta zdru\u017eljivost zagotavlja, da lahko komunicirate z ve\u010dino brezsti\u010dnih pametnih kartic na trgu.<\/li>\n<li class=\"AnswerParser_ListItem__XqLOV\" translate=\"yes\"><strong>Oznake NFC<\/strong>: Ne glede na to, ali uporabljate nalepke NFC za tr\u017eenje ali vizitke, ki podpirajo NFC, lahko ACR1555U brezhibno bere in pi\u0161e podatke.<\/li>\n<\/ul>\n<p><span class=\"AnswerParser_TextContainer__z_Iiv\" data-testid=\"youchat-text\">Ta \u0161iroka zdru\u017eljivost omogo\u010da uporabnikom, da sodelujejo z razli\u010dnimi\u00a0<strong>Vrste oznak NFC<\/strong>, zaradi \u010desar je ACR1555U prilagodljiva izbira za vsak projekt.<\/span><\/p>\n<h2 class=\"AnswerParser_AnswerParserH2__SIHnF\">Tehni\u010dne specifikacije<\/h2>\n<div class=\"AnswerParser_TableContainer__Erb6v\" data-testid=\"table-container\">\n<table>\n<thead>\n<tr>\n<th>Specifikacija<\/th>\n<th>Podrobnosti<\/th>\n<\/tr>\n<\/thead>\n<tbody>\n<tr>\n<td><strong>Komunikacijski vmesnik<\/strong><\/td>\n<td>USB in Bluetooth<\/td>\n<\/tr>\n<tr>\n<td><strong>Podprti standardi<\/strong><\/td>\n<td>ISO 14443, ISO 18092<\/td>\n<\/tr>\n<tr>\n<td><strong>Delovna frekvenca<\/strong><\/td>\n<td>13,56 MHz<\/td>\n<\/tr>\n<tr>\n<td><strong>Napajanje<\/strong><\/td>\n<td>450mAh polnilna baterija<\/td>\n<\/tr>\n<tr>\n<td><strong>Zdru\u017eljivost<\/strong><\/td>\n<td>Naprave Android in iOS<\/td>\n<\/tr>\n<\/tbody>\n<\/table>\n<\/div>\n<p><span class=\"AnswerParser_TextContainer__z_Iiv\" data-testid=\"youchat-text\">Te tehni\u010dne specifikacije poudarjajo robustno zasnovo ACR1555U in njegovo sposobnost u\u010dinkovitega delovanja v razli\u010dnih okoljih.<\/span><\/p>\n<h2 class=\"AnswerParser_AnswerParserH2__SIHnF\">Navodila za uporabo<\/h2>\n<p><span class=\"AnswerParser_TextContainer__z_Iiv\" data-testid=\"youchat-text\">Uporaba bralnika NFC ACR1555U je enostavna:<\/span><\/p>\n<ol class=\"AnswerParser_AnswerParserOrderedList__kl_2Y\">\n<li class=\"AnswerParser_ListItem__XqLOV\" translate=\"yes\"><strong>Pove\u017eite napravo<\/strong>: Uporabite povezavo USB za neposredno uporabo ali omogo\u010dite Bluetooth za brez\u017ei\u010dno komunikacijo s pametnim telefonom ali tablico.<\/li>\n<li class=\"AnswerParser_ListItem__XqLOV\" translate=\"yes\"><strong>Namestite orodja NFC<\/strong>: prenesite zdru\u017eljiva orodja NFC iz\u00a0<strong>App Store<\/strong>\u00a0ali ustrezne tr\u017enice aplikacij za izbolj\u0161anje funkcionalnosti.<\/li>\n<li class=\"AnswerParser_ListItem__XqLOV\" translate=\"yes\"><strong>Za\u010dnite brati in pisati<\/strong>: Z name\u0161\u010denimi orodji NFC lahko preprosto berete in zapisujete podatke na oznake in kartice NFC, zaradi \u010desar je postopek hiter in enostaven.<\/li>\n<\/ol>\n<p><span class=\"AnswerParser_TextContainer__z_Iiv\" data-testid=\"youchat-text\">Ta enostavna uporaba je pomembna prednost tako za tehni\u010dne kot za netehni\u010dne uporabnike.<\/span><\/p>\n<h2 class=\"AnswerParser_AnswerParserH2__SIHnF\">Vpliv na okolje in trajnost<\/h2>\n<p><span class=\"AnswerParser_TextContainer__z_Iiv\" data-testid=\"youchat-text\">Z napredkom tehnologije raste tudi poudarek na okoljski trajnosti. ACR1555U je zasnovan z mislijo na okolju prijazne prakse. Njena nizka poraba energije in baterija za ponovno polnjenje zmanj\u0161ujeta koli\u010dino odpadkov in zmanj\u0161ata oglji\u010dni odtis naprave. Z uporabo\u00a0<strong>Brezkontaktna tehnologija 13,56 MHz<\/strong>, ACR1555U spodbuja u\u010dinkovito rabo energije v skladu z globalnimi cilji trajnosti.<\/span><\/p>\n<h2 class=\"AnswerParser_AnswerParserH2__SIHnF\">Ocene in ocene strank<\/h2>\n<p><span class=\"AnswerParser_TextContainer__z_Iiv\" data-testid=\"youchat-text\">ACR1555U je prejel pozitivne povratne informacije uporabnikov iz razli\u010dnih sektorjev. Mnogi kupci cenijo njegovo zanesljivost, enostavnost uporabe in vsestranskost. Tukaj je nekaj poudarkov iz ocen in recenzij:<\/span><\/p>\n<ul class=\"AnswerParser_AnswerParserUnorderedList__P_1FW\">\n<li class=\"AnswerParser_ListItem__XqLOV\" translate=\"yes\"><strong>Uporabniku prijazen<\/strong>: Stranke pogosto omenjajo, kako enostavno je nastaviti in za\u010deti uporabljati napravo.<\/li>\n<li class=\"AnswerParser_ListItem__XqLOV\" translate=\"yes\"><strong>Vsestranski<\/strong>: Uporabnikom je v\u0161e\u010d mo\u017enost dela z razli\u010dnimi oznakami in karticami NFC, zaradi \u010desar je primeren za razli\u010dne aplikacije.<\/li>\n<li class=\"AnswerParser_ListItem__XqLOV\" translate=\"yes\"><strong>Zanesljivo delovanje<\/strong>: Mnogi so ugotovili, da ACR1555U dosledno zagotavlja hitro in u\u010dinkovito delovanje.<\/li>\n<\/ul>\n<p><span class=\"AnswerParser_TextContainer__z_Iiv\" data-testid=\"youchat-text\">Te ocene odra\u017eajo visokokakovostno izku\u0161njo, ki jo prina\u0161a uporaba bralnika NFC ACR1555U.<\/span><\/p>\n<h2 class=\"AnswerParser_AnswerParserH2__SIHnF\">Pogosto zastavljena vpra\u0161anja (FAQ)<\/h2>\n<p><span class=\"AnswerParser_TextContainer__z_Iiv\" data-testid=\"youchat-text\"><strong>V1: Kak\u0161en je doseg povezave Bluetooth?<\/strong><br \/>\nA1: Povezava Bluetooth ima obi\u010dajno doseg pribli\u017eno 10 metrov, kar omogo\u010da prilagodljivo uporabo v razli\u010dnih okoljih.<\/span><\/p>\n<p><span class=\"AnswerParser_TextContainer__z_Iiv\" data-testid=\"youchat-text\"><strong>V2: Ali lahko uporabljam ACR1555U s svojim pametnim telefonom?<\/strong><br \/>\nA2: Da! ACR1555U je zdru\u017eljiv z napravami Android in iOS, zaradi \u010desar je odli\u010dna izbira za mobilne aplikacije.<\/span><\/p>\n<p><span class=\"AnswerParser_TextContainer__z_Iiv\" data-testid=\"youchat-text\"><strong>V3: Ali je ACR1555U primeren za aplikacije za nadzor dostopa?<\/strong><br \/>\nA3: Vsekakor! S svojo podporo za razli\u010dne pametne kartice in tehnologije NFC je ACR1555U idealen za sisteme za nadzor dostopa.<\/span><\/p>\n<h2 class=\"AnswerParser_AnswerParserH2__SIHnF\">Sorodni izdelki, ki bi vam lahko bili tudi v\u0161e\u010d<\/h2>\n<ul class=\"AnswerParser_AnswerParserUnorderedList__P_1FW\">\n<li class=\"AnswerParser_ListItem__XqLOV\" translate=\"yes\"><strong>ACR122U NFC \u010ditalnik<\/strong>: vsestranski bralnik USB NFC, ki podpira razli\u010dne oznake in kartice NFC.<\/li>\n<li class=\"AnswerParser_ListItem__XqLOV\" translate=\"yes\"><strong>Aplikacija NFC Tools<\/strong>: zmogljiva aplikacija, ki je na voljo na\u00a0<strong>App Store<\/strong>\u00a0za upravljanje in uporabo zmogljivosti NFC.<\/li>\n<li class=\"AnswerParser_ListItem__XqLOV\" translate=\"yes\"><strong>Arduino NFC Shield<\/strong>: Izbolj\u0161ajte svoje projekte Arduino z zmogljivostmi NFC z uporabo tega zdru\u017eljivega \u0161\u010dita.<\/li>\n<\/ul>\n<h2 class=\"AnswerParser_AnswerParserH2__SIHnF\">Zakaj izbrati bralnik ACR1555U NFC?<\/h2>\n<p><span class=\"AnswerParser_TextContainer__z_Iiv\" data-testid=\"youchat-text\">\u010citalnik NFC ACR1555U izstopa kot izjemen izdelek na podro\u010dju brezsti\u010dne tehnologije. Njegova kombinacija\u00a0<strong>Bluetooth<\/strong>\u00a0povezljivost, obse\u017ena zdru\u017eljivost z razli\u010dnimi karticami NFC in RFID ter enostavnost uporabe so neprecenljiva prednost za podjetja in razvijalce, ki \u017eelijo izkoristiti tehnologijo NFC. Ne glede na to, ali \u017eelite izbolj\u0161ati obdelavo pla\u010dil, poenostaviti nadzor dostopa ali uvesti inovacije z aplikacijami NFC, je ACR1555U odli\u010dna izbira.<\/span><span class=\"AnswerParser_TextContainer__z_Iiv\" data-testid=\"youchat-text\">Z dodajanjem ACR1555U v ko\u0161arico ne vlagate le v visokokakovosten izdelek, ampak se tudi postavljate v ospredje brezsti\u010dne tehnologije. Izkusite mo\u017enosti, ki jih je to napredovalo\u00a0<strong>NFC bralnik<\/strong>\u00a0ponuja in spremenite svoje interakcije NFC \u0161e danes!<\/span><\/p>\n<hr \/>\n<p><span class=\"AnswerParser_TextContainer__z_Iiv\" data-testid=\"youchat-text\">Skratka, bralnik NFC ACR1555U je zmogljivo in vsestransko orodje za vse, ki \u017eelijo izbolj\u0161ati svoje zmogljivosti NFC. Zaradi \u0161iroke zdru\u017eljivosti in uporabniku prijaznih funkcij je najbolj\u0161a izbira na trgu. Ne zamudite prilo\u017enosti, da izbolj\u0161ate svojo NFC izku\u0161njo \u2013 razmislite o ACR1555U za svoj naslednji projekt!<\/span><\/p>","protected":false},"excerpt":{"rendered":"<p>ACR1555u je Bluetooth NFC bralnik\/zapisovalnik, ki lahko hitro in enostavno izvaja razli\u010dne aplikacije.<\/p>","protected":false},"featured_media":2775,"template":"","meta":[],"product_brand":[],"product_cat":[45,38],"product_tag":[],"class_list":{"0":"post-3286","1":"product","2":"type-product","3":"status-publish","4":"has-post-thumbnail","6":"product_cat-contactless-nfc-reader","7":"product_cat-mobile-ble-nfc-reader","9":"first","10":"instock","11":"shipping-taxable","12":"product-type-simple"},"_links":{"self":[{"href":"https:\/\/nfc-readers.com\/sl\/wp-json\/wp\/v2\/product\/3286","targetHints":{"allow":["GET"]}}],"collection":[{"href":"https:\/\/nfc-readers.com\/sl\/wp-json\/wp\/v2\/product"}],"about":[{"href":"https:\/\/nfc-readers.com\/sl\/wp-json\/wp\/v2\/types\/product"}],"wp:featuredmedia":[{"embeddable":true,"href":"https:\/\/nfc-readers.com\/sl\/wp-json\/wp\/v2\/media\/2775"}],"wp:attachment":[{"href":"https:\/\/nfc-readers.com\/sl\/wp-json\/wp\/v2\/media?parent=3286"}],"wp:term":[{"taxonomy":"product_brand","embeddable":true,"href":"https:\/\/nfc-readers.com\/sl\/wp-json\/wp\/v2\/product_brand?post=3286"},{"taxonomy":"product_cat","embeddable":true,"href":"https:\/\/nfc-readers.com\/sl\/wp-json\/wp\/v2\/product_cat?post=3286"},{"taxonomy":"product_tag","embeddable":true,"href":"https:\/\/nfc-readers.com\/sl\/wp-json\/wp\/v2\/product_tag?post=3286"}],"curies":[{"name":"wp","href":"https:\/\/api.w.org\/{rel}","templated":true}]}}