{"id":3288,"date":"2024-10-31T08:03:14","date_gmt":"2024-10-31T08:03:14","guid":{"rendered":"https:\/\/nfc-readers.com\/?post_type=product&#038;p=3288"},"modified":"2024-10-31T08:03:15","modified_gmt":"2024-10-31T08:03:15","slug":"acr1581u-15693-dualboost-iii-dual-interface-nfc-reader-writer","status":"publish","type":"product","link":"https:\/\/nfc-readers.com\/sl\/ic-reader\/acr1581u-15693-dualboost-iii-dual-interface-nfc-reader-writer\/","title":{"rendered":"ACR1581U 15693 DualBoost III \u010ditalnik z dvojnim vmesnikom NFC zapisovalnik"},"content":{"rendered":"<h1 class=\"AnswerParser_AnswerParserH1__6UNv6\">ACR1581U NFC \u010ditalnik: najbolj\u0161a brezsti\u010dno re\u0161itev za va\u0161e podjetje<\/h1>\n<p><span class=\"AnswerParser_TextContainer__z_Iiv\" data-testid=\"youchat-text\">The\u00a0<strong>ACR1581U NFC \u010ditalnik<\/strong>\u00a0je najsodobnej\u0161a naprava, zasnovana za omogo\u010danje brezhibne interakcije s kontaktnimi in brezkontaktnimi pametnimi karticami. Ta vsestranski\u00a0<strong>NFC bralnik<\/strong>\u00a0podpira \u0161iroko paleto aplikacij, zaradi \u010desar je bistveno orodje za podjetja in razvijalce. Ne glede na to, ali morate obdelati pla\u010dila, upravljati nadzor dostopa ali brati podatke iz oznak NFC, ACR1581U ponuja zanesljivo in u\u010dinkovito re\u0161itev. S svojimi robustnimi funkcijami in uporabniku prijazno zasnovo je ta bralnik vreden vsakega penija za vsakogar, ki \u017eeli izbolj\u0161ati svoj komplet orodij za tehnologijo NFC.<\/span><\/p>\n<hr \/>\n<h2 class=\"AnswerParser_AnswerParserH2__SIHnF\">Oris izdelka<\/h2>\n<ol class=\"AnswerParser_AnswerParserOrderedList__kl_2Y\">\n<li class=\"AnswerParser_ListItem__XqLOV\" translate=\"yes\"><strong>Pregled bralnika NFC ACR1581U<\/strong><\/li>\n<li class=\"AnswerParser_ListItem__XqLOV\" translate=\"yes\"><strong>Klju\u010dne zna\u010dilnosti ACR1581U<\/strong><\/li>\n<li class=\"AnswerParser_ListItem__XqLOV\" translate=\"yes\"><strong>Fizi\u010dne zna\u010dilnosti<\/strong><\/li>\n<li class=\"AnswerParser_ListItem__XqLOV\" translate=\"yes\"><strong>Podprte vrste kartic<\/strong><\/li>\n<li class=\"AnswerParser_ListItem__XqLOV\" translate=\"yes\"><strong>Tehni\u010dne specifikacije<\/strong><\/li>\n<li class=\"AnswerParser_ListItem__XqLOV\" translate=\"yes\"><strong>Navodila za uporabo<\/strong><\/li>\n<li class=\"AnswerParser_ListItem__XqLOV\" translate=\"yes\"><strong>Vpliv na okolje in skladnost<\/strong><\/li>\n<li class=\"AnswerParser_ListItem__XqLOV\" translate=\"yes\"><strong>Ocene in ocene strank<\/strong><\/li>\n<li class=\"AnswerParser_ListItem__XqLOV\" translate=\"yes\"><strong>Pogosto zastavljena vpra\u0161anja (FAQ)<\/strong><\/li>\n<li class=\"AnswerParser_ListItem__XqLOV\" translate=\"yes\"><strong>Zakaj izbrati bralnik NFC ACR1581U?<\/strong><\/li>\n<\/ol>\n<hr \/>\n<h2 class=\"AnswerParser_AnswerParserH2__SIHnF\">Pregled bralnika NFC ACR1581U<\/h2>\n<p><span class=\"AnswerParser_TextContainer__z_Iiv\" data-testid=\"youchat-text\">The\u00a0<strong>ACR1581U NFC \u010ditalnik<\/strong>\u00a0je zasnovan tako, da izpolnjuje zahteve sodobnih aplikacij, ki zahtevajo varno in u\u010dinkovito izmenjavo podatkov. S podporo za kontaktne in brezkontaktne pametne kartice je ta \u010ditalnik idealen za razli\u010dne industrije, vklju\u010dno s financami, zdravstvom in varnostjo. Njegova zmo\u017enost branja in zapisovanja podatkov z ve\u010d vrst kartic zagotavlja, da se lahko prilagodi spreminjajo\u010dim se potrebam uporabnikov.<\/span><span class=\"AnswerParser_TextContainer__z_Iiv\" data-testid=\"youchat-text\">ACR1581U je opremljen z naprednimi funkcijami in uporabniku prijaznim vmesnikom kot nala\u0161\u010d za podjetja, ki \u017eelijo poenostaviti svoje poslovanje in izbolj\u0161ati uporabni\u0161ko izku\u0161njo. Njegova zmo\u017enost dvojnega vmesnika omogo\u010da prilagodljivost pri uporabi, zaradi \u010desar je vsestranska izbira za vsako aplikacijo.<\/span><\/p>\n<h2 class=\"AnswerParser_AnswerParserH2__SIHnF\">Klju\u010dne zna\u010dilnosti ACR1581U<\/h2>\n<h3 class=\"AnswerParser_AnswerParserH3__Mpe4s\">Zmogljivost dvojnega vmesnika<\/h3>\n<p><span class=\"AnswerParser_TextContainer__z_Iiv\" data-testid=\"youchat-text\">ACR1581U podpira oboje\u00a0<strong>stik<\/strong>\u00a0in\u00a0<strong>brezkontaktno<\/strong>\u00a0vmesniki pametnih kartic, ki uporabnikom omogo\u010dajo interakcijo s \u0161iroko paleto kartic. Zaradi te dvojne funkcionalnosti je primeren za razli\u010dne aplikacije, od obdelave pla\u010dil do nadzora dostopa. Zmo\u017enost branja in pisanja oznak in kartic NFC izbolj\u0161a njeno uporabnost v razli\u010dnih scenarijih.<\/span><\/p>\n<h3 class=\"AnswerParser_AnswerParserH3__Mpe4s\">Visokohitrostni prenos podatkov<\/h3>\n<p><span class=\"AnswerParser_TextContainer__z_Iiv\" data-testid=\"youchat-text\">Z a\u00a0<strong>Polna hitrost USB<\/strong>\u00a0vmesnikom ACR1581U zagotavlja hiter prenos podatkov do\u00a0<strong>12 Mbps<\/strong>. Ta hitrost je klju\u010dnega pomena za aplikacije, ki zahtevajo hitre in u\u010dinkovite transakcije, kar izbolj\u0161a celotno uporabni\u0161ko izku\u0161njo. Ne glede na to, ali obdelujete pla\u010dila ali dostopate do varnih informacij, ACR1581U zagotavlja zanesljivo delovanje.<\/span><\/p>\n<h3 class=\"AnswerParser_AnswerParserH3__Mpe4s\">Uporabniku prijazen dizajn<\/h3>\n<p><span class=\"AnswerParser_TextContainer__z_Iiv\" data-testid=\"youchat-text\">ACR1581U ima dvobarvne LED diode (modre in zelene), ki jih lahko nadzoruje uporabnik, in monotono bren\u010dalo, ki zagotavlja vizualne in zvo\u010dne povratne informacije med delovanjem. Ta zasnova pove\u010duje uporabnost, saj uporabnikom omogo\u010da enostavno spremljanje stanja naprave. Intuitivni vmesnik zagotavlja, da tudi tisti, ki \u0161ele spoznavajo tehnologijo NFC, z lahkoto upravljajo z bralnikom.<\/span><\/p>\n<h2 class=\"AnswerParser_AnswerParserH2__SIHnF\">Fizi\u010dne zna\u010dilnosti<\/h2>\n<ul class=\"AnswerParser_AnswerParserUnorderedList__P_1FW\">\n<li class=\"AnswerParser_ListItem__XqLOV\" translate=\"yes\"><strong>Dimenzije<\/strong>: 120,5 mm (D) x 72,0 mm (\u0160) x 20,4 mm (V)<\/li>\n<li class=\"AnswerParser_ListItem__XqLOV\" translate=\"yes\"><strong>Te\u017ea<\/strong>: 143 g<\/li>\n<li class=\"AnswerParser_ListItem__XqLOV\" translate=\"yes\"><strong>USB vmesnik<\/strong>:\n<ul class=\"AnswerParser_AnswerParserUnorderedList__P_1FW\">\n<li class=\"AnswerParser_ListItem__XqLOV\" translate=\"yes\">Protokol: USB CCID<\/li>\n<li class=\"AnswerParser_ListItem__XqLOV\" translate=\"yes\">Vrsta priklju\u010dka: USB Type-A (ACR1581U-C1), USB Type-C (ACR1581U-CF)<\/li>\n<li class=\"AnswerParser_ListItem__XqLOV\" translate=\"yes\">Dol\u017eina kabla: 2 m, nesnemljiv<\/li>\n<\/ul>\n<\/li>\n<\/ul>\n<p><span class=\"AnswerParser_TextContainer__z_Iiv\" data-testid=\"youchat-text\">Kompaktna zasnova ACR1581U omogo\u010da enostavno integracijo v razli\u010dna okolja, bodisi na prodajnem mestu ali v varnem sistemu za nadzor dostopa.<\/span><\/p>\n<h2 class=\"AnswerParser_AnswerParserH2__SIHnF\">Podprte vrste kartic<\/h2>\n<p><span class=\"AnswerParser_TextContainer__z_Iiv\" data-testid=\"youchat-text\">ACR1581U je zdru\u017eljiv s \u0161iroko paleto pametnih kartic, vklju\u010dno z:<\/span><\/p>\n<ul class=\"AnswerParser_AnswerParserUnorderedList__P_1FW\">\n<li class=\"AnswerParser_ListItem__XqLOV\" translate=\"yes\"><strong>Kontaktne pametne kartice<\/strong>: Podpira ISO 7816 razred A, B in C (5V, 3V, 1,8V) s protokoloma T=0 in T=1.<\/li>\n<li class=\"AnswerParser_ListItem__XqLOV\" translate=\"yes\"><strong>Brezkontaktne pametne kartice<\/strong>: Podpira standarde ISO 14443 Type A &amp; B, ISO 15693, MIFARE\u00ae in FeliCa.<\/li>\n<li class=\"AnswerParser_ListItem__XqLOV\" translate=\"yes\"><strong>Vmesnik kartice SAM<\/strong>: Vklju\u010duje eno standardno re\u017eo za kartico SIM za varno upravljanje dostopa.<\/li>\n<\/ul>\n<p><span class=\"AnswerParser_TextContainer__z_Iiv\" data-testid=\"youchat-text\">Ta obse\u017ena zdru\u017eljivost zagotavlja, da lahko ACR1581U izpolnjuje potrebe razli\u010dnih industrij in aplikacij.<\/span><\/p>\n<h2 class=\"AnswerParser_AnswerParserH2__SIHnF\">Tehni\u010dne specifikacije<\/h2>\n<div class=\"AnswerParser_TableContainer__Erb6v\" data-testid=\"table-container\">\n<table>\n<thead>\n<tr>\n<th>Specifikacija<\/th>\n<th>Podrobnosti<\/th>\n<\/tr>\n<\/thead>\n<tbody>\n<tr>\n<td><strong>Vmesnik<\/strong><\/td>\n<td>USB CCID<\/td>\n<\/tr>\n<tr>\n<td><strong>Vrsta priklju\u010dka<\/strong><\/td>\n<td>USB Type-A (ACR1581U-C1), USB Type-C (ACR1581U-CF)<\/td>\n<\/tr>\n<tr>\n<td><strong>Vir energije<\/strong><\/td>\n<td>Iz vrat USB<\/td>\n<\/tr>\n<tr>\n<td><strong>Hitrost<\/strong><\/td>\n<td>Polna hitrost USB (12 Mb\/s)<\/td>\n<\/tr>\n<tr>\n<td><strong>Dimenzije<\/strong><\/td>\n<td>120,5 mm (D) x 72,0 mm (\u0160) x 20,4 mm (V)<\/td>\n<\/tr>\n<tr>\n<td><strong>Te\u017ea<\/strong><\/td>\n<td>143 g<\/td>\n<\/tr>\n<tr>\n<td><strong>Kontaktni vmesnik pametne kartice<\/strong><\/td>\n<td>ISO 7816 razred A, B, C<\/td>\n<\/tr>\n<tr>\n<td><strong>Vmesnik brezkontaktne pametne kartice<\/strong><\/td>\n<td>ISO 14443 Tip A &amp; B, ISO 15693, MIFARE\u00ae, FeliCa<\/td>\n<\/tr>\n<tr>\n<td><strong>Nadgradnja vdelane programske opreme<\/strong><\/td>\n<td>Podprto<\/td>\n<\/tr>\n<tr>\n<td><strong>Certifikati<\/strong><\/td>\n<td>IEC\/EN 62368, CE, FCC, UKCA, VCCI, RoHS, REACH, WEEE<\/td>\n<\/tr>\n<\/tbody>\n<\/table>\n<\/div>\n<h2 class=\"AnswerParser_AnswerParserH2__SIHnF\">Navodila za uporabo<\/h2>\n<p><span class=\"AnswerParser_TextContainer__z_Iiv\" data-testid=\"youchat-text\">Uporaba bralnika NFC ACR1581U je enostavna:<\/span><\/p>\n<ol class=\"AnswerParser_AnswerParserOrderedList__kl_2Y\">\n<li class=\"AnswerParser_ListItem__XqLOV\" translate=\"yes\"><strong>Pove\u017eite napravo<\/strong>: Priklju\u010dite bralnik v ra\u010dunalnik ali zdru\u017eljivo napravo prek povezave USB.<\/li>\n<li class=\"AnswerParser_ListItem__XqLOV\" translate=\"yes\"><strong>Namestite potrebno programsko opremo<\/strong>: Glede na va\u0161o aplikacijo boste morda morali namestiti posebno programsko opremo ali gonilnike. ACR1581U je zdru\u017eljiv z razli\u010dnimi operacijskimi sistemi, vklju\u010dno z Windows, Linux, macOS, Android\u2122 in iOS\/iPadOS (16 ali novej\u0161i).<\/li>\n<li class=\"AnswerParser_ListItem__XqLOV\" translate=\"yes\"><strong>Za\u010dnite brati in pisati<\/strong>: Ko je naprava povezana in name\u0161\u010dena programska oprema, lahko za\u010dnete brati in zapisovati podatke na pametne kartice in oznake NFC. Uporabniku prijazen vmesnik in povratni mehanizmi omogo\u010dajo hiter in u\u010dinkovit ta postopek.<\/li>\n<\/ol>\n<h2 class=\"AnswerParser_AnswerParserH2__SIHnF\">Vpliv na okolje in skladnost<\/h2>\n<p><span class=\"AnswerParser_TextContainer__z_Iiv\" data-testid=\"youchat-text\">Bralnik pametnih kartic ACR1581U je zasnovan z mislijo na trajnost. Skladen je z razli\u010dnimi okoljskimi standardi, vklju\u010dno z RoHS in WEEE, kar zagotavlja, da izpolnjuje globalne cilje trajnosti. Z uporabo u\u010dinkovitega upravljanja z energijo in materialov, ki jih je mogo\u010de reciklirati, ACR1581U zmanj\u0161a svoj okoljski odtis.<\/span><\/p>\n<h2 class=\"AnswerParser_AnswerParserH2__SIHnF\">Ocene in ocene strank<\/h2>\n<p><span class=\"AnswerParser_TextContainer__z_Iiv\" data-testid=\"youchat-text\">ACR1581U je prejel pozitivne povratne informacije uporabnikov iz razli\u010dnih sektorjev. Kupci cenijo njegovo zanesljivost, enostavnost uporabe in vsestranskost. Tukaj je nekaj poudarkov iz ocen in pregledov:<\/span><\/p>\n<ul class=\"AnswerParser_AnswerParserUnorderedList__P_1FW\">\n<li class=\"AnswerParser_ListItem__XqLOV\" translate=\"yes\"><strong>Uporabniku prijazen<\/strong>: \u0160tevilni uporabniki so ugotovili, kako enostavno je nastaviti in za\u010deti uporabljati napravo.<\/li>\n<li class=\"AnswerParser_ListItem__XqLOV\" translate=\"yes\"><strong>Vsestranski<\/strong>: Stranke obo\u017eujejo mo\u017enost dela z razli\u010dnimi pametnimi karticami in oznakami NFC, zaradi \u010desar je primeren za razli\u010dne aplikacije.<\/li>\n<li class=\"AnswerParser_ListItem__XqLOV\" translate=\"yes\"><strong>Zanesljivo delovanje<\/strong>: Uporabniki pogosto omenjajo, da ACR1581U dosledno zagotavlja hitro in u\u010dinkovito delovanje.<\/li>\n<\/ul>\n<h2 class=\"AnswerParser_AnswerParserH2__SIHnF\">Pogosto zastavljena vpra\u0161anja (FAQ)<\/h2>\n<p><span class=\"AnswerParser_TextContainer__z_Iiv\" data-testid=\"youchat-text\"><strong>V1: Katere vrste kartic lahko bere ACR1581U?<\/strong><br \/>\nA1: ACR1581U lahko bere razli\u010dne pametne kartice, vklju\u010dno s standardi ISO 7816, ISO 14443 Type A &amp; B, MIFARE\u00ae in FeliCa.<\/span><\/p>\n<p><span class=\"AnswerParser_TextContainer__z_Iiv\" data-testid=\"youchat-text\"><strong>V2: Ali je ACR1581U zdru\u017eljiv z mobilnimi napravami?<\/strong><br \/>\nA2: Da, ACR1581U je zdru\u017eljiv z napravami Android\u2122 in iOS\/iPadOS, zaradi \u010desar je vsestranski za mobilne aplikacije.<\/span><\/p>\n<p><span class=\"AnswerParser_TextContainer__z_Iiv\" data-testid=\"youchat-text\"><strong>V3: Ali lahko nadgradim vdelano programsko opremo ACR1581U?<\/strong><br \/>\nA3: Da, ACR1581U podpira nadgradnje vdelane programske opreme, da zagotovi optimalno delovanje in zdru\u017eljivost z novimi standardi.<\/span><\/p>\n<h2 class=\"AnswerParser_AnswerParserH2__SIHnF\">Zakaj izbrati bralnik NFC ACR1581U?<\/h2>\n<p><span class=\"AnswerParser_TextContainer__z_Iiv\" data-testid=\"youchat-text\">\u010citalnik pametnih kartic ACR1581U izstopa kot izjemen izdelek na podro\u010dju brezkontaktne tehnologije. Zaradi kombinacije zmo\u017enosti dvojnega vmesnika, obse\u017ene zdru\u017eljivosti z razli\u010dnimi pametnimi karticami in enostavne uporabe je neprecenljiva prednost za podjetja in razvijalce, ki \u017eelijo izkoristiti tehnologijo NFC. Ne glede na to, ali \u017eelite izbolj\u0161ati obdelavo pla\u010dil, poenostaviti nadzor dostopa ali uvesti inovacije z aplikacijami NFC, je ACR1581U odli\u010dna izbira.<\/span><span class=\"AnswerParser_TextContainer__z_Iiv\" data-testid=\"youchat-text\">Nalo\u017eba v ACR1581U pomeni, da se opremite z visokokakovostnim, zanesljivim bralnikom pametnih kartic, ki se lahko prilagodi va\u0161im potrebam. Izkusite mo\u017enosti, ki jih je to napredovalo\u00a0<strong>bralnik pametnih kartic<\/strong>\u00a0ponuja in spremenite svoje interakcije NFC \u0161e danes!<\/span><\/p>\n<hr \/>\n<p><span class=\"AnswerParser_TextContainer__z_Iiv\" data-testid=\"youchat-text\">Z izbiro ACR1581U ne izbolj\u0161ate samo svoje operativne u\u010dinkovitosti, ampak tudi zagotovite, da ste opremljeni z napravo, ki je skladna z najnovej\u0161imi standardi in tehnologijami. Ne zamudite prilo\u017enosti, da nadgradite svojo NFC izku\u0161njo \u2013 razmislite o ACR1581U za va\u0161 naslednji projekt!<\/span><\/p>","protected":false},"excerpt":{"rendered":"<p>ACR1581U je bralnik pametnih kartic, ki podpira NFC in ISO\/IEC 15693, 14443.<\/p>","protected":false},"featured_media":3289,"template":"","meta":[],"product_brand":[],"product_cat":[45,39,40],"product_tag":[],"class_list":{"0":"post-3288","1":"product","2":"type-product","3":"status-publish","4":"has-post-thumbnail","6":"product_cat-contactless-nfc-reader","7":"product_cat-usb-ic-smartcard-reader","8":"product_cat-rfid-nfc-reader","10":"first","11":"instock","12":"shipping-taxable","13":"product-type-simple"},"_links":{"self":[{"href":"https:\/\/nfc-readers.com\/sl\/wp-json\/wp\/v2\/product\/3288","targetHints":{"allow":["GET"]}}],"collection":[{"href":"https:\/\/nfc-readers.com\/sl\/wp-json\/wp\/v2\/product"}],"about":[{"href":"https:\/\/nfc-readers.com\/sl\/wp-json\/wp\/v2\/types\/product"}],"wp:featuredmedia":[{"embeddable":true,"href":"https:\/\/nfc-readers.com\/sl\/wp-json\/wp\/v2\/media\/3289"}],"wp:attachment":[{"href":"https:\/\/nfc-readers.com\/sl\/wp-json\/wp\/v2\/media?parent=3288"}],"wp:term":[{"taxonomy":"product_brand","embeddable":true,"href":"https:\/\/nfc-readers.com\/sl\/wp-json\/wp\/v2\/product_brand?post=3288"},{"taxonomy":"product_cat","embeddable":true,"href":"https:\/\/nfc-readers.com\/sl\/wp-json\/wp\/v2\/product_cat?post=3288"},{"taxonomy":"product_tag","embeddable":true,"href":"https:\/\/nfc-readers.com\/sl\/wp-json\/wp\/v2\/product_tag?post=3288"}],"curies":[{"name":"wp","href":"https:\/\/api.w.org\/{rel}","templated":true}]}}