{"id":3296,"date":"2024-11-01T05:02:29","date_gmt":"2024-11-01T05:02:29","guid":{"rendered":"https:\/\/nfc-readers.com\/?post_type=product&#038;p=3296"},"modified":"2024-11-01T05:02:30","modified_gmt":"2024-11-01T05:02:30","slug":"aes-128-encryption-algorithm-nfc-forum-4-dia-30mm-nfc-tag","status":"publish","type":"product","link":"https:\/\/nfc-readers.com\/sl\/ic-reader\/aes-128-encryption-algorithm-nfc-forum-4-dia-30mm-nfc-tag\/","title":{"rendered":"AES 128 \u0161ifrirni algoritem NFC Forum 4 Dia 30mm NFC Tag"},"content":{"rendered":"<h1 style=\"text-align: center;\"><strong>AES 128 \u0161ifrirni algoritem NFC Forum 4 Dia 30mm NFC Tag<\/strong><\/h1>\n<p>&nbsp;<\/p>\n<p>The <strong>Algoritem za \u0161ifriranje AES 128 NFC Forum 4 Dia 30mm NFC Tag<\/strong>\u00a0je vsestranska in varna re\u0161itev za razli\u010dne aplikacije, ki zahtevajo zanesljivo podatkovno komunikacijo in varnost. Ta oznaka NFC, izdelana z najsodobnej\u0161o tehnologijo, vklju\u010duje napredni \u010dip DNA NTAG 424, ki zagotavlja najvi\u0161jo raven za\u0161\u010dite podatkov prek \u0161ifriranega UID-ja AES 128, zaradi \u010desar je idealna izbira za podjetja in osebno uporabo. V tem iz\u010drpnem opisu izdelka se bomo poglobili v njegove funkcije, prednosti in prakti\u010dne uporabe ter poudarili, zakaj je to vredna nalo\u017eba za va\u0161e potrebe NFC.<\/p>\n<p>&nbsp;<\/p>\n<h3><strong>Zakaj kupiti \u0161ifrirno NFC oznako AES 128?<\/strong><\/h3>\n<p>Oznaka NFC Forum 4, opremljena s \u0161ifriranjem AES 128, ponuja neprekosljivo varnost in funkcionalnost v kompaktni obliki. Zaradi lastnosti, ki so odporne na vodo in vremenske vplive, je odporen za uporabo na prostem, kar zagotavlja, da ga lahko nana\u0161ate na razli\u010dne povr\u0161ine, vklju\u010dno s kovino. Zasnovan za inovativne uporabe, od <strong>povezovanje wifi<\/strong>\u00a0do\u00a0<strong>integracije plakatnih kartic<\/strong>, ta oznaka NFC zagotavlja varno metodo za enostaven prenos podatkov. Poleg tega je njegova zdru\u017eljivost z\u00a0<strong>Mobilne naprave, ki podpirajo NFC<\/strong>\u00a0poenostavlja uporabni\u0161ko izku\u0161njo in omogo\u010da enostaven dostop do informacij s samo enim dotikom.<\/p>\n<p>&nbsp;<\/p>\n<h3><strong>Posebne lastnosti \u0161ifrirne oznake AES 128 NFC<\/strong><\/h3>\n<p>&nbsp;<\/p>\n<p>The\u00a0<strong>\u0160ifriranje AES 128 NFC oznaka<\/strong>\u00a0je poln funkcij, ki pove\u010dujejo njegovo funkcionalnost in zanesljivost v razli\u010dnih okoljih:<\/p>\n<ul>\n<li><strong>Vodoodporen\/odporen na vremenske vplive:<\/strong>\u00a0To zagotavlja vzdr\u017eljivost in zmogljivost v notranjih in zunanjih okoljih ter ga \u0161\u010diti pred vlago in prahom.<\/li>\n<li><strong>Vidno od posega:<\/strong>\u00a0Oznaka vklju\u010duje funkcije, ki ozna\u010dujejo, ali je bila vanjo spremenjena, kar zagotavlja dodatno raven varnosti pred nepoobla\u0161\u010denim dostopom.<\/li>\n<\/ul>\n<p>Zaradi svoje edinstvene kombinacije funkcij je najprimernej\u0161a izbira za podjetja, ki \u017eelijo izbolj\u0161ati varnostne ukrepe ali poenostaviti svoje poslovanje.<\/p>\n<p>&nbsp;<\/p>\n<table class=\"preview\" style=\"height: 271px;\" width=\"529\">\n<thead>\n<tr>\n<th>Specifikacija<\/th>\n<th>Podrobnosti<\/th>\n<\/tr>\n<\/thead>\n<tbody>\n<tr>\n<td>\u0160tevilka modela<\/td>\n<td>SX-T424DNA<\/td>\n<\/tr>\n<tr>\n<td>\u010dip<\/td>\n<td>NTAG 424 DNK<\/td>\n<\/tr>\n<tr>\n<td>Velikost<\/td>\n<td>Premer 30 mm<\/td>\n<\/tr>\n<tr>\n<td>Kapacitivnost<\/td>\n<td>50 PF<\/td>\n<\/tr>\n<tr>\n<td>Hitrost prenosa<\/td>\n<td>848 Kbit\/s<\/td>\n<\/tr>\n<tr>\n<td>Protokol<\/td>\n<td>ISO\/IEC 14443-A<\/td>\n<\/tr>\n<tr>\n<td>Vrsta oznake<\/td>\n<td>NFC Forum 4<\/td>\n<\/tr>\n<tr>\n<td>Povr\u0161inska obdelava<\/td>\n<td>Sijajni\/matirani<\/td>\n<\/tr>\n<tr>\n<td>Pakiranje<\/td>\n<td>1000-5000 kosov\/<\/td>\n<\/tr>\n<\/tbody>\n<\/table>\n<h3><\/h3>\n<h3><strong>Pogosta vpra\u0161anja o oznaki NFC<\/strong><\/h3>\n<h3>1.\u00a0<strong>Kaj je oznaka NFC?<\/strong><\/h3>\n<p>Oznaka NFC (Near Field Communication) je majhen \u010dip, ki omogo\u010da brez\u017ei\u010dno komunikacijo med napravami, ko so v neposredni bli\u017eini. Obi\u010dajno se uporablja za izmenjavo podatkov, brezsti\u010dno pla\u010devanje in razli\u010dne aplikacije v tr\u017eenju in izmenjavi informacij.<\/p>\n<h3>2.\u00a0<strong>Kako \u0161ifriranje AES 128 pove\u010da varnost?<\/strong><\/h3>\n<p>\u0160ifriranje AES 128 doda plast varnosti s kodiranjem podatkov, shranjenih na oznaki NFC. To pomeni, da tudi \u010de nekomu uspe prebrati podatke, jih brez ustreznega klju\u010da za de\u0161ifriranje ne bo mogel razumeti, s \u010dimer so ob\u010dutljivi podatki za\u0161\u010diteni pred nepoobla\u0161\u010denim dostopom.<\/p>\n<h3>3.\u00a0<strong>Ali se lahko ta oznaka NFC uporablja na kovinskih povr\u0161inah?<\/strong><\/h3>\n<p>Da, \u0161ifrirna NFC oznaka AES 128 je posebej zasnovana za vsestranskost in jo je mogo\u010de nanesti tako na kovinske povr\u0161ine kot tudi na druge materiale. Zaradi tega je idealen za razli\u010dne aplikacije, vklju\u010dno z ozna\u010devanjem izdelkov in industrijsko uporabo.<\/p>\n<h3>4.\u00a0<strong>Katere naprave so zdru\u017eljive z oznakami NFC?<\/strong><\/h3>\n<p>Ve\u010dina sodobnih pametnih telefonov in tablic, ki podpirajo tehnologijo NFC, je zdru\u017eljiva s to oznako. Uporabniki lahko preprosto preberejo shranjene podatke tako, da preprosto dotaknejo svojo napravo ob oznako NFC.<\/p>\n<h3>5.\u00a0<strong>Ali je mogo\u010de to oznako prepisati?<\/strong><\/h3>\n<p>Da, oznaka NFC \u0161ifriranja AES 128 je prepisljiva, kar vam omogo\u010da spreminjanje shranjenih podatkov po potrebi. Ta funkcija je \u0161e posebej uporabna za podjetja, ki potrebujejo prilagodljivost pri posodabljanju informacij.<\/p>","protected":false},"excerpt":{"rendered":"<p>Oznaka AES 128 Encryption NFC Forum 4, ki meri v premer 30 mm, ponuja robustno varnost za prenos podatkov. Idealen za razli\u010dne aplikacije, zagotavlja brezhibne in zanesljive interakcije NFC.<\/p>","protected":false},"featured_media":3297,"template":"","meta":[],"product_brand":[],"product_cat":[47],"product_tag":[],"class_list":{"0":"post-3296","1":"product","2":"type-product","3":"status-publish","4":"has-post-thumbnail","6":"product_cat-nfc-tags","8":"first","9":"instock","10":"shipping-taxable","11":"product-type-simple"},"_links":{"self":[{"href":"https:\/\/nfc-readers.com\/sl\/wp-json\/wp\/v2\/product\/3296","targetHints":{"allow":["GET"]}}],"collection":[{"href":"https:\/\/nfc-readers.com\/sl\/wp-json\/wp\/v2\/product"}],"about":[{"href":"https:\/\/nfc-readers.com\/sl\/wp-json\/wp\/v2\/types\/product"}],"wp:featuredmedia":[{"embeddable":true,"href":"https:\/\/nfc-readers.com\/sl\/wp-json\/wp\/v2\/media\/3297"}],"wp:attachment":[{"href":"https:\/\/nfc-readers.com\/sl\/wp-json\/wp\/v2\/media?parent=3296"}],"wp:term":[{"taxonomy":"product_brand","embeddable":true,"href":"https:\/\/nfc-readers.com\/sl\/wp-json\/wp\/v2\/product_brand?post=3296"},{"taxonomy":"product_cat","embeddable":true,"href":"https:\/\/nfc-readers.com\/sl\/wp-json\/wp\/v2\/product_cat?post=3296"},{"taxonomy":"product_tag","embeddable":true,"href":"https:\/\/nfc-readers.com\/sl\/wp-json\/wp\/v2\/product_tag?post=3296"}],"curies":[{"name":"wp","href":"https:\/\/api.w.org\/{rel}","templated":true}]}}