{"id":3303,"date":"2024-11-01T05:12:29","date_gmt":"2024-11-01T05:12:29","guid":{"rendered":"https:\/\/nfc-readers.com\/?post_type=product&#038;p=3303"},"modified":"2024-11-01T05:12:29","modified_gmt":"2024-11-01T05:12:29","slug":"dia-30mm-ntag-424-dna-nfc-sticker-tamper-proof-high-security-2","status":"publish","type":"product","link":"https:\/\/nfc-readers.com\/sl\/ic-reader\/dia-30mm-ntag-424-dna-nfc-sticker-tamper-proof-high-security-2\/","title":{"rendered":"Premer 30 mm NTAG 424 DNA NFC nalepka Visoka varnost, za\u0161\u010ditena pred posegi"},"content":{"rendered":"<h1 style=\"text-align: center;\"><strong>Premer 30 mm NTAG 424 DNA NFC nalepka Visoka varnost, za\u0161\u010ditena pred posegi<\/strong><\/h1>\n<p>&nbsp;<\/p>\n<p>Izbolj\u0161ajte pristnost svojega izdelka z inovativnostjo\u00a0<strong>Premer 30 mm NTAG 424 DNA NFC nalepka<\/strong>. Ta vrhunski izdelek zdru\u017euje visoko varnost in uporabniku prijazne funkcije, zaradi \u010desar je nepogre\u0161ljivo orodje za sledljivost proti ponarejanju rde\u010dega vina in ve\u010d. S svojimi zmo\u017enostmi za\u0161\u010dite pred posegi, vodotesno zasnovo in varnim komunikacijskim vmesnikom je ta nalepka NFC bistvena za blagovne znamke, ki \u017eelijo za\u0161\u010dititi svoje izdelke in zagotoviti zaupanje strank.<\/p>\n<h3><\/h3>\n<p>&nbsp;<\/p>\n<p>Vse ve\u010dje potrebe po preverjanju izdelkov na dana\u0161njem trgu ni mogo\u010de preceniti. Z nara\u0161\u010dajo\u010dimi primeri ponarejanja, zlasti dragocenih izdelkov, kot je rde\u010de vino, je zagotavljanje integritete va\u0161e blagovne znamke najpomembnej\u0161e. Nalepka NTAG 424 DNA NFC ponuja neverjetne za\u0161\u010ditne ukrepe pred posegi in nepoobla\u0161\u010denim dostopom ter se pona\u0161a s funkcijami, ki jih podpirajo najsodobnej\u0161i varnostni protokoli. Z vlaganjem v te nalepke NFC za\u0161\u010ditite svoj izdelek, izbolj\u0161ate uporabni\u0161ko izku\u0161njo in pove\u010date zvestobo blagovni znamki.<\/p>\n<p>&nbsp;<\/p>\n<h3><strong>Pregled in specifikacije izdelka<\/strong><\/h3>\n<p>The\u00a0<strong>Premer 30 mm NTAG 424 DNA NFC nalepka<\/strong>\u00a0je zasnovan za vrhunsko zmogljivost, saj zdru\u017euje visokovarnostni \u010dip z ve\u010dnamenskimi zmogljivostmi. Ustvarjeno iz trpe\u017enega\u00a0<strong>PET material<\/strong>, ta nalepka ni zasnovana samo za dolgotrajno uporabo, temve\u010d tudi za prena\u0161anje razli\u010dnih okoljskih pogojev. Spodaj so kriti\u010dne specifikacije, ki jih je treba upo\u0161tevati:<\/p>\n<ul>\n<li><strong>Model \u010dipa<\/strong>: NTAG 424 DNK<\/li>\n<li><strong>Velikost<\/strong>: Premer 30 mm<\/li>\n<li><strong>Spomin<\/strong>: 416 bajtov<\/li>\n<li><strong>Pogostost<\/strong>frekvenca: 13,56 MHz<\/li>\n<li><strong>Vrsta foruma NFC<\/strong>: Vrsta 4<\/li>\n<li><strong>Varnostni protokol<\/strong>: 128-bitni AES, LRP<\/li>\n<li><strong>Klju\u010di za dostop<\/strong>: 5 x 128-bit<\/li>\n<li><strong>Napi\u0161i Vzdr\u017eljivost<\/strong>: 200.000 ciklov<\/li>\n<li><strong>Material<\/strong>: PET (vodoodporen\/odporen na vremenske vplive)<\/li>\n<li><strong>Kraj izvora<\/strong>: Guangdong, Kitajska<\/li>\n<\/ul>\n<p>Te specifikacije ka\u017eejo, da je ta nalepka NFC zasnovana za visoko zmogljivost in zanesljivost, kar je idealno za aplikacije, ki potrebujejo stalno interakcijo in varnost podatkov.<\/p>\n<p>&nbsp;<\/p>\n<p>&nbsp;<\/p>\n<h3><strong>Klju\u010dne zna\u010dilnosti NTAG 424 DNA NFC nalepke<\/strong><\/h3>\n<p>&nbsp;<\/p>\n<p>The\u00a0<strong>NFC nalepka<\/strong>\u00a0integrira nekatere\u00a0<strong>posebnosti<\/strong>\u00a0ki izbolj\u0161a njegovo splo\u0161no delovanje. Tukaj je nekaj izjemnih lastnosti:<\/p>\n<ul>\n<li><strong>Vodotesen in odporen na vremenske vplive<\/strong>: Ta nalepka NFC je zasnovana tako, da vzdr\u017ei razli\u010dne okoljske pogoje, zaradi \u010desar je primerna za uporabo v zaprtih prostorih in na prostem. Ne glede na to, ali gre za brizganje vode ali izpostavljenost son\u010dni svetlobi\u00a0<strong>NTAG 424 DNA NFC nalepka<\/strong>\u00a0ostane funkcionalen in nedotaknjen.<\/li>\n<li><strong>Visoko zmogljiva komunikacija<\/strong>: Deluje s frekvenco\u00a0<strong>13,56 MHz<\/strong>, ta nalepka NFC omogo\u010da hitro komunikacijo z\u00a0<strong>Pametni telefoni, ki podpirajo NFC<\/strong>\u00a0in naprave. Tak\u0161na brezhibna interakcija zagotavlja u\u010dinkovit in hiter dostop do informacij, ko je nalepka skenirana.<\/li>\n<li><strong>Tehnologija za\u0161\u010dite pred posegi<\/strong>: Sposobnost nalepke, da deluje kot pe\u010dat, ki prepre\u010duje posege, zagotavlja brezskrbnost. \u010ce kdorkoli posku\u0161a dostopati do informacij brez ustreznega dovoljenja, nalepka signalizira poseg in tako za\u0161\u010diti celovitost va\u0161ega izdelka.<\/li>\n<\/ul>\n<p>Zaradi te kombinacije funkcij je nalepka NTAG 424 DNA NFC dragocena prednost za podjetja, ki vlagajo v za\u0161\u010dito in preverjanje svojih izdelkov.<\/p>\n<p>&nbsp;<\/p>\n<h3><strong>Pogosta vpra\u0161anja: pogosta vpra\u0161anja o nalepki NFC DNA NTAG 424 premera 30 mm<\/strong><\/h3>\n<h3>1.\u00a0<strong>Za kaj se uporablja dia 30 mm NTAG 424 DNA NFC nalepka?<\/strong><\/h3>\n<p>Nalepka NTAG 424 DNA NFC se uporablja predvsem za preverjanje pristnosti izdelkov in prepre\u010devanje ponarejanja, zlasti pri dragocenih predmetih, kot je rde\u010de vino. Prav tako lahko slu\u017ei razli\u010dnim aplikacijam v sektorjih, kot so trgovina na drobno, logistika in upravljanje zalog, tako da omogo\u010da enostaven dostop do digitalne vsebine, \u010de jo skenirate s pametnim telefonom, ki podpira NFC.<\/p>\n<h3>2.\u00a0<strong>Kako uporabljam nalepko NFC?<\/strong><\/h3>\n<p>\u010ce \u017eelite uporabiti nalepko NFC, preprosto odlepite lepilno podlago in jo pritrdite na \u017eeleno povr\u0161ino. Za skeniranje potrebujejo uporabniki pametni telefon ali napravo, ki podpira NFC. \u010ce napravo dr\u017eite blizu nalepke, lahko samodejno dostopate do informacij, ki so v njej shranjene.<\/p>\n<h3>3.\u00a0<strong>Ali je nalepka NTAG 424 DNA NFC vodotesna?<\/strong><\/h3>\n<p>Da, nalepka NTAG 424 DNA NFC je zasnovana tako, da je odporna na vodo in vremenske vplive. Lahko prenese razli\u010dne okoljske pogoje, zaradi \u010desar je primeren tako za notranjo kot zunanjo uporabo.<\/p>\n<h3>4.\u00a0<strong>Kako varni so podatki, shranjeni na nalepki NFC?<\/strong><\/h3>\n<p>Nalepka vsebuje robustne varnostne protokole, vklju\u010dno z 128-bitnim \u0161ifriranjem AES in ve\u010d klju\u010di za dostop (5 x 128-bit). Ta stopnja varnosti pomaga za\u0161\u010dititi podatke pred nepoobla\u0161\u010denim dostopom in zagotavlja, da lahko samo poobla\u0161\u010deni uporabniki pridobijo ali spremenijo podatke, ki so v njih shranjeni.<\/p>\n<h3>5.\u00a0<strong>Ali je mogo\u010de posodobiti podatke na nalepki NFC?<\/strong><\/h3>\n<p>Da, podatke, shranjene na nalepki NTAG 424 DNA NFC, je mogo\u010de posodobiti z napravo, ki podpira NFC. Ta funkcija je \u0161e posebej uporabna za podjetja, ki morajo informacije o izdelku vzdr\u017eevati posodobljene in ustrezne skozi \u010das.<\/p>","protected":false},"excerpt":{"rendered":"<p>The\u00a0<strong>Premer 30 mm NTAG 424 DNA NFC nalepka<\/strong>\u00a0ponuja visoko varnost in funkcije, za\u0161\u010ditene pred posegi, zaradi \u010desar je bistvena re\u0161itev za preverjanje pristnosti izdelkov in za\u0161\u010dito pred ponarejanjem. Ta nalepka NFC, zasnovana za vzdr\u017eljivost in vodoodpornost, zagotavlja zanesljivo za\u0161\u010dito in sledljivost za \u0161iroko paleto aplikacij.<\/p>","protected":false},"featured_media":3304,"template":"","meta":[],"product_brand":[],"product_cat":[48],"product_tag":[],"class_list":{"0":"post-3303","1":"product","2":"type-product","3":"status-publish","4":"has-post-thumbnail","6":"product_cat-nfc-stickers","8":"first","9":"instock","10":"shipping-taxable","11":"product-type-simple"},"_links":{"self":[{"href":"https:\/\/nfc-readers.com\/sl\/wp-json\/wp\/v2\/product\/3303","targetHints":{"allow":["GET"]}}],"collection":[{"href":"https:\/\/nfc-readers.com\/sl\/wp-json\/wp\/v2\/product"}],"about":[{"href":"https:\/\/nfc-readers.com\/sl\/wp-json\/wp\/v2\/types\/product"}],"wp:featuredmedia":[{"embeddable":true,"href":"https:\/\/nfc-readers.com\/sl\/wp-json\/wp\/v2\/media\/3304"}],"wp:attachment":[{"href":"https:\/\/nfc-readers.com\/sl\/wp-json\/wp\/v2\/media?parent=3303"}],"wp:term":[{"taxonomy":"product_brand","embeddable":true,"href":"https:\/\/nfc-readers.com\/sl\/wp-json\/wp\/v2\/product_brand?post=3303"},{"taxonomy":"product_cat","embeddable":true,"href":"https:\/\/nfc-readers.com\/sl\/wp-json\/wp\/v2\/product_cat?post=3303"},{"taxonomy":"product_tag","embeddable":true,"href":"https:\/\/nfc-readers.com\/sl\/wp-json\/wp\/v2\/product_tag?post=3303"}],"curies":[{"name":"wp","href":"https:\/\/api.w.org\/{rel}","templated":true}]}}