{"id":3311,"date":"2024-11-01T05:20:56","date_gmt":"2024-11-01T05:20:56","guid":{"rendered":"https:\/\/nfc-readers.com\/?post_type=product&#038;p=3311"},"modified":"2024-11-01T05:20:57","modified_gmt":"2024-11-01T05:20:57","slug":"iso14443a-ntag-213-215-216-pet-wet-inlay-nfc-tag-dia30mm","status":"publish","type":"product","link":"https:\/\/nfc-readers.com\/sl\/ic-reader\/iso14443a-ntag-213-215-216-pet-wet-inlay-nfc-tag-dia30mm\/","title":{"rendered":"ISO14443A NTAG 213 215 216 PET Wet Inlay NFC Tag Dia30mm"},"content":{"rendered":"<h1 style=\"text-align: center;\"><strong>ISO14443A NTAG 213 215 216 PET Wet Inlay NFC Tag Dia30mm<\/strong><\/h1>\n<p>Odkrijte mo\u010d povezljivosti z na\u0161im\u00a0<strong>ISO14443A NTAG 213 215 216 PET Wet Inlay NFC oznaka<\/strong>. Ta oznaka NFC s premerom 30 mm je zasnovana za poenostavitev komunikacije med napravami pri frekvenci 13,56 Mhz, kar vam omogo\u010da preprosto in hitro izmenjavo podatkov. Te oznake so idealne za razli\u010dne aplikacije in so polne prednosti, ki pove\u010dujejo uporabnost, vzdr\u017eljivost in vsestranskost. Ne glede na to, ali \u017eelite integrirati tehnologijo NFC v svoje podjetje, ustvariti interaktivne izku\u0161nje ali preprosto potrebujete zanesljivo re\u0161itev NFC, je vredno razmisliti o na\u0161ih oznakah.<\/p>\n<p><strong>Zakaj bi morali kupiti to oznako NFC:<\/strong><\/p>\n<ul>\n<li><strong>Vzdr\u017eljivost:<\/strong>\u00a0Vsaka oznaka NFC je izdelana iz visokokakovostnega materiala PET, kar zagotavlja, da je odporna na okoljske izzive, kot sta vlaga in temperaturna nihanja.<\/li>\n<li><strong>Zmogljivost prepisovanja:<\/strong>\u00a0S \u010dipi, ki so na voljo v razli\u010dicah NTAG 213, 215 in 216, te oznake ponujajo razli\u010dne pomnilni\u0161ke kapacitete (144\/504\/888 bajtov), kar vam omogo\u010da shranjevanje razli\u010dnih tipov podatkov ali spreminjanje informacij po potrebi.<\/li>\n<li><strong>Enostavna integracija:<\/strong>\u00a0Oznake NFC brezhibno delujejo z vsemi napravami, ki podpirajo NFC, vklju\u010dno s pametnimi telefoni in bralniki NFC, zaradi \u010desar so idealne za tr\u017eenje, pametne vizitke in interaktivne informacije o izdelkih.<\/li>\n<\/ul>\n<h2>Oris izdelka<\/h2>\n<h3>1. Zna\u010dilnosti oznak ISO14443A NTAG 213 215 216 PET NFC<\/h3>\n<p>The\u00a0<strong>Oznake NFC NTAG ISO14443A<\/strong>\u00a0so opremljeni s funkcijami, zasnovanimi za u\u010dinkovitost v razli\u010dnih aplikacijah. te\u00a0<strong>NFC nalepke<\/strong>\u00a0uporabljajo komunikacijski vmesnik, ki zagotavlja hitro in u\u010dinkovito izmenjavo podatkov. Te oznake so izbolj\u0161ane z vodoodpornimi in vremensko odpornimi zmogljivostmi, zato jih je mogo\u010de namestiti v notranjih in zunanjih okoljih brez skrbi za po\u0161kodbe. Njihova kompaktna velikost (premer 30 mm) omogo\u010da enostavno namestitev na najrazli\u010dnej\u0161e povr\u0161ine.<\/p>\n<h3>2. Tehnologija za komunikacijo NFC<\/h3>\n<p>Razumevanje tehnologije, ki stoji za NFC, je bistvenega pomena za cenitev prednosti teh oznak. Deluje s frekvenco\u00a0<strong>13,56 MHz<\/strong>, tehnologija NFC omogo\u010da izmenjavo podatkov med napravami v kratkem dosegu, obi\u010dajno 4 cm ali manj. Zaradi tega kratkega dosega so oznake NFC idealne za varne transakcije, elektronske vizitke in digitalne marketin\u0161ke kampanje.<\/p>\n<h3>3. Razlo\u017eene razli\u010dice pomnilnika: NTAG 213, 215 in 216<\/h3>\n<p>Vsaka razli\u010dica \u010dipa ima razli\u010dne pomnilni\u0161ke zmogljivosti in funkcije. The\u00a0<strong>NTAG 213<\/strong>\u00a0ponuja 144 bajtov, zaradi \u010desar je popoln za majhne URL-je ali preproste identifikatorje. The\u00a0<strong>NTAG 215<\/strong>\u00a0ponuja 504 bajtov, primernih za kompleksnej\u0161e podatke, kot so vizitke ali podrobnosti o izdelku. Nazadnje,\u00a0<strong>NTAG 216<\/strong>\u00a0pona\u0161a se z 888 bajti, ki lahko shranijo \u0161e ve\u010dje nabore podatkov za napredne aplikacije. Izbira prave oznake je odvisna od va\u0161ih posebnih potreb in \u017eelenega shranjevanja podatkov.<\/p>\n<h3>4. Uporaba oznak NFC v vsakdanjem \u017eivljenju<\/h3>\n<p>NFC oznake imajo v sodobnem svetu \u0161tevilne aplikacije. Od brezsti\u010dnih pla\u010dil in mobilnih vstopnic do interaktivnega ogla\u0161evanja in upravljanja dogodkov, te oznake spreminjajo na\u0161o interakcijo s tehnologijo. Za podjetja lahko uporaba oznak NFC za izmenjavo informacij o izdelkih ali promocijah pove\u010da sodelovanje strank in pove\u010da prodajo.<\/p>\n<h3>5. Vpliv na okolje in trajnost<\/h3>\n<p>Ko se premikamo proti bolj digitalno povezanemu svetu, je razumevanje vpliva na\u0161ih odlo\u010ditev na okolje klju\u010dnega pomena. Na\u0161e oznake NFC so izdelane iz trajnostnih materialov in zasnovane za dolgotrajno uporabo, kar prispeva k zmanj\u0161anju elektronskega odpada. Z uporabo tehnologije NFC lahko podjetja tudi zmanj\u0161ajo porabo papirja in spodbujajo okolju prijazne prakse pri tr\u017eenju in izmenjavi informacij.<\/p>\n<h3>Tehni\u010dne specifikacije<\/h3>\n<table class=\"w-fit !mb-0 !max-w-none\" style=\"height: 297px;\" width=\"424\">\n<thead>\n<tr>\n<th><strong>Specifikacija<\/strong><\/th>\n<th><strong>Podrobnosti<\/strong><\/th>\n<\/tr>\n<\/thead>\n<tbody>\n<tr>\n<td><strong>Material<\/strong><\/td>\n<td>PET<\/td>\n<\/tr>\n<tr>\n<td><strong>Velikost<\/strong><\/td>\n<td>Premer 30 mm\/po meri<\/td>\n<\/tr>\n<tr>\n<td><strong>Pogostost<\/strong><\/td>\n<td>13,56 MHz<\/td>\n<\/tr>\n<tr>\n<td><strong>Komunikacijski vmesnik<\/strong><\/td>\n<td>NFC<\/td>\n<\/tr>\n<tr>\n<td><strong>Vrste \u010dipov<\/strong><\/td>\n<td>NTAG 213, NTAG 215, NTAG 216<\/td>\n<\/tr>\n<tr>\n<td><strong>Mo\u017enosti pomnilnika<\/strong><\/td>\n<td>144\/504\/888 bajtov<\/td>\n<\/tr>\n<tr>\n<td><strong>Protokol<\/strong><\/td>\n<td>ISO14443A<\/td>\n<\/tr>\n<tr>\n<td><strong>Podrobnosti pakiranja<\/strong><\/td>\n<td>100 kosov\/vre\u010dko; 5000 kosov\/\u0161katlo<\/td>\n<\/tr>\n<tr>\n<td><strong>Pristani\u0161\u010de izvora<\/strong><\/td>\n<td>Shenzhen, Kitajska<\/td>\n<\/tr>\n<tr>\n<td><strong>Zmo\u017enost dobave<\/strong><\/td>\n<td>5.000.000 kosov\/mesec<\/td>\n<\/tr>\n<\/tbody>\n<\/table>\n<h1>Pogosto zastavljena vpra\u0161anja (FAQ) o oznakah ISO14443A NTAG NFC<\/h1>\n<h3>1.\u00a0<strong>Kaj so oznake NFC in kako delujejo?<\/strong><\/h3>\n<p>Oznake NFC (Near Field Communication) so majhne naprave, ki shranjujejo podatke, do katerih lahko dostopajo naprave, ki podpirajo NFC (kot so pametni telefoni), tako da jih preprosto dotaknete. Uporabljajo elektromagnetne valove za prenos podatkov na kratke razdalje, obi\u010dajno 4 cm ali manj.<\/p>\n<h3>2.\u00a0<strong>Katere vrste oznak NFC so na voljo?<\/strong><\/h3>\n<p>Na\u0161e oznake NFC so na voljo v razli\u010dnih vrstah, vklju\u010dno z:<\/p>\n<ul>\n<li><strong>NTAG 213:<\/strong>\u00a0144 bajtov pomnilnika, idealno za preproste podatke, kot so URL-ji.<\/li>\n<li><strong>NTAG 215:<\/strong>\u00a0504 bajtov pomnilnika, primernega za kompleksnej\u0161e podatke, kot so vizitke.<\/li>\n<li><strong>NTAG 216:<\/strong>\u00a0888 bajtov pomnilnika, kot nala\u0161\u010d za napredne aplikacije, ki zahtevajo ve\u010dje nabore podatkov.<\/li>\n<\/ul>\n<h3>3.\u00a0<strong>Ali so oznake NFC vodotesne?<\/strong><\/h3>\n<p>Da, na\u0161e oznake NFC so zasnovane tako, da so odporne na vodo in vremenske vplive, zaradi \u010desar so primerne za notranjo in zunanjo uporabo, tudi v zahtevnih vremenskih razmerah.<\/p>\n<h3>4.\u00a0<strong>Ali je mogo\u010de oznake NFC prepisati?<\/strong><\/h3>\n<p>Vsekakor! Te oznake NFC je mogo\u010de prepisati, kar vam omogo\u010da, da po potrebi spremenite shranjene podatke. Ta funkcija je \u0161e posebej uporabna za za\u010dasne akcije ali projekte, ki zahtevajo pogoste posodobitve.<\/p>\n<h3>5.\u00a0<strong>Kako programiram oznako NFC?<\/strong><\/h3>\n<p>Programiranje va\u0161e oznake NFC je preprosto. Uporabite pametni telefon, ki podpira NFC, in aplikacijo za pisanje NFC. Preprosto odprite aplikacijo, izberite podatke, ki jih \u017eelite shraniti (na primer URL, besedilo ali kontaktne informacije), in se s telefonom dotaknite oznake, da zapi\u0161ete podatke.<\/p>\n<p>&nbsp;<\/p>","protected":false},"excerpt":{"rendered":"<p>Oznaka NFC z mokrim vlo\u017ekom ISO14443A NTAG 213\/215\/216 PET (premer 30 mm) je trpe\u017ena, vodotesna re\u0161itev za brezhibno izmenjavo podatkov. Idealen za razli\u010dne aplikacije, od marketinga do pametnih vizitk.<\/p>","protected":false},"featured_media":3312,"template":"","meta":[],"product_brand":[],"product_cat":[47],"product_tag":[],"class_list":{"0":"post-3311","1":"product","2":"type-product","3":"status-publish","4":"has-post-thumbnail","6":"product_cat-nfc-tags","8":"first","9":"instock","10":"shipping-taxable","11":"product-type-simple"},"_links":{"self":[{"href":"https:\/\/nfc-readers.com\/sl\/wp-json\/wp\/v2\/product\/3311","targetHints":{"allow":["GET"]}}],"collection":[{"href":"https:\/\/nfc-readers.com\/sl\/wp-json\/wp\/v2\/product"}],"about":[{"href":"https:\/\/nfc-readers.com\/sl\/wp-json\/wp\/v2\/types\/product"}],"wp:featuredmedia":[{"embeddable":true,"href":"https:\/\/nfc-readers.com\/sl\/wp-json\/wp\/v2\/media\/3312"}],"wp:attachment":[{"href":"https:\/\/nfc-readers.com\/sl\/wp-json\/wp\/v2\/media?parent=3311"}],"wp:term":[{"taxonomy":"product_brand","embeddable":true,"href":"https:\/\/nfc-readers.com\/sl\/wp-json\/wp\/v2\/product_brand?post=3311"},{"taxonomy":"product_cat","embeddable":true,"href":"https:\/\/nfc-readers.com\/sl\/wp-json\/wp\/v2\/product_cat?post=3311"},{"taxonomy":"product_tag","embeddable":true,"href":"https:\/\/nfc-readers.com\/sl\/wp-json\/wp\/v2\/product_tag?post=3311"}],"curies":[{"name":"wp","href":"https:\/\/api.w.org\/{rel}","templated":true}]}}