{"id":3318,"date":"2024-11-01T05:29:10","date_gmt":"2024-11-01T05:29:10","guid":{"rendered":"https:\/\/nfc-readers.com\/?post_type=product&#038;p=3318"},"modified":"2024-11-01T05:29:20","modified_gmt":"2024-11-01T05:29:20","slug":"iso15693-icode-custom-size-pet-wet-dry-inlay-nfc-sticker","status":"publish","type":"product","link":"https:\/\/nfc-readers.com\/sl\/ic-reader\/iso15693-icode-custom-size-pet-wet-dry-inlay-nfc-sticker\/","title":{"rendered":"ISO15693 ICODE nalepka NFC velikosti PET, mokra, suha, po meri"},"content":{"rendered":"<h1 style=\"text-align: center;\"><strong>ISO15693 ICODE nalepka NFC velikosti PET, mokra, suha, po meri<\/strong><\/h1>\n<p>&nbsp;<\/p>\n<p>V dana\u0161nji digitalni dobi je integracija tehnologije komunikacije bli\u017enjega polja (NFC) spremenila na\u010din komuniciranja podjetij in interakcije s svojimi strankami. The\u00a0<strong>ISO15693 ICODE nalepka NFC velikosti PET, mokra, suha, po meri<\/strong>\u00a0predstavlja pomemben napredek pri izdelkih NFC, saj ponuja zanesljivo komunikacijo, vsestranske aplikacije in izjemno vzdr\u017eljivost. Ta vsestranska nalepka NFC, zasnovana za razli\u010dne primere uporabe, zagotavlja nemoteno interakcijo med napravami, zaradi \u010desar je bistveno orodje za sodobna podjetja in posameznike.<\/p>\n<p>Z nalepko NFC lahko poenostavite procese, pove\u010date anga\u017eiranost uporabnikov in naredite vsakodnevna opravila u\u010dinkovitej\u0161a. Ne glede na to, ali \u017eelite nadgraditi svoje marketin\u0161ke strategije, izbolj\u0161ati uporabni\u0161ko izku\u0161njo ali poenostaviti transakcije, ta nalepka NFC zagotavlja funkcije in zanesljivost, ki jo potrebujete.<\/p>\n<p>&nbsp;<\/p>\n<h2><strong>Edinstvene lastnosti<\/strong><\/h2>\n<p>Zaradi izstopajo\u010dih lastnosti nalepke ISO15693 ICODE NFC jo morajo imeti podjetja in posamezniki, ki \u017eelijo poenostaviti svoje poslovanje.<\/p>\n<ul>\n<li><strong>Vodoodporen\/odporen na vremenske vplive<\/strong>: Sposobnost, da prenesejo razli\u010dne okoljske pogoje, pomeni, da lahko nalepke NFC uporabljate na prostem ali obmo\u010djih, kjer je lahko prisotna vlaga. Ta funkcija zagotavlja, da nalepka ohrani svojo funkcionalnost brez poslab\u0161anja skozi \u010das.<\/li>\n<li><strong>Velikosti po meri<\/strong>: To nalepko NFC je mogo\u010de izdelati v razli\u010dnih velikostih in oblikah, odvisno od va\u0161ih zahtev, zaradi \u010desar je primerna za razli\u010dne aplikacije \u2013 naj bo to ozna\u010devanje izdelkov, zna\u010dke za nadzor dostopa ali promocijski material.<\/li>\n<\/ul>\n<p>Te edinstvene lastnosti ne samo izbolj\u0161ajo uporabnost, ampak tudi raz\u0161irijo mo\u017enosti za uporabo v ve\u010d panogah.<\/p>\n<p>&nbsp;<\/p>\n<h2><strong>Tehni\u010dne specifikacije<\/strong><\/h2>\n<table class=\"w-fit !mb-0 !max-w-none\" style=\"height: 300px;\" width=\"443\">\n<thead>\n<tr>\n<th>Specifikacija<\/th>\n<th>Podrobnosti<\/th>\n<\/tr>\n<\/thead>\n<tbody>\n<tr>\n<td><strong>Pogostost<\/strong><\/td>\n<td>13,56 MHz<\/td>\n<\/tr>\n<tr>\n<td><strong>Vrste \u010dipov<\/strong><\/td>\n<td>ICODE SLIX \/ SLIX2 \/ SLIXS<\/td>\n<\/tr>\n<tr>\n<td><strong>Spomin<\/strong><\/td>\n<td>Na osnovi \u010dipa<\/td>\n<\/tr>\n<tr>\n<td><strong>Protokol<\/strong><\/td>\n<td>ISO15693<\/td>\n<\/tr>\n<tr>\n<td><strong>Material<\/strong><\/td>\n<td>PET<\/td>\n<\/tr>\n<tr>\n<td><strong>Velikost po meri<\/strong><\/td>\n<td>50*50MM ali po meri<\/td>\n<\/tr>\n<tr>\n<td><strong>Kraj izvora<\/strong><\/td>\n<td>Guangdong, Kitajska<\/td>\n<\/tr>\n<tr>\n<td><strong>Podrobnosti pakiranja<\/strong><\/td>\n<td>100 kosov\/vre\u010dko, 5000 kosov\/\u0161katlo<\/td>\n<\/tr>\n<tr>\n<td><strong>Pristani\u0161\u010de<\/strong><\/td>\n<td>Shenzhen<\/td>\n<\/tr>\n<tr>\n<td><strong>Te\u017ea<\/strong><\/td>\n<td>0,010 kg<\/td>\n<\/tr>\n<\/tbody>\n<\/table>\n<p>Podrobne tehni\u010dne specifikacije zagotavljajo, da izdelek izpolnjuje industrijske standarde, hkrati pa zagotavljajo prilagodljivost za razli\u010dne aplikacije.<\/p>\n<p>&nbsp;<\/p>\n<h2><strong>pogosta vpra\u0161anja<\/strong><\/h2>\n<p>Tukaj je nekaj pogostih vpra\u0161anj o\u00a0<strong>ISO15693 ICODE nalepka NFC velikosti PET, mokra, suha, po meri<\/strong>\u00a0da boste la\u017eje razumeli njegove zmogljivosti in aplikacije:<\/p>\n<h3><strong>1. Katere naprave lahko komunicirajo z nalepko NFC?<\/strong><\/h3>\n<p>Nalepke NFC so zdru\u017eljive z ve\u010dino\u00a0<strong>Pametni telefoni, ki podpirajo NFC<\/strong>, tablice in brezsti\u010dni bralniki. Naprave, ki podpirajo tehnologijo NFC, bodo lahko prebrale informacije, vdelane v nalepko.<\/p>\n<h3><strong>2. Kako obstojna je nalepka NFC?<\/strong><\/h3>\n<p>Nalepka ISO15693 ICODE NFC je narejena iz\u00a0<strong>PET material<\/strong>, zaradi \u010desar je oboje\u00a0<strong>vodotesen in odporen na vremenske vplive<\/strong>. Zasnovan je tako, da prenese razli\u010dne okoljske pogoje, kar zagotavlja zanesljivost in dolgo \u017eivljenjsko dobo v razli\u010dnih okoljih.<\/p>\n<h3><strong>3. Ali lahko prilagodim velikost in obliko nalepke NFC?<\/strong><\/h3>\n<p>ja! Nalepka NFC je lahko izdelana v\u00a0<strong>razli\u010dne velikosti in oblike<\/strong>, kar omogo\u010da prilagajanje va\u0161im specifi\u010dnim potrebam aplikacije. Povpra\u0161ajte o razpolo\u017eljivih mo\u017enostih.<\/p>\n<h3><strong>4. Kak\u0161en je obseg branja nalepke NFC?<\/strong><\/h3>\n<p>Obseg branja za tehnologijo NFC je obi\u010dajno\u00a0<strong>nekaj centimetrov<\/strong>\u00a0(do 10 cm). Delovanje nalepke se lahko razlikuje glede na napravo, uporabljeno za skeniranje, in okoljske dejavnike.<\/p>\n<h3><strong>5. Katere podatke lahko shranim na nalepko NFC?<\/strong><\/h3>\n<p>Na nalepko NFC lahko shranite razli\u010dne vrste informacij, vklju\u010dno z\u00a0<strong>URL-ji, kontaktni podatki, besedilo in majhni binarni podatki<\/strong>\u00a0(obi\u010dajno v okviru omejitev pomnilnika \u010dipa). Z uporabo razli\u010dnih mo\u017enosti \u010dipa (kot je ICODE SLIX) se lahko pomnilnik razlikuje.<\/p>","protected":false},"excerpt":{"rendered":"<p>ISO15693 ICODE prilagojene velikosti PET WET Dry Inlay NFC nalepka je vsestranska in trpe\u017ena re\u0161itev NFC, zasnovana za brezhibno komunikacijo v mokrem in suhem okolju. S prilagodljivimi velikostmi in robustnimi vodoodpornimi funkcijami je idealen za razli\u010dne aplikacije, od marketin\u0161kih promocij do varnega nadzora dostopa.<\/p>","protected":false},"featured_media":3319,"template":"","meta":[],"product_brand":[],"product_cat":[48],"product_tag":[],"class_list":{"0":"post-3318","1":"product","2":"type-product","3":"status-publish","4":"has-post-thumbnail","6":"product_cat-nfc-stickers","8":"first","9":"instock","10":"shipping-taxable","11":"product-type-simple"},"_links":{"self":[{"href":"https:\/\/nfc-readers.com\/sl\/wp-json\/wp\/v2\/product\/3318","targetHints":{"allow":["GET"]}}],"collection":[{"href":"https:\/\/nfc-readers.com\/sl\/wp-json\/wp\/v2\/product"}],"about":[{"href":"https:\/\/nfc-readers.com\/sl\/wp-json\/wp\/v2\/types\/product"}],"wp:featuredmedia":[{"embeddable":true,"href":"https:\/\/nfc-readers.com\/sl\/wp-json\/wp\/v2\/media\/3319"}],"wp:attachment":[{"href":"https:\/\/nfc-readers.com\/sl\/wp-json\/wp\/v2\/media?parent=3318"}],"wp:term":[{"taxonomy":"product_brand","embeddable":true,"href":"https:\/\/nfc-readers.com\/sl\/wp-json\/wp\/v2\/product_brand?post=3318"},{"taxonomy":"product_cat","embeddable":true,"href":"https:\/\/nfc-readers.com\/sl\/wp-json\/wp\/v2\/product_cat?post=3318"},{"taxonomy":"product_tag","embeddable":true,"href":"https:\/\/nfc-readers.com\/sl\/wp-json\/wp\/v2\/product_tag?post=3318"}],"curies":[{"name":"wp","href":"https:\/\/api.w.org\/{rel}","templated":true}]}}