{"id":3325,"date":"2024-11-01T05:35:51","date_gmt":"2024-11-01T05:35:51","guid":{"rendered":"https:\/\/nfc-readers.com\/?post_type=product&#038;p=3325"},"modified":"2024-11-01T05:35:51","modified_gmt":"2024-11-01T05:35:51","slug":"ntag-215-75mm-nfc-epoxy-custom-table-menu-sticker","status":"publish","type":"product","link":"https:\/\/nfc-readers.com\/sl\/ic-reader\/ntag-215-75mm-nfc-epoxy-custom-table-menu-sticker\/","title":{"rendered":"Ntag 215 75 MM NFC epoksi nalepka menija po meri"},"content":{"rendered":"<h1 style=\"text-align: center;\"><strong>Ntag 215 75 MM NFC epoksi nalepka menija po meri<\/strong><\/h1>\n<p>&nbsp;<\/p>\n<p>V nenehno razvijajo\u010di se pokrajini restavracijske tehnologije je\u00a0<strong>Ntag 215 75 MM NFC epoksi nalepka menija po meri<\/strong>\u00a0se pojavlja kot inovativna re\u0161itev za sodobne restavracijske izku\u0161nje. Ta vsestranska nalepka NFC omogo\u010da restavracijam, da predstavijo svoje menije na sve\u017e, privla\u010den na\u010din, hkrati pa izbolj\u0161ajo uporabni\u0161ko izku\u0161njo z mo\u010djo brezsti\u010dne tehnologije. Poslovite se od tradicionalnih papirnatih menijev in pozdravite brezhibno digitalno interakcijo.<\/p>\n<p>&nbsp;<\/p>\n<h3><strong>Prednosti epoksi nalepke Ntag 215 NFC<\/strong><\/h3>\n<p>Nalepka Ntag 215 NFC ni le izdelek; je transformativno orodje za izbolj\u0161anje gostinskih storitev. S svojo vodoodporno funkcijo in mo\u017enostmi prilagajanja ta oznaka NFC izpolnjuje edinstvene potrebe razli\u010dnih prehrambnih obratov. Tukaj so prepri\u010dljivi razlogi za nalo\u017ebo v ta izdelek:<\/p>\n<ul>\n<li><strong>Brezsti\u010dno deljenje<\/strong>: Stranke lahko brez te\u017eav dostopajo do digitalnih menijev s svojimi pametnimi telefoni, ki podpirajo NFC, kar ustvari higieni\u010dno in interaktivno izku\u0161njo obedovanja.<\/li>\n<li><strong>Prilagajanje<\/strong>: Prilagodite nalepko z razli\u010dnimi velikostmi, odtisi in oblikami, da se kar najbolje prilega blagovni znamki va\u0161e restavracije, hkrati pa prikazuje va\u0161 meni in promocije.<\/li>\n<li><strong>Vzdr\u017eljiv in zanesljiv<\/strong>: Nalepka Ntag 215 z vodotesno in vremensko odporno zasnovo ter izdelana iz visokokakovostnih materialov, kot sta epoksi in papir\/PVC, je izdelana tako, da traja in zagotavlja dolgotrajno uporabo v \u017eivahnih restavracijah.<\/li>\n<li><\/li>\n<\/ul>\n<h3><strong>Lastnosti nalepke Ntag 215 NFC<\/strong><\/h3>\n<p>The\u00a0<strong>Ntag 215 75 MM NFC epoksi nalepka menija po meri<\/strong>\u00a0pona\u0161a se s \u0161tevilnimi specifikacijami, ki ga lo\u010dujejo:<\/p>\n<ul>\n<li><strong>Materiali<\/strong>: Izdelano iz\u00a0<strong>epoksi in papir\/PVC<\/strong>, je ta nalepka izdelana za vzdr\u017eljivost in odpornost proti obi\u010dajnim restavracijskim okoljem.<\/li>\n<li><strong>Velikost in prilagoditev<\/strong>: Medtem ko je standardna velikost\u00a0<strong>75MM<\/strong>, so na voljo mere po meri, ki omogo\u010dajo popolno prilagajanje kateri koli temi trgovine ali potrebam menija.<\/li>\n<li><strong>Komunikacijski vmesnik<\/strong>: Z uporabo komunikacijskega vmesnika NFC deluje na a\u00a0<strong>frekvenca 13,56 MHz<\/strong>, ki zagotavlja zanesljivost in hitrost prenosa podatkov.<\/li>\n<\/ul>\n<p>Ponudba mo\u017enosti za\u00a0<strong>offset in sitotisk<\/strong>, je lahko nalepka Ntag 215 opremljena z va\u0161im logotipom, kodami QR ali podrobnimi elementi menija, kar pove\u010da prepoznavnost blagovne znamke in sodelovanje strank.<\/p>\n<p>&nbsp;<\/p>\n<h3><strong>Mo\u017enosti prilagajanja<\/strong><\/h3>\n<p>Ker je prilagajanje pomemben vidik\u00a0<strong>Nalepka Ntag 215 NFC<\/strong>, lahko restavracije izbirajo med \u0161tevilnimi mo\u017enostmi:<\/p>\n<ul>\n<li><strong>Mo\u017enosti tiskanja<\/strong>: izberite med\u00a0<strong>ofsetni tisk, sitotisk ali QR kode<\/strong>\u00a0\u2013 vse po meri oblikovano tako, da ustreza temi restavracije.<\/li>\n<li><strong>Velikosti in oblike<\/strong>: Medtem ko je standardni premer\u00a0<strong>75MM<\/strong>, lahko podjetja zahtevajo velikosti po meri, ki ustrezajo posebnim potrebam miz ali dekorjev. Prilagodljive mo\u017enosti omogo\u010dajo prilagajanje razli\u010dnim okoljem, ne glede na to, ali je monta\u017ea ravna ali na kovino.<\/li>\n<\/ul>\n<p>Mo\u017enost prilagajanja va\u0161e nalepke NFC pomeni, da lahko va\u0161a restavracija ohrani doslednost blagovne znamke in hkrati izbolj\u0161a interakcijo s strankami.<\/p>\n<p>&nbsp;<\/p>\n<h3><strong>Pogosta vpra\u0161anja za Ntag 215 NFC epoksi nalepko menija tabele po meri<\/strong><\/h3>\n<h3>1.\u00a0<strong>Kaj je Ntag 215 NFC epoksi nalepka menija tabele po meri?<\/strong><\/h3>\n<p>Nalepka Ntag 215 NFC Epoxy Custom Table Menu Sticker je trpe\u017ena, brezsti\u010dna nalepka NFC, zasnovana za restavracije in druge restavracije. Strankam omogo\u010da enostaven dostop do digitalnih menijev in promocij tako, da se s pametnim telefonom, ki podpira NFC, dotaknejo nalepke.<\/p>\n<h3>2.\u00a0<strong>Kako deluje tehnologija NFC?<\/strong><\/h3>\n<p>NFC (Near Field Communication) omogo\u010da brez\u017ei\u010dno komunikacijo med napravami na kratkih razdaljah (obi\u010dajno manj kot 4 cm). Ko se stranka s pametnim telefonom, ki podpira NFC, dotakne nalepke Ntag 215, ta prebere podatke, shranjene na nalepki, in na njeni napravi prika\u017ee digitalni meni.<\/p>\n<h3>3.\u00a0<strong>Ali so nalepke vodoodporne?<\/strong><\/h3>\n<p>Da, nalepke Ntag 215 so zasnovane tako, da so odporne na vodo in vremenske vplive. To zagotavlja vzdr\u017eljivost in dolgo \u017eivljenjsko dobo tudi v gostinskih restavracijskih okoljih, kjer so razlitja in brizganja pogosta.<\/p>\n<h3>4.\u00a0<strong>Ali lahko prilagodim dizajn nalepke?<\/strong><\/h3>\n<p>Vsekakor! Nalepko Ntag 215 NFC lahko prilagodite z razli\u010dnimi mo\u017enostmi oblikovanja, vklju\u010dno z ofsetnim tiskom, sitotiskom, logotipi, kodami QR in prilagojenimi dimenzijami. To vam omogo\u010da, da nalepko u\u010dinkovito uskladite z blagovno znamko va\u0161e restavracije.<\/p>\n<h3>5.\u00a0<strong>Katere mo\u017enosti \u010dipov so na voljo?<\/strong><\/h3>\n<p>Nalepka Ntag 215 je vnaprej nalo\u017eena s \u010dipom Ntag 215, vendar lahko izberete tudi druge mo\u017enosti \u010dipov NFC, kot so Ntag 213, Ntag 216 ali konfiguracije po meri glede na va\u0161e specifi\u010dne potrebe.<\/p>","protected":false},"excerpt":{"rendered":"<p>Ntag 215 75 MM NFC epoksidna nalepka za namizni meni po meri strankam omogo\u010da brezhiben, brezsti\u010dni na\u010din dostopa do digitalnih menijev. Vzdr\u017eljiv in prilagodljiv, izbolj\u0161a izku\u0161njo obedovanja v sodobnih restavracijah.<\/p>","protected":false},"featured_media":3326,"template":"","meta":[],"product_brand":[],"product_cat":[48],"product_tag":[],"class_list":{"0":"post-3325","1":"product","2":"type-product","3":"status-publish","4":"has-post-thumbnail","6":"product_cat-nfc-stickers","8":"first","9":"instock","10":"shipping-taxable","11":"product-type-simple"},"_links":{"self":[{"href":"https:\/\/nfc-readers.com\/sl\/wp-json\/wp\/v2\/product\/3325","targetHints":{"allow":["GET"]}}],"collection":[{"href":"https:\/\/nfc-readers.com\/sl\/wp-json\/wp\/v2\/product"}],"about":[{"href":"https:\/\/nfc-readers.com\/sl\/wp-json\/wp\/v2\/types\/product"}],"wp:featuredmedia":[{"embeddable":true,"href":"https:\/\/nfc-readers.com\/sl\/wp-json\/wp\/v2\/media\/3326"}],"wp:attachment":[{"href":"https:\/\/nfc-readers.com\/sl\/wp-json\/wp\/v2\/media?parent=3325"}],"wp:term":[{"taxonomy":"product_brand","embeddable":true,"href":"https:\/\/nfc-readers.com\/sl\/wp-json\/wp\/v2\/product_brand?post=3325"},{"taxonomy":"product_cat","embeddable":true,"href":"https:\/\/nfc-readers.com\/sl\/wp-json\/wp\/v2\/product_cat?post=3325"},{"taxonomy":"product_tag","embeddable":true,"href":"https:\/\/nfc-readers.com\/sl\/wp-json\/wp\/v2\/product_tag?post=3325"}],"curies":[{"name":"wp","href":"https:\/\/api.w.org\/{rel}","templated":true}]}}