{"id":3332,"date":"2024-11-01T05:43:23","date_gmt":"2024-11-01T05:43:23","guid":{"rendered":"https:\/\/nfc-readers.com\/?post_type=product&#038;p=3332"},"modified":"2024-11-01T05:43:24","modified_gmt":"2024-11-01T05:43:24","slug":"ntag-213-custom-nfc-epoxy-sticker-for-nfc-smart-phone","status":"publish","type":"product","link":"https:\/\/nfc-readers.com\/sl\/ic-reader\/ntag-213-custom-nfc-epoxy-sticker-for-nfc-smart-phone\/","title":{"rendered":"Ntag 213 NFC epoksi nalepka po meri za pametni telefon NFC"},"content":{"rendered":"<h1 style=\"text-align: center;\"><strong>Ntag 213 NFC epoksi nalepka po meri za pametni telefon NFC<\/strong><\/h1>\n<p>&nbsp;<\/p>\n<p>Razi\u0161\u010dite prihodnost povezljivosti z\u00a0<strong>Ntag 213 NFC epoksi nalepka po meri<\/strong>, vsestranski in inovativen izdelek, zasnovan za brezhibno interakcijo z\u00a0<strong>Pametni telefoni, ki podpirajo NFC<\/strong>. S svojimi odli\u010dnimi lastnostmi, vklju\u010dno z\u00a0<em>hidroizolacijo<\/em>, vzdr\u017eljiv epoksidni material in prilagodljive mo\u017enosti, ta oznaka NFC ni le \u0161e en pripomo\u010dek, temve\u010d revolucionarno orodje, ki izbolj\u0161a va\u0161o digitalno izku\u0161njo. Od pla\u010dilnih aplikacij do enostavne izmenjave digitalnih informacij je nalepka Ntag 213 obvezna oprema za vse, ki i\u0161\u010dejo udobje in u\u010dinkovitost.<\/p>\n<p>&nbsp;<\/p>\n<h3><strong>Zakaj bi morali kupiti Ntag 213 NFC nalepke<\/strong><\/h3>\n<p>Izbira prave oznake NFC lahko dvigne va\u0161o poslovno ali osebno blagovno znamko, hkrati pa zagotovi gladko uporabni\u0161ko izku\u0161njo. Ntag 213 NFC epoksidna nalepka po meri izstopa zaradi svoje edinstvene me\u0161anice zanesljivosti, visoke zmogljivosti in prilagodljivosti. Z zmo\u017enostjo shranjevanja 144 bajtov podatkov je ta nalepka NFC idealna za \u0161tevilne aplikacije, zaradi \u010desar je bistveno orodje v dana\u0161njem tehnolo\u0161ko usmerjenem svetu. Toda zakaj je ta nalepka vredna nakupa? Tukaj je nekaj prepri\u010dljivih razlogov:<\/p>\n<ul>\n<li><strong>Vzdr\u017eljivost<\/strong>: Zahvaljujo\u010d epoksidnemu premazu je ta nalepka NFC\u00a0<strong>vodotesen in odporen na vremenske vplive<\/strong>, kar mu omogo\u010da, da ohrani funkcionalnost v razli\u010dnih okoljih.<\/li>\n<li><strong>Vsestranskost<\/strong>: Z mo\u017enostmi prilagajanja velikosti, barve in oblikovanja tiska lahko ta izdelek prilagodite svojim posebnim potrebam glede blagovne znamke.<\/li>\n<li><strong>Enostavna integracija<\/strong>: Zdru\u017eljivo s \u0161iroko paleto\u00a0<strong>naprave NFC<\/strong>, vklju\u010dno z Androidom in iPhoneom, uporabnikom omogo\u010da preprosto izmenjavo informacij in uporabo digitalnih vsebin.<\/li>\n<\/ul>\n<p>&nbsp;<\/p>\n<h3><strong>Lastnosti in prednosti izdelka<\/strong><\/h3>\n<h3>Velikosti in barve po meri<\/h3>\n<p>Vsak projekt je unikaten in na\u0161\u00a0<strong>Ntag 213 nalepk NFC<\/strong>\u00a0se lahko prilagodi posebnim zahtevam. Ne glede na to, ali potrebujete a\u00a0<strong>pravokotnik<\/strong>, ovalne ali okrogle oblike, nudimo prilagodljivost glede oblike in velikosti. Izbirate lahko tudi med razli\u010dnimi barvami, ki dopolnjujejo va\u0161o blagovno znamko. Ta stopnja\u00a0<strong>prilagoditev<\/strong>\u00a0zagotavlja popolno prileganje va\u0161im tr\u017enim strategijam ali osebnim projektom.<\/p>\n<h3>Vodotesen in vremensko odporen dizajn<\/h3>\n<p>The\u00a0<strong>epoksi material<\/strong>\u00a0ki se uporablja v nalepki Ntag 213, zagotavlja izjemno za\u0161\u010dito pred vlago in te\u017ekimi vremenskimi razmerami. to\u00a0<strong>nepremo\u010dljiva<\/strong>\u00a0zmogljivost pomeni, da vam ni treba skrbeti za izpostavljenost vremenskim vplivom. Ne glede na to, ali se uporabljajo v zaprtih prostorih ali na prostem, bodo te oznake NFC ohranile svojo funkcionalnost in u\u010dinkovitost, zaradi \u010desar so primerne za aplikacije, kot je zunanje ogla\u0161evanje ali pametne naprave, ki zahtevajo odpornost.<\/p>\n<h3>Komunikacijska frekvenca 13,56 MHz<\/h3>\n<p>Uporaba standarda\u00a0<strong>13,56 MHz komunikacijska frekvenca<\/strong>, te nalepke NFC izkori\u0161\u010dajo mo\u010d\u00a0<strong>RFID<\/strong>\u00a0tehnologija. Ta frekvenca zagotavlja zanesljiv komunikacijski vmesnik, ki zagotavlja hiter in varen prenos podatkov pri skeniranju z napravo, ki podpira NFC. Ta zdru\u017eljivost dodatno izbolj\u0161a uporabnost, kar omogo\u010da brezhibno izku\u0161njo na razli\u010dnih platformah in napravah.<\/p>\n<h3>\u010cip NTAG213 za visoko zmogljivost<\/h3>\n<p>V sredi\u0161\u010du vsake nalepke po meri Ntag 213 je\u00a0<strong>NTAG213 \u010dip<\/strong>, znan po svoji visoki zmogljivosti in vsestranskosti. S spominom na\u00a0<strong>144 bajtov<\/strong>, uspe\u0161no shranjuje URL-je, besedilo ali majhne nabore podatkov. Arhitektura \u010dipa omogo\u010da obse\u017ene aplikacije od vizitk do interaktivnih marketin\u0161kih kampanj. Njegova zanesljivost zagotavlja, da je mogo\u010de va\u0161e oznake skenirati in do njih ve\u010dkrat brez napak.<\/p>\n<p>&nbsp;<\/p>\n<h3><strong>Tehni\u010dne specifikacije<\/strong><\/h3>\n<table class=\"w-fit !mb-0 !max-w-none\" style=\"height: 297px;\" width=\"431\">\n<thead>\n<tr>\n<th>Funkcija<\/th>\n<th>Specifikacija<\/th>\n<\/tr>\n<\/thead>\n<tbody>\n<tr>\n<td>\u010dip<\/td>\n<td>NTAG213<\/td>\n<\/tr>\n<tr>\n<td>Pogostost<\/td>\n<td>13,56 MHz<\/td>\n<\/tr>\n<tr>\n<td>Spomin<\/td>\n<td>144 bajt<\/td>\n<\/tr>\n<tr>\n<td>Protokol<\/td>\n<td>ISO14443<\/td>\n<\/tr>\n<tr>\n<td>Material<\/td>\n<td>Epoksi<\/td>\n<\/tr>\n<tr>\n<td>Velikost<\/td>\n<td>Po meri<\/td>\n<\/tr>\n<tr>\n<td>barva<\/td>\n<td>Po meri<\/td>\n<\/tr>\n<tr>\n<td>Mo\u017enosti tiskanja<\/td>\n<td>Offset tisk\/Pantone\/QR<\/td>\n<\/tr>\n<tr>\n<td>Kraj izvora<\/td>\n<td>Guangdong, Kitajska<\/td>\n<\/tr>\n<tr>\n<td>Posebne lastnosti<\/td>\n<td>Vodoodporen\/odporen na vremenske vplive<\/td>\n<\/tr>\n<\/tbody>\n<\/table>\n<h3><\/h3>\n<h3><strong>pogosta vpra\u0161anja<\/strong><\/h3>\n<h3>Katere naprave so zdru\u017eljive z NFC nalepko Ntag 213?<\/h3>\n<p>Nalepke Ntag 213 so zdru\u017eljive z vsemi pametnimi telefoni, ki podpirajo NFC, vklju\u010dno s priljubljenimi blagovnimi znamkami, kot je\u00a0<strong>iPhone<\/strong>\u00a0in\u00a0<strong>Samsung<\/strong>.<\/p>\n<h3>Kako dolgo zdr\u017ei baterija?<\/h3>\n<p>Nalepke Ntag 213 NFC ne potrebujejo baterije; so pasivne naprave, ki \u010drpajo energijo iz bralnika, ki podpira NFC. Dokler je oznaka nedotaknjena in v dosegu, bo delovala.<\/p>\n<h3>Ali se te nalepke lahko uporabljajo na prostem?<\/h3>\n<p>ja! Na\u0161e nalepke NFC so zasnovane tako, da so\u00a0<strong>vodotesen in odporen na vremenske vplive<\/strong>, zaradi \u010desar so primerni za notranjo in zunanjo uporabo.<\/p>\n<h3>Ali obstaja najve\u010dja razdalja skeniranja?<\/h3>\n<p>U\u010dinkovita razdalja skeniranja je obi\u010dajno do 10 cm (4 palcev), odvisno od mo\u010di antene NFC naprave in okoljskih dejavnikov.<\/p>","protected":false},"excerpt":{"rendered":"<p>The\u00a0<strong>NTAG-213 NFC epoksi nalepka po meri<\/strong>\u00a0je vsestranska, vodoodporna NFC oznaka, zasnovana za brezhibno interakcijo s pametnimi telefoni, ki podpirajo NFC. Ta vzdr\u017eljiva nalepka, ki jo je mogo\u010de prilagoditi po velikosti, barvi in mo\u017enostih tiskanja, podjetjem in posameznikom omogo\u010da enostavno skupno rabo digitalne vsebine, s \u010dimer pove\u010da sodelovanje uporabnikov in prilo\u017enosti za blagovno znamko.<\/p>","protected":false},"featured_media":3333,"template":"","meta":[],"product_brand":[],"product_cat":[48],"product_tag":[],"class_list":{"0":"post-3332","1":"product","2":"type-product","3":"status-publish","4":"has-post-thumbnail","6":"product_cat-nfc-stickers","8":"first","9":"instock","10":"shipping-taxable","11":"product-type-simple"},"_links":{"self":[{"href":"https:\/\/nfc-readers.com\/sl\/wp-json\/wp\/v2\/product\/3332","targetHints":{"allow":["GET"]}}],"collection":[{"href":"https:\/\/nfc-readers.com\/sl\/wp-json\/wp\/v2\/product"}],"about":[{"href":"https:\/\/nfc-readers.com\/sl\/wp-json\/wp\/v2\/types\/product"}],"wp:featuredmedia":[{"embeddable":true,"href":"https:\/\/nfc-readers.com\/sl\/wp-json\/wp\/v2\/media\/3333"}],"wp:attachment":[{"href":"https:\/\/nfc-readers.com\/sl\/wp-json\/wp\/v2\/media?parent=3332"}],"wp:term":[{"taxonomy":"product_brand","embeddable":true,"href":"https:\/\/nfc-readers.com\/sl\/wp-json\/wp\/v2\/product_brand?post=3332"},{"taxonomy":"product_cat","embeddable":true,"href":"https:\/\/nfc-readers.com\/sl\/wp-json\/wp\/v2\/product_cat?post=3332"},{"taxonomy":"product_tag","embeddable":true,"href":"https:\/\/nfc-readers.com\/sl\/wp-json\/wp\/v2\/product_tag?post=3332"}],"curies":[{"name":"wp","href":"https:\/\/api.w.org\/{rel}","templated":true}]}}