{"id":3348,"date":"2024-11-01T10:53:48","date_gmt":"2024-11-01T10:53:48","guid":{"rendered":"https:\/\/nfc-readers.com\/?post_type=product&#038;p=3348"},"modified":"2024-11-04T09:04:23","modified_gmt":"2024-11-04T09:04:23","slug":"rfid-ultralight-playground-ticket-proximity-pvc-vip-card","status":"publish","type":"product","link":"https:\/\/nfc-readers.com\/sl\/ic-reader\/rfid-ultralight-playground-ticket-proximity-pvc-vip-card\/","title":{"rendered":"Mifare Ultralight ev1 PVC RFID kartica za vstopnico za igri\u0161\u010de"},"content":{"rendered":"<h1><strong><span style=\"color: #000080;\">Mifare Ultralight ev1 PVC RFID kartica za vstopnico za igri\u0161\u010de<\/span><\/strong><\/h1>\n<p>&nbsp;<\/p>\n<h4><strong><span style=\"color: #008080;\">Revolucioniranje re\u0161itev za nadzor dostopa in prodajo vstopnic<\/span><\/strong><\/h4>\n<p><span style=\"color: #666699;\">V dana\u0161njem brezgotovinskem svetu je kartica Mifare Ultralight ev1 PVC RFID Card for Playground v ospredju sodobnih re\u0161itev za prodajo vstopnic in nadzor dostopa. Ta visokotehnolo\u0161ka kartica ne le poenostavi vstop v zabavi\u0161\u010dne parke in dogodke, temve\u010d tudi izbolj\u0161a uporabni\u0161ko izku\u0161njo s svojo robustno zasnovo in tehnologijo pametnih kartic. Ker ponuja neprimerljivo varnost, udobje in vsestranskost, je idealna izbira za podjetja, ki \u017eelijo pove\u010dati sodelovanje svojih strank in operativno u\u010dinkovitost.<\/span><\/p>\n<hr \/>\n<h2><\/h2>\n<h2 style=\"text-align: center;\"><span style=\"color: #000080;\"><em><strong>Lastnosti in prednosti izdelka<\/strong><\/em><\/span><\/h2>\n<h3><span style=\"color: #333399;\">1. <strong>Vzdr\u017eljiv in zanesljiv material<\/strong><\/span><\/h3>\n<p>Ta kartica RFID, izdelana iz visokokakovostnega PVC-ja, je zasnovana tako, da vzdr\u017ei te\u017eke okoljske pogoje. Njegovo\u00a0<strong>nepremo\u010dljiva<\/strong>\u00a0in\u00a0<strong>odporen na vremenske vplive<\/strong>\u00a0Lastnosti prepre\u010dujejo obrabo in zagotavljajo dolgotrajno vzdr\u017eljivost. Ne glede na to, ali se uporablja v zunanjih zabavi\u0161\u010dnih parkih ali prireditvah v zaprtih prostorih\u00a0<strong>Kartica RFID Ultralight Playground<\/strong>\u00a0ostane funkcionalen in vizualno privla\u010den, kar lahko s\u010dasoma zmanj\u0161a stro\u0161ke zamenjave.<\/p>\n<p>&nbsp;<\/p>\n<h3><span style=\"color: #333399;\"><strong>2. Vsestranske aplikacije<\/strong><\/span><\/h3>\n<p>Kartica Mifare Ultralight ev1 PVC RFID for Playground, oblikovana za razli\u010dne namene, je popolna za\u00a0<strong>izdajanje vozovnic<\/strong>,\u00a0<strong>nadzor dostopa<\/strong>,\u00a0<strong>programi zvestobe<\/strong>, in\u00a0<strong>vodenje dogodkov<\/strong>. Kartica u\u010dinkovito poenostavi vstopne postopke, zaradi \u010desar je odli\u010dna izbira za sisteme javnega prevoza, zabavi\u0161\u010dne parke, festivale in drugo. Njegova vsestranskost omogo\u010da podjetjem implementacijo enotne re\u0161itve za razli\u010dne operativne potrebe.<\/p>\n<p>&nbsp;<\/p>\n<h3><span style=\"color: #333399;\">3. <strong>Priro\u010dna uporabni\u0161ka izku\u0161nja<\/strong><\/span><\/h3>\n<p>Z a\u00a0<strong>bralna razdalja<\/strong>\u00a01-20 cm in mo\u017enost debeline\u00a0<strong>0,76 mm\/0,84 mm<\/strong>, kartica zagotavlja enostavno uporabo in zadovoljstvo strank. Uporabniki lahko s kartico preprosto pritisnejo na katero koli napravo, ki podpira NFC, kar povzro\u010di hitro transakcijo. to\u00a0<strong>brezkontaktno<\/strong>\u00a0funkcija minimizira fizi\u010dni stik in izbolj\u0161a higieno \u2013 kar je bistvenega pomena v dana\u0161njem okolju.<\/p>\n<p>&nbsp;<\/p>\n<h3><span style=\"color: #333399;\"><strong>4. Mo\u017enosti prilagajanja<\/strong><\/span><\/h3>\n<p>Vstopnica Mifare Ultralight ev1 PVC RFID Card for Playground ponuja obse\u017eno prilagajanje potrebam blagovne znamke in tr\u017eenja. Stranke lahko izbirajo med razli\u010dnimi mo\u017enostmi tiskanja, vklju\u010dno z\u00a0<strong>Tisk CMYK4C<\/strong>,\u00a0<strong>termi\u010dni tisk<\/strong>, in\u00a0<strong>sitotisk<\/strong>. Poleg tega so elementi kot npr\u00a0<strong>lasersko kodo<\/strong>,\u00a0<strong>serijske \u0161tevilke<\/strong>, in\u00a0<strong>vtiskovanje<\/strong>\u00a0je mogo\u010de prilagoditi tako, da ustvari edinstveno identiteto za vsako kartico, kar pove\u010da prepoznavnost blagovne znamke in zvestobo.<\/p>\n<p>&nbsp;<\/p>\n<h3><span style=\"color: #333399;\"><strong>5. Tehni\u010dne specifikacije<\/strong><\/span><\/h3>\n<div class=\"table-with-header rounded-lg border border-solid border-grey-line2-normal w-fit max-w-full mb-2\">\n<div class=\"overflow-x-auto custom-scrollbar custom-scrollbar-float max-w-full\">\n<table class=\"w-fit !mb-0 !max-w-none\" style=\"height: 339px;\" width=\"403\">\n<thead>\n<tr>\n<th>Funkcija<\/th>\n<th>Specifikacija<\/th>\n<\/tr>\n<\/thead>\n<tbody>\n<tr>\n<td><\/td>\n<td><\/td>\n<\/tr>\n<tr>\n<td>Vrsta \u010dipa<\/td>\n<td>MIFARE Ultralight\u00ae C<\/td>\n<\/tr>\n<tr>\n<td>Pogostost<\/td>\n<td>13,56 MHz<\/td>\n<\/tr>\n<tr>\n<td>Material<\/td>\n<td>PVC<\/td>\n<\/tr>\n<tr>\n<td>Razdalja branja<\/td>\n<td>2-10 CM<\/td>\n<\/tr>\n<tr>\n<td>Debelina<\/td>\n<td>0,76 mm \/ 0,84 mm \/ Prilagojeno<\/td>\n<\/tr>\n<tr>\n<td>Velikost<\/td>\n<td>CR80<\/td>\n<\/tr>\n<tr>\n<td>Obrt<\/td>\n<td>Laserska koda, UV \u010drnilo, serijska \u0161t.<\/td>\n<\/tr>\n<tr>\n<td>Cikel pisanja<\/td>\n<td>100.000-krat<\/td>\n<\/tr>\n<tr>\n<td>Kraj izvora<\/td>\n<td>Guangdong, Kitajska<\/td>\n<\/tr>\n<\/tbody>\n<\/table>\n<\/div>\n<\/div>\n<hr \/>\n<h2 style=\"text-align: center;\"><span style=\"color: #000080;\"><strong>Navodila za uporabo<\/strong><\/span><\/h2>\n<ol>\n<li><strong>Aktivirajte kartico<\/strong>: Zagotovite, da je kartica aktivirana prek programske opreme za upravljanje RFID.<\/li>\n<li><strong>Dotaknite se Reader<\/strong>: Kartico dr\u017eite 1\u201320 cm od bralnika NFC.<\/li>\n<li><strong>Potrditev transakcije<\/strong>: \u010citalnik bo transakcijo potrdil s piskom ali svetlobnim indikatorjem.<\/li>\n<li><strong>Dostop odobren<\/strong>: Uporabniki lahko nadaljujejo z vstopom na prizori\u0161\u010de ali uporabo storitve.<\/li>\n<\/ol>\n<p>&nbsp;<\/p>\n<h2 style=\"text-align: center;\"><em><span style=\"color: #000080;\"><strong>Okolju prijazna proizvodnja<\/strong><\/span><\/em><\/h2>\n<p><span style=\"color: #666699;\">Trajnost je klju\u010dnega pomena za sodobno proizvodnjo in proizvodnja kartice Mifare Ultralight ev1 PVC RFID za vstopnico za igri\u0161\u010de je usklajena z okolju prijaznimi praksami. Z vlaganjem v trajnostne materiale in procese lahko podjetja prispevajo k ohranjanju okolja, hkrati pa zagotavljajo visokokakovosten izdelek. Ta zaveza dobro odmeva pri ekolo\u0161ko ozave\u0161\u010denih potro\u0161nikih in krepi odgovornost podjetij.<\/span><\/p>","protected":false},"excerpt":{"rendered":"<p>Odkrijte kartico Mifare Ultralight ev1 PVC RFID za vstopnico za igri\u0161\u010de \u2013 vzdr\u017eljivo, vsestransko in okolju prijazno za brezhiben nadzor dostopa in izdajanje vstopnic.<\/p>","protected":false},"featured_media":3349,"template":"","meta":[],"product_brand":[],"product_cat":[46],"product_tag":[],"class_list":{"0":"post-3348","1":"product","2":"type-product","3":"status-publish","4":"has-post-thumbnail","6":"product_cat-nfc-cards","8":"first","9":"instock","10":"shipping-taxable","11":"product-type-simple"},"_links":{"self":[{"href":"https:\/\/nfc-readers.com\/sl\/wp-json\/wp\/v2\/product\/3348","targetHints":{"allow":["GET"]}}],"collection":[{"href":"https:\/\/nfc-readers.com\/sl\/wp-json\/wp\/v2\/product"}],"about":[{"href":"https:\/\/nfc-readers.com\/sl\/wp-json\/wp\/v2\/types\/product"}],"wp:featuredmedia":[{"embeddable":true,"href":"https:\/\/nfc-readers.com\/sl\/wp-json\/wp\/v2\/media\/3349"}],"wp:attachment":[{"href":"https:\/\/nfc-readers.com\/sl\/wp-json\/wp\/v2\/media?parent=3348"}],"wp:term":[{"taxonomy":"product_brand","embeddable":true,"href":"https:\/\/nfc-readers.com\/sl\/wp-json\/wp\/v2\/product_brand?post=3348"},{"taxonomy":"product_cat","embeddable":true,"href":"https:\/\/nfc-readers.com\/sl\/wp-json\/wp\/v2\/product_cat?post=3348"},{"taxonomy":"product_tag","embeddable":true,"href":"https:\/\/nfc-readers.com\/sl\/wp-json\/wp\/v2\/product_tag?post=3348"}],"curies":[{"name":"wp","href":"https:\/\/api.w.org\/{rel}","templated":true}]}}