{"id":3353,"date":"2024-11-01T11:19:32","date_gmt":"2024-11-01T11:19:32","guid":{"rendered":"https:\/\/nfc-readers.com\/?post_type=product&#038;p=3353"},"modified":"2024-11-04T08:59:53","modified_gmt":"2024-11-04T08:59:53","slug":"iso14443a-mifare-rfid-hotel-card-magnetic-stripe-available","status":"publish","type":"product","link":"https:\/\/nfc-readers.com\/sl\/ic-reader\/iso14443a-mifare-rfid-hotel-card-magnetic-stripe-available\/","title":{"rendered":"Na voljo je magnetni trak hotelske kartice ISO14443A MIFARE RFID"},"content":{"rendered":"<h1><span style=\"color: #000080;\"><strong>Na voljo je magnetni trak hotelske kartice ISO14443A MIFARE RFID<\/strong><\/span><\/h1>\n<p><span style=\"color: #666699;\">Prihodnost nadzora dostopa V sodobnem gostinstvu je brezhiben dostop do sob in objektov najpomembnej\u0161i. The <strong>ISO14443A MIFARE RFID hotelska kartica z magnetnim trakom<\/strong>\u00a0se je pojavil kot transformativna re\u0161itev, ki zdru\u017euje napredno tehnologijo RFID in uporabniku prijazen dizajn. Ta kartica izbolj\u0161uje izku\u0161njo gostov, hkrati pa zagotavlja vrhunsko varnost vodstva hotela. <\/span><\/p>\n<p><span style=\"color: #666699;\">Gostje lahko u\u017eivajo v brezsti\u010dnem dostopu, hotelski operaterji pa imajo koristi od izbolj\u0161ane varnosti in u\u010dinkovitosti. S svojimi lastnostmi, odpornimi na vodo in vremenske vplive, je kartica RFID zasnovana za vzdr\u017eljivost, ki zagotavlja dolgo \u017eivljenjsko dobo tudi v najbolj obremenjenih okoljih. Ne samo, da ta kartica poenostavi postopek prijave, ampak slu\u017ei tudi kot zanesljivo orodje za nadzor dostopa, hkrati pa ponuja mo\u017enosti personalizacije, ki odra\u017eajo identiteto blagovne znamke va\u0161ega hotela.<\/span><\/p>\n<hr \/>\n<h2><\/h2>\n<h2 style=\"text-align: center;\"><em><strong><span style=\"color: #000080;\">Oris izdelka<\/span><\/strong><\/em><\/h2>\n<h3><span style=\"color: #333399;\"> <strong>1. Klju\u010dne zna\u010dilnosti hotelske kartice ISO14443A MIFARE RFID<\/strong><\/span><\/h3>\n<p>The\u00a0<strong>ISO14443A MIFARE RFID hotelska kartica<\/strong>\u00a0ponuja vrsto inovativnih funkcij, ki poskrbijo za hotelske operaterje in goste. Uporaba naprednega\u00a0<strong>MIFARE\u00ae Ultralight C<\/strong>\u00a0\u010dip tehnologije, ta kartica deluje na frekvenci\u00a0<strong>13,56 MHz<\/strong>\u00a0pod\u00a0<strong>Protokol ISO14443A<\/strong>. Ta specifikacija omogo\u010da hiter in varen dostop z minimalno potrebno interakcijo, kar zagotavlja resni\u010dno\u00a0<strong>brezsti\u010dna izku\u0161nja<\/strong>.S svojim\u00a0<strong>nepremo\u010dljiva<\/strong>\u00a0in\u00a0<strong>odporen na vremenske vplive<\/strong>\u00a0Zasnova omogo\u010da, da kartica ostane funkcionalna v razli\u010dnih okoljih, kar zagotavlja, da vzdr\u017ei vsakodnevno obrabo. Poleg tega je vklju\u010ditev a\u00a0<strong>magnetni trak<\/strong>\u00a0omogo\u010da vsestranskost v sistemih za nadzor dostopa. Ta dvojna funkcionalnost zagotavlja, da kartica RFID zagotavlja brezhibno in zanesljivo storitev, ne glede na to, ali se uporablja za vstop v hotelsko sobo ali druge objekte.<\/p>\n<p>&nbsp;<\/p>\n<h3><span style=\"color: #333399;\"><strong>3. Tehni\u010dne specifikacije<\/strong><\/span><\/h3>\n<p>Razumevanje tehni\u010dnih specifikacij je klju\u010dnega pomena za izbiro prave re\u0161itve za nadzor dostopa. Spodaj je podrobna tabela\u00a0<strong>ISO14443A MIFARE RFID hotelska kartica<\/strong> specifikacije:<\/p>\n<div class=\"table-with-header rounded-lg border border-solid border-grey-line2-normal w-fit max-w-full mb-2\">\n<div class=\"h-8 items-center flex justify-between px-2 text-xs border-0 border-b border-solid border-grey-line2-normal\">\n<div class=\"h-[26px] w-[26px] text-text-primary-3 cursor-pointer hover:text-text-primary-2 flex-center\"><\/div>\n<\/div>\n<div class=\"overflow-x-auto custom-scrollbar custom-scrollbar-float max-w-full\">\n<table class=\"w-fit !mb-0 !max-w-none\">\n<thead>\n<tr>\n<th>Specifikacija<\/th>\n<th>Vrednost<\/th>\n<\/tr>\n<\/thead>\n<tbody>\n<tr>\n<td>\u010dip<\/td>\n<td>MIFARE\u00ae Ultralight C<\/td>\n<\/tr>\n<tr>\n<td>Pogostost<\/td>\n<td>13,56 MHz<\/td>\n<\/tr>\n<tr>\n<td>Komunikacijski vmesnik<\/td>\n<td>RFID, NFC<\/td>\n<\/tr>\n<tr>\n<td>Material<\/td>\n<td>PVC<\/td>\n<\/tr>\n<tr>\n<td>Velikost<\/td>\n<td>85,5 x 54 mm \/ po meri<\/td>\n<\/tr>\n<tr>\n<td>Magnetni trak<\/td>\n<td>Loco300 oe \/ Hico2750\/4000 oe<\/td>\n<\/tr>\n<tr>\n<td>Povr\u0161inska obdelava<\/td>\n<td>Sijajni, mat, matirani<\/td>\n<\/tr>\n<tr>\n<td>Kodiraj<\/td>\n<td>Tiskanje QR kode\/laserska koda<\/td>\n<\/tr>\n<tr>\n<td>Mo\u017enosti tiskanja<\/td>\n<td>Ofsetni tisk CMYK\/Sitotisk\/Digitalni<\/td>\n<\/tr>\n<\/tbody>\n<\/table>\n<\/div>\n<\/div>\n<p>Te specifikacije poudarjajo vsestranskost in napredno tehnologijo kartice, zasnova pa ustreza potrebam uporabnikov in vodstva hotela.<\/p>\n<p>&nbsp;<\/p>\n<h3><span style=\"color: #333399;\"><strong>4. Prednosti uporabe hotelskih kartic RFID<\/strong><\/span><\/h3>\n<p><span style=\"color: #666699;\">Vklju\u010devanje\u00a0<strong>ISO14443A MIFARE RFID hotelska kartica<\/strong>\u00a0v poslovanje hotela prina\u0161a \u0161tevilne prednosti. Prvi\u010d,\u00a0<strong>brezkontaktno<\/strong>\u00a0tehnologija izbolj\u0161uje izku\u0161njo gostov, saj omogo\u010da hiter in enostaven dostop do sob in objektov brez brskanja po tradicionalnih klju\u010dih. To pospe\u0161i postopke prijave, kar na koncu pomeni bolj\u0161e zadovoljstvo gostov.<\/span><\/p>\n<p><span style=\"color: #666699;\">Poleg tega tehnologija RFID omogo\u010da u\u010dinkovito\u00a0<strong>nadzor dostopa<\/strong>\u00a0upravljanje. Hotelsko osebje lahko preprosto sledi vzorcem uporabe, kar zagotavlja ve\u010djo varnost in hkrati zmanj\u0161uje nepoobla\u0161\u010den dostop. S funkcijami, kot je\u00a0<strong>medsebojna avtentikacija<\/strong>, so mo\u017enosti za nepoobla\u0161\u010deno kopiranje prakti\u010dno odpravljene.<\/span><\/p>\n<p>&nbsp;<\/p>\n<h2 style=\"text-align: center;\"><span style=\"color: #000080;\"><em><strong>pogosta vpra\u0161anja<\/strong><\/em><\/span><\/h2>\n<p><span style=\"color: #008080;\"><strong>1. Kak\u0161na je \u017eivljenjska doba hotelske kartice RFID?<\/strong><\/span><\/p>\n<p>Kartica zdr\u017ei ve\u010d let pri normalni uporabi zahvaljujo\u010d trpe\u017enemu PVC materialu in vremenskim odpornim lastnostim.<\/p>\n<hr \/>\n<p><span style=\"color: #008080;\"><strong>2. Ali je mogo\u010de kartico prilagoditi na\u0161i blagovni znamki?<\/strong><\/span><\/p>\n<p>Da, kartico lahko prilagodite z logotipom in barvami va\u0161ega hotela z uporabo razli\u010dnih mo\u017enosti tiskanja in kon\u010dne obdelave.<\/p>\n<hr \/>\n<p><strong><span style=\"color: #008080;\">3. Ali je kartica zdru\u017eljiva z obstoje\u010dimi sistemi RFID?<\/span><\/strong><\/p>\n<p>Da, zdru\u017eljiv je z ve\u010dino sistemov za nadzor dostopa RFID, ki uporabljajo <strong>Protokol ISO14443A<\/strong>.<\/p>","protected":false},"excerpt":{"rendered":"<p>Hotelska kartica ISO14443A MIFARE RFID ponuja brezsti\u010dni dostop, izbolj\u0161ano varnost in mo\u017enosti prilagajanja, zaradi \u010desar je idealna za sodobne gostinske potrebe.<\/p>","protected":false},"featured_media":3354,"template":"","meta":[],"product_brand":[],"product_cat":[46],"product_tag":[],"class_list":{"0":"post-3353","1":"product","2":"type-product","3":"status-publish","4":"has-post-thumbnail","6":"product_cat-nfc-cards","8":"first","9":"instock","10":"shipping-taxable","11":"product-type-simple"},"_links":{"self":[{"href":"https:\/\/nfc-readers.com\/sl\/wp-json\/wp\/v2\/product\/3353","targetHints":{"allow":["GET"]}}],"collection":[{"href":"https:\/\/nfc-readers.com\/sl\/wp-json\/wp\/v2\/product"}],"about":[{"href":"https:\/\/nfc-readers.com\/sl\/wp-json\/wp\/v2\/types\/product"}],"wp:featuredmedia":[{"embeddable":true,"href":"https:\/\/nfc-readers.com\/sl\/wp-json\/wp\/v2\/media\/3354"}],"wp:attachment":[{"href":"https:\/\/nfc-readers.com\/sl\/wp-json\/wp\/v2\/media?parent=3353"}],"wp:term":[{"taxonomy":"product_brand","embeddable":true,"href":"https:\/\/nfc-readers.com\/sl\/wp-json\/wp\/v2\/product_brand?post=3353"},{"taxonomy":"product_cat","embeddable":true,"href":"https:\/\/nfc-readers.com\/sl\/wp-json\/wp\/v2\/product_cat?post=3353"},{"taxonomy":"product_tag","embeddable":true,"href":"https:\/\/nfc-readers.com\/sl\/wp-json\/wp\/v2\/product_tag?post=3353"}],"curies":[{"name":"wp","href":"https:\/\/api.w.org\/{rel}","templated":true}]}}