{"id":3358,"date":"2024-11-01T12:11:45","date_gmt":"2024-11-01T12:11:45","guid":{"rendered":"https:\/\/nfc-readers.com\/?post_type=product&#038;p=3358"},"modified":"2024-11-04T08:58:59","modified_gmt":"2024-11-04T08:58:59","slug":"pvc-logo-printed-custom-nfc-business-card-ntag-213-215-216","status":"publish","type":"product","link":"https:\/\/nfc-readers.com\/sl\/ic-reader\/pvc-logo-printed-custom-nfc-business-card-ntag-213-215-216\/","title":{"rendered":"Natisnjen PVC logotip po meri NFC vizitka Ntag 213 215 216"},"content":{"rendered":"<h1><span style=\"color: #000080;\"><strong>Natisnjen PVC logotip po meri NFC vizitka Ntag 213 215 216<\/strong><\/span><\/h1>\n<div class=\"message-item-outer relative px-4 mb-2\" data-id=\"d4923133-af33-4007-ab47-519a94928ef7\">\n<div class=\"content-area pl-[0px]\">\n<div class=\"message-item select-text relative\">\n<div class=\"message-inner relative\">\n<div class=\"py-[2px]\">\n<div class=\"flex flex-col gap-2\">\n<div class=\"answer-markdown-box overflow-x-auto select-text custom-scrollbar\">\n<div class=\"markdown-body\">\n<p><span style=\"color: #666699;\">V dana\u0161nji digitalni dobi je vizitka NFC Ntag213215216 z natisnjenim PVC logotipom revolucionarna re\u0161itev za mre\u017eenje in poslovne interakcije. Te pametne kartice ne zagotavljajo le sodobnega pridiha, ampak ponujajo tudi priro\u010dnost in u\u010dinkovitost. Z vgrajeno tehnologijo NFC omogo\u010dajo nemoteno brezsti\u010dno komunikacijo med napravami. Ne glede na to, ali ste poslovni strokovnjak, ki \u017eeli pustiti trajen vtis, ali podjetje, ki \u017eeli pove\u010dati prepoznavnost blagovne znamke, ta inovativna kartica popolnoma dopolnjuje va\u0161e potrebe.<\/span><\/p>\n<p>&nbsp;<\/p>\n<h2 style=\"text-align: center;\"><span style=\"color: #000080;\"><strong>Oris izdelka<\/strong><\/span><\/h2>\n<h3><span style=\"color: #333399;\"><strong>1. Klju\u010dne specifikacije vizitke NFC<\/strong><\/span><\/h3>\n<div class=\"table-with-header rounded-lg border border-solid border-grey-line2-normal w-fit max-w-full mb-2\">\n<div class=\"overflow-x-auto custom-scrollbar custom-scrollbar-float max-w-full\">\n<table class=\"w-fit !mb-0 !max-w-none\">\n<thead>\n<tr>\n<th><strong>Specifikacija<\/strong><\/th>\n<th><strong>Vrednost<\/strong><\/th>\n<\/tr>\n<\/thead>\n<tbody>\n<tr>\n<td>\u010dip<\/td>\n<td>Ntag213\/Po meri<\/td>\n<\/tr>\n<tr>\n<td>Pogostost<\/td>\n<td>13,56 MHz<\/td>\n<\/tr>\n<tr>\n<td>Material<\/td>\n<td>PVC\/drugi materiali<\/td>\n<\/tr>\n<tr>\n<td>Velikost<\/td>\n<td>85,5 x 54 mm \/ po meri<\/td>\n<\/tr>\n<tr>\n<td>Vodoodporen\/odporen na vremenske vplive<\/td>\n<td>ja<\/td>\n<\/tr>\n<tr>\n<td>Mo\u017enosti tiskanja<\/td>\n<td>CMYK4C Tisk\/Offset\/Sitotisk<\/td>\n<\/tr>\n<tr>\n<td>Povr\u0161inska obdelava<\/td>\n<td>Sijajni\/mat\/matirani<\/td>\n<\/tr>\n<tr>\n<td>Komunikacijski vmesnik<\/td>\n<td>NFC<\/td>\n<\/tr>\n<tr>\n<td>Kraj izvora<\/td>\n<td>Guangdong, Kitajska<\/td>\n<\/tr>\n<\/tbody>\n<\/table>\n<\/div>\n<\/div>\n<p>Ta tabela s podrobnimi specifikacijami poudarja robustno tehnologijo in vsestranskost vizitke NFC, ki zagotavlja vzdr\u017eljivost in funkcionalnost.<\/p>\n<p>&nbsp;<\/p>\n<h3><span style=\"color: #333399;\"><strong>2. Mo\u017enosti personalizacije<\/strong><\/span><\/h3>\n<p>Prilagajanje va\u0161ega <strong>NFC vizitka<\/strong>\u00a0je klju\u010dnega pomena za identiteto blagovne znamke. Ta kartica ponuja:<\/p>\n<ul>\n<li><strong>Logotipi in barve po meri:<\/strong>\u00a0Dodate lahko svoj logotip in barve, da ustvarite nepozaben dizajn, ki odra\u017ea va\u0161o blagovno znamko.<\/li>\n<li><strong>Posebni zaklju\u010dki:<\/strong>\u00a0Izbirajte med sijajnimi, mat ali motnimi zaklju\u010dki, da izbolj\u0161ate videz in ob\u010dutek va\u0161e kartice.<\/li>\n<li><strong>Edinstvene tehnike tiskanja:<\/strong>\u00a0Mo\u017enosti, kot so lasersko kodiranje, UV-\u010drnilo in vtiskovanje, omogo\u010dajo zapletene oblike, zaradi katerih va\u0161a kartica izstopa.<\/li>\n<\/ul>\n<p>&nbsp;<\/p>\n<h3><span style=\"color: #333399;\"><strong>3. Tehni\u010dne lastnosti in zdru\u017eljivost<\/strong><\/span><\/h3>\n<p>Razumevanje tehni\u010dnih vidikov\u00a0<strong>Natisnjen PVC logotip po meri NFC Vizitka<\/strong>\u00a0klju\u010dnega pomena za njegovo u\u010dinkovito uporabo v va\u0161em poslovanju:<\/p>\n<ul>\n<li><strong>Brezkontaktna komunikacija:<\/strong>\u00a0Kartica se dr\u017ei\u00a0<strong>Protokol ISO14443A<\/strong>, kar zagotavlja zdru\u017eljivost z ve\u010dino bralnikov kartic in pametnih telefonov.<\/li>\n<li><strong>Varna izmenjava informacij:<\/strong>\u00a0Z mo\u010dnimi \u0161ifrirnimi algoritmi ostanejo va\u0161i podatki varni, ko jih delite prek kartice.<\/li>\n<li><strong>Vzdr\u017eljivost:<\/strong>\u00a0Kartica je izdelana iz visokokakovostnega PVC-ja, zato je vodoodporna in odporna na vremenske vplive, kar zagotavlja, da prenese vsakodnevno rokovanje.<\/li>\n<\/ul>\n<p>&nbsp;<\/p>\n<h2 style=\"text-align: center;\"><span style=\"color: #000080;\"><strong>Vpliv na okolje<\/strong><\/span><\/h2>\n<p>Preklop na <strong>NFC vizitke<\/strong>\u00a0ne le koristi va\u0161i profesionalni podobi, ampak podpira tudi trajnostne poslovne prakse.<\/p>\n<ul>\n<li><strong>Zmanj\u0161ana poraba papirja:<\/strong>\u00a0Z uporabo tehnologije NFC prispevate k ni\u017ejim oglji\u010dnim odtisom.<\/li>\n<li><strong>Dolgo\u017eivost:<\/strong>\u00a0Z dalj\u0161im \u017eivljenjskim ciklom kot tradicionalne kartice povzro\u010dijo manj odpadkov skozi \u010das.<\/li>\n<\/ul>\n<p>&nbsp;<\/p>\n<h2 style=\"text-align: center;\"><span style=\"color: #000080;\"><strong>Mnenja in pri\u010devanja strank<\/strong><\/span><\/h2>\n<p>Pozitivne povratne informacije strank dokazujejo u\u010dinkovitost in zanesljivost vizitke NFC po meri s tiskanim PVC logotipom. Mnogi uporabniki ugotavljajo:<\/p>\n<ul>\n<li><strong>Izbolj\u0161ane omre\u017ene mo\u017enosti:<\/strong>\u00a0Uporabniki so delili zgodbe o tem, kako so te kartice olaj\u0161ale povezave.<\/li>\n<li><strong>Navdu\u0161ene stranke:<\/strong>\u00a0Podjetja so poro\u010dala, da so potencialni kupci pogosto presene\u010deni nad inovativno naravo tehnologije NFC.<\/li>\n<\/ul>\n<p>&nbsp;<\/p>\n<h2 style=\"text-align: center;\"><span style=\"color: #000080;\"><strong>pogosta vpra\u0161anja<\/strong><\/span><\/h2>\n<p><span style=\"color: #008080;\"><strong>V1: Ali so te kartice zdru\u017eljive z napravami iOS in Android?<\/strong><\/span><\/p>\n<\/div>\n<\/div>\n<\/div>\n<\/div>\n<\/div>\n<\/div>\n<\/div>\n<\/div>\n<div class=\"message-item-outer relative px-4 mb-2\" data-id=\"a0d48a34-bc73-4dbc-bdef-014d374b33ed\">\n<div class=\"content-area pl-[0px]\">\n<div class=\"message-item select-text relative\">\n<div class=\"message-inner relative\">\n<div class=\"py-[2px]\">\n<div class=\"flex flex-col gap-2\">\n<div class=\"answer-markdown-box overflow-x-auto select-text custom-scrollbar\">\n<div class=\"markdown-body\">\n<p><strong>A1:<\/strong>\u00a0Da, vizitke NFC po meri s tiskanim logotipom PVC so zdru\u017eljive z napravami iOS in Android, ki podpirajo tehnologijo NFC. To zagotavlja, da se lahko nemoteno pove\u017eete s \u0161irokim krogom uporabnikov, ne glede na njihovo znamko pametnega telefona.<\/p>\n<hr \/>\n<p><span style=\"color: #008080;\"><strong>V2: Kako programiram ali ponovno programiram kartico NFC?<\/strong><\/span><\/p>\n<p><strong>A2:<\/strong>\u00a0Programiranje in ponovno programiranje va\u0161e kartice NFC lahko izvedete s pametnimi telefoni, ki podpirajo NFC, ali napravami za pisanje NFC. Preprosto prenesite aplikacijo za pisanje NFC, dr\u017eite kartico NFC blizu naprave in sledite pozivom aplikacije za vnos \u017eelenih informacij.<\/p>\n<hr \/>\n<p><strong><span style=\"color: #008080;\">V3: Ali lahko te kartice uporabim za pla\u010dilne namene?<\/span><\/strong><\/p>\n<p><strong>A3:<\/strong>\u00a0\u010ceprav so vizitke NFC namenjene predvsem izmenjavi informacij, jih je mogo\u010de konfigurirati za povezavo z aplikacijami za mobilno pla\u010devanje. Vendar same po sebi nimajo funkcije obdelave pla\u010dil kot namenske pla\u010dilne kartice.<\/p>\n<hr \/>\n<h3><\/h3>\n<h2 style=\"text-align: center;\"><span style=\"color: #000080;\"><strong>Ste pripravljeni izbolj\u0161ati svojo izku\u0161njo mre\u017eenja?<\/strong><\/span><\/h2>\n<p>Preoblikujte svoje poklicne interakcije z na\u0161imi\u00a0<strong>NFC vizitke po meri s tiskanim PVC logotipom<\/strong>. \u010ce \u017eelite raziskati ve\u010d o na\u0161ih izdelkih ali oddati naro\u010dilo,\u00a0<a href=\"\/\/dhoenijjpgpeimemopealfcbiecgceod\/sidepanel.html#\" target=\"_blank\" rel=\"noopener\">kliknite tukaj<\/a>\u00a0da izpolnite obrazec za povpra\u0161evanje. Va\u0161a sodobna omre\u017ena re\u0161itev vas \u010daka! Za ve\u010d informacij o tehnologiji NFC obi\u0161\u010dite na\u0161o\u00a0<a href=\"\/\/dhoenijjpgpeimemopealfcbiecgceod\/sidepanel.html#\" target=\"_blank\" rel=\"noopener\">Viri NFC<\/a>\u00a0strani ali preberite o\u00a0<strong>razvoj tehnologije MIFARE<\/strong>\u00a0danes v poslu\u00a0<a href=\"\/\/dhoenijjpgpeimemopealfcbiecgceod\/sidepanel.html#\" target=\"_blank\" rel=\"noopener\">tukaj<\/a>. Sprejmite prihodnost komunikacije z zaupanjem!<\/p>\n<\/div>\n<\/div>\n<\/div>\n<\/div>\n<\/div>\n<\/div>\n<\/div>\n<\/div>","protected":false},"excerpt":{"rendered":"<p>Odkrijte vizitko NFC po meri s tiskanim PVC logotipom, sodobno re\u0161itev za brezhibno mre\u017eenje. Izbolj\u0161ajte svojo blagovno znamko s prilagojeno brezsti\u010dno tehnologijo.<\/p>","protected":false},"featured_media":3350,"template":"","meta":[],"product_brand":[],"product_cat":[46],"product_tag":[],"class_list":{"0":"post-3358","1":"product","2":"type-product","3":"status-publish","4":"has-post-thumbnail","6":"product_cat-nfc-cards","8":"first","9":"instock","10":"shipping-taxable","11":"product-type-simple"},"_links":{"self":[{"href":"https:\/\/nfc-readers.com\/sl\/wp-json\/wp\/v2\/product\/3358","targetHints":{"allow":["GET"]}}],"collection":[{"href":"https:\/\/nfc-readers.com\/sl\/wp-json\/wp\/v2\/product"}],"about":[{"href":"https:\/\/nfc-readers.com\/sl\/wp-json\/wp\/v2\/types\/product"}],"wp:featuredmedia":[{"embeddable":true,"href":"https:\/\/nfc-readers.com\/sl\/wp-json\/wp\/v2\/media\/3350"}],"wp:attachment":[{"href":"https:\/\/nfc-readers.com\/sl\/wp-json\/wp\/v2\/media?parent=3358"}],"wp:term":[{"taxonomy":"product_brand","embeddable":true,"href":"https:\/\/nfc-readers.com\/sl\/wp-json\/wp\/v2\/product_brand?post=3358"},{"taxonomy":"product_cat","embeddable":true,"href":"https:\/\/nfc-readers.com\/sl\/wp-json\/wp\/v2\/product_cat?post=3358"},{"taxonomy":"product_tag","embeddable":true,"href":"https:\/\/nfc-readers.com\/sl\/wp-json\/wp\/v2\/product_tag?post=3358"}],"curies":[{"name":"wp","href":"https:\/\/api.w.org\/{rel}","templated":true}]}}