{"id":3365,"date":"2024-11-01T14:47:51","date_gmt":"2024-11-01T14:47:51","guid":{"rendered":"https:\/\/nfc-readers.com\/?post_type=product&#038;p=3365"},"modified":"2024-11-01T15:00:46","modified_gmt":"2024-11-01T15:00:46","slug":"custom-read-write-flexible-ntag213-215-216-epoxy-nfc-tag","status":"publish","type":"product","link":"https:\/\/nfc-readers.com\/sl\/ic-reader\/custom-read-write-flexible-ntag213-215-216-epoxy-nfc-tag\/","title":{"rendered":"Fleksibilna NTAG213 215 216 epoksi NFC oznaka po meri za branje in pisanje"},"content":{"rendered":"<h1 style=\"text-align: center;\"><strong>Fleksibilna NTAG213 215 216 epoksi NFC oznaka po meri za branje in pisanje<\/strong><\/h1>\n<p>&nbsp;<\/p>\n<p>V dana\u0161njem hitrem digitalnem svetu tehnologija NFC (Near Field Communication) spreminja na\u010din interakcije z na\u0161imi napravami, izmenjavo informacij in povezovanje s potro\u0161niki. The <strong>Prilagodljiva epoksi NFC oznaka NTAG213\/215\/216 za branje in pisanje po meri<\/strong>\u00a0je inovativen izdelek, zasnovan za izbolj\u0161anje va\u0161ih komunikacijskih zmogljivosti, hkrati pa je vsestranski in enostaven za uporabo. S svojimi vodoodpornimi zmogljivostmi, prilagodljivimi funkcijami in vrsto aplikacij ta oznaka NFC izstopa kot najbolj\u0161a izbira za podjetja in posameznike.<\/p>\n<p>Z izkori\u0161\u010danjem mo\u010di NFC lahko poenostavite interakcije, pove\u010date u\u010dinkovitost in neposredno vklju\u010dite uporabnike. Ne glede na to, ali i\u0161\u010dete oznake NFC za skupno rabo v dru\u017eabnih medijih ali za ustvarjanje pametnih re\u0161itev, ta izdelek ponuja popolno kombinacijo funkcionalnosti in priro\u010dnosti. Z vklju\u010ditvijo teh izbolj\u0161ajte svojo operativno u\u010dinkovitost in sodelovanje uporabnikov <strong>NFC oznake<\/strong>\u00a0v svojo strategijo danes!<\/p>\n<p>&nbsp;<\/p>\n<h3><strong>Posebne lastnosti epoksi oznake NFC NTAG213\/215\/216<\/strong><\/h3>\n<p>The\u00a0<strong>Prilagodljiva epoksi NFC oznaka NTAG213\/215\/216 za branje in pisanje po meri<\/strong>\u00a0je opremljen s \u0161tevilnimi\u00a0<strong>posebnosti<\/strong>\u00a0ki jo lo\u010dujejo od standardnih oznak NFC.<\/p>\n<ul>\n<li><strong>Vodoodporen\/odporen na vremenske vplive:<\/strong>\u00a0Te oznake NFC so izdelane iz materialov, ki zagotavljajo vzdr\u017eljivost in funkcionalnost v razli\u010dnih okoljskih pogojih. Ne glede na to, ali se uporabljajo v zaprtih prostorih ali na prostem, so odporni na vlago in so izdelani tako, da prenesejo te\u017eke razmere v razli\u010dnih podnebjih.<\/li>\n<li><strong>Prilagodljiva velikost in faktor oblike:<\/strong>\u00a0Na voljo v standardni velikosti\u00a0<strong>25 mm<\/strong>, z mo\u017enostmi prilagajanja, te\u00a0<strong>NFC nalepke<\/strong>\u00a0se lahko prilagodi za izpolnjevanje posebnih projektnih zahtev ali potreb blagovne znamke.<\/li>\n<li><strong>Mo\u017enosti prepisljivega pomnilnika:<\/strong>\u00a0Glede na izbrano vrsto \u010dipa se lahko pomnilnik giblje od\u00a0<strong>144 do 888 bajtov<\/strong>, ki uporabnikom omogo\u010da shranjevanje bistvenih informacij, kot so URL-ji, kontaktni podatki ali podatki aplikacij. To omogo\u010da\u00a0<strong>prepisljive oznake NFC<\/strong>\u00a0po potrebi preoblikovati za razli\u010dne akcije in aplikacije.<\/li>\n<\/ul>\n<p>V digitalnem okolju, kjer se informacije nenehno posodabljajo, so prilagodljive in prilagodljive mo\u017enosti neprecenljive za podjetja, ki \u017eelijo ohraniti ustreznost.<\/p>\n<p>&nbsp;<\/p>\n<h3><strong>Prednosti uporabe \u010dipov NTAG213, NTAG215 in NTAG216<\/strong><\/h3>\n<p>Vsak \u010dip v seriji NTAG ponuja edinstvene prednosti, ki zadovoljujejo razli\u010dne potrebe uporabnikov:<\/p>\n<ul>\n<li><strong>NTAG213:<\/strong>\u00a0Ta \u010dip, zasnovan za preproste aplikacije, ponuja dovolj prostora za shranjevanje in osnovne funkcije, idealne za skupno rabo URL-jev ali kontaktnih podatkov.<\/li>\n<li><strong>NTAG215:<\/strong>\u00a0Z raz\u0161irjenimi pomnilni\u0161kimi zmogljivostmi je NTAG215 popoln za kompleksnej\u0161e aplikacije, kot je mobilno igranje iger, in ustvarjanje izku\u0161enj, ki so dovolj interaktivne, da izstopajo.<\/li>\n<li><strong>NTAG216:<\/strong>\u00a0Za tiste, ki potrebujejo \u0161e ve\u010d prostora za shranjevanje podatkov, NTAG216 zagotavlja najvi\u0161jo zmogljivost pomnilnika v seriji, zaradi \u010desar je primeren za aplikacije, ki zahtevajo obse\u017enej\u0161i prenos ali shranjevanje podatkov<\/li>\n<\/ul>\n<p>&nbsp;<\/p>\n<h3><strong>Pogosto zastavljena vpra\u0161anja (FAQ)<\/strong><\/h3>\n<h3>1.\u00a0<strong>Katere vrste oznak NFC so na voljo?<\/strong><\/h3>\n<p>Obstajajo razli\u010dne vrste oznak NFC, vklju\u010dno z NTAG213, NTAG215 in NTAG216. Vsak ponuja razli\u010dne pomnilni\u0161ke zmogljivosti in funkcionalnosti. Poleg tega so na voljo prepisljive oznake, lepilne nalepke in specializirane oznake, zasnovane za posebne povr\u0161ine, vklju\u010dno s kovinskimi in na kovinskimi aplikacijami.<\/p>\n<h3>2.\u00a0<strong>Kako vem, ali moj telefon podpira NFC?<\/strong><\/h3>\n<p>Ve\u010dina pametnih telefonov, izdelanih v zadnjih letih, tako naprav Android kot iOS, je opremljenih s tehnologijo NFC. \u010ce \u017eelite izvedeti, ali je NFC podprt, lahko preverite specifikacije ali nastavitve va\u0161e naprave. Poi\u0161\u010dite mo\u017enost NFC v meniju z nastavitvami ali obi\u0161\u010dite spletno mesto proizvajalca.<\/p>\n<h3>3.\u00a0<strong>Ali lahko prepi\u0161em podatke na oznake NFC?<\/strong><\/h3>\n<p>ja! Na\u0161\u00a0<strong>NTAG213\/215\/216 NFC oznake<\/strong>\u00a0so prepisljivi, kar pomeni, da lahko ve\u010dkrat posodobite ali spremenite podatke, shranjene na njih. Zaradi tega so vsestranska re\u0161itev za poslovne in osebne namene, saj omogo\u010dajo enostavno posodabljanje, ne da bi bilo treba zamenjati oznako.<\/p>\n<h3>4.\u00a0<strong>Kak\u0161na je razdalja branja za oznake NFC?<\/strong><\/h3>\n<p>Obi\u010dajno imajo oznake NFC razdaljo branja\u00a0<strong>1-5 cm<\/strong>. Ta kratek doseg zagotavlja varno in neposredno komunikacijo med oznako NFC in napravo, ki podpira NFC.<\/p>\n<h3>5.\u00a0<strong>Ali so oznake NFC vodoodporne?<\/strong><\/h3>\n<p>Da, na\u0161\u00a0<strong>Prilagodljive epoksi NFC oznake NTAG213\/215\/216 za branje in pisanje po meri<\/strong>\u00a0so zasnovani tako, da so odporni na vodo in vremenske vplive, zaradi \u010desar so primerni za zunanjo uporabo in razli\u010dne okoljske pogoje.<\/p>","protected":false},"excerpt":{"rendered":"<p>Epoksi NFC oznaka po meri NTAG213\/215\/216 NTAG213\/215\/216 ponuja vzdr\u017eljive in vodotesne re\u0161itve za vsestranske aplikacije, ki omogo\u010dajo brezhibno izmenjavo podatkov in interakcijo. Popoln za tr\u017eenje, dru\u017ebene medije in drugo!<\/p>","protected":false},"featured_media":3366,"template":"","meta":[],"product_brand":[],"product_cat":[47],"product_tag":[],"class_list":{"0":"post-3365","1":"product","2":"type-product","3":"status-publish","4":"has-post-thumbnail","6":"product_cat-nfc-tags","8":"first","9":"instock","10":"shipping-taxable","11":"product-type-simple"},"_links":{"self":[{"href":"https:\/\/nfc-readers.com\/sl\/wp-json\/wp\/v2\/product\/3365","targetHints":{"allow":["GET"]}}],"collection":[{"href":"https:\/\/nfc-readers.com\/sl\/wp-json\/wp\/v2\/product"}],"about":[{"href":"https:\/\/nfc-readers.com\/sl\/wp-json\/wp\/v2\/types\/product"}],"wp:featuredmedia":[{"embeddable":true,"href":"https:\/\/nfc-readers.com\/sl\/wp-json\/wp\/v2\/media\/3366"}],"wp:attachment":[{"href":"https:\/\/nfc-readers.com\/sl\/wp-json\/wp\/v2\/media?parent=3365"}],"wp:term":[{"taxonomy":"product_brand","embeddable":true,"href":"https:\/\/nfc-readers.com\/sl\/wp-json\/wp\/v2\/product_brand?post=3365"},{"taxonomy":"product_cat","embeddable":true,"href":"https:\/\/nfc-readers.com\/sl\/wp-json\/wp\/v2\/product_cat?post=3365"},{"taxonomy":"product_tag","embeddable":true,"href":"https:\/\/nfc-readers.com\/sl\/wp-json\/wp\/v2\/product_tag?post=3365"}],"curies":[{"name":"wp","href":"https:\/\/api.w.org\/{rel}","templated":true}]}}