{"id":3372,"date":"2024-11-01T14:57:52","date_gmt":"2024-11-01T14:57:52","guid":{"rendered":"https:\/\/nfc-readers.com\/?post_type=product&#038;p=3372"},"modified":"2024-11-01T14:57:52","modified_gmt":"2024-11-01T14:57:52","slug":"13-56mhz-iso14443a-anti-fake-ntag-424-tamper-nfc-sticker","status":"publish","type":"product","link":"https:\/\/nfc-readers.com\/sl\/ic-reader\/13-56mhz-iso14443a-anti-fake-ntag-424-tamper-nfc-sticker\/","title":{"rendered":"13,56 MHZ ISO14443A Anti-Fake NTAG 424 Tamper NFC nalepka"},"content":{"rendered":"<h1 style=\"text-align: center;\"><strong>13,56 MHZ ISO14443A Anti-Fake NTAG 424 Tamper NFC nalepka<\/strong><\/h1>\n<p>&nbsp;<\/p>\n<p>The\u00a0<strong>13,56 MHz ISO14443A Anti-Fake NTAG 424 Tamper NFC nalepka<\/strong>\u00a0predstavlja vrhunsko re\u0161itev na podro\u010dju digitalne avtentikacije in tehnologije proti ponarejanju. Ta nalepka NFC, zasnovana z naprednimi funkcijami, izkori\u0161\u010da mo\u010d komunikacije RFID in je vdelana s \u010dipom NTAG424 DNA, ki podjetjem in posameznikom omogo\u010da za\u0161\u010dito izdelkov in ob\u010dutljivih informacij pred ponarejenimi gro\u017enjami.<\/p>\n<p>Na dana\u0161njem trgu je zagotavljanje pristnosti izdelkov klju\u010dnega pomena in ta oznaka NFC ponuja podjetjem cenovno dostopen in u\u010dinkovit na\u010din za to. Ne glede na to, ali ste trgovec na drobno, ki \u017eeli izbolj\u0161ati varnost izdelkov, ali posameznik, ki \u017eeli preveriti pristnost blaga, je nalo\u017eba v na\u0161e nalepke NTAG 424 NFC pametna izbira.<\/p>\n<p>&nbsp;<\/p>\n<h3><strong>Lastnosti in prednosti izdelka<\/strong><\/h3>\n<p>&nbsp;<\/p>\n<h3>1. Napredna tehnologija proti ponarejanju<\/h3>\n<p>The\u00a0<strong>NTAG 424 DNA NFC oznaka<\/strong>\u00a0uporablja vrhunsko tehnologijo proti ponarejanju, ki uporabnikom omogo\u010da nemoteno preverjanje pristnosti izdelka. Vgrajena za\u0161\u010dita z geslom in varna \u0161ifrirana komunikacija zagotavljata, da lahko samo poobla\u0161\u010deni uporabniki dostopajo do ob\u010dutljivih informacij. Ne glede na to, ali jo uporabljate za izdelke blagovnih znamk, zbirateljsko blago ali celo osebne predmete, ta nalepka NFC zagotavlja brezskrbnost, saj veste, da je vsaka oznaka za\u0161\u010ditena pred posegi.<\/p>\n<ul>\n<li><strong>Vgrajene varnostne funkcije:<\/strong>\u00a0\u010cip NTAG 424 vklju\u010duje ve\u010d mo\u017enosti \u0161ifriranja za u\u010dinkovito za\u0161\u010dito va\u0161ih podatkov.<\/li>\n<li><strong>Uporabniku prijazen dostop:<\/strong>\u00a0Potro\u0161niki lahko preverijo pristnost s preprostim dotikom, kar naredi to brez te\u017eav.<\/li>\n<\/ul>\n<h3>2. Vsestranski komunikacijski vmesnik<\/h3>\n<p>Na\u0161a nalepka NFC, zasnovana na protokolu ISO 14443A, podpira oboje\u00a0<strong>RFID<\/strong>\u00a0in komunikacijskih vmesnikov NFC, zaradi \u010desar je zdru\u017eljiv s \u0161iroko paleto naprav, vklju\u010dno s pametnimi telefoni, tablicami in bralniki, ki podpirajo NFC. Ta vsestranskost zagotavlja, da lahko stranke enostavno dostopajo do informacij o izdelkih, s \u010dimer se pove\u010da sodelovanje in zvestoba strank.<\/p>\n<ul>\n<li><strong>Zdru\u017eljive naprave:<\/strong>\u00a0Brezhibno deluje z napravami Android, iPhone in drugimi napravami NFC.<\/li>\n<li><strong>Izbolj\u0161ana uporabni\u0161ka izku\u0161nja:<\/strong>\u00a0Stranke lahko brez te\u017eav komunicirajo z izdelki.<\/li>\n<\/ul>\n<h3>3.Mo\u017enosti velikosti po meri<\/h3>\n<p>Medtem ko je\u00a0<strong>NTAG 424 Tamper NFC nalepka<\/strong>\u00a0je na voljo v standardnih velikostih, nudimo prilagoditev za posebne potrebe. Mo\u017enosti vklju\u010dujejo:<\/p>\n<ul>\n<li><strong>Mo\u017enosti premera:<\/strong>\u00a0Nastavljive velikosti, vklju\u010dno s 25 mm in 45 mm x 30 mm.<\/li>\n<li><strong>Raznolikost oblik:<\/strong>\u00a0Pravokotni, okrogli ali obrisi po meri za dopolnitev estetike va\u0161e blagovne znamke.<\/li>\n<\/ul>\n<p>Te razli\u010dne mo\u017enosti velikosti in oblik omogo\u010dajo podjetjem, da ustvarijo edinstveno izku\u0161njo blagovne znamke, kar zagotavlja, da njihovi izdelki izstopajo na policah.<\/p>\n<h3>4. Trpe\u017een in zanesljiv material<\/h3>\n<p>Te nalepke NFC, izdelane iz premazanega papirja in PET, so zasnovane za vzdr\u017eljivost in zanesljivost v razli\u010dnih okoljskih pogojih. Njihov robusten material je odporen proti obrabi, zaradi \u010desar so primerni za notranjo in zunanjo uporabo.<\/p>\n<ul>\n<li><strong>Vodotesne mo\u017enosti:<\/strong>\u00a0Pove\u010dajte vzdr\u017eljivost in dolgo \u017eivljenjsko dobo, kot nala\u0161\u010d za izdelke, ki so izpostavljeni vlagi.<\/li>\n<li><strong>Kakovost lepila:<\/strong>\u00a0Mo\u010dan oprijem zagotavlja, da nalepke ostanejo nedotaknjene na razli\u010dnih povr\u0161inah.<\/li>\n<\/ul>\n<p>&nbsp;<\/p>\n<h3><strong>Tehni\u010dne specifikacije<\/strong><\/h3>\n<p>&nbsp;<\/p>\n<table class=\"w-fit !mb-0 !max-w-none\" style=\"height: 373px;\" width=\"446\">\n<thead>\n<tr>\n<th>Funkcija<\/th>\n<th>Specifikacija<\/th>\n<\/tr>\n<\/thead>\n<tbody>\n<tr>\n<td>Pogostost<\/td>\n<td>13,56 MHz<\/td>\n<\/tr>\n<tr>\n<td>Protokol<\/td>\n<td>ISO 14443A<\/td>\n<\/tr>\n<tr>\n<td>\u010dip<\/td>\n<td>NTAG424 DNK<\/td>\n<\/tr>\n<tr>\n<td>Material<\/td>\n<td>Premazan papir, PET<\/td>\n<\/tr>\n<tr>\n<td>Mo\u017enosti velikosti<\/td>\n<td>Premer 25 mm, 45 mm x 30 mm (po meri)<\/td>\n<\/tr>\n<tr>\n<td>Razdalja branja<\/td>\n<td>1-10 cm<\/td>\n<\/tr>\n<tr>\n<td>Mo\u017enosti tiskanja<\/td>\n<td>CMYK, Offset, Silk-Screen<\/td>\n<\/tr>\n<tr>\n<td>Kraj izvora<\/td>\n<td>Guangdong, Kitajska<\/td>\n<\/tr>\n<tr>\n<td>Blagovna znamka<\/td>\n<td>SHUNXIN<\/td>\n<\/tr>\n<tr>\n<td>\u0160tevilka modela<\/td>\n<td>SX-NFC<\/td>\n<\/tr>\n<tr>\n<td>Prodaja enot<\/td>\n<td>Posamezen element<\/td>\n<\/tr>\n<tr>\n<td>Velikost paketa<\/td>\n<td>0,3 x 0,3 x 0,02 cm<\/td>\n<\/tr>\n<tr>\n<td>Bruto te\u017ea<\/td>\n<td>0,001 kg<\/td>\n<\/tr>\n<\/tbody>\n<\/table>\n<h3><\/h3>\n<h3><strong>Pogosto zastavljena vpra\u0161anja (FAQ)<\/strong><\/h3>\n<p><strong>V: Ali lahko prilagodim velikost nalepke NFC?<\/strong><br \/>\n<strong>A:<\/strong>\u00a0Da, ponujamo prilagajanje velikosti nalepk NFC. Medtem ko standardne velikosti vklju\u010dujejo premer 25 mm in 45 mm x 30 mm, lahko zahtevate posebne mere, ki ustrezajo va\u0161im zahtevam.<\/p>\n<hr \/>\n<p><strong>V: Kako deluje funkcija za prepre\u010devanje ponarejanja?<\/strong><br \/>\n<strong>A:<\/strong>\u00a0\u010cip NTAG 424 DNA vklju\u010duje napredne protokole za \u0161ifriranje in preverjanje pristnosti. Ko uporabnik opti\u010dno prebere nalepko NFC z napravo, ki podpira NFC, ta preveri celovitost podatkov, kar uporabnikom omogo\u010da potrditev pristnosti izdelka.<\/p>\n<hr \/>\n<p><strong>V: Katere naprave so zdru\u017eljive z nalepko NTAG 424 NFC?<\/strong><br \/>\n<strong>A:<\/strong>\u00a0Na\u0161e nalepke NFC so zdru\u017eljive z vsemi napravami, ki podpirajo NFC, vklju\u010dno z ve\u010dino sodobnih pametnih telefonov in tabli\u010dnih ra\u010dunalnikov s sistemoma Android in iOS. Preprosto se prepri\u010dajte, da ima va\u0161a naprava omogo\u010deno funkcijo NFC.<\/p>\n<hr \/>\n<p><strong>V: Kateri materiali se uporabljajo za izdelavo nalepk NFC?<\/strong><br \/>\n<strong>A:<\/strong>\u00a0Nalepke so izdelane iz premazanega papirja in PET, kar zagotavlja vzdr\u017eljivost in odpornost proti obrabi. Zasnovani so tako, da ohranjajo kakovost tudi v razli\u010dnih okoljskih pogojih.<\/p>\n<p>&nbsp;<\/p>","protected":false},"excerpt":{"rendered":"<p>13,56MHz ISO14443A Anti-Fake NTAG 424 Tamper NFC nalepka ponuja napredne funkcije proti ponarejanju, ki zagotavljajo pristnost in varnost izdelka. Njegova kompaktna zasnova omogo\u010da enostavno integracijo v razli\u010dne aplikacije in zagotavlja zanesljivo funkcijo NFC za varen dostop in prenos podatkov.<\/p>","protected":false},"featured_media":3373,"template":"","meta":[],"product_brand":[],"product_cat":[48],"product_tag":[],"class_list":{"0":"post-3372","1":"product","2":"type-product","3":"status-publish","4":"has-post-thumbnail","6":"product_cat-nfc-stickers","8":"first","9":"instock","10":"shipping-taxable","11":"product-type-simple"},"_links":{"self":[{"href":"https:\/\/nfc-readers.com\/sl\/wp-json\/wp\/v2\/product\/3372","targetHints":{"allow":["GET"]}}],"collection":[{"href":"https:\/\/nfc-readers.com\/sl\/wp-json\/wp\/v2\/product"}],"about":[{"href":"https:\/\/nfc-readers.com\/sl\/wp-json\/wp\/v2\/types\/product"}],"wp:featuredmedia":[{"embeddable":true,"href":"https:\/\/nfc-readers.com\/sl\/wp-json\/wp\/v2\/media\/3373"}],"wp:attachment":[{"href":"https:\/\/nfc-readers.com\/sl\/wp-json\/wp\/v2\/media?parent=3372"}],"wp:term":[{"taxonomy":"product_brand","embeddable":true,"href":"https:\/\/nfc-readers.com\/sl\/wp-json\/wp\/v2\/product_brand?post=3372"},{"taxonomy":"product_cat","embeddable":true,"href":"https:\/\/nfc-readers.com\/sl\/wp-json\/wp\/v2\/product_cat?post=3372"},{"taxonomy":"product_tag","embeddable":true,"href":"https:\/\/nfc-readers.com\/sl\/wp-json\/wp\/v2\/product_tag?post=3372"}],"curies":[{"name":"wp","href":"https:\/\/api.w.org\/{rel}","templated":true}]}}