{"id":3379,"date":"2024-11-02T11:48:42","date_gmt":"2024-11-02T11:48:42","guid":{"rendered":"https:\/\/nfc-readers.com\/?post_type=product&#038;p=3379"},"modified":"2024-11-04T08:54:15","modified_gmt":"2024-11-04T08:54:15","slug":"custom-ntag-215-digital-smart-nfc-business-card","status":"publish","type":"product","link":"https:\/\/nfc-readers.com\/sl\/ic-reader\/custom-ntag-215-digital-smart-nfc-business-card\/","title":{"rendered":"Digitalna pametna NFC vizitka NTAG 215 po meri"},"content":{"rendered":"<h1><span style=\"color: #000080;\"><strong>Digitalna pametna NFC vizitka NTAG 215 po meri<\/strong><\/span><\/h1>\n<p><span style=\"color: #666699;\">Revolucioniranje omre\u017eij V dana\u0161njem hitrem digitalnem svetu je klju\u010dnega pomena narediti nepozaben vtis. The <strong>Digitalna pametna NFC vizitka NTAG215 po meri<\/strong>\u00a0ponuja inovativno re\u0161itev za strokovnjake, ki \u017eelijo izstopati in u\u010dinkovito deliti svoje kontaktne podatke na sodoben na\u010din. Ta kartica, zasnovana za brezhibno delovanje z razli\u010dnimi napravami, spremeni tradicionalni omre\u017eni pristop v elegantno, tehni\u010dno podkovano izku\u0161njo.<\/span><\/p>\n<p>&nbsp;<\/p>\n<h2 style=\"text-align: center;\"><span style=\"color: #000080;\"><em><strong>Prednosti prilagojene vizitke NTAG215 NFC<\/strong><\/em><\/span><\/h2>\n<p><span style=\"color: #666699;\">The\u00a0<strong>Digitalna pametna NFC vizitka NTAG215 po meri<\/strong>\u00a0zagotavlja edinstveno me\u0161anico udobja, trajnosti in funkcionalnosti. Nekatere klju\u010dne prednosti vklju\u010dujejo:<\/span><\/p>\n<ol>\n<li><strong>Takoj\u0161nja povezljivost<\/strong>: Enostavno dotikanje kartice ob napravo, ki podpira NFC, omogo\u010da va\u0161im potencialnim strankam ali povezavam takoj\u0161en dostop do va\u0161ih kontaktnih podatkov, profilov v dru\u017eabnih medijih ali promocijskega gradiva. Ni\u010d ve\u010d brskanja po va\u0161i denarnici ali torbici.<\/li>\n<li><strong>Vzdr\u017eljiva in vodoodporna<\/strong>: Ta kartica je narejena iz visokokakovostnega PVC-ja in se pona\u0161a z vodoodpornimi lastnostmi, odpornimi na vremenske vplive, kar zagotavlja, da je kljubovalna vsakodnevni obrabi.<\/li>\n<li><strong>Prilagodljiv dizajn<\/strong>: Mo\u017enosti personalizacije, kot so edinstveni slogi tiskanja in zaklju\u010dki, kot so mat, sijajni ali mat prosojnice, vam omogo\u010dajo, da v celoti izrazite identiteto va\u0161e blagovne znamke.<\/li>\n<\/ol>\n<hr \/>\n<h2 style=\"text-align: center;\"><em><span style=\"color: #000080;\"><strong>Oris izdelka<\/strong><\/span><\/em><\/h2>\n<h3><span style=\"color: #333399;\"><strong>1. Kaj je NFC vizitka NTAG215 po meri?<\/strong><\/span><\/h3>\n<p><span style=\"color: #666699;\">The\u00a0<strong>Digitalna pametna NFC vizitka NTAG215 po meri<\/strong>\u00a0je sodobno omre\u017eno orodje z vgrajeno napredno tehnologijo NFC. Ta kartica je popolnoma funkcionalna\u00a0<strong>RFID<\/strong>\u00a0naprava, ki deluje na frekvenci\u00a0<strong>13,56 MHz<\/strong>. Uporabniki lahko ustvarijo digitalno izku\u0161njo po meri tako, da programirajo to kartico za razli\u010dna dejanja, kot je povezava do spletnega mesta ali shranjevanje kontaktnih podatkov.<\/span><\/p>\n<p>&nbsp;<\/p>\n<h3><span style=\"color: #333399;\"><strong>2. Klju\u010dne lastnosti NFC kartice NTAG215<\/strong><\/span><\/h3>\n<h3><strong>Ta vizitka NFC vklju\u010duje ve\u010d pomembnih klju\u010dnih lastnosti:<\/strong><\/h3>\n<ul>\n<li><strong>Tehnologija \u010dipov<\/strong>: Opremljena s \u010dipom NTAG215, ki je registrirana blagovna znamka NXP, ta kartica podpira funkcije branja in pisanja.<\/li>\n<li><strong>Razdalja branja<\/strong>: Kartico je mogo\u010de u\u010dinkovito prebrati z razdalje\u00a0<strong>1-20 cm<\/strong>, ki zagotavlja prilagodljivost pri uporabi.<\/li>\n<li><strong>Velikost in debelina<\/strong>: Mere kartice so\u00a0<strong>85,5 x 54 x 0,84 mm<\/strong>, zaradi \u010desar je standardne velikosti za enostavno prena\u0161anje.<\/li>\n<\/ul>\n<p>&nbsp;<\/p>\n<h3 style=\"text-align: left;\"><span style=\"color: #333399;\"><strong>3. Tehni\u010dne specifikacije<\/strong><\/span><\/h3>\n<div class=\"table-with-header rounded-lg border border-solid border-grey-line2-normal w-fit max-w-full mb-2\">\n<div class=\"table-with-header rounded-lg border border-solid border-grey-line2-normal w-fit max-w-full mb-2\">\n<div class=\"overflow-x-auto custom-scrollbar custom-scrollbar-float max-w-full\">\n<table class=\"w-fit !mb-0 !max-w-none\">\n<thead>\n<tr>\n<th><strong>Specifikacija<\/strong><\/th>\n<th><strong>Podrobnosti<\/strong><\/th>\n<\/tr>\n<\/thead>\n<tbody>\n<tr>\n<td><strong>Vrsta \u010dipa<\/strong><\/td>\n<td>NTAG\u00ae215<\/td>\n<\/tr>\n<tr>\n<td><strong>Delovna frekvenca<\/strong><\/td>\n<td>13,56 MHz<\/td>\n<\/tr>\n<tr>\n<td><strong>Komunikacijski vmesnik<\/strong><\/td>\n<td>RFID<\/td>\n<\/tr>\n<tr>\n<td><strong>Material<\/strong><\/td>\n<td>PVC<\/td>\n<\/tr>\n<tr>\n<td><strong>Velikost kartice<\/strong><\/td>\n<td>85,5 x 54 x 0,84 mm<\/td>\n<\/tr>\n<tr>\n<td><strong>Razdalja branja<\/strong><\/td>\n<td>2-10 cm<\/td>\n<\/tr>\n<tr>\n<td><strong>Zmogljivost shranjevanja<\/strong><\/td>\n<td>540 bajtov (s pribli\u017eno 120 bajti na voljo za uporabni\u0161ke podatke)<\/td>\n<\/tr>\n<tr>\n<td><strong>Delovna temperatura<\/strong><\/td>\n<td>+20\u00b0C do +80\u00b0C<\/td>\n<\/tr>\n<tr>\n<td><strong>Temperatura shranjevanja<\/strong><\/td>\n<td>-25\u00b0C do +70\u00b0C<\/td>\n<\/tr>\n<tr>\n<td><strong>Debelina<\/strong><\/td>\n<td>0,84 mm<\/td>\n<\/tr>\n<tr>\n<td><strong>Povr\u0161inska obdelava<\/strong><\/td>\n<td>Mat, sijajni, matiran, prozoren (prilagodljive mo\u017enosti)<\/td>\n<\/tr>\n<tr>\n<td><strong>Protokol<\/strong><\/td>\n<td>ISO\/IEC14443A<\/td>\n<\/tr>\n<tr>\n<td><strong>Ocena vodoodpornosti<\/strong><\/td>\n<td>IP68 (odporen na vodo in prah)<\/td>\n<\/tr>\n<tr>\n<td><strong>Zdru\u017eljivost<\/strong><\/td>\n<td>Zdru\u017eljivo z vsemi napravami, ki podpirajo NFC<\/td>\n<\/tr>\n<tr>\n<td><strong>Mo\u017enosti prilagajanja<\/strong><\/td>\n<td>Na voljo so razli\u010dne mo\u017enosti tiskanja (barvno, \u010drno-belo).<\/td>\n<\/tr>\n<tr>\n<td><strong>Vpliv na okolje<\/strong><\/td>\n<td>Proizvedeno po okolju prijaznih postopkih, ki upo\u0161tevajo standarde trajnosti<\/td>\n<\/tr>\n<tr>\n<td><strong>Aplikacije<\/strong><\/td>\n<td>Idealno za strokovnjake v razli\u010dnih panogah (prodaja, nepremi\u010dnine, dogodki itd.)<\/td>\n<\/tr>\n<tr>\n<td><strong>Dodatne funkcije<\/strong><\/td>\n<td>Enostavno programiranje prek NFC za spreminjanje podatkov, podpira povezave do dru\u017ebenih medijev<\/td>\n<\/tr>\n<tr>\n<td><strong>\u017divljenjska doba<\/strong><\/td>\n<td>5 let<\/td>\n<\/tr>\n<\/tbody>\n<\/table>\n<\/div>\n<\/div>\n<p><span style=\"color: #282828;\">Ta tabela nudi celovit pregled nad\u00a0<strong>Digitalna pametna NFC vizitka NTAG215 po meri<\/strong>, ki strankam pomaga podrobno razumeti lastnosti in prednosti izdelka.<\/span><\/p>\n<p>&nbsp;<\/p>\n<\/div>\n<h2 style=\"text-align: center;\"><em><span style=\"color: #000080;\"><strong>Okolju prijazne prakse<\/strong><\/span><\/em><\/h2>\n<p style=\"text-align: left;\"><span style=\"color: #666699;\"><strong>\u010ceprav je tehnologija bistvenega pomena, je pomembna tudi zavezanost okolju. Custom NTAG215 Digital Smart NFC Business Card je izdelana po okolju prijaznih postopkih, kar zmanj\u0161uje njen vpliv na okolje.<\/strong><\/span><\/p>\n<p>&nbsp;<\/p>\n<h2 style=\"text-align: center;\"><em><span style=\"color: #000080;\"><strong>Aplikacije iz resni\u010dnega sveta<\/strong><\/span><\/em><\/h2>\n<p style=\"text-align: left;\"><span style=\"color: #666699;\"><strong>Te vizitke NFC lahko uporabljajo strokovnjaki v razli\u010dnih panogah. Ne glede na to, ali se ukvarjate s prodajo, nepremi\u010dninami ali se ukvarjate s strankami, lahko pametna kartica izbolj\u0161a va\u0161o igro mre\u017eenja.<\/strong><\/span><\/p>\n<p>&nbsp;<\/p>\n<h2 style=\"text-align: center;\"><em><span style=\"color: #000080;\"><strong>Mnenja in pri\u010devanja strank<\/strong><\/span><\/em><\/h2>\n<p>Kupci so navdu\u0161eni nad udobjem in moderno privla\u010dnostjo\u00a0<strong>Digitalna pametna NFC vizitka NTAG215 po meri<\/strong>. Mnenja poudarjajo enostavnost uporabe in impresiven dizajn kot klju\u010dna dejavnika pri njihovem uspehu v mre\u017eenju.<\/p>\n<blockquote><p>\u00bbV\u0161e\u010d mi je, kako lahko preprosto delim svoje podatke! Vsaki\u010d, ko izro\u010dim svojo vo\u0161\u010dilnico, prejmem komplimente. To je zelo olaj\u0161alo mre\u017eenje!\u00ab \u2013 Jessica H.<\/p>\n<p>&nbsp;<\/p><\/blockquote>\n<h2 style=\"text-align: center;\"><span style=\"color: #000080;\"><em><strong>pogosta vpra\u0161anja<\/strong><\/em><\/span><\/h2>\n<p><span style=\"color: #008080;\"><strong>V: Ali je kartica zdru\u017eljiva z vsemi pametnimi telefoni?<\/strong><\/span><\/p>\n<p>O: Da, <strong>Vizitka NTAG215 NFC po meri<\/strong>\u00a0je zdru\u017eljiv z vsemi pametnimi telefoni in napravami, ki podpirajo NFC, zaradi \u010desar je vsestranski za sodobno mre\u017eenje.<\/p>\n<p><span style=\"color: #008080;\"><strong>V: Ali lahko prilagodim dizajn kartice?<\/strong><\/span><\/p>\n<p>A: Vsekakor! Dizajn kartice lahko prilagodite z razli\u010dnimi mo\u017enostmi tiskanja, barvami in zaklju\u010dki, da odra\u017eajo va\u0161o osebno identiteto ali identiteto blagovne znamke.<\/p>","protected":false},"excerpt":{"rendered":"<p>Preoblikujte mre\u017eenje z vizitko NFC po meri NTAG215, ki omogo\u010da takoj\u0161njo skupno rabo kontaktnih informacij s preprostim dotikom, vse v trpe\u017enem, prilagodljivem dizajnu.<\/p>","protected":false},"featured_media":3380,"template":"","meta":[],"product_brand":[],"product_cat":[46],"product_tag":[],"class_list":{"0":"post-3379","1":"product","2":"type-product","3":"status-publish","4":"has-post-thumbnail","6":"product_cat-nfc-cards","8":"first","9":"instock","10":"shipping-taxable","11":"product-type-simple"},"_links":{"self":[{"href":"https:\/\/nfc-readers.com\/sl\/wp-json\/wp\/v2\/product\/3379","targetHints":{"allow":["GET"]}}],"collection":[{"href":"https:\/\/nfc-readers.com\/sl\/wp-json\/wp\/v2\/product"}],"about":[{"href":"https:\/\/nfc-readers.com\/sl\/wp-json\/wp\/v2\/types\/product"}],"wp:featuredmedia":[{"embeddable":true,"href":"https:\/\/nfc-readers.com\/sl\/wp-json\/wp\/v2\/media\/3380"}],"wp:attachment":[{"href":"https:\/\/nfc-readers.com\/sl\/wp-json\/wp\/v2\/media?parent=3379"}],"wp:term":[{"taxonomy":"product_brand","embeddable":true,"href":"https:\/\/nfc-readers.com\/sl\/wp-json\/wp\/v2\/product_brand?post=3379"},{"taxonomy":"product_cat","embeddable":true,"href":"https:\/\/nfc-readers.com\/sl\/wp-json\/wp\/v2\/product_cat?post=3379"},{"taxonomy":"product_tag","embeddable":true,"href":"https:\/\/nfc-readers.com\/sl\/wp-json\/wp\/v2\/product_tag?post=3379"}],"curies":[{"name":"wp","href":"https:\/\/api.w.org\/{rel}","templated":true}]}}